


{"id":3,"date":"2020-12-30T02:42:21","date_gmt":"2020-12-30T02:42:21","guid":{"rendered":"http:\/\/binhvinhsaigon.123websitedev.com\/?page_id=3"},"modified":"2022-05-10T20:14:50","modified_gmt":"2022-05-10T13:14:50","slug":"chinh-sach-bao-mat","status":"publish","type":"page","link":"https:\/\/moclan.com.vn\/en\/chinh-sach-bao-mat\/","title":{"rendered":"Privacy Policy"},"content":{"rendered":"<p><strong>M\u1ee5c \u0111\u00edch thu th\u1eadp th\u00f4ng tin c\u00e1 nh\u00e2n:<\/strong><\/p>\n<p>moclan.com.vn c\u00f3 th\u1ec3 thu th\u1eadp th\u00f4ng tin c\u00e1 nh\u00e2n t\u1eeb kh\u00e1ch h\u00e0ng bao g\u1ed3m: <em>h\u1ecd t\u00ean<\/em>, <em>\u0111\u1ecba ch\u1ec9<\/em>, <em>s\u1ed1 \u0111i\u1ec7n tho\u1ea1i<\/em>, <em>\u0111\u1ecba ch\u1ec9 email<\/em>. \u0110\u00e2y l\u00e0 c\u00e1c th\u00f4ng tin m\u00e0 ch\u00fang t\u00f4i c\u1ea7n th\u00e0nh vi\u00ean cung c\u1ea5p b\u1eaft bu\u1ed9c khi g\u1eedi th\u00f4ng tin nh\u1edd t\u01b0 v\u1ea5n hay mu\u1ed1n mua s\u1ea3n ph\u1ea9m v\u00e0 \u0111\u1ec3 ch\u00fang t\u00f4i li\u00ean h\u1ec7 x\u00e1c nh\u1eadn l\u1ea1i v\u1edbi kh\u00e1ch h\u00e0ng tr\u00ean website nh\u1eb1m \u0111\u1ea3m b\u1ea3o quy\u1ec1n l\u1ee3i cho cho ng\u01b0\u1eddi ti\u00eau d\u00f9ng.<br \/>\nKh\u00e1ch h\u00e0ng s\u1ebd t\u1ef1 ch\u1ecbu tr\u00e1ch nhi\u1ec7m v\u1ec1 b\u1ea3o m\u1eadt v\u00e0 l\u01b0u gi\u1eef m\u1ecdi ho\u1ea1t \u0111\u1ed9ng s\u1eed d\u1ee5ng d\u1ecbch v\u1ee5 d\u01b0\u1edbi th\u00f4ng tin m\u00e0 m\u00ecnh cung c\u1ea5p v\u00e0 h\u1ed9p th\u01b0 \u0111i\u1ec7n t\u1eed c\u1ee7a m\u00ecnh. Ngo\u00e0i ra, kh\u00e1ch h\u00e0ng c\u00f3 tr\u00e1ch nhi\u1ec7m th\u00f4ng b\u00e1o k\u1ecbp th\u1eddi cho webiste ch\u00fang t\u00f4i v\u1ec1 nh\u1eefng h\u00e0nh vi s\u1eed d\u1ee5ng tr\u00e1i ph\u00e9p, l\u1ea1m d\u1ee5ng, vi ph\u1ea1m b\u1ea3o m\u1eadt, l\u01b0u gi\u1eef t\u00ean \u0111\u0103ng k\u00fd v\u00e0 m\u1eadt kh\u1ea9u c\u1ee7a b\u00ean th\u1ee9 ba \u0111\u1ec3 c\u00f3 bi\u1ec7n ph\u00e1p gi\u1ea3i quy\u1ebft ph\u00f9 h\u1ee3p.<\/p>\n<p><strong>Ph\u1ea1m vi s\u1eed d\u1ee5ng th\u00f4ng tin:<\/strong><\/p>\n<p>Th\u00f4ng tin c\u00e1 nh\u00e2n thu th\u1eadp \u0111\u01b0\u1ee3c s\u1ebd ch\u1ec9 \u0111\u01b0\u1ee3c moclan.com.vn s\u1eed d\u1ee5ng trong n\u1ed9i b\u1ed9 c\u00f4ng ty v\u00e0 cho m\u1ed9t ho\u1eb7c t\u1ea5t c\u1ea3 c\u00e1c m\u1ee5c \u0111\u00edch sau \u0111\u00e2y:<\/p>\n<ul>\n<li>H\u1ed7 tr\u1ee3 kh\u00e1ch h\u00e0ng.<\/li>\n<li>Cung c\u1ea5p th\u00f4ng tin li\u00ean quan \u0111\u1ebfn s\u1ea3n ph\u1ea9m, ch\u0103m s\u00f3c kh\u00e1ch h\u00e0ng.<\/li>\n<li>X\u1eed l\u00fd \u0111\u01a1n \u0111\u1eb7t h\u00e0ng v\u00e0 cung c\u1ea5p d\u1ecbch v\u1ee5 v\u00e0 th\u00f4ng tin qua trang web c\u1ee7a ch\u00fang t\u00f4i theo y\u00eau c\u1ea7u c\u1ee7a b\u1ea1n.<\/li>\n<li>Ch\u00fang t\u00f4i c\u00f3 th\u1ec3 s\u1ebd g\u1eedi th\u00f4ng tin s\u1ea3n ph\u1ea9m, d\u1ecbch v\u1ee5 m\u1edbi, th\u00f4ng tin v\u1ec1 c\u00e1c s\u1ef1 ki\u1ec7n s\u1eafp t\u1edbi ho\u1eb7c th\u00f4ng tin tuy\u1ec3n d\u1ee5ng n\u1ebfu qu\u00fd kh\u00e1ch \u0111\u0103ng k\u00ed nh\u1eadn email th\u00f4ng b\u00e1o.<\/li>\n<li>Ngo\u00e0i ra, ch\u00fang t\u00f4i s\u1ebd s\u1eed d\u1ee5ng th\u00f4ng tin b\u1ea1n cung c\u1ea5p \u0111\u1ec3 h\u1ed7 tr\u1ee3 qu\u1ea3n l\u00fd t\u00e0i kho\u1ea3n kh\u00e1ch h\u00e0ng; x\u00e1c nh\u1eadn v\u00e0 th\u1ef1c hi\u1ec7n c\u00e1c giao d\u1ecbch t\u00e0i ch\u00ednh li\u00ean quan \u0111\u1ebfn c\u00e1c kho\u1ea3n thanh to\u00e1n tr\u1ef1c tuy\u1ebfn c\u1ee7a b\u1ea1n.<\/li>\n<\/ul>\n<p><strong>Th\u1eddi gian l\u01b0u tr\u1eef th\u00f4ng tin:<\/strong><\/p>\n<p>\u0110\u1ed1i v\u1edbi th\u00f4ng tin c\u00e1 nh\u00e2n, moclan.com.vn ch\u1ec9 x\u00f3a \u0111i d\u1eef li\u1ec7u n\u00e0y n\u1ebfu kh\u00e1ch h\u00e0ng c\u00f3 y\u00eau c\u1ea7u, kh\u00e1ch h\u00e0ng y\u00eau c\u1ea7u g\u1eedi mail v\u1ec1 sale-online@pingroun.com.vn<br \/>\n<strong>\u0110\u1ecba ch\u1ec9 c\u1ee7a \u0111\u01a1n v\u1ecb thu th\u1eadp v\u00e0 qu\u1ea3n l\u00fd th\u00f4ng tin c\u00e1 nh\u00e2n:<\/strong><br \/>\nC\u00f4ng ty TNHH Th\u1ef1c ph\u1ea9m B\u00ecnh Vinh S\u00e0i G\u00f2n<br \/>\n\u0110\u1ecba Ch\u1ec9: L\u00f4 C4-5 \u0110\u01b0\u1eddng D4 KCN T\u00e2n Ph\u00fa Trung, x\u00e3 T\u00e2n Ph\u00fa Trung, huy\u1ec7n C\u1ee7 Chi, Tp. H\u1ed3 Ch\u00ed Minh<br \/>\n\u0110i\u1ec7n tho\u1ea1i: +84-906.292.033<br \/>\nMail : sale-online@pingroun.com.vn<br \/>\nWebsite : http:\/\/moclan.com.vn.<br \/>\n<strong>Ph\u01b0\u01a1ng ti\u1ec7n v\u00e0 c\u00f4ng c\u1ee5 \u0111\u1ec3 ng\u01b0\u1eddi d\u00f9ng ti\u1ebfp c\u1eadn v\u00e0 ch\u1ec9nh s\u1eeda d\u1eef li\u1ec7u c\u00e1 nh\u00e2n c\u1ee7a m\u00ecnh<\/strong><br \/>\nB\u1ea1n c\u00f3 th\u1ec3 li\u00ean h\u1ec7 \u0111\u1ecba ch\u1ec9 email c\u00f9ng s\u1ed1 \u0111i\u1ec7n tho\u1ea1i tr\u00ean \u0111\u1ec3 y\u00eau c\u1ea7u moclan.com.vn ch\u1ec9nh s\u1eeda d\u1eef li\u1ec7u c\u00e1 nh\u00e2n c\u1ee7a m\u00ecnh.<br \/>\nKh\u00e1ch h\u00e0ng c\u00f3 quy\u1ec1n g\u1eedi khi\u1ebfu n\u1ea1i v\u1ec1 n\u1ed9i dung b\u1ea3o m\u1eadt th\u00f4ng tin \u0111\u1ec1 ngh\u1ecb li\u00ean h\u1ec7 Ban qu\u1ea3n tr\u1ecb c\u1ee7a website. Khi ti\u1ebfp nh\u1eadn nh\u1eefng ph\u1ea3n h\u1ed3i n\u00e0y, ch\u00fang t\u00f4i s\u1ebd x\u00e1c nh\u1eadn l\u1ea1i th\u00f4ng tin, tr\u01b0\u1eddng h\u1ee3p \u0111\u00fang nh\u01b0 ph\u1ea3n \u00e1nh c\u1ee7a th\u00e0nh vi\u00ean t\u00f9y theo m\u1ee9c \u0111\u1ed9, ch\u00fang t\u00f4i s\u1ebd c\u00f3 nh\u1eefng bi\u1ec7n ph\u00e1p x\u1eed l\u00fd k\u1ecbp th\u1eddi.<br \/>\n<strong>Cam k\u1ebft b\u1ea3o m\u1eadt th\u00f4ng tin c\u00e1 nh\u00e2n kh\u00e1ch h\u00e0ng:<\/strong><br \/>\nT\u1ea1i binhvinhsaigon.com.vn , vi\u1ec7c b\u1ea3o v\u1ec7 th\u00f4ng tin c\u00e1 nh\u00e2n c\u1ee7a b\u1ea1n l\u00e0 r\u1ea5t quan tr\u1ecdng, b\u1ea1n \u0111\u01b0\u1ee3c \u0111\u1ea3m b\u1ea3o r\u1eb1ng th\u00f4ng tin cung c\u1ea5p cho ch\u00fang t\u00f4i s\u1ebd \u0111\u01b0\u1ee3c m\u1eadt. moclan.com.vn cam k\u1ebft kh\u00f4ng chia s\u1ebb, b\u00e1n ho\u1eb7c cho thu\u00ea th\u00f4ng tin c\u00e1 nh\u00e2n c\u1ee7a b\u1ea1n cho b\u1ea5t k\u1ef3 ng\u01b0\u1eddi n\u00e0o kh\u00e1c. moclan.com.vn cam k\u1ebft ch\u1ec9 s\u1eed d\u1ee5ng c\u00e1c th\u00f4ng tin c\u1ee7a b\u1ea1n v\u00e0o c\u00e1c tr\u01b0\u1eddng h\u1ee3p sau:<br \/>\n&#8211; N\u00e2ng cao ch\u1ea5t l\u01b0\u1ee3ng d\u1ecbch v\u1ee5 d\u00e0nh cho kh\u00e1ch h\u00e0ng.<br \/>\n&#8211; Gi\u1ea3i quy\u1ebft c\u00e1c tranh ch\u1ea5p, khi\u1ebfu n\u1ea1i.<br \/>\n&#8211; Khi c\u01a1 quan ph\u00e1p lu\u1eadt c\u00f3 y\u00eau c\u1ea7u.<br \/>\nmoclan.com.vn hi\u1ec3u r\u1eb1ng quy\u1ec1n l\u1ee3i c\u1ee7a b\u1ea1n trong vi\u1ec7c b\u1ea3o v\u1ec7 th\u00f4ng tin c\u00e1 nh\u00e2n c\u0169ng ch\u00ednh l\u00e0 tr\u00e1ch nhi\u1ec7m c\u1ee7a ch\u00fang t\u00f4i n\u00ean trong b\u1ea5t k\u1ef3 tr\u01b0\u1eddng h\u1ee3p c\u00f3 th\u1eafc m\u1eafc, g\u00f3p \u00fd n\u00e0o li\u00ean quan \u0111\u1ebfn ch\u00ednh s\u00e1ch b\u1ea3o m\u1eadt c\u1ee7a Binhvinhsaigon.com.vn , vui l\u00f2ng li\u00ean h\u1ec7 qua s\u1ed1 hotline : +84-906.292.033 ho\u1eb7c email: sale-online@pingroun.com.vn<\/p>","protected":false},"excerpt":{"rendered":"<p>M\u1ee5c \u0111\u00edch thu th\u1eadp th\u00f4ng tin c\u00e1 nh\u00e2n: moclan.com.vn c\u00f3 th\u1ec3 thu th\u1eadp th\u00f4ng tin c\u00e1 nh\u00e2n t\u1eeb kh\u00e1ch h\u00e0ng bao g\u1ed3m: h\u1ecd t\u00ean, \u0111\u1ecba ch\u1ec9, s\u1ed1 \u0111i\u1ec7n tho\u1ea1i, \u0111\u1ecba ch\u1ec9 email. \u0110\u00e2y l\u00e0 c\u00e1c th\u00f4ng tin m\u00e0 ch\u00fang t\u00f4i c\u1ea7n th\u00e0nh vi\u00ean cung c\u1ea5p b\u1eaft bu\u1ed9c khi g\u1eedi th\u00f4ng tin nh\u1edd t\u01b0 v\u1ea5n hay [&#8230;]<\/p>\n<p><a class=\"btn btn-secondary understrap-read-more-link\" href=\"https:\/\/moclan.com.vn\/en\/chinh-sach-bao-mat\/\">Read More&#8230;<\/a><\/p>","protected":false},"author":1,"featured_media":0,"parent":0,"menu_order":0,"comment_status":"closed","ping_status":"open","template":"","meta":[],"yoast_head":"<!-- This site is optimized with the Yoast SEO Premium plugin v15.9.2 - https:\/\/yoast.com\/wordpress\/plugins\/seo\/ -->\n<title>Ch\u00ednh s\u00e1ch b\u1ea3o m\u1eadt - M\u1ed9c Lan<\/title>\n<link rel=\"canonical\" href=\"https:\/\/moclan.com.vn\/en\/chinh-sach-bao-mat\/\" \/>\n<meta property=\"og:locale\" content=\"en_US\" \/>\n<meta property=\"og:type\" content=\"article\" \/>\n<meta property=\"og:title\" content=\"Ch\u00ednh s\u00e1ch b\u1ea3o m\u1eadt - M\u1ed9c Lan\" \/>\n<meta property=\"og:description\" content=\"M\u1ee5c \u0111\u00edch thu th\u1eadp th\u00f4ng tin c\u00e1 nh\u00e2n: moclan.com.vn c\u00f3 th\u1ec3 thu th\u1eadp th\u00f4ng tin c\u00e1 nh\u00e2n t\u1eeb kh\u00e1ch h\u00e0ng bao g\u1ed3m: h\u1ecd t\u00ean, \u0111\u1ecba ch\u1ec9, s\u1ed1 \u0111i\u1ec7n tho\u1ea1i, \u0111\u1ecba ch\u1ec9 email. \u0110\u00e2y l\u00e0 c\u00e1c th\u00f4ng tin m\u00e0 ch\u00fang t\u00f4i c\u1ea7n th\u00e0nh vi\u00ean cung c\u1ea5p b\u1eaft bu\u1ed9c khi g\u1eedi th\u00f4ng tin nh\u1edd t\u01b0 v\u1ea5n hay [...]Read More...\" \/>\n<meta property=\"og:url\" content=\"https:\/\/moclan.com.vn\/en\/chinh-sach-bao-mat\/\" \/>\n<meta property=\"og:site_name\" content=\"M\u1ed9c Lan\" \/>\n<meta property=\"article:modified_time\" content=\"2022-05-10T13:14:50+00:00\" \/>\n<meta name=\"twitter:card\" content=\"summary_large_image\" \/>\n<meta name=\"twitter:label1\" content=\"Est. reading time\">\n\t<meta name=\"twitter:data1\" content=\"3 minutes\">\n<script type=\"application\/ld+json\" class=\"yoast-schema-graph\">{\"@context\":\"https:\/\/schema.org\",\"@graph\":[{\"@type\":\"WebSite\",\"@id\":\"https:\/\/moclan.com.vn\/#website\",\"url\":\"https:\/\/moclan.com.vn\/\",\"name\":\"M\\u1ed9c Lan\",\"description\":\"\",\"potentialAction\":[{\"@type\":\"SearchAction\",\"target\":\"https:\/\/moclan.com.vn\/?s={search_term_string}\",\"query-input\":\"required name=search_term_string\"}],\"inLanguage\":\"en-US\"},{\"@type\":\"WebPage\",\"@id\":\"https:\/\/moclan.com.vn\/chinh-sach-bao-mat\/#webpage\",\"url\":\"https:\/\/moclan.com.vn\/chinh-sach-bao-mat\/\",\"name\":\"Ch\\u00ednh s\\u00e1ch b\\u1ea3o m\\u1eadt - M\\u1ed9c Lan\",\"isPartOf\":{\"@id\":\"https:\/\/moclan.com.vn\/#website\"},\"datePublished\":\"2020-12-30T02:42:21+00:00\",\"dateModified\":\"2022-05-10T13:14:50+00:00\",\"breadcrumb\":{\"@id\":\"https:\/\/moclan.com.vn\/chinh-sach-bao-mat\/#breadcrumb\"},\"inLanguage\":\"en-US\",\"potentialAction\":[{\"@type\":\"ReadAction\",\"target\":[\"https:\/\/moclan.com.vn\/chinh-sach-bao-mat\/\"]}]},{\"@type\":\"BreadcrumbList\",\"@id\":\"https:\/\/moclan.com.vn\/chinh-sach-bao-mat\/#breadcrumb\",\"itemListElement\":[{\"@type\":\"ListItem\",\"position\":1,\"item\":{\"@type\":\"WebPage\",\"@id\":\"https:\/\/moclan.com.vn\/\",\"url\":\"https:\/\/moclan.com.vn\/\",\"name\":\"Trang ch\\u1ee7\"}},{\"@type\":\"ListItem\",\"position\":2,\"item\":{\"@type\":\"WebPage\",\"@id\":\"https:\/\/moclan.com.vn\/chinh-sach-bao-mat\/\",\"url\":\"https:\/\/moclan.com.vn\/chinh-sach-bao-mat\/\",\"name\":\"Ch\\u00ednh s\\u00e1ch b\\u1ea3o m\\u1eadt\"}}]}]}<\/script>\n<!-- \/ Yoast SEO Premium plugin. -->","_links":{"self":[{"href":"https:\/\/moclan.com.vn\/en\/wp-json\/wp\/v2\/pages\/3"}],"collection":[{"href":"https:\/\/moclan.com.vn\/en\/wp-json\/wp\/v2\/pages"}],"about":[{"href":"https:\/\/moclan.com.vn\/en\/wp-json\/wp\/v2\/types\/page"}],"author":[{"embeddable":true,"href":"https:\/\/moclan.com.vn\/en\/wp-json\/wp\/v2\/users\/1"}],"replies":[{"embeddable":true,"href":"https:\/\/moclan.com.vn\/en\/wp-json\/wp\/v2\/comments?post=3"}],"version-history":[{"count":0,"href":"https:\/\/moclan.com.vn\/en\/wp-json\/wp\/v2\/pages\/3\/revisions"}],"wp:attachment":[{"href":"https:\/\/moclan.com.vn\/en\/wp-json\/wp\/v2\/media?parent=3"}],"curies":[{"name":"wp","href":"https:\/\/api.w.org\/{rel}","templated":true}]}}