


{"id":4571,"date":"2025-08-29T16:24:56","date_gmt":"2025-08-29T09:24:56","guid":{"rendered":"https:\/\/moclan.com.vn\/?page_id=4571"},"modified":"2025-08-29T16:52:04","modified_gmt":"2025-08-29T09:52:04","slug":"chinh-sach-va-quy-dinh-chung","status":"publish","type":"page","link":"https:\/\/moclan.com.vn\/en\/chinh-sach-va-quy-dinh-chung\/","title":{"rendered":"Ch\u00ednh s\u00e1ch v\u00e0 quy \u0111\u1ecbnh chung"},"content":{"rendered":"<p><strong>CH\u00cdNH S\u00c1CH V\u00c0 QUY \u0110\u1ecaNH CHUNG<\/strong><\/p>\n<p>K\u00ednh ch\u00e0o Qu\u00fd kh\u00e1ch h\u00e0ng!<\/p>\n<p>C\u00f4ng Ty TNHH S\u1ea3n Xu\u1ea5t Th\u01b0\u01a1ng M\u1ea1i D\u1ecbch V\u1ee5 Chi\u1ebfn Lan xin ch\u00e2n th\u00e0nh c\u1ea3m \u01a1n Qu\u00fd kh\u00e1ch h\u00e0ng \u0111\u00e3 tin c\u1eady v\u00e0 s\u1eed d\u1ee5ng d\u1ecbch v\u1ee5 mua h\u00e0ng tr\u1ef1c tuy\u1ebfn t\u1ea1i website moclan.com.vn. Ch\u00fang t\u00f4i cam k\u1ebft ho\u1ea1t \u0111\u1ed9ng th\u01b0\u01a1ng m\u1ea1i \u0111i\u1ec7n t\u1eed (TM\u0110T) tu\u00e2n th\u1ee7 theo \u0111\u00fang Ph\u00e1p lu\u1eadt c\u1ee7a Nh\u00e0 n\u01b0\u1edbc v\u00e0 v\u00ec quy\u1ec1n l\u1ee3i c\u1ee7a ng\u01b0\u1eddi ti\u00eau d\u00f9ng. \u0110\u1ec3 \u0111\u1ea3m b\u1ea3o quy\u1ec1n l\u1ee3i, Qu\u00fd kh\u00e1ch h\u00e0ng vui l\u00f2ng \u0111\u1ecdc k\u1ef9 nh\u1eefng ch\u00ednh s\u00e1ch b\u00e1n h\u00e0ng d\u01b0\u1edbi \u0111\u00e2y:<\/p>\n<p>&nbsp;<\/p>\n<p>&#8211; <a href=\"https:\/\/moclan.com.vn\/en\/chinh-sach-bao-mat-2\/\">Ch\u00ednh s\u00e1ch b\u1ea3o m\u1eadt th\u00f4ng tin<\/a><\/p>\n<p>&#8211; <a href=\"https:\/\/moclan.com.vn\/en\/chinh-sach-van-chuyen\/\">Ch\u00ednh s\u00e1ch v\u1eadn chuy\u1ec3n, giao nh\u1eadn h\u00e0ng h\u00f3a<\/a><\/p>\n<p>&#8211; <a href=\"https:\/\/moclan.com.vn\/en\/chinh-sach-doi-tra-va-hoan-tien\/\">Ch\u00ednh s\u00e1ch \u0110\u1ed5i &#8211; Tr\u1ea3 h\u00e0ng h\u00f3a<\/a><\/p>\n<p>&#8211; <a href=\"https:\/\/moclan.com.vn\/en\/chinh-sach-thanh-toan\/\">Ch\u00ednh s\u00e1ch thanh to\u00e1n<\/a><\/p>\n<p>&#8211; <a href=\"https:\/\/moclan.com.vn\/en\/huong-dan-mua-hang-3\/\">Shopping guide<\/a><\/p>\n<p>&#8211; <a href=\"https:\/\/moclan.com.vn\/en\/chinh-sach-kiem-hang\/\">Ch\u00ednh s\u00e1ch ki\u1ec3m h\u00e0ng<\/a><\/p>\n<p>&nbsp;<\/p>\n<p>L\u01b0u \u00fd: Ch\u00fang t\u00f4i s\u1ebd li\u00ean t\u1ee5c c\u1eadp nh\u1eadt c\u00e1c ch\u00ednh s\u00e1ch b\u00e1n h\u00e0ng \u0111\u1ea3m b\u1ea3o ph\u00f9 h\u1ee3p v\u1edbi Ph\u00e1p lu\u1eadt c\u1ee7a nh\u00e0 n\u01b0\u1edbc, ng\u01b0\u1eddi ti\u00eau d\u00f9ng, ph\u00f9 h\u1ee3p ho\u1ea1t \u0111\u1ed9ng TM\u0110T c\u1ee7a moclan.com.vn. Do v\u1eady, r\u1ea5t mong Qu\u00fd kh\u00e1ch th\u01b0\u1eddng xuy\u00ean theo d\u00f5i \u0111\u1ebfn c\u00e1c ch\u00ednh s\u00e1ch c\u1ee7a ch\u00fang t\u00f4i.<\/p>\n<p>Ch\u00ednh s\u00e1ch v\u00e0 Quy \u0111\u1ecbnh chung d\u1ecbch v\u1ee5 c\u1ee7a moclan.com.vn<\/p>\n<p>&nbsp;<\/p>\n<p>M\u1ecdi chi ti\u1ebft xin li\u00ean h\u1ec7:<\/p>\n<p>C\u00f4ng Ty TNHH S\u1ea3n Xu\u1ea5t Th\u01b0\u01a1ng M\u1ea1i D\u1ecbch V\u1ee5 Chi\u1ebfn Lan<\/p>\n<p>Address: 29\/64 Street 4, Quarter 6, Truong Tho Ward, Thu Duc City, Ho Chi Minh City<\/p>\n<p>Phone: 0913 375 139<\/p>\n<p>Email: nvchien7@gmail.com<\/p>","protected":false},"excerpt":{"rendered":"<p>CH\u00cdNH S\u00c1CH V\u00c0 QUY \u0110\u1ecaNH CHUNG K\u00ednh ch\u00e0o Qu\u00fd kh\u00e1ch h\u00e0ng! C\u00f4ng Ty TNHH S\u1ea3n Xu\u1ea5t Th\u01b0\u01a1ng M\u1ea1i D\u1ecbch V\u1ee5 Chi\u1ebfn Lan xin ch\u00e2n th\u00e0nh c\u1ea3m \u01a1n Qu\u00fd kh\u00e1ch h\u00e0ng \u0111\u00e3 tin c\u1eady v\u00e0 s\u1eed d\u1ee5ng d\u1ecbch v\u1ee5 mua h\u00e0ng tr\u1ef1c tuy\u1ebfn t\u1ea1i website moclan.com.vn. Ch\u00fang t\u00f4i cam k\u1ebft ho\u1ea1t \u0111\u1ed9ng th\u01b0\u01a1ng m\u1ea1i \u0111i\u1ec7n t\u1eed [&#8230;]<\/p>\n<p><a class=\"btn btn-secondary understrap-read-more-link\" href=\"https:\/\/moclan.com.vn\/en\/chinh-sach-va-quy-dinh-chung\/\">Read More&#8230;<\/a><\/p>","protected":false},"author":1,"featured_media":0,"parent":0,"menu_order":0,"comment_status":"closed","ping_status":"closed","template":"","meta":[],"yoast_head":"<!-- This site is optimized with the Yoast SEO Premium plugin v15.9.2 - https:\/\/yoast.com\/wordpress\/plugins\/seo\/ -->\n<title>Ch\u00ednh s\u00e1ch v\u00e0 quy \u0111\u1ecbnh chung - M\u1ed9c Lan<\/title>\n<link rel=\"canonical\" href=\"https:\/\/moclan.com.vn\/en\/chinh-sach-va-quy-dinh-chung\/\" \/>\n<meta property=\"og:locale\" content=\"en_US\" \/>\n<meta property=\"og:type\" content=\"article\" \/>\n<meta property=\"og:title\" content=\"Ch\u00ednh s\u00e1ch v\u00e0 quy \u0111\u1ecbnh chung - M\u1ed9c Lan\" \/>\n<meta property=\"og:description\" content=\"CH\u00cdNH S\u00c1CH V\u00c0 QUY \u0110\u1ecaNH CHUNG K\u00ednh ch\u00e0o Qu\u00fd kh\u00e1ch h\u00e0ng! C\u00f4ng Ty TNHH S\u1ea3n Xu\u1ea5t Th\u01b0\u01a1ng M\u1ea1i D\u1ecbch V\u1ee5 Chi\u1ebfn Lan xin ch\u00e2n th\u00e0nh c\u1ea3m \u01a1n Qu\u00fd kh\u00e1ch h\u00e0ng \u0111\u00e3 tin c\u1eady v\u00e0 s\u1eed d\u1ee5ng d\u1ecbch v\u1ee5 mua h\u00e0ng tr\u1ef1c tuy\u1ebfn t\u1ea1i website moclan.com.vn. Ch\u00fang t\u00f4i cam k\u1ebft ho\u1ea1t \u0111\u1ed9ng th\u01b0\u01a1ng m\u1ea1i \u0111i\u1ec7n t\u1eed [...]Read More...\" \/>\n<meta property=\"og:url\" content=\"https:\/\/moclan.com.vn\/en\/chinh-sach-va-quy-dinh-chung\/\" \/>\n<meta property=\"og:site_name\" content=\"M\u1ed9c Lan\" \/>\n<meta property=\"article:modified_time\" content=\"2025-08-29T09:52:04+00:00\" \/>\n<meta name=\"twitter:card\" content=\"summary_large_image\" \/>\n<meta name=\"twitter:label1\" content=\"Est. reading time\">\n\t<meta name=\"twitter:data1\" content=\"2 minutes\">\n<script type=\"application\/ld+json\" class=\"yoast-schema-graph\">{\"@context\":\"https:\/\/schema.org\",\"@graph\":[{\"@type\":\"WebSite\",\"@id\":\"https:\/\/moclan.com.vn\/#website\",\"url\":\"https:\/\/moclan.com.vn\/\",\"name\":\"M\\u1ed9c Lan\",\"description\":\"\",\"potentialAction\":[{\"@type\":\"SearchAction\",\"target\":\"https:\/\/moclan.com.vn\/?s={search_term_string}\",\"query-input\":\"required name=search_term_string\"}],\"inLanguage\":\"en-US\"},{\"@type\":\"WebPage\",\"@id\":\"https:\/\/moclan.com.vn\/chinh-sach-va-quy-dinh-chung\/#webpage\",\"url\":\"https:\/\/moclan.com.vn\/chinh-sach-va-quy-dinh-chung\/\",\"name\":\"Ch\\u00ednh s\\u00e1ch v\\u00e0 quy \\u0111\\u1ecbnh chung - M\\u1ed9c Lan\",\"isPartOf\":{\"@id\":\"https:\/\/moclan.com.vn\/#website\"},\"datePublished\":\"2025-08-29T09:24:56+00:00\",\"dateModified\":\"2025-08-29T09:52:04+00:00\",\"breadcrumb\":{\"@id\":\"https:\/\/moclan.com.vn\/chinh-sach-va-quy-dinh-chung\/#breadcrumb\"},\"inLanguage\":\"en-US\",\"potentialAction\":[{\"@type\":\"ReadAction\",\"target\":[\"https:\/\/moclan.com.vn\/chinh-sach-va-quy-dinh-chung\/\"]}]},{\"@type\":\"BreadcrumbList\",\"@id\":\"https:\/\/moclan.com.vn\/chinh-sach-va-quy-dinh-chung\/#breadcrumb\",\"itemListElement\":[{\"@type\":\"ListItem\",\"position\":1,\"item\":{\"@type\":\"WebPage\",\"@id\":\"https:\/\/moclan.com.vn\/\",\"url\":\"https:\/\/moclan.com.vn\/\",\"name\":\"Trang ch\\u1ee7\"}},{\"@type\":\"ListItem\",\"position\":2,\"item\":{\"@type\":\"WebPage\",\"@id\":\"https:\/\/moclan.com.vn\/chinh-sach-va-quy-dinh-chung\/\",\"url\":\"https:\/\/moclan.com.vn\/chinh-sach-va-quy-dinh-chung\/\",\"name\":\"Ch\\u00ednh s\\u00e1ch v\\u00e0 quy \\u0111\\u1ecbnh chung\"}}]}]}<\/script>\n<!-- \/ Yoast SEO Premium plugin. -->","_links":{"self":[{"href":"https:\/\/moclan.com.vn\/en\/wp-json\/wp\/v2\/pages\/4571"}],"collection":[{"href":"https:\/\/moclan.com.vn\/en\/wp-json\/wp\/v2\/pages"}],"about":[{"href":"https:\/\/moclan.com.vn\/en\/wp-json\/wp\/v2\/types\/page"}],"author":[{"embeddable":true,"href":"https:\/\/moclan.com.vn\/en\/wp-json\/wp\/v2\/users\/1"}],"replies":[{"embeddable":true,"href":"https:\/\/moclan.com.vn\/en\/wp-json\/wp\/v2\/comments?post=4571"}],"version-history":[{"count":2,"href":"https:\/\/moclan.com.vn\/en\/wp-json\/wp\/v2\/pages\/4571\/revisions"}],"predecessor-version":[{"id":4585,"href":"https:\/\/moclan.com.vn\/en\/wp-json\/wp\/v2\/pages\/4571\/revisions\/4585"}],"wp:attachment":[{"href":"https:\/\/moclan.com.vn\/en\/wp-json\/wp\/v2\/media?parent=4571"}],"curies":[{"name":"wp","href":"https:\/\/api.w.org\/{rel}","templated":true}]}}