


{"id":4577,"date":"2025-08-29T16:41:06","date_gmt":"2025-08-29T09:41:06","guid":{"rendered":"https:\/\/moclan.com.vn\/?page_id=4577"},"modified":"2025-08-29T16:41:06","modified_gmt":"2025-08-29T09:41:06","slug":"chinh-sach-bao-mat-2","status":"publish","type":"page","link":"https:\/\/moclan.com.vn\/en\/chinh-sach-bao-mat-2\/","title":{"rendered":"Privacy Policy"},"content":{"rendered":"<h2><strong>M\u1ee5c \u0111\u00edch v\u00e0 ph\u1ea1m vi thu th\u1eadp th\u00f4ng tin<\/strong><\/h2>\n<p>Vi\u1ec7c thu th\u1eadp th\u00f4ng tin ch\u1ee7 y\u1ebfu tr\u00ean website bao g\u1ed3m: H\u1ecd &amp; t\u00ean, email, s\u1ed1 \u0111i\u1ec7n tho\u1ea1i, \u0111\u1ecba ch\u1ec9 kh\u00e1ch h\u00e0ng. \u0110\u00e2y l\u00e0 c\u00e1c th\u00f4ng tin c\u1ea7n thi\u1ebft t\u1ed1i thi\u1ec3u \u0111\u1ec3 kh\u00e1ch h\u00e0ng c\u00f3 th\u1ec3 s\u1eed d\u1ee5ng d\u1ecbch v\u1ee5 mua h\u00e0ng online giao t\u1eadn n\u01a1i c\u1ee7a\u00a0<strong>C\u00d4NG TY TNHH S\u1ea2N XU\u1ea4T TH\u01af\u01a0NG M\u1ea0I D\u1ecaCH V\u1ee4 CHI\u1ebeN LAN<\/strong><\/p>\n<h2><strong>Ph\u1ea1m v\u1ecb s\u1eed d\u1ee5ng th\u00f4ng tin<\/strong><\/h2>\n<p><strong>C\u00d4NG TY TNHH S\u1ea2N XU\u1ea4T TH\u01af\u01a0NG M\u1ea0I D\u1ecaCH V\u1ee4 CHI\u1ebeN LAN <\/strong>s\u1eed d\u1ee5ng th\u00f4ng tin kh\u00e1ch h\u00e0ng cung c\u1ea5p \u0111\u1ec3:<\/p>\n<ul>\n<li>Cung c\u1ea5p d\u1ecbch v\u1ee5 b\u00e1n h\u00e0ng online giao t\u1eadn n\u01a1i \u0111\u1ebfn kh\u00e1ch h\u00e0ng.<\/li>\n<li>G\u1eedi c\u00e1c th\u00f4ng tin x\u00e1c nh\u1eadn, c\u00e1c th\u00f4ng b\u00e1o v\u1ec1 ho\u1ea1t \u0111\u1ed9ng trao \u0111\u1ed5i th\u00f4ng tin gi\u1eefa kh\u00e1ch h\u00e0ng v\u00e0 c\u1eeda h\u00e0ng.<\/li>\n<li>Li\u00ean l\u1ea1c v\u00e0 h\u1ed7 tr\u1ee3 kh\u00e1ch h\u00e0ng trong nh\u1eefng tr\u01b0\u1eddng h\u1ee3p \u0111\u1eb7c bi\u1ec7t.<\/li>\n<li>Kh\u00f4ng s\u1eed d\u1ee5ng th\u00f4ng tin c\u00e1 nh\u00e2n c\u1ee7a kh\u00e1ch h\u00e0ng ngo\u00e0i m\u1ee5c \u0111\u00edch x\u00e1c nh\u1eadn v\u00e0 li\u00ean h\u1ec7 c\u00f3 li\u00ean quan \u0111\u1ebfn giao d\u1ecbch t\u1ea1i website.<\/li>\n<li>Ch\u00fang t\u00f4i c\u00f3 tr\u00e1ch nhi\u1ec7m h\u1ee3p t\u00e1c cung c\u1ea5p th\u00f4ng tin kh\u00e1ch h\u00e0ng khi c\u00f3 y\u00eau c\u1ea7u t\u1eeb c\u01a1 quan nh\u00e0 n\u01b0\u1edbc c\u00f3 th\u1ea9m quy\u1ec1n.<\/li>\n<\/ul>\n<h2><strong>Th\u1eddi gian l\u01b0u tr\u1eef th\u00f4ng tin<\/strong><\/h2>\n<p>D\u1eef li\u1ec7u c\u1ee7a kh\u00e1ch h\u00e0ng s\u1ebd \u0111\u01b0\u1ee3c l\u01b0u tr\u1eef cho \u0111\u1ebfn khi c\u00f3 y\u00eau c\u1ea7u hu\u1ef7 b\u1ecf t\u1eeb kh\u00e1ch h\u00e0ng. C\u00f2n l\u1ea1i trong m\u1ecdi tr\u01b0\u1eddng h\u1ee3p, th\u00f4ng tin kh\u00e1ch h\u00e0ng s\u1ebd \u0111\u01b0\u1ee3c b\u1ea3o m\u1eadt tr\u00ean m\u00e1y ch\u1ee7 c\u1ee7a C\u00d4NG TY TNHH S\u1ea2N XU\u1ea4T TH\u01af\u01a0NG M\u1ea0I D\u1ecaCH V\u1ee4 CHI\u1ebeN LAN ho\u1eb7c \u0111\u1ed1i t\u00e1c cung c\u1ea5p d\u1ecbch v\u1ee5 m\u00e1y ch\u1ee7<\/p>\n<p>Nh\u1eefng ng\u01b0\u1eddi ho\u1eb7c t\u1ed5 ch\u1ee9c c\u00f3 th\u1ec3 \u0111\u01b0\u1ee3c ti\u1ebfp c\u1eadn v\u1edbi th\u00f4ng tin c\u00e1 nh\u00e2n<\/p>\n<p>\u0110\u1ed1i t\u01b0\u1ee3ng \u0111\u01b0\u1ee3c ti\u1ebfp c\u1eadn v\u1edbi th\u00f4ng tin c\u00e1 nh\u00e2n c\u1ee7a kh\u00e1ch h\u00e0ng thu\u1ed9c m\u1ed9t trong nh\u1eefng tr\u01b0\u1eddng h\u1ee3p sau:<\/p>\n<ul>\n<li>Nh\u00e2n vi\u00ean c\u1ee7a c\u1eeda h\u00e0ng<\/li>\n<li>C\u00e1c \u0111\u1ed1i t\u00e1c c\u00f3 k\u00fd h\u1ee3p \u0111\u1ed9ng th\u1ef1c hi\u1ec7n 1 ph\u1ea7n d\u1ecbch v\u1ee5 c\u1ee7a c\u00f4ng ty. C\u00e1c \u0111\u1ed1i t\u00e1c n\u00e0y s\u1ebd nh\u1eadn \u0111\u01b0\u1ee3c nh\u1eefng th\u00f4ng tin theo th\u1ecfa thu\u1eadn h\u1ee3p \u0111\u1ed3ng (c\u00f3 th\u1ec3 1 ph\u1ea7n ho\u1eb7c to\u00e0n b\u1ed9 th\u00f4ng tin tuy theo \u0111i\u1ec1u kho\u1ea3n h\u1ee3p \u0111\u1ed3ng) \u0111\u1ec3 ti\u1ebfn h\u00e0nh h\u1ed7 tr\u1ee3 ng\u01b0\u1eddi d\u00f9ng s\u1eed d\u1ee5ng d\u1ecbch v\u1ee5 do c\u00f4ng ty cung c\u1ea5p.<\/li>\n<li>\u0110\u1ed1i t\u01b0\u1ee3ng ti\u1ebfp c\u1eadn th\u00f4ng tin<\/li>\n<\/ul>\n<p>Tr\u1eeb tr\u01b0\u1eddng h\u1ee3p ph\u00e1p lu\u1eadt Vi\u1ec7t Nam c\u00f3 quy \u0111\u1ecbnh kh\u00e1c, ch\u1ec9 nh\u1eefng \u0111\u1ed1i t\u01b0\u1ee3ng d\u01b0\u1edbi \u0111\u00e2y m\u1edbi \u0111\u01b0\u1ee3c ti\u1ebfp c\u1eadn Th\u00f4ng Tin Kh\u00e1ch H\u00e0ng:<\/p>\n<ul>\n<li>C\u01a1 quan nh\u00e0 n\u01b0\u1edbc c\u00f3 th\u1ea9m quy\u1ec1n nh\u01b0 Vi\u1ec7n ki\u1ec3m s\u00e1t, t\u00f2a \u00e1n, c\u01a1 quan c\u00f4ng an \u0111i\u1ec1u tra\u2026 khi c\u00f3 y\u00eau c\u1ea7u c\u1ee5 th\u1ec3 theo quy \u0111\u1ecbnh c\u1ee7a ph\u00e1p lu\u1eadt Vi\u1ec7t Nam; v\u00e0\/ ho\u1eb7c<\/li>\n<li>Ng\u00e2n h\u00e0ng ho\u1eb7c c\u00e1c T\u1ed5 ch\u1ee9c th\u1ebb t\u00edn d\u1ee5ng Visa\/Mastercard\/JCB li\u00ean quan \u0111\u1ebfn h\u00e0nh vi vi ph\u1ea1m ph\u00e1p lu\u1eadt ho\u1eb7c gian l\u1eadn th\u1ebb t\u00edn d\u1ee5ng li\u00ean quan \u0111\u1ebfn Kh\u00e1ch h\u00e0ng; v\u00e0\/ ho\u1eb7c T\u1eadp \u0111o\u00e0n, C\u00f4ng ty, c\u00f4ng ty m\u1eb9, c\u00f4ng ty con, c\u00f4ng ty li\u00ean k\u1ebft c\u1ee7a C\u00f4ng ty, \u0111\u1ea1i l\u00fd, nh\u00e0 th\u1ea7u, \u0111\u01a1n v\u1ecb cung c\u1ea5p d\u1ecbch v\u1ee5 c\u1ee7a C\u00f4ng ty, ho\u1eb7c b\u00ean th\u1ee9 ba, c\u00f3 li\u00ean quan \u0111\u1ebfn vi\u1ec7c C\u00f4ng ty cung c\u1ea5p S\u1ea3n Ph\u1ea9m &#8211; D\u1ecbch V\u1ee5 cho Qu\u00fd kh\u00e1ch m\u1edbi \u0111\u01b0\u1ee3c ti\u1ebfp c\u1eadn Th\u00f4ng Tin Kh\u00e1ch H\u00e0ng \u0111\u1ec3 th\u1ef1c hi\u1ec7n M\u1ee5c \u0110\u00edch nh\u01b0 quy \u0111\u1ecbnh b\u00ean tr\u00ean.<\/li>\n<\/ul>\n<h2><strong>Th\u00f4ng tin c\u1ee7a \u0111\u01a1n v\u1ecb thu th\u1eadp, qu\u1ea3n l\u00fd th\u00f4ng tin v\u00e0 h\u1ed7 tr\u1ee3 kh\u00e1ch h\u00e0ng<\/strong><\/h2>\n<ul>\n<li><strong>C\u00d4NG TY TNHH S\u1ea2N XU\u1ea4T TH\u01af\u01a0NG M\u1ea0I D\u1ecaCH V\u1ee4 CHI\u1ebeN LAN <\/strong><\/li>\n<li>\u0110C: 29\/64 \u0110\u01b0\u1eddng s\u1ed1 4, Khu ph\u1ed1 6, Ph\u01b0\u1eddng Tr\u01b0\u1eddng Th\u1ecd, Th\u00e0nh ph\u1ed1 Th\u1ee7 \u0110\u1ee9c, Th\u00e0nh ph\u1ed1 H\u1ed3 Ch\u00ed Minh, Vi\u1ec7t Nam<\/li>\n<li>Hotline:\u00a00913 375 139<\/li>\n<li>Email:\u00a0nvchien7@gmail.com<\/li>\n<\/ul>\n<h2><strong>C\u00e1ch th\u1ee9c v\u00e0 ph\u01b0\u01a1ng ti\u1ec7n \u0111\u1ec3 kh\u00e1ch h\u00e0ng ti\u1ebfp c\u1eadn v\u00e0 ch\u1ec9nh s\u1eeda d\u1eef li\u1ec7u c\u1ee7a m\u00ecnh<\/strong><\/h2>\n<p>Kh\u00e1ch h\u00e0ng c\u00f3 quy\u1ec1n g\u1eedi khi\u1ebfu n\u1ea1i v\u1ec1 vi\u1ec7c l\u1ed9 th\u00f4ng tin c\u00e1 nh\u00e2n cho b\u00ean th\u1ee9 ba \u0111\u1ebfn ban qu\u1ea3n tr\u1ecb c\u1ee7a C\u00d4NG TY TNHH S\u1ea2N XU\u1ea4T TH\u01af\u01a0NG M\u1ea0I D\u1ecaCH V\u1ee4 CHI\u1ebeN LAN. Khi ti\u1ebfp nh\u1eadn nh\u1eefng ph\u1ea3n h\u1ed3i n\u00e0y, ch\u00fang t\u00f4i s\u1ebd x\u00e1c nh\u1eadn l\u1ea1i th\u00f4ng tin v\u00e0 ph\u1ea3i c\u00f3 tr\u00e1ch nhi\u1ec7m tr\u1ea3 l\u1eddi l\u00fd do v\u00e0 h\u01b0\u1edbng d\u1eabn kh\u00e1ch h\u00e0ng kh\u00f4i ph\u1ee5c v\u00e0 b\u1ea3o m\u1eadt l\u1ea1i th\u00f4ng tin<\/p>\n<h2><strong>C\u01a1 ch\u1ebf ti\u1ebfp nh\u1eadn v\u00e0 gi\u1ea3i quy\u1ebft khi\u1ebfu n\u1ea1i c\u1ee7a ng\u01b0\u1eddi ti\u00eau d\u00f9ng li\u00ean quan \u0111\u1ebfn vi\u1ec7c th\u00f4ng tin c\u00e1 nh\u00e2n b\u1ecb s\u1eed d\u1ee5ng sai m\u1ee5c \u0111\u00edch, ph\u1ea1m vi \u0111\u00e3 th\u00f4ng b\u00e1o<\/strong><\/h2>\n<p>Ch\u00fang t\u00f4i cam k\u1ebft s\u1ebd \u0111\u1ea3m b\u1ea3o an to\u00e0n cho th\u00f4ng tin c\u00e1 nh\u00e2n c\u1ee7a qu\u00fd kh\u00e1ch h\u00e0ng, tuy\u1ec7t \u0111\u1ed1i kh\u00f4ng mua b\u00e1n, trao \u0111\u1ed5i th\u00f4ng tin kh\u00e1ch h\u00e0ng v\u1edbi b\u00ean th\u1ee9 3 v\u00ec m\u1ee5c \u0111\u00edch th\u01b0\u01a1ng m\u1ea1i. Trong tr\u01b0\u1eddng h\u1ee3p m\u00e1y ch\u1ee7 l\u01b0u tr\u1eef th\u00f4ng tin b\u1ecb hacker t\u1ea5n c\u00f4ng d\u1eabn \u0111\u1ebfn m\u1ea5t m\u00e1t d\u1eef li\u1ec7u c\u00e1 nh\u00e2n kh\u00e1ch h\u00e0ng,\u00a0ch\u00fang t\u00f4i\u00a0s\u1ebd c\u00f3 tr\u00e1ch nhi\u1ec7m th\u00f4ng b\u00e1o v\u1ee5 vi\u1ec7c cho c\u01a1 quan ch\u1ee9c n\u0103ng \u0111i\u1ec1u tra x\u1eed l\u00fd k\u1ecbp th\u1eddi v\u00e0 th\u00f4ng b\u00e1o cho kh\u00e1ch h\u00e0ng \u0111\u01b0\u1ee3c bi\u1ebft.<\/p>\n<p>Khi ph\u00e1t hi\u1ec7n th\u00f4ng tin c\u00e1 nh\u00e2n c\u1ee7a m\u00ecnh b\u1ecb s\u1eed d\u1ee5ng sai m\u1ee5c \u0111\u00edch ho\u1eb7c ph\u1ea1m vi, kh\u00e1ch h\u00e0ng g\u1eedi email khi\u1ebfu n\u1ea1i \u0111\u1ebfn email nvchien7@gmail.com ho\u1eb7c g\u1ecdi \u0111i\u1ec7n tho\u1ea1i t\u1edbi s\u1ed1 0913 375 139 \u0111\u1ec3 khi\u1ebfu n\u1ea1i v\u00e0 cung c\u1ea5p ch\u1ee9ng c\u1ee9 li\u00ean quan t\u1edbi v\u1ee5 vi\u1ec7c. Ch\u00fang t\u00f4i cam k\u1ebft s\u1ebd ph\u1ea3n h\u1ed3i ngay l\u1eadp t\u1ee9c ho\u1eb7c mu\u1ed9n nh\u1ea5t l\u00e0 trong v\u00f2ng 3 ng\u00e0y l\u00e0m vi\u1ec7c (tr\u1eeb th\u1ee9 7 v\u00e0 ch\u1ee7 nh\u1eadt) k\u1ec3 t\u1eeb th\u1eddi \u0111i\u1ec3m nh\u1eadn \u0111\u01b0\u1ee3c khi\u1ebfu n\u1ea1i.<\/p>\n<h2><strong>Cam k\u1ebft b\u1ea3o m\u1eadt th\u00f4ng tin c\u00e1 nh\u00e2n kh\u00e1ch h\u00e0ng<\/strong><\/h2>\n<p>Th\u00f4ng tin c\u00e1 nh\u00e2n c\u1ee7a kh\u00e1ch h\u00e0ng tr\u00ean website n\u00e0y \u0111\u01b0\u1ee3c cam k\u1ebft b\u1ea3o m\u1eadt tuy\u1ec7t \u0111\u1ed1i theo ch\u00ednh s\u00e1ch b\u1ea3o v\u1ec7 th\u00f4ng tin c\u00e1 nh\u00e2n c\u1ee7a C\u00d4NG TY TNHH S\u1ea2N XU\u1ea4T TH\u01af\u01a0NG M\u1ea0I D\u1ecaCH V\u1ee4 CHI\u1ebeN LAN. Vi\u1ec7c thu th\u1eadp v\u00e0 s\u1eed d\u1ee5ng th\u00f4ng tin c\u1ee7a m\u1ed7i kh\u00e1ch h\u00e0ng cho m\u1ee5c \u0111\u00edch kh\u00e1c ch\u1ec9 \u0111\u01b0\u1ee3c th\u1ef1c hi\u1ec7n khi c\u00f3 s\u1ef1 \u0111\u1ed3ng \u00fd c\u1ee7a kh\u00e1ch h\u00e0ng \u0111\u00f3, tr\u1eeb nh\u1eefng tr\u01b0\u1eddng h\u1ee3p ph\u00e1p lu\u1eadt quy \u0111\u1ecbnh. C\u00d4NG TY TNHH S\u1ea2N XU\u1ea4T TH\u01af\u01a0NG M\u1ea0I D\u1ecaCH V\u1ee4 CHI\u1ebeN LAN cam k\u1ebft:<\/p>\n<ul>\n<li>Kh\u00f4ng s\u1eed d\u1ee5ng, kh\u00f4ng chuy\u1ec3n giao, kh\u00f4ng cung c\u1ea5p hay ti\u1ebft l\u1ed9 cho b\u1ea5t k\u1ef3 b\u00ean th\u1ee9 ba n\u00e0o v\u1ec1 th\u00f4ng tin c\u00e1 nh\u00e2n c\u1ee7a kh\u00e1ch h\u00e0ng khi kh\u00f4ng \u0111\u01b0\u1ee3c s\u1ef1 cho ph\u00e9p ho\u1eb7c \u0111\u1ed3ng \u00fd t\u1eeb kh\u00e1ch h\u00e0ng, tr\u1eeb nh\u1eefng tr\u01b0\u1eddng h\u1ee3p ph\u00e1p lu\u1eadt c\u00f3 quy \u0111\u1ecbnh kh\u00e1c<\/li>\n<li>Trong tr\u01b0\u1eddng h\u1ee3p m\u00e1y ch\u1ee7 l\u01b0u tr\u1eef th\u00f4ng tin b\u1ecb hacker t\u1ea5n c\u00f4ng d\u1eabn \u0111\u1ebfn m\u1ea5t m\u00e1t d\u1eef li\u1ec7u c\u00e1 nh\u00e2n kh\u00e1ch h\u00e0ng, C\u00d4NG TY TNHH S\u1ea2N XU\u1ea4T TH\u01af\u01a0NG M\u1ea0I D\u1ecaCH V\u1ee4 CHI\u1ebeN LAN s\u1ebd c\u00f3 tr\u00e1ch nhi\u1ec7m th\u00f4ng b\u00e1o v\u1ee5 vi\u1ec7c cho c\u01a1 quan ch\u1ee9c n\u0103ng \u0111i\u1ec1u tra x\u1eed l\u00fd k\u1ecbp th\u1eddi v\u00e0 th\u00f4ng b\u00e1o cho kh\u00e1ch h\u00e0ng \u0111\u01b0\u1ee3c bi\u1ebft.<\/li>\n<li>B\u1ea3o m\u1eadt tuy\u1ec7t \u0111\u1ed1i m\u1ecdi th\u00f4ng tin giao d\u1ecbch tr\u1ef1c tuy\u1ebfn c\u1ee7a kh\u00e1ch h\u00e0ng, bao g\u1ed3m c\u1ea3 th\u00f4ng tin ho\u00e1 \u0111\u01a1n.<\/li>\n<li>Ban qu\u1ea3n l\u00fd y\u00eau c\u1ea7u c\u00e1c c\u00e1 nh\u00e2n khi \u0111\u0103ng k\u00fd\/mua h\u00e0ng ph\u1ea3i cung c\u1ea5p \u0111\u1ea7y \u0111\u1ee7 th\u00f4ng tin c\u00e1 nh\u00e2n c\u00f3 li\u00ean quan nh\u01b0: H\u1ecd v\u00e0 t\u00ean, \u0111\u1ecba ch\u1ec9 li\u00ean l\u1ea1c, email, \u0111i\u1ec7n tho\u1ea1i,\u2026., v\u00e0 ch\u1ecbu tr\u00e1ch nhi\u1ec7m v\u1ec1 t\u00ednh ph\u00e1p l\u00fd c\u1ee7a nh\u1eefng th\u00f4ng tin tr\u00ean. Ban qu\u1ea3n l\u00fd kh\u00f4ng ch\u1ecbu tr\u00e1ch nhi\u1ec7m c\u0169ng nh\u01b0 kh\u00f4ng gi\u1ea3i quy\u1ebft m\u1ecdi khi\u1ebfu n\u1ea1i c\u00f3 li\u00ean quan \u0111\u1ebfn quy\u1ec1n l\u1ee3i c\u1ee7a th\u00e0nh vi\u00ean \u0111\u00f3 n\u1ebfu x\u00e9t th\u1ea5y t\u1ea5t c\u1ea3 th\u00f4ng tin c\u00e1 nh\u00e2n c\u1ee7a th\u00e0nh vi\u00ean \u0111\u00f3 cung c\u1ea5p khi \u0111\u0103ng k\u00fd ban \u0111\u1ea7u l\u00e0 kh\u00f4ng ch\u00ednh x\u00e1c.<\/li>\n<li>M\u1ecdi th\u00f4ng tin giao d\u1ecbch s\u1ebd \u0111\u01b0\u1ee3c b\u1ea3o m\u1eadt nh\u01b0ng trong tr\u01b0\u1eddng h\u1ee3p c\u01a1 quan ph\u00e1p lu\u1eadt y\u00eau c\u1ea7u, ch\u00fang t\u00f4i bu\u1ed9c ph\u1ea3i cung c\u1ea5p nh\u1eefng th\u00f4ng tin n\u00e0y cho c\u00e1c c\u01a1 quan ph\u00e1p lu\u1eadt.<\/li>\n<\/ul>\n<p>&nbsp;<\/p>","protected":false},"excerpt":{"rendered":"<p>M\u1ee5c \u0111\u00edch v\u00e0 ph\u1ea1m vi thu th\u1eadp th\u00f4ng tin Vi\u1ec7c thu th\u1eadp th\u00f4ng tin ch\u1ee7 y\u1ebfu tr\u00ean website bao g\u1ed3m: H\u1ecd &amp; t\u00ean, email, s\u1ed1 \u0111i\u1ec7n tho\u1ea1i, \u0111\u1ecba ch\u1ec9 kh\u00e1ch h\u00e0ng. \u0110\u00e2y l\u00e0 c\u00e1c th\u00f4ng tin c\u1ea7n thi\u1ebft t\u1ed1i thi\u1ec3u \u0111\u1ec3 kh\u00e1ch h\u00e0ng c\u00f3 th\u1ec3 s\u1eed d\u1ee5ng d\u1ecbch v\u1ee5 mua h\u00e0ng online giao t\u1eadn n\u01a1i [&#8230;]<\/p>\n<p><a class=\"btn btn-secondary understrap-read-more-link\" href=\"https:\/\/moclan.com.vn\/en\/chinh-sach-bao-mat-2\/\">Read More&#8230;<\/a><\/p>","protected":false},"author":1,"featured_media":0,"parent":0,"menu_order":0,"comment_status":"closed","ping_status":"closed","template":"","meta":[],"yoast_head":"<!-- This site is optimized with the Yoast SEO Premium plugin v15.9.2 - https:\/\/yoast.com\/wordpress\/plugins\/seo\/ -->\n<title>Ch\u00ednh s\u00e1ch b\u1ea3o m\u1eadt - M\u1ed9c Lan<\/title>\n<link rel=\"canonical\" href=\"https:\/\/moclan.com.vn\/en\/chinh-sach-bao-mat-2\/\" \/>\n<meta property=\"og:locale\" content=\"en_US\" \/>\n<meta property=\"og:type\" content=\"article\" \/>\n<meta property=\"og:title\" content=\"Ch\u00ednh s\u00e1ch b\u1ea3o m\u1eadt - M\u1ed9c Lan\" \/>\n<meta property=\"og:description\" content=\"M\u1ee5c \u0111\u00edch v\u00e0 ph\u1ea1m vi thu th\u1eadp th\u00f4ng tin Vi\u1ec7c thu th\u1eadp th\u00f4ng tin ch\u1ee7 y\u1ebfu tr\u00ean website bao g\u1ed3m: H\u1ecd &amp; t\u00ean, email, s\u1ed1 \u0111i\u1ec7n tho\u1ea1i, \u0111\u1ecba ch\u1ec9 kh\u00e1ch h\u00e0ng. \u0110\u00e2y l\u00e0 c\u00e1c th\u00f4ng tin c\u1ea7n thi\u1ebft t\u1ed1i thi\u1ec3u \u0111\u1ec3 kh\u00e1ch h\u00e0ng c\u00f3 th\u1ec3 s\u1eed d\u1ee5ng d\u1ecbch v\u1ee5 mua h\u00e0ng online giao t\u1eadn n\u01a1i [...]Read More...\" \/>\n<meta property=\"og:url\" content=\"https:\/\/moclan.com.vn\/en\/chinh-sach-bao-mat-2\/\" \/>\n<meta property=\"og:site_name\" content=\"M\u1ed9c Lan\" \/>\n<meta name=\"twitter:card\" content=\"summary_large_image\" \/>\n<meta name=\"twitter:label1\" content=\"Est. reading time\">\n\t<meta name=\"twitter:data1\" content=\"6 minutes\">\n<script type=\"application\/ld+json\" class=\"yoast-schema-graph\">{\"@context\":\"https:\/\/schema.org\",\"@graph\":[{\"@type\":\"WebSite\",\"@id\":\"https:\/\/moclan.com.vn\/#website\",\"url\":\"https:\/\/moclan.com.vn\/\",\"name\":\"M\\u1ed9c Lan\",\"description\":\"\",\"potentialAction\":[{\"@type\":\"SearchAction\",\"target\":\"https:\/\/moclan.com.vn\/?s={search_term_string}\",\"query-input\":\"required name=search_term_string\"}],\"inLanguage\":\"en-US\"},{\"@type\":\"WebPage\",\"@id\":\"https:\/\/moclan.com.vn\/chinh-sach-bao-mat-2\/#webpage\",\"url\":\"https:\/\/moclan.com.vn\/chinh-sach-bao-mat-2\/\",\"name\":\"Ch\\u00ednh s\\u00e1ch b\\u1ea3o m\\u1eadt - M\\u1ed9c Lan\",\"isPartOf\":{\"@id\":\"https:\/\/moclan.com.vn\/#website\"},\"datePublished\":\"2025-08-29T09:41:06+00:00\",\"dateModified\":\"2025-08-29T09:41:06+00:00\",\"breadcrumb\":{\"@id\":\"https:\/\/moclan.com.vn\/chinh-sach-bao-mat-2\/#breadcrumb\"},\"inLanguage\":\"en-US\",\"potentialAction\":[{\"@type\":\"ReadAction\",\"target\":[\"https:\/\/moclan.com.vn\/chinh-sach-bao-mat-2\/\"]}]},{\"@type\":\"BreadcrumbList\",\"@id\":\"https:\/\/moclan.com.vn\/chinh-sach-bao-mat-2\/#breadcrumb\",\"itemListElement\":[{\"@type\":\"ListItem\",\"position\":1,\"item\":{\"@type\":\"WebPage\",\"@id\":\"https:\/\/moclan.com.vn\/\",\"url\":\"https:\/\/moclan.com.vn\/\",\"name\":\"Trang ch\\u1ee7\"}},{\"@type\":\"ListItem\",\"position\":2,\"item\":{\"@type\":\"WebPage\",\"@id\":\"https:\/\/moclan.com.vn\/chinh-sach-bao-mat-2\/\",\"url\":\"https:\/\/moclan.com.vn\/chinh-sach-bao-mat-2\/\",\"name\":\"Ch\\u00ednh s\\u00e1ch b\\u1ea3o m\\u1eadt\"}}]}]}<\/script>\n<!-- \/ Yoast SEO Premium plugin. -->","_links":{"self":[{"href":"https:\/\/moclan.com.vn\/en\/wp-json\/wp\/v2\/pages\/4577"}],"collection":[{"href":"https:\/\/moclan.com.vn\/en\/wp-json\/wp\/v2\/pages"}],"about":[{"href":"https:\/\/moclan.com.vn\/en\/wp-json\/wp\/v2\/types\/page"}],"author":[{"embeddable":true,"href":"https:\/\/moclan.com.vn\/en\/wp-json\/wp\/v2\/users\/1"}],"replies":[{"embeddable":true,"href":"https:\/\/moclan.com.vn\/en\/wp-json\/wp\/v2\/comments?post=4577"}],"version-history":[{"count":1,"href":"https:\/\/moclan.com.vn\/en\/wp-json\/wp\/v2\/pages\/4577\/revisions"}],"predecessor-version":[{"id":4578,"href":"https:\/\/moclan.com.vn\/en\/wp-json\/wp\/v2\/pages\/4577\/revisions\/4578"}],"wp:attachment":[{"href":"https:\/\/moclan.com.vn\/en\/wp-json\/wp\/v2\/media?parent=4577"}],"curies":[{"name":"wp","href":"https:\/\/api.w.org\/{rel}","templated":true}]}}