


{"id":4579,"date":"2025-08-29T16:42:07","date_gmt":"2025-08-29T09:42:07","guid":{"rendered":"https:\/\/moclan.com.vn\/?page_id=4579"},"modified":"2025-08-29T16:42:07","modified_gmt":"2025-08-29T09:42:07","slug":"chinh-sach-doi-tra-va-hoan-tien","status":"publish","type":"page","link":"https:\/\/moclan.com.vn\/en\/chinh-sach-doi-tra-va-hoan-tien\/","title":{"rendered":"CH\u00cdNH S\u00c1CH \u0110\u1ed4I TR\u1ea2 V\u00c0 HO\u00c0N TI\u1ec0N"},"content":{"rendered":"<ol>\n<li><strong> \u0110i\u1ec1u ki\u1ec7n \u0111\u1ed5i tr\u1ea3<\/strong><\/li>\n<\/ol>\n<p>Qu\u00fd Kh\u00e1ch h\u00e0ng c\u1ea7n ki\u1ec3m tra t\u00ecnh tr\u1ea1ng h\u00e0ng h\u00f3a v\u00e0 c\u00f3 th\u1ec3 \u0111\u1ed5i h\u00e0ng\/ tr\u1ea3 l\u1ea1i h\u00e0ng\u00a0ngay t\u1ea1i th\u1eddi \u0111i\u1ec3m giao\/nh\u1eadn h\u00e0ng\u00a0trong nh\u1eefng tr\u01b0\u1eddng h\u1ee3p sau:<\/p>\n<ul>\n<li>H\u00e0ng kh\u00f4ng \u0111\u00fang ch\u1ee7ng lo\u1ea1i, m\u1eabu m\u00e3 trong \u0111\u01a1n h\u00e0ng \u0111\u00e3 \u0111\u1eb7t ho\u1eb7c nh\u01b0 tr\u00ean website t\u1ea1i th\u1eddi \u0111i\u1ec3m \u0111\u1eb7t h\u00e0ng.<\/li>\n<li>Kh\u00f4ng \u0111\u1ee7 s\u1ed1 l\u01b0\u1ee3ng, kh\u00f4ng \u0111\u1ee7 b\u1ed9 nh\u01b0 trong \u0111\u01a1n h\u00e0ng.<\/li>\n<li>T\u00ecnh tr\u1ea1ng b\u00ean ngo\u00e0i b\u1ecb \u1ea3nh h\u01b0\u1edfng nh\u01b0 r\u00e1ch bao b\u00ec, bong tr\u00f3c, b\u1ec3 v\u1ee1\u2026<\/li>\n<\/ul>\n<p>Kh\u00e1ch h\u00e0ng c\u00f3 tr\u00e1ch nhi\u1ec7m tr\u00ecnh gi\u1ea5y t\u1edd li\u00ean quan ch\u1ee9ng minh s\u1ef1 thi\u1ebfu s\u00f3t tr\u00ean \u0111\u1ec3 ho\u00e0n th\u00e0nh vi\u1ec7c\u00a0ho\u00e0n tr\u1ea3\/\u0111\u1ed5i tr\u1ea3 h\u00e0ng h\u00f3a.<\/p>\n<ol start=\"2\">\n<li><strong> Quy \u0111\u1ecbnh v\u1ec1 th\u1eddi gian th\u00f4ng b\u00e1o v\u00e0 g\u1eedi s\u1ea3n ph\u1ea9m \u0111\u1ed5i tr\u1ea3<\/strong><strong> v\u00e0 ho\u00e0n ti\u1ec1n<\/strong><\/li>\n<\/ol>\n<ul>\n<li><strong>Th\u1eddi gian th\u00f4ng b\u00e1o \u0111\u1ed5i tr\u1ea3<\/strong>:\u00a0trong v\u00f2ng 48h k\u1ec3 t\u1eeb khi nh\u1eadn s\u1ea3n ph\u1ea9m \u0111\u1ed1i v\u1edbi tr\u01b0\u1eddng h\u1ee3p s\u1ea3n ph\u1ea9m thi\u1ebfu ph\u1ee5 ki\u1ec7n, qu\u00e0 t\u1eb7ng ho\u1eb7c b\u1ec3 v\u1ee1.<\/li>\n<li><strong>Th\u1eddi gian g\u1eedi chuy\u1ec3n tr\u1ea3 s\u1ea3n ph\u1ea9m<\/strong>: trong v\u00f2ng 7 ng\u00e0y k\u1ec3 t\u1eeb khi nh\u1eadn s\u1ea3n ph\u1ea9m.<\/li>\n<li><strong>\u0110\u1ecba \u0111i\u1ec3m \u0111\u1ed5i tr\u1ea3 s\u1ea3n ph\u1ea9m<\/strong>: Kh\u00e1ch h\u00e0ng c\u00f3 th\u1ec3 mang h\u00e0ng tr\u1ef1c ti\u1ebfp \u0111\u1ebfn C\u1eeda h\u00e0ng c\u1ee7a ch\u00fang t\u00f4i ho\u1eb7c chuy\u1ec3n qua \u0111\u01b0\u1eddng b\u01b0u \u0111i\u1ec7n.<\/li>\n<\/ul>\n<p>C\u00d4NG TY TNHH S\u1ea2N XU\u1ea4T TH\u01af\u01a0NG M\u1ea0I D\u1ecaCH V\u1ee4 CHI\u1ebeN LAN s\u1ebd tr\u1ef1c ti\u1ebfp li\u00ean h\u1ec7 v\u1edbi Qu\u00fd Kh\u00e1ch H\u00e0ng \u0111\u1ec1 th\u1ecfa thu\u1eadn ph\u01b0\u01a1ng \u00e1n \u0111\u1ed5i h\u00e0ng v\u00e0 ho\u00e0n ti\u1ec1n theo ch\u00ednh s\u00e1ch<\/p>\n<p>Trong tr\u01b0\u1eddng h\u1ee3p Qu\u00fd Kh\u00e1ch h\u00e0ng c\u00f3 \u00fd ki\u1ebfn \u0111\u00f3ng g\u00f3p\/khi\u1ebfu n\u1ea1i li\u00ean quan \u0111\u1ebfn ch\u1ea5t l\u01b0\u1ee3ng s\u1ea3n ph\u1ea9m, Qu\u00fd Kh\u00e1ch h\u00e0ng vui l\u00f2ng li\u00ean h\u1ec7 \u0111\u01b0\u1eddng d\u00e2y ch\u0103m s\u00f3c kh\u00e1ch h\u00e0ng\u00a0c\u1ee7a ch\u00fang t\u00f4i:<\/p>\n<p><strong>C\u00d4NG TY TNHH S\u1ea2N XU\u1ea4T TH\u01af\u01a0NG M\u1ea0I D\u1ecaCH V\u1ee4 CHI\u1ebeN LAN<\/strong><br \/>\n<strong>\u0110\u1ecba ch\u1ec9:<\/strong>\u00a029\/64 \u0110\u01b0\u1eddng s\u1ed1 4, Khu ph\u1ed1 6, Ph\u01b0\u1eddng Tr\u01b0\u1eddng Th\u1ecd, Th\u00e0nh ph\u1ed1 Th\u1ee7 \u0110\u1ee9c, Th\u00e0nh ph\u1ed1 H\u1ed3 Ch\u00ed Minh, Vi\u1ec7t Nam<br \/>\n<strong>Hotline:<\/strong>\u00a00913 375 139<br \/>\n<strong>Email:<\/strong>\u00a0nvchien7@gmail.com<\/p>","protected":false},"excerpt":{"rendered":"<p>\u0110i\u1ec1u ki\u1ec7n \u0111\u1ed5i tr\u1ea3 Qu\u00fd Kh\u00e1ch h\u00e0ng c\u1ea7n ki\u1ec3m tra t\u00ecnh tr\u1ea1ng h\u00e0ng h\u00f3a v\u00e0 c\u00f3 th\u1ec3 \u0111\u1ed5i h\u00e0ng\/ tr\u1ea3 l\u1ea1i h\u00e0ng\u00a0ngay t\u1ea1i th\u1eddi \u0111i\u1ec3m giao\/nh\u1eadn h\u00e0ng\u00a0trong nh\u1eefng tr\u01b0\u1eddng h\u1ee3p sau: H\u00e0ng kh\u00f4ng \u0111\u00fang ch\u1ee7ng lo\u1ea1i, m\u1eabu m\u00e3 trong \u0111\u01a1n h\u00e0ng \u0111\u00e3 \u0111\u1eb7t ho\u1eb7c nh\u01b0 tr\u00ean website t\u1ea1i th\u1eddi \u0111i\u1ec3m \u0111\u1eb7t h\u00e0ng. Kh\u00f4ng \u0111\u1ee7 s\u1ed1 [&#8230;]<\/p>\n<p><a class=\"btn btn-secondary understrap-read-more-link\" href=\"https:\/\/moclan.com.vn\/en\/chinh-sach-doi-tra-va-hoan-tien\/\">Read More&#8230;<\/a><\/p>","protected":false},"author":1,"featured_media":0,"parent":0,"menu_order":0,"comment_status":"closed","ping_status":"closed","template":"","meta":[],"yoast_head":"<!-- This site is optimized with the Yoast SEO Premium plugin v15.9.2 - https:\/\/yoast.com\/wordpress\/plugins\/seo\/ -->\n<title>CH\u00cdNH S\u00c1CH \u0110\u1ed4I TR\u1ea2 V\u00c0 HO\u00c0N TI\u1ec0N - M\u1ed9c Lan<\/title>\n<link rel=\"canonical\" href=\"https:\/\/moclan.com.vn\/en\/chinh-sach-doi-tra-va-hoan-tien\/\" \/>\n<meta property=\"og:locale\" content=\"en_US\" \/>\n<meta property=\"og:type\" content=\"article\" \/>\n<meta property=\"og:title\" content=\"CH\u00cdNH S\u00c1CH \u0110\u1ed4I TR\u1ea2 V\u00c0 HO\u00c0N TI\u1ec0N - M\u1ed9c Lan\" \/>\n<meta property=\"og:description\" content=\"\u0110i\u1ec1u ki\u1ec7n \u0111\u1ed5i tr\u1ea3 Qu\u00fd Kh\u00e1ch h\u00e0ng c\u1ea7n ki\u1ec3m tra t\u00ecnh tr\u1ea1ng h\u00e0ng h\u00f3a v\u00e0 c\u00f3 th\u1ec3 \u0111\u1ed5i h\u00e0ng\/ tr\u1ea3 l\u1ea1i h\u00e0ng\u00a0ngay t\u1ea1i th\u1eddi \u0111i\u1ec3m giao\/nh\u1eadn h\u00e0ng\u00a0trong nh\u1eefng tr\u01b0\u1eddng h\u1ee3p sau: H\u00e0ng kh\u00f4ng \u0111\u00fang ch\u1ee7ng lo\u1ea1i, m\u1eabu m\u00e3 trong \u0111\u01a1n h\u00e0ng \u0111\u00e3 \u0111\u1eb7t ho\u1eb7c nh\u01b0 tr\u00ean website t\u1ea1i th\u1eddi \u0111i\u1ec3m \u0111\u1eb7t h\u00e0ng. Kh\u00f4ng \u0111\u1ee7 s\u1ed1 [...]Read More...\" \/>\n<meta property=\"og:url\" content=\"https:\/\/moclan.com.vn\/en\/chinh-sach-doi-tra-va-hoan-tien\/\" \/>\n<meta property=\"og:site_name\" content=\"M\u1ed9c Lan\" \/>\n<meta name=\"twitter:card\" content=\"summary_large_image\" \/>\n<meta name=\"twitter:label1\" content=\"Est. reading time\">\n\t<meta name=\"twitter:data1\" content=\"2 minutes\">\n<script type=\"application\/ld+json\" class=\"yoast-schema-graph\">{\"@context\":\"https:\/\/schema.org\",\"@graph\":[{\"@type\":\"WebSite\",\"@id\":\"https:\/\/moclan.com.vn\/#website\",\"url\":\"https:\/\/moclan.com.vn\/\",\"name\":\"M\\u1ed9c Lan\",\"description\":\"\",\"potentialAction\":[{\"@type\":\"SearchAction\",\"target\":\"https:\/\/moclan.com.vn\/?s={search_term_string}\",\"query-input\":\"required name=search_term_string\"}],\"inLanguage\":\"en-US\"},{\"@type\":\"WebPage\",\"@id\":\"https:\/\/moclan.com.vn\/chinh-sach-doi-tra-va-hoan-tien\/#webpage\",\"url\":\"https:\/\/moclan.com.vn\/chinh-sach-doi-tra-va-hoan-tien\/\",\"name\":\"CH\\u00cdNH S\\u00c1CH \\u0110\\u1ed4I TR\\u1ea2 V\\u00c0 HO\\u00c0N TI\\u1ec0N - M\\u1ed9c Lan\",\"isPartOf\":{\"@id\":\"https:\/\/moclan.com.vn\/#website\"},\"datePublished\":\"2025-08-29T09:42:07+00:00\",\"dateModified\":\"2025-08-29T09:42:07+00:00\",\"breadcrumb\":{\"@id\":\"https:\/\/moclan.com.vn\/chinh-sach-doi-tra-va-hoan-tien\/#breadcrumb\"},\"inLanguage\":\"en-US\",\"potentialAction\":[{\"@type\":\"ReadAction\",\"target\":[\"https:\/\/moclan.com.vn\/chinh-sach-doi-tra-va-hoan-tien\/\"]}]},{\"@type\":\"BreadcrumbList\",\"@id\":\"https:\/\/moclan.com.vn\/chinh-sach-doi-tra-va-hoan-tien\/#breadcrumb\",\"itemListElement\":[{\"@type\":\"ListItem\",\"position\":1,\"item\":{\"@type\":\"WebPage\",\"@id\":\"https:\/\/moclan.com.vn\/\",\"url\":\"https:\/\/moclan.com.vn\/\",\"name\":\"Trang ch\\u1ee7\"}},{\"@type\":\"ListItem\",\"position\":2,\"item\":{\"@type\":\"WebPage\",\"@id\":\"https:\/\/moclan.com.vn\/chinh-sach-doi-tra-va-hoan-tien\/\",\"url\":\"https:\/\/moclan.com.vn\/chinh-sach-doi-tra-va-hoan-tien\/\",\"name\":\"CH\\u00cdNH S\\u00c1CH \\u0110\\u1ed4I TR\\u1ea2 V\\u00c0 HO\\u00c0N TI\\u1ec0N\"}}]}]}<\/script>\n<!-- \/ Yoast SEO Premium plugin. -->","_links":{"self":[{"href":"https:\/\/moclan.com.vn\/en\/wp-json\/wp\/v2\/pages\/4579"}],"collection":[{"href":"https:\/\/moclan.com.vn\/en\/wp-json\/wp\/v2\/pages"}],"about":[{"href":"https:\/\/moclan.com.vn\/en\/wp-json\/wp\/v2\/types\/page"}],"author":[{"embeddable":true,"href":"https:\/\/moclan.com.vn\/en\/wp-json\/wp\/v2\/users\/1"}],"replies":[{"embeddable":true,"href":"https:\/\/moclan.com.vn\/en\/wp-json\/wp\/v2\/comments?post=4579"}],"version-history":[{"count":1,"href":"https:\/\/moclan.com.vn\/en\/wp-json\/wp\/v2\/pages\/4579\/revisions"}],"predecessor-version":[{"id":4580,"href":"https:\/\/moclan.com.vn\/en\/wp-json\/wp\/v2\/pages\/4579\/revisions\/4580"}],"wp:attachment":[{"href":"https:\/\/moclan.com.vn\/en\/wp-json\/wp\/v2\/media?parent=4579"}],"curies":[{"name":"wp","href":"https:\/\/api.w.org\/{rel}","templated":true}]}}