


{"id":4581,"date":"2025-08-29T16:44:45","date_gmt":"2025-08-29T09:44:45","guid":{"rendered":"https:\/\/moclan.com.vn\/?page_id=4581"},"modified":"2025-08-29T16:44:45","modified_gmt":"2025-08-29T09:44:45","slug":"huong-dan-mua-hang-3","status":"publish","type":"page","link":"https:\/\/moclan.com.vn\/en\/huong-dan-mua-hang-3\/","title":{"rendered":"H\u01af\u1edaNG D\u1eaaN MUA H\u00c0NG"},"content":{"rendered":"<h2><strong>I. C\u00e1c b\u01b0\u1edbc mua h\u00e0ng tr\u00ean website \u0111i\u1ec7n t\u1eed n\u00e0y \u0111\u01b0\u1ee3c th\u1ef1c hi\u1ec7n nh\u01b0 sau:<\/strong><\/h2>\n<p><strong>B\u01b0\u1edbc 1: \u0110\u0103ng nh\u1eadp v\u00e0o t\u00e0i kho\u1ea3n c\u00e1 nh\u00e2n<\/strong><\/p>\n<p>&#8211;\u00a0 Ki\u1ec3m tra th\u00f4ng tin c\u00e1 nh\u00e2n<\/p>\n<p><strong>B\u01b0\u1edbc 2: T\u00ecm ki\u1ebfm s\u1ea3n ph\u1ea9m<\/strong><\/p>\n<p>Qu\u00fd kh\u00e1ch c\u00f3 th\u1ec3 t\u00ecm ki\u1ebfm s\u1ea3n ph\u1ea9m theo 1 trong 3 c\u00e1ch:<\/p>\n<ul>\n<li>\u00a0 \u00a0\u00a0 \u00a0G\u00f5 t\u00ean s\u1ea3n ph\u1ea9m v\u00e0o thanh t\u00ecm ki\u1ebfm.<\/li>\n<li>\u00a0 \u00a0\u00a0 \u00a0T\u00ecm theo danh m\u1ee5c.<\/li>\n<li>\u00a0 \u00a0\u00a0 \u00a0T\u00ecm theo c\u00e1c s\u1ea3n ph\u1ea9m n\u1ed5i b\u1eadt ho\u1eb7c b\u00e1n ch\u1ea1y.<\/li>\n<\/ul>\n<p><strong>B\u01b0\u1edbc 3: Th\u00eam s\u1ea3n ph\u1ea9m v\u00e0o gi\u1ecf h\u00e0ng<\/strong><\/p>\n<p>Khi \u0111\u00e3 t\u00ecm \u0111\u01b0\u1ee3c s\u1ea3n ph\u1ea9m mong mu\u1ed1n, qu\u00fd kh\u00e1ch vui l\u00f2ng b\u1ea5m v\u00e0o h\u00ecnh ho\u1eb7c t\u00ean c\u1ee7a s\u1ea3n ph\u1ea9m \u0111\u1ec3 v\u00e0o trang th\u00f4ng tin chi ti\u1ebft c\u1ee7a s\u1ea3n ph\u1ea9m, sau \u0111\u00f3:<\/p>\n<ul>\n<li>\u00a0 \u00a0\u00a0 \u00a0Ki\u1ec3m tra th\u00f4ng tin s\u1ea3n ph\u1ea9m, gi\u00e1 c\u1ea3, th\u00f4ng tin khuy\u1ebfn m\u00e3i.<\/li>\n<li>\u00a0 \u00a0\u00a0 \u00a0Ch\u1ecdn s\u1ed1 l\u01b0\u1ee3ng mong mu\u1ed1n.<\/li>\n<li>\u00a0 \u00a0\u00a0 \u00a0Th\u00eam s\u1ea3n ph\u1ea9m v\u00e0o gi\u1ecf h\u00e0ng.<\/li>\n<\/ul>\n<p><strong>B\u01b0\u1edbc 4: Ki\u1ec3m tra gi\u1ecf h\u00e0ng v\u00e0 \u0111\u1eb7t h\u00e0ng<\/strong><\/p>\n<p>\u0110\u1ec3 \u0111\u1eb7t nhi\u1ec1u s\u1ea3n ph\u1ea9m kh\u00e1c nhau v\u00e0o c\u00f9ng m\u1ed9t \u0111\u01a1n h\u00e0ng, vui l\u00f2ng th\u1ef1c hi\u1ec7n theo c\u00e1c b\u01b0\u1edbc sau:<\/p>\n<ul>\n<li>\u00a0 \u00a0\u00a0 \u00a0Click v\u00e0o logo \u0111\u1ec3 quay l\u1ea1i trang ch\u1ee7.<\/li>\n<li>\u00a0 \u00a0\u00a0 \u00a0Th\u00eam s\u1ea3n ph\u1ea9m v\u00e0o gi\u1ecf h\u00e0ng nh\u01b0 \u1edf B\u01b0\u1edbc 2.<\/li>\n<li>\u00a0 \u00a0\u00a0 \u00a0Qu\u00e1 tr\u00ecnh n\u00e0y c\u00f3 th\u1ec3 l\u1eb7p l\u1ea1i \u0111\u1ebfn khi qu\u00fd kh\u00e1ch ho\u00e0n t\u1ea5t vi\u1ec7c b\u1ecf t\u1ea5t c\u1ea3 s\u1ea3n ph\u1ea9m v\u00e0o gi\u1ecf h\u00e0ng.<\/li>\n<li>\u00a0 \u00a0\u00a0 \u00a0\u0110i\u1ec1u ch\u1ec9nh s\u1ed1 l\u01b0\u1ee3ng v\u00e0 c\u1eadp nh\u1eadt gi\u1ecf h\u00e0ng.<\/li>\n<li>\u00a0 \u00a0\u00a0 \u00a0B\u1ea5m \u201cThanh To\u00e1n\u201d \u0111\u1ec3 b\u1eaft \u0111\u1ea7u \u0111\u1eb7t h\u00e0ng.<\/li>\n<\/ul>\n<p><strong>B\u01b0\u1edbc 5: \u0110i\u1ec1n \u0111\u1ecba ch\u1ec9 giao h\u00e0ng<\/strong><\/p>\n<p><strong>B\u01b0\u1edbc 6: B\u1ea5m v\u00e0o \u201cHo\u00e0n t\u1ea5t \u0111\u01a1n h\u00e0ng\u201d<\/strong><\/p>\n<h2><strong>II<\/strong><strong>.QUY\u1ec0N V\u00c0 NGH\u0128A V\u1ee4 <\/strong><\/h2>\n<p><strong>1.Quy\u1ec1n v\u00e0 ngh\u0129a v\u1ee5 c\u1ee7a Ban Qu\u1ea3n <\/strong><strong>Tr\u1ecb<\/strong><strong> Website <\/strong><\/p>\n<p><strong>1.1. Quy\u1ec1n c\u1ee7a Ban Qu\u1ea3n <\/strong><strong>Tr\u1ecb<\/strong><strong> Website<\/strong><\/p>\n<ol>\n<li>C\u00f4ng ty s\u1ebd cung c\u1ea5p d\u1ecbch v\u1ee5 cho ng\u01b0\u1eddi d\u00f9ng sau khi ho\u00e0n t\u1ea5t c\u00e1c th\u1ee7 t\u1ee5c v\u00e0 \u0111i\u1ec1u ki\u1ec7n b\u1eaft bu\u1ed9c m\u00e0 C\u00f4ng ty \u0111\u00e3 n\u00eau;<\/li>\n<li>C\u00f4ng ty c\u00f3 quy\u1ec1n thay \u0111\u1ed5i c\u00e1c \u0110i\u1ec1u kho\u1ea3n s\u1eed d\u1ee5ng m\u00e0 kh\u00f4ng c\u1ea7n th\u00f4ng b\u00e1o tr\u01b0\u1edbc<\/li>\n<li>N\u1ebfu ng\u01b0\u1eddi d\u00f9ng cung c\u1ea5p th\u00f4ng tin kh\u00f4ng ch\u00ednh x\u00e1c, kh\u00f4ng \u0111\u1ea7y \u0111\u1ee7 ho\u1eb7c nh\u1eefng th\u00f4ng tin vi ph\u1ea1m ph\u00e1p lu\u1eadt ho\u1eb7c thu\u1ea7n phong m\u1ef9 t\u1ee5c Vi\u1ec7t Nam, C\u00f4ng ty c\u00f3 quy\u1ec1n t\u1eeb ch\u1ed1i, \u0111\u00ecnh ch\u1ec9 ho\u1eb7c ch\u1ea5m d\u1ee9t giao d\u1ecbch v\u1edbi ng\u01b0\u1eddi \u0111\u00f3<\/li>\n<li>C\u00f4ng ty c\u00f3 th\u1ec3 d\u1eebng ho\u1eb7c h\u1ea1n ch\u1ebf quy\u1ec1n truy c\u1eadp ng\u01b0\u1eddi d\u00f9ng n\u1ebfu ng\u01b0\u1eddi d\u00f9ng vi ph\u1ea1m c\u00e1c quy \u0111\u1ecbnh c\u1ee7a C\u00f4ng ty ho\u1eb7c c\u00f3 h\u00e0nh \u0111\u1ed9ng \u1ea3nh h\u01b0\u1edfng \u0111\u1ebfn ho\u1ea1t \u0111\u1ed9ng kinh doanh c\u1ee7a C\u00f4ng ty<\/li>\n<li>Trong tr\u01b0\u1eddng h\u1ee3p truy c\u1eadp b\u1ecb ch\u1ea5m d\u1ee9t, t\u1ea5t c\u1ea3 c\u00e1c ch\u1ee9ng ch\u1ec9 v\u00e0 quy\u1ec1n li\u00ean quan c\u0169ng s\u1ebd b\u1ecb t\u1ef1 \u0111\u1ed9ng v\u00f4 hi\u1ec7u v\u00e0 ch\u1ea5m d\u1ee9t<\/li>\n<li>C\u00f4ng ty c\u00f3 quy\u1ec1n thay \u0111\u1ed5i gi\u00e1 d\u1ecbch v\u1ee5 v\u00e0 ph\u01b0\u01a1ng th\u1ee9c thanh to\u00e1n trong th\u1eddi gian cung c\u1ea5p d\u1ecbch v\u1ee5 cho ng\u01b0\u1eddi d\u00f9ng theo nhu c\u1ea7u, \u0111i\u1ec1u ki\u1ec7n v\u00e0 kh\u1ea3 n\u0103ng c\u1ee7a C\u00f4ng ty.<\/li>\n<\/ol>\n<p><strong>1.2. Ngh\u0129a v\u1ee5 v\u00e0 tr\u00e1ch nhi\u1ec7m c\u1ee7a Ban Qu\u1ea3n <\/strong><strong>Tr\u1ecb<\/strong><strong> Website<\/strong><\/p>\n<ol>\n<li>C\u00f4ng ty s\u1ebd c\u1ed1 g\u1eafng t\u1ea1o \u0111i\u1ec1u ki\u1ec7n cho \u0111\u01a1n h\u00e0ng ho\u00e0n t\u1ea5t c\u00e0ng s\u1edbm c\u00e0ng t\u1ed1t. Tuy nhi\u00ean, C\u00f4ng ty s\u1ebd kh\u00f4ng ch\u1ecbu b\u1ea5t k\u1ef3 tr\u00e1ch nhi\u1ec7m n\u00e0o \u0111\u1ed1i v\u1edbi t\u00ecnh tr\u1ea1ng l\u1ed7i ho\u1eb7c th\u1eddi gian kh\u00f4ng ho\u1ea1t \u0111\u1ed9ng c\u1ee7a website<\/li>\n<li>b. C\u00f4ng ty cam k\u1ebft ch\u1ec9 \u0111\u0103ng nh\u1eefng th\u00f4ng tin ch\u00ednh x\u00e1c<\/li>\n<\/ol>\n<p><strong>2.Quy\u1ec1n v\u00e0 tr\u00e1ch nhi\u1ec7m c\u1ee7a Ng\u01b0\u1eddi d\u00f9ng<\/strong><\/p>\n<p><strong>2.1. Quy\u1ec1n c\u1ee7a ng\u01b0\u1eddi d\u00f9ng<\/strong><\/p>\n<ol>\n<li>Ng\u01b0\u1eddi d\u00f9ng s\u1ebd c\u00f3 quy\u1ec1n truy c\u1eadp website moclan.com.vn \u0111\u1ec3 \u0111\u1eb7t h\u00e0ng m\u00e0 kh\u00f4ng ph\u1ea3i tr\u1ea3 b\u1ea5t k\u1ef3 kho\u1ea3n ph\u00ed n\u00e0o kh\u00e1c cho d\u1ecbch v\u1ee5 ngo\u00e0i gi\u00e1 tr\u1ecb \u0111\u01a1n h\u00e0ng<\/li>\n<li>Ng\u01b0\u1eddi d\u00f9ng c\u00f3 quy\u1ec1n g\u1eedi c\u00e2u h\u1ecfi, \u0111\u1ec1 xu\u1ea5t ho\u1eb7c ph\u1ea3n \u00e1nh t\u1edbi Ban qu\u1ea3n tr\u1ecb website trong qu\u00e1 tr\u00ecnh ho\u1ea1t \u0111\u1ed9ng<\/li>\n<\/ol>\n<p><strong>2.2. Ngh\u0129a v\u1ee5 c\u1ee7a ng\u01b0\u1eddi d\u00f9ng<\/strong><\/p>\n<ol>\n<li>Cung c\u1ea5p \u0111\u1ea7y \u0111\u1ee7 v\u00e0 ch\u00ednh x\u00e1c th\u00f4ng tin c\u00e1 nh\u00e2n: h\u1ecd t\u00ean, s\u1ed1 \u0111i\u1ec7n tho\u1ea1i, \u0111\u1ecba ch\u1ec9 (huy\u1ec7n, t\u1ec9nh) v\u00e0 c\u00e1c th\u00f4ng tin kh\u00e1c, v\u00e0 ch\u1ecbu tr\u00e1ch nhi\u1ec7m v\u1ec1 t\u00ednh h\u1ee3p ph\u00e1p c\u1ee7a th\u00f4ng tin tr\u00ean;<\/li>\n<li>Ng\u01b0\u1eddi d\u00f9ng tuy\u1ec7t \u0111\u1ed1i kh\u00f4ng \u0111\u01b0\u1ee3c s\u1eed d\u1ee5ng b\u1ea5t k\u1ef3 ch\u01b0\u01a1ng tr\u00ecnh, c\u00f4ng c\u1ee5, ho\u1eb7c b\u1ea5t k\u1ef3 h\u00ecnh th\u1ee9c n\u00e0o kh\u00e1c \u0111\u1ec3 can thi\u1ec7p v\u00e0o h\u1ec7 th\u1ed1ng ho\u1eb7c thay \u0111\u1ed5i c\u1ea5u tr\u00fac d\u1eef li\u1ec7u. Nghi\u00eam c\u1ea5m ph\u00e1t t\u00e1n, ph\u1ed5 bi\u1ebfn ho\u1eb7c h\u1ed7 tr\u1ee3 b\u1ea5t k\u1ef3 ho\u1ea1t \u0111\u1ed9ng n\u00e0o nh\u1eb1m can thi\u1ec7p, x\u00e2m ph\u1ea1m ho\u1eb7c ph\u00e1 h\u1ee7y h\u1ec7 th\u1ed1ng website;<\/li>\n<li>Ng\u01b0\u1eddi d\u00f9ng s\u1ebd t\u1ef1 ch\u1ecbu tr\u00e1ch nhi\u1ec7m v\u1ec1 quy\u1ec1n ri\u00eang t\u01b0 v\u00e0 l\u01b0u tr\u1eef t\u1ea5t c\u1ea3 c\u00e1c ho\u1ea1t \u0111\u1ed9ng s\u1eed d\u1ee5ng d\u1ecbch v\u1ee5 d\u01b0\u1edbi t\u00e0i kho\u1ea3n \u0111\u00e3 \u0111\u0103ng k\u00fd. Ng\u01b0\u1eddi d\u00f9ng c\u00f3 tr\u00e1ch nhi\u1ec7m th\u00f4ng b\u00e1o k\u1ecbp th\u1eddi cho C\u00f4ng ty v\u1ec1 vi\u1ec7c s\u1eed d\u1ee5ng tr\u00e1i ph\u00e9p, l\u1ea1m d\u1ee5ng, vi ph\u1ea1m quy\u1ec1n ri\u00eang t\u01b0 v\u00e0 l\u01b0u tr\u1eef th\u00f4ng tin t\u00e0i kho\u1ea3n;<\/li>\n<li>Ng\u01b0\u1eddi d\u00f9ng cam k\u1ebft kh\u00f4ng s\u1eed d\u1ee5ng D\u1ecbch v\u1ee5 c\u1ee7a C\u00f4ng ty cho c\u00e1c m\u1ee5c \u0111\u00edch b\u1ea5t h\u1ee3p ph\u00e1p. Ng\u01b0\u1eddi d\u00f9ng ph\u1ea3i ch\u1ecbu tr\u00e1ch nhi\u1ec7m cho h\u00e0nh \u0111\u1ed9ng c\u1ee7a m\u00ecnh theo ph\u00e1p lu\u1eadt.<\/li>\n<\/ol>","protected":false},"excerpt":{"rendered":"<p>I. C\u00e1c b\u01b0\u1edbc mua h\u00e0ng tr\u00ean website \u0111i\u1ec7n t\u1eed n\u00e0y \u0111\u01b0\u1ee3c th\u1ef1c hi\u1ec7n nh\u01b0 sau: B\u01b0\u1edbc 1: \u0110\u0103ng nh\u1eadp v\u00e0o t\u00e0i kho\u1ea3n c\u00e1 nh\u00e2n &#8211;\u00a0 Ki\u1ec3m tra th\u00f4ng tin c\u00e1 nh\u00e2n B\u01b0\u1edbc 2: T\u00ecm ki\u1ebfm s\u1ea3n ph\u1ea9m Qu\u00fd kh\u00e1ch c\u00f3 th\u1ec3 t\u00ecm ki\u1ebfm s\u1ea3n ph\u1ea9m theo 1 trong 3 c\u00e1ch: \u00a0 \u00a0\u00a0 \u00a0G\u00f5 t\u00ean s\u1ea3n [&#8230;]<\/p>\n<p><a class=\"btn btn-secondary understrap-read-more-link\" href=\"https:\/\/moclan.com.vn\/en\/huong-dan-mua-hang-3\/\">Read More&#8230;<\/a><\/p>","protected":false},"author":1,"featured_media":0,"parent":0,"menu_order":0,"comment_status":"closed","ping_status":"closed","template":"","meta":[],"yoast_head":"<!-- This site is optimized with the Yoast SEO Premium plugin v15.9.2 - https:\/\/yoast.com\/wordpress\/plugins\/seo\/ -->\n<title>H\u01af\u1edaNG D\u1eaaN MUA H\u00c0NG - M\u1ed9c Lan<\/title>\n<link rel=\"canonical\" href=\"https:\/\/moclan.com.vn\/en\/huong-dan-mua-hang-3\/\" \/>\n<meta property=\"og:locale\" content=\"en_US\" \/>\n<meta property=\"og:type\" content=\"article\" \/>\n<meta property=\"og:title\" content=\"H\u01af\u1edaNG D\u1eaaN MUA H\u00c0NG - M\u1ed9c Lan\" \/>\n<meta property=\"og:description\" content=\"I. C\u00e1c b\u01b0\u1edbc mua h\u00e0ng tr\u00ean website \u0111i\u1ec7n t\u1eed n\u00e0y \u0111\u01b0\u1ee3c th\u1ef1c hi\u1ec7n nh\u01b0 sau: B\u01b0\u1edbc 1: \u0110\u0103ng nh\u1eadp v\u00e0o t\u00e0i kho\u1ea3n c\u00e1 nh\u00e2n &#8211;\u00a0 Ki\u1ec3m tra th\u00f4ng tin c\u00e1 nh\u00e2n B\u01b0\u1edbc 2: T\u00ecm ki\u1ebfm s\u1ea3n ph\u1ea9m Qu\u00fd kh\u00e1ch c\u00f3 th\u1ec3 t\u00ecm ki\u1ebfm s\u1ea3n ph\u1ea9m theo 1 trong 3 c\u00e1ch: \u00a0 \u00a0\u00a0 \u00a0G\u00f5 t\u00ean s\u1ea3n [...]Read More...\" \/>\n<meta property=\"og:url\" content=\"https:\/\/moclan.com.vn\/en\/huong-dan-mua-hang-3\/\" \/>\n<meta property=\"og:site_name\" content=\"M\u1ed9c Lan\" \/>\n<meta name=\"twitter:card\" content=\"summary_large_image\" \/>\n<meta name=\"twitter:label1\" content=\"Est. reading time\">\n\t<meta name=\"twitter:data1\" content=\"4 minutes\">\n<script type=\"application\/ld+json\" class=\"yoast-schema-graph\">{\"@context\":\"https:\/\/schema.org\",\"@graph\":[{\"@type\":\"WebSite\",\"@id\":\"https:\/\/moclan.com.vn\/#website\",\"url\":\"https:\/\/moclan.com.vn\/\",\"name\":\"M\\u1ed9c Lan\",\"description\":\"\",\"potentialAction\":[{\"@type\":\"SearchAction\",\"target\":\"https:\/\/moclan.com.vn\/?s={search_term_string}\",\"query-input\":\"required name=search_term_string\"}],\"inLanguage\":\"en-US\"},{\"@type\":\"WebPage\",\"@id\":\"https:\/\/moclan.com.vn\/huong-dan-mua-hang-3\/#webpage\",\"url\":\"https:\/\/moclan.com.vn\/huong-dan-mua-hang-3\/\",\"name\":\"H\\u01af\\u1edaNG D\\u1eaaN MUA H\\u00c0NG - M\\u1ed9c Lan\",\"isPartOf\":{\"@id\":\"https:\/\/moclan.com.vn\/#website\"},\"datePublished\":\"2025-08-29T09:44:45+00:00\",\"dateModified\":\"2025-08-29T09:44:45+00:00\",\"breadcrumb\":{\"@id\":\"https:\/\/moclan.com.vn\/huong-dan-mua-hang-3\/#breadcrumb\"},\"inLanguage\":\"en-US\",\"potentialAction\":[{\"@type\":\"ReadAction\",\"target\":[\"https:\/\/moclan.com.vn\/huong-dan-mua-hang-3\/\"]}]},{\"@type\":\"BreadcrumbList\",\"@id\":\"https:\/\/moclan.com.vn\/huong-dan-mua-hang-3\/#breadcrumb\",\"itemListElement\":[{\"@type\":\"ListItem\",\"position\":1,\"item\":{\"@type\":\"WebPage\",\"@id\":\"https:\/\/moclan.com.vn\/\",\"url\":\"https:\/\/moclan.com.vn\/\",\"name\":\"Trang ch\\u1ee7\"}},{\"@type\":\"ListItem\",\"position\":2,\"item\":{\"@type\":\"WebPage\",\"@id\":\"https:\/\/moclan.com.vn\/huong-dan-mua-hang-3\/\",\"url\":\"https:\/\/moclan.com.vn\/huong-dan-mua-hang-3\/\",\"name\":\"H\\u01af\\u1edaNG D\\u1eaaN MUA H\\u00c0NG\"}}]}]}<\/script>\n<!-- \/ Yoast SEO Premium plugin. -->","_links":{"self":[{"href":"https:\/\/moclan.com.vn\/en\/wp-json\/wp\/v2\/pages\/4581"}],"collection":[{"href":"https:\/\/moclan.com.vn\/en\/wp-json\/wp\/v2\/pages"}],"about":[{"href":"https:\/\/moclan.com.vn\/en\/wp-json\/wp\/v2\/types\/page"}],"author":[{"embeddable":true,"href":"https:\/\/moclan.com.vn\/en\/wp-json\/wp\/v2\/users\/1"}],"replies":[{"embeddable":true,"href":"https:\/\/moclan.com.vn\/en\/wp-json\/wp\/v2\/comments?post=4581"}],"version-history":[{"count":1,"href":"https:\/\/moclan.com.vn\/en\/wp-json\/wp\/v2\/pages\/4581\/revisions"}],"predecessor-version":[{"id":4582,"href":"https:\/\/moclan.com.vn\/en\/wp-json\/wp\/v2\/pages\/4581\/revisions\/4582"}],"wp:attachment":[{"href":"https:\/\/moclan.com.vn\/en\/wp-json\/wp\/v2\/media?parent=4581"}],"curies":[{"name":"wp","href":"https:\/\/api.w.org\/{rel}","templated":true}]}}