


{"id":4583,"date":"2025-08-29T16:49:57","date_gmt":"2025-08-29T09:49:57","guid":{"rendered":"https:\/\/moclan.com.vn\/?page_id=4583"},"modified":"2025-08-29T16:49:57","modified_gmt":"2025-08-29T09:49:57","slug":"chinh-sach-kiem-hang","status":"publish","type":"page","link":"https:\/\/moclan.com.vn\/en\/chinh-sach-kiem-hang\/","title":{"rendered":"CH\u00cdNH S\u00c1CH KI\u1ec2M H\u00c0NG"},"content":{"rendered":"<h2><strong>I. CH\u00cdNH S\u00c1CH KI\u1ec2M H\u00c0NG:<\/strong><\/h2>\n<ol>\n<li><strong>\u0110\u1ecbnh ngh\u0129a.<\/strong><\/li>\n<\/ol>\n<p>Ki\u1ec3m h\u00e0ng l\u00e0 th\u1ef1c hi\u1ec7n c\u00e1c c\u00f4ng vi\u1ec7c ki\u1ec3m tra v\u00e0 so s\u00e1nh c\u00e1c s\u1ea3n ph\u1ea9m\/h\u00e0ng h\u00f3a nh\u1eadn \u0111\u01b0\u1ee3c trong ki\u1ec7n h\u00e0ng moclan.com.vn g\u1eedi v\u1edbi c\u00e1c s\u1ea3n ph\u1ea9m trong \u0111\u01a1n h\u00e0ng kh\u00e1ch y\u00eau c\u1ea7u.<\/p>\n<ol>\n<li><strong>Quy \u0111\u1ecbnh<\/strong><\/li>\n<\/ol>\n<ul>\n<li>Th\u1eddi \u0111i\u1ec3m ki\u1ec3m h\u00e0ng.<\/li>\n<\/ul>\n<p>moclan.com.vn ch\u1ea5p nh\u1eadn cho kh\u00e1ch h\u00e0ng \u0111\u1ed3ng ki\u1ec3m v\u1edbi nh\u00e2n vi\u00ean giao h\u00e0ng t\u1ea1i th\u1eddi \u0111i\u1ec3m nh\u1eadn h\u00e0ng. Kh\u00f4ng h\u1ed7 tr\u1ee3 th\u1eed h\u00e0ng.<\/p>\n<p>Sau khi nh\u1eadn h\u00e0ng, kh\u00e1ch h\u00e0ng ki\u1ec3m l\u1ea1i ph\u00e1t hi\u1ec7n sai, c\u00f3 th\u1ec3 li\u00ean l\u1ea1c v\u1edbi b\u1ed9 ph\u1eadn ch\u0103m s\u00f3c kh\u00e1ch h\u00e0ng \u0111\u1ec3 \u0111\u01b0\u1ee3c h\u1ed7 tr\u1ee3 \u0111\u1ed5i tr\u1ea3. L\u01b0u \u00fd, qu\u00fd kh\u00e1ch quay video l\u00fac m\u1edf th\u00f9ng h\u00e0ng \u0111\u1ec3 \u0111\u1ed1i chi\u1ebfu khi c\u1ea7n thi\u1ebft.<\/p>\n<ul>\n<li>Ph\u1ea1m vi ki\u1ec3m tra h\u00e0ng h\u00f3a.<\/li>\n<\/ul>\n<p>Kh\u00e1ch h\u00e0ng \u0111\u01b0\u1ee3c ki\u1ec3m tra c\u00e1c s\u1ea3n ph\u1ea9m th\u1ef1c nh\u1eadn, \u0111\u1ed1i chi\u1ebfu, so s\u00e1nh c\u00e1c s\u1ea3n ph\u1ea9m nh\u1eadn \u0111\u01b0\u1ee3c v\u1edbi s\u1ea3n ph\u1ea9m \u0111\u00e3 \u0111\u1eb7t tr\u00ean \u0111\u01a1n sau khi nh\u00e2n vi\u00ean moclan.com.vn x\u00e1c nh\u1eadn \u0111\u01a1n h\u00e0ng theo c\u00e1c ti\u00eau ch\u00ed: \u1ea3nh m\u1eabu, m\u00e3 s\u1ea3n ph\u1ea9m, kh\u1ed1i l\u01b0\u1ee3ng t\u1ecbnh,.\u2026<\/p>\n<p>Tuy\u1ec7t \u0111\u1ed1i kh\u00f4ng b\u00f3c, m\u1edf c\u00e1c h\u1ed9p s\u1ea3n ph\u1ea9m c\u00f3 tem ni\u00eam phong, tem \u0111\u1ea3m b\u1ea3o.<\/p>\n<ul>\n<li>C\u00e1c b\u01b0\u1edbc x\u1eed l\u00fd khi h\u00e0ng h\u00f3a nh\u1eadn \u0111\u01b0\u1ee3c kh\u00f4ng nh\u01b0 \u0111\u01a1n \u0111\u1eb7t h\u00e0ng.<\/li>\n<\/ul>\n<p>Khi qu\u00fd kh\u00e1ch \u0111\u1ed3ng ki\u1ec3m, s\u1ea3n ph\u1ea9m nh\u1eadn \u0111\u01b0\u1ee3c kh\u00f4ng nh\u01b0 s\u1ea3n ph\u1ea9m kh\u00e1ch \u0111\u1eb7t tr\u00ean \u0111\u01a1n h\u00e0ng. Xin h\u00e3y li\u00ean h\u1ec7 v\u1edbi Hotline 0913 375 139 ho\u1eb7c email nvchien7@gmail.com \u0111\u1ec3 \u0111\u01b0\u1ee3c g\u1eb7p b\u1ed9 ph\u1eadn ch\u0103m s\u00f3c kh\u00e1ch h\u00e0ng x\u00e1c nh\u1eadn l\u1ea1i \u0111\u01a1n h\u00e0ng.<\/p>\n<p>Tr\u01b0\u1eddng h\u1ee3p moclan.com.vn \u0111\u00f3ng sai \u0111\u01a1n h\u00e0ng theo y\u00eau c\u1ea7u c\u1ee7a kh\u00e1ch, kh\u00e1ch c\u00f3 th\u1ec3 kh\u00f4ng nh\u1eadn h\u00e0ng, kh\u00f4ng thanh to\u00e1n. Trong tr\u01b0\u1eddng h\u1ee3p \u0111\u01a1n h\u00e0ng \u0111\u00e3 thanh to\u00e1n, kh\u00e1ch h\u00e0ng c\u00f3 th\u1ec3 y\u00eau c\u1ea7u g\u1eedi l\u1ea1i \u0111\u01a1n m\u1edbi ho\u1eb7c kh\u00f4ng, moclan.com.vn s\u1ebd ho\u00e0n l\u1ea1i ti\u1ec1n cho qu\u00fd kh\u00e1ch trong th\u1eddi gian s\u1edbm nh\u1ea5t.<\/p>\n<p>Tr\u01b0\u1eddng h\u1ee3p moclan.com.vn \u0111\u00f3ng h\u00e0ng \u0111\u00fang theo \u0111\u01a1n h\u00e0ng, nh\u01b0ng kh\u00e1ch h\u00e0ng thay \u0111\u1ed5i nhu c\u1ea7u, kh\u00e1ch h\u00e0ng c\u00f3 th\u1ec3 y\u00eau c\u1ea7u \u0111\u1ed5i tr\u1ea3 v\u00e0 \u00e1p d\u1ee5ng ch\u00ednh s\u00e1ch \u0111\u1ed5i tr\u1ea3 h\u00e0ng h\u00f3a. Tr\u01b0\u1eddng h\u1ee3p n\u00e0y kh\u00e1ch h\u00e0ng s\u1ebd thanh to\u00e1n chi ph\u00ed giao h\u00e0ng (n\u1ebfu c\u00f3).<\/p>\n<ul>\n<li>C\u00e1c k\u00eanh th\u00f4ng tin ti\u1ebfp nh\u1eadn khi\u1ebfu n\u1ea1i c\u1ee7a kh\u00e1ch h\u00e0ng.<\/li>\n<\/ul>\n<p>Ng\u01b0\u1eddi d\u00f9ng c\u00f3 th\u1ec3 g\u1eedi email t\u1edbi \u0111\u1ecba ch\u1ec9\u00a0nvchien7@gmail.com ho\u1eb7c g\u1ecdi \u0111i\u1ec7n t\u1edbi Hotline\u00a0\u00a00913 375 139 \u0111\u1ec3 \u0111i\u1ec1u ch\u1ec9nh ho\u1eb7c x\u00f3a \u0111i d\u1eef li\u1ec7u c\u00e1 nh\u00e2n c\u1ee7a m\u00ecnh.<\/p>\n<p>&nbsp;<\/p>","protected":false},"excerpt":{"rendered":"<p>I. CH\u00cdNH S\u00c1CH KI\u1ec2M H\u00c0NG: \u0110\u1ecbnh ngh\u0129a. Ki\u1ec3m h\u00e0ng l\u00e0 th\u1ef1c hi\u1ec7n c\u00e1c c\u00f4ng vi\u1ec7c ki\u1ec3m tra v\u00e0 so s\u00e1nh c\u00e1c s\u1ea3n ph\u1ea9m\/h\u00e0ng h\u00f3a nh\u1eadn \u0111\u01b0\u1ee3c trong ki\u1ec7n h\u00e0ng moclan.com.vn g\u1eedi v\u1edbi c\u00e1c s\u1ea3n ph\u1ea9m trong \u0111\u01a1n h\u00e0ng kh\u00e1ch y\u00eau c\u1ea7u. Quy \u0111\u1ecbnh Th\u1eddi \u0111i\u1ec3m ki\u1ec3m h\u00e0ng. moclan.com.vn ch\u1ea5p nh\u1eadn cho kh\u00e1ch h\u00e0ng \u0111\u1ed3ng ki\u1ec3m [&#8230;]<\/p>\n<p><a class=\"btn btn-secondary understrap-read-more-link\" href=\"https:\/\/moclan.com.vn\/en\/chinh-sach-kiem-hang\/\">Read More&#8230;<\/a><\/p>","protected":false},"author":1,"featured_media":0,"parent":0,"menu_order":0,"comment_status":"closed","ping_status":"closed","template":"","meta":[],"yoast_head":"<!-- This site is optimized with the Yoast SEO Premium plugin v15.9.2 - https:\/\/yoast.com\/wordpress\/plugins\/seo\/ -->\n<title>CH\u00cdNH S\u00c1CH KI\u1ec2M H\u00c0NG - M\u1ed9c Lan<\/title>\n<link rel=\"canonical\" href=\"https:\/\/moclan.com.vn\/en\/chinh-sach-kiem-hang\/\" \/>\n<meta property=\"og:locale\" content=\"en_US\" \/>\n<meta property=\"og:type\" content=\"article\" \/>\n<meta property=\"og:title\" content=\"CH\u00cdNH S\u00c1CH KI\u1ec2M H\u00c0NG - M\u1ed9c Lan\" \/>\n<meta property=\"og:description\" content=\"I. CH\u00cdNH S\u00c1CH KI\u1ec2M H\u00c0NG: \u0110\u1ecbnh ngh\u0129a. Ki\u1ec3m h\u00e0ng l\u00e0 th\u1ef1c hi\u1ec7n c\u00e1c c\u00f4ng vi\u1ec7c ki\u1ec3m tra v\u00e0 so s\u00e1nh c\u00e1c s\u1ea3n ph\u1ea9m\/h\u00e0ng h\u00f3a nh\u1eadn \u0111\u01b0\u1ee3c trong ki\u1ec7n h\u00e0ng moclan.com.vn g\u1eedi v\u1edbi c\u00e1c s\u1ea3n ph\u1ea9m trong \u0111\u01a1n h\u00e0ng kh\u00e1ch y\u00eau c\u1ea7u. Quy \u0111\u1ecbnh Th\u1eddi \u0111i\u1ec3m ki\u1ec3m h\u00e0ng. moclan.com.vn ch\u1ea5p nh\u1eadn cho kh\u00e1ch h\u00e0ng \u0111\u1ed3ng ki\u1ec3m [...]Read More...\" \/>\n<meta property=\"og:url\" content=\"https:\/\/moclan.com.vn\/en\/chinh-sach-kiem-hang\/\" \/>\n<meta property=\"og:site_name\" content=\"M\u1ed9c Lan\" \/>\n<meta name=\"twitter:card\" content=\"summary_large_image\" \/>\n<meta name=\"twitter:label1\" content=\"Est. reading time\">\n\t<meta name=\"twitter:data1\" content=\"2 minutes\">\n<script type=\"application\/ld+json\" class=\"yoast-schema-graph\">{\"@context\":\"https:\/\/schema.org\",\"@graph\":[{\"@type\":\"WebSite\",\"@id\":\"https:\/\/moclan.com.vn\/#website\",\"url\":\"https:\/\/moclan.com.vn\/\",\"name\":\"M\\u1ed9c Lan\",\"description\":\"\",\"potentialAction\":[{\"@type\":\"SearchAction\",\"target\":\"https:\/\/moclan.com.vn\/?s={search_term_string}\",\"query-input\":\"required name=search_term_string\"}],\"inLanguage\":\"en-US\"},{\"@type\":\"WebPage\",\"@id\":\"https:\/\/moclan.com.vn\/chinh-sach-kiem-hang\/#webpage\",\"url\":\"https:\/\/moclan.com.vn\/chinh-sach-kiem-hang\/\",\"name\":\"CH\\u00cdNH S\\u00c1CH KI\\u1ec2M H\\u00c0NG - M\\u1ed9c Lan\",\"isPartOf\":{\"@id\":\"https:\/\/moclan.com.vn\/#website\"},\"datePublished\":\"2025-08-29T09:49:57+00:00\",\"dateModified\":\"2025-08-29T09:49:57+00:00\",\"breadcrumb\":{\"@id\":\"https:\/\/moclan.com.vn\/chinh-sach-kiem-hang\/#breadcrumb\"},\"inLanguage\":\"en-US\",\"potentialAction\":[{\"@type\":\"ReadAction\",\"target\":[\"https:\/\/moclan.com.vn\/chinh-sach-kiem-hang\/\"]}]},{\"@type\":\"BreadcrumbList\",\"@id\":\"https:\/\/moclan.com.vn\/chinh-sach-kiem-hang\/#breadcrumb\",\"itemListElement\":[{\"@type\":\"ListItem\",\"position\":1,\"item\":{\"@type\":\"WebPage\",\"@id\":\"https:\/\/moclan.com.vn\/\",\"url\":\"https:\/\/moclan.com.vn\/\",\"name\":\"Trang ch\\u1ee7\"}},{\"@type\":\"ListItem\",\"position\":2,\"item\":{\"@type\":\"WebPage\",\"@id\":\"https:\/\/moclan.com.vn\/chinh-sach-kiem-hang\/\",\"url\":\"https:\/\/moclan.com.vn\/chinh-sach-kiem-hang\/\",\"name\":\"CH\\u00cdNH S\\u00c1CH KI\\u1ec2M H\\u00c0NG\"}}]}]}<\/script>\n<!-- \/ Yoast SEO Premium plugin. -->","_links":{"self":[{"href":"https:\/\/moclan.com.vn\/en\/wp-json\/wp\/v2\/pages\/4583"}],"collection":[{"href":"https:\/\/moclan.com.vn\/en\/wp-json\/wp\/v2\/pages"}],"about":[{"href":"https:\/\/moclan.com.vn\/en\/wp-json\/wp\/v2\/types\/page"}],"author":[{"embeddable":true,"href":"https:\/\/moclan.com.vn\/en\/wp-json\/wp\/v2\/users\/1"}],"replies":[{"embeddable":true,"href":"https:\/\/moclan.com.vn\/en\/wp-json\/wp\/v2\/comments?post=4583"}],"version-history":[{"count":1,"href":"https:\/\/moclan.com.vn\/en\/wp-json\/wp\/v2\/pages\/4583\/revisions"}],"predecessor-version":[{"id":4584,"href":"https:\/\/moclan.com.vn\/en\/wp-json\/wp\/v2\/pages\/4583\/revisions\/4584"}],"wp:attachment":[{"href":"https:\/\/moclan.com.vn\/en\/wp-json\/wp\/v2\/media?parent=4583"}],"curies":[{"name":"wp","href":"https:\/\/api.w.org\/{rel}","templated":true}]}}