


{"id":52,"date":"2021-01-04T02:05:15","date_gmt":"2021-01-04T02:05:15","guid":{"rendered":"http:\/\/binhvinhsaigon.123websitedev.com\/?page_id=52"},"modified":"2023-03-17T14:59:03","modified_gmt":"2023-03-17T07:59:03","slug":"gioi-thieu","status":"publish","type":"page","link":"https:\/\/moclan.com.vn\/en\/gioi-thieu\/","title":{"rendered":"Introduce"},"content":{"rendered":"<div class=\"vc_row wpb_row vc_row-fluid beauty-content\"><div class=\"wpb_column vc_column_container vc_col-sm-12\"><div class=\"vc_column-inner\"><div class=\"wpb_wrapper\">\n\t<div class=\"wpb_text_column wpb_content_element\" >\n\t\t<div class=\"wpb_wrapper\">\n\t\t\t<p>M\u1ed9c Lan Healthy Foods l\u00e0 m\u1ed9t th\u01b0\u01a1ng hi\u1ec7u th\u1ef1c ph\u1ea9m s\u1ea1ch n\u1ed5i ti\u1ebfng t\u1ea1i Vi\u1ec7t Nam v\u1edbi m\u1ee5c ti\u00eau mang l\u1ea1i nh\u1eefng s\u1ea3n ph\u1ea9m ch\u1ea5t l\u01b0\u1ee3ng cao v\u00e0 an to\u00e0n cho ng\u01b0\u1eddi ti\u00eau d\u00f9ng. V\u1edbi nh\u1eefng ngu\u1ed3n nguy\u00ean li\u1ec7u \u0111\u01b0\u1ee3c l\u1ef1a ch\u1ecdn k\u1ef9 c\u00e0ng, t\u1eeb c\u00e1c trang tr\u1ea1i v\u00e0 nh\u00e0 s\u1ea3n xu\u1ea5t \u0111\u00e1ng tin c\u1eady, M\u1ed9c Lan Healthy Foods mang \u0111\u1ebfn cho kh\u00e1ch h\u00e0ng nh\u1eefng s\u1ea3n ph\u1ea9m t\u01b0\u01a1i s\u1ea1ch v\u00e0 kh\u00f4ng s\u1eed d\u1ee5ng ch\u1ea5t b\u1ea3o qu\u1ea3n hay ph\u1ea9m m\u00e0u.<\/p>\n<p>S\u1ea3n ph\u1ea9m c\u1ee7a M\u1ed9c Lan Healthy Foods \u0111a d\u1ea1ng, bao g\u1ed3m c\u00e1c lo\u1ea1i rau c\u1ee7 qu\u1ea3, th\u1ecbt, h\u1ea3i s\u1ea3n v\u00e0 s\u1ea3n ph\u1ea9m ch\u1ebf bi\u1ebfn t\u1eeb \u0111\u1eadu n\u00e0nh v\u00e0 h\u1ea1t gi\u1ed1ng. V\u1edbi s\u1ef1 cam k\u1ebft v\u1ec1 ch\u1ea5t l\u01b0\u1ee3ng, \u0111\u1ed9 an to\u00e0n v\u1ec7 sinh v\u00e0 gi\u00e1 c\u1ea3 h\u1ee3p l\u00fd, th\u01b0\u01a1ng hi\u1ec7u n\u00e0y \u0111\u00e3 thu h\u00fat \u0111\u01b0\u1ee3c s\u1ef1 quan t\u00e2m c\u1ee7a nhi\u1ec1u kh\u00e1ch h\u00e0ng kh\u00f3 t\u00ednh.<\/p>\n<p>Ngo\u00e0i ra, M\u1ed9c Lan Healthy Foods c\u0169ng c\u00f3 ch\u00ednh s\u00e1ch d\u1ecbch v\u1ee5 kh\u00e1ch h\u00e0ng t\u1ed1t, v\u1edbi \u0111\u1ed9i ng\u0169 nh\u00e2n vi\u00ean t\u01b0 v\u1ea5n chuy\u00ean nghi\u1ec7p s\u1eb5n s\u00e0ng gi\u00fap \u0111\u1ee1 kh\u00e1ch h\u00e0ng trong qu\u00e1 tr\u00ecnh mua s\u1eafm. Th\u01b0\u01a1ng hi\u1ec7u n\u00e0y kh\u00f4ng ch\u1ec9 \u0111\u01a1n thu\u1ea7n l\u00e0 n\u01a1i \u0111\u1ec3 mua s\u1eafm th\u1ef1c ph\u1ea9m, m\u00e0 c\u00f2n l\u00e0 n\u01a1i \u0111\u1ec3 kh\u00e1ch h\u00e0ng t\u00ecm ki\u1ebfm th\u00f4ng tin v\u00e0 c\u1eadp nh\u1eadt v\u1ec1 nh\u1eefng xu h\u01b0\u1edbng \u1ea9m th\u1ef1c v\u00e0 dinh d\u01b0\u1ee1ng m\u1edbi nh\u1ea5t.<\/p>\n<p>T\u00f3m l\u1ea1i, M\u1ed9c Lan Healthy Foods l\u00e0 m\u1ed9t th\u01b0\u01a1ng hi\u1ec7u th\u1ef1c ph\u1ea9m s\u1ea1ch \u0111\u00e1ng tin c\u1eady v\u00e0 \u0111\u00e1p \u1ee9ng nhu c\u1ea7u c\u1ee7a nhi\u1ec1u kh\u00e1ch h\u00e0ng c\u00f3 nhu c\u1ea7u t\u00ecm ki\u1ebfm s\u1ea3n ph\u1ea9m an to\u00e0n v\u00e0 dinh d\u01b0\u1ee1ng.<\/p>\n\n\t\t<\/div>\n\t<\/div>\n\n\t<div class=\"wpb_text_column wpb_content_element\" >\n\t\t<div class=\"wpb_wrapper\">\n\t\t\t\n\t\t<\/div>\n\t<\/div>\n<\/div><\/div><\/div><\/div>","protected":false},"excerpt":{"rendered":"<p> [&#8230;]<\/p>\n<p><a class=\"btn btn-secondary understrap-read-more-link\" href=\"https:\/\/moclan.com.vn\/en\/gioi-thieu\/\">Read More&#8230;<\/a><\/p>","protected":false},"author":1,"featured_media":0,"parent":0,"menu_order":0,"comment_status":"closed","ping_status":"closed","template":"","meta":[],"yoast_head":"<!-- This site is optimized with the Yoast SEO Premium plugin v15.9.2 - https:\/\/yoast.com\/wordpress\/plugins\/seo\/ -->\n<title>Gi\u1edbi thi\u1ec7u - M\u1ed9c Lan<\/title>\n<link rel=\"canonical\" href=\"https:\/\/moclan.com.vn\/en\/gioi-thieu\/\" \/>\n<meta property=\"og:locale\" content=\"en_US\" \/>\n<meta property=\"og:type\" content=\"article\" \/>\n<meta property=\"og:title\" content=\"Gi\u1edbi thi\u1ec7u - M\u1ed9c Lan\" \/>\n<meta property=\"og:description\" content=\"[...]Read More...\" \/>\n<meta property=\"og:url\" content=\"https:\/\/moclan.com.vn\/en\/gioi-thieu\/\" \/>\n<meta property=\"og:site_name\" content=\"M\u1ed9c Lan\" \/>\n<meta property=\"article:modified_time\" content=\"2023-03-17T07:59:03+00:00\" \/>\n<meta name=\"twitter:card\" content=\"summary_large_image\" \/>\n<meta name=\"twitter:label1\" content=\"Est. reading time\">\n\t<meta name=\"twitter:data1\" content=\"4 minutes\">\n<script type=\"application\/ld+json\" class=\"yoast-schema-graph\">{\"@context\":\"https:\/\/schema.org\",\"@graph\":[{\"@type\":\"WebSite\",\"@id\":\"https:\/\/moclan.com.vn\/#website\",\"url\":\"https:\/\/moclan.com.vn\/\",\"name\":\"M\\u1ed9c Lan\",\"description\":\"\",\"potentialAction\":[{\"@type\":\"SearchAction\",\"target\":\"https:\/\/moclan.com.vn\/?s={search_term_string}\",\"query-input\":\"required name=search_term_string\"}],\"inLanguage\":\"en-US\"},{\"@type\":\"WebPage\",\"@id\":\"https:\/\/moclan.com.vn\/gioi-thieu\/#webpage\",\"url\":\"https:\/\/moclan.com.vn\/gioi-thieu\/\",\"name\":\"Gi\\u1edbi thi\\u1ec7u - M\\u1ed9c Lan\",\"isPartOf\":{\"@id\":\"https:\/\/moclan.com.vn\/#website\"},\"datePublished\":\"2021-01-04T02:05:15+00:00\",\"dateModified\":\"2023-03-17T07:59:03+00:00\",\"breadcrumb\":{\"@id\":\"https:\/\/moclan.com.vn\/gioi-thieu\/#breadcrumb\"},\"inLanguage\":\"en-US\",\"potentialAction\":[{\"@type\":\"ReadAction\",\"target\":[\"https:\/\/moclan.com.vn\/gioi-thieu\/\"]}]},{\"@type\":\"BreadcrumbList\",\"@id\":\"https:\/\/moclan.com.vn\/gioi-thieu\/#breadcrumb\",\"itemListElement\":[{\"@type\":\"ListItem\",\"position\":1,\"item\":{\"@type\":\"WebPage\",\"@id\":\"https:\/\/moclan.com.vn\/\",\"url\":\"https:\/\/moclan.com.vn\/\",\"name\":\"Trang ch\\u1ee7\"}},{\"@type\":\"ListItem\",\"position\":2,\"item\":{\"@type\":\"WebPage\",\"@id\":\"https:\/\/moclan.com.vn\/gioi-thieu\/\",\"url\":\"https:\/\/moclan.com.vn\/gioi-thieu\/\",\"name\":\"Gi\\u1edbi thi\\u1ec7u\"}}]}]}<\/script>\n<!-- \/ Yoast SEO Premium plugin. -->","_links":{"self":[{"href":"https:\/\/moclan.com.vn\/en\/wp-json\/wp\/v2\/pages\/52"}],"collection":[{"href":"https:\/\/moclan.com.vn\/en\/wp-json\/wp\/v2\/pages"}],"about":[{"href":"https:\/\/moclan.com.vn\/en\/wp-json\/wp\/v2\/types\/page"}],"author":[{"embeddable":true,"href":"https:\/\/moclan.com.vn\/en\/wp-json\/wp\/v2\/users\/1"}],"replies":[{"embeddable":true,"href":"https:\/\/moclan.com.vn\/en\/wp-json\/wp\/v2\/comments?post=52"}],"version-history":[{"count":0,"href":"https:\/\/moclan.com.vn\/en\/wp-json\/wp\/v2\/pages\/52\/revisions"}],"wp:attachment":[{"href":"https:\/\/moclan.com.vn\/en\/wp-json\/wp\/v2\/media?parent=52"}],"curies":[{"name":"wp","href":"https:\/\/api.w.org\/{rel}","templated":true}]}}