


{"id":3981,"date":"2025-06-23T10:30:41","date_gmt":"2025-06-23T03:30:41","guid":{"rendered":"https:\/\/moclan.com.vn\/?post_type=product&#038;p=3981"},"modified":"2026-04-18T13:42:24","modified_gmt":"2026-04-18T06:42:24","slug":"muoi-me-dau-phong-hat-dieu-moc-lan-250g-500g","status":"publish","type":"product","link":"https:\/\/moclan.com.vn\/en\/product\/muoi-me-dau-phong-hat-dieu-moc-lan-250g-500g\/","title":{"rendered":"Mu\u1ed1i m\u00e8 \u0111\u1eadu ph\u1ed9ng &#8211; h\u1ea1t \u0111i\u1ec1u M\u1ed9c Lan &#8211; 250g, 500g"},"content":{"rendered":"<p>Mu\u1ed1i m\u00e8 \u0111\u1eadu ph\u1ed9ng h\u1ea1t \u0111i\u1ec1u ch\u00ednh h\u00e3ng M\u1ed9c Lan Healthy Foods<\/p>\n<p>M\u00f3n ngon kh\u00f4ng th\u1ec3 thi\u1ebfu trong \u0103n ki\u00eang, \u0103n chay, \u0103n eat clean \u0111\u00f3 l\u00e0 &#8221; Mu\u1ed1i m\u00e8 \u0111\u1eadu ph\u1ed9ng h\u1ea1t \u0111i\u1ec1u &#8221; \u0110\u01b0\u1ee3c M\u1ed9c Lan ch\u1ecdn l\u1ecdc ngu\u1ed3n nguy\u00ean li\u00eau t\u01b0\u01a1i m\u1edbi v\u1edbi c\u00f4ng th\u1ee9c gia truy\u1ec1n l\u00e0m n\u00ean m\u00f3n mu\u1ed1i m\u00e8 h\u1ea1t dinh d\u01b0\u1ee1ng.<\/p>\n<p>Th\u00e0nh ph\u1ea7n : \u0110\u1eadu ph\u1ed9ng (50%), h\u1ea1t \u0111i\u1ec1u (20%), m\u00e8 \u0111en (18%), h\u1ea1t h\u1ea1nh nh\u00e2n, mu\u1ed1i bi\u1ec3n. S\u1eed d\u1ee5ng : \u0102n k\u00e8m c\u01a1m g\u1ea1o l\u1ee9t , c\u01a1m tr\u1eafng , ch\u1ea5m c\u1ee7 qu\u1ea3 lu\u1ed9c\u2026<\/p>\n<p><strong>C\u00d4NG D\u1ee4NG S\u1ea2N PH\u1ea8M<\/strong><\/p>\n<p>Mu\u1ed1i m\u00e8 \u0111\u1eadu ph\u1ed9ng h\u1ea1t \u0111i\u1ec1u M\u1ed9c Lan<\/p>\n<p>&#8211; M\u1ed9t m\u00f3n \u0103n t\u01b0\u1edfng ch\u1eebng nh\u01b0 b\u00ecnh d\u1ecb nh\u01b0ng l\u1ea1i \u0111em \u0111\u1ebfn s\u1ef1 ti\u1ec7n l\u1ee3i v\u00e0 m\u1ed9t ngu\u1ed3n dinh d\u01b0\u1ee1ng kh\u00f4ng h\u1ec1 b\u00ecnh th\u01b0\u1eddng.<\/p>\n<p>&#8211; Kh\u00f4ng ch\u1ec9 l\u00e0 m\u00f3n \u0103n d\u00f9ng khi l\u1ee1 b\u1eefa, n\u00f3 c\u00f2n l\u00e0 m\u00f3n \u0103n ch\u00ednh trong nh\u1eefng b\u1eefa c\u01a1m c\u1ee7a c\u00e1c gia \u0111\u00ecnh Vi\u1ec7t c\u0169ng nh\u01b0 tr\u00ean b\u00e0n ti\u1ec7c \u0111\u1ec3 ch\u1ea5m c\u1ee7 qu\u1ea3 lu\u1ed9c,<\/p>\n<p>&#8211; Mu\u1ed1i m\u00e8 ch\u1ee9a m\u1ed9t l\u01b0\u1ee3ng l\u1edbn canxi, s\u1eaft v\u00e0 c\u00e1c ch\u1ea5t dinh d\u01b0\u1ee1ng kh\u00e1c. \u0110\u1ed3ng th\u1eddi mu\u1ed1i m\u00e8 c\u0169ng l\u00e0 ngu\u1ed3n d\u1ea7u th\u1ef1c v\u1eadt tuy\u1ec7t v\u1eddi kh\u00f4ng c\u00f3 kh\u1ea3 n\u0103ng sinh cholesterol khi n\u00f3 \u1edf d\u1ea1ng nguy\u00ean l\u1ee9t t\u1ed1t cho ng\u01b0\u1eddi \u0103n chay.<\/p>\n<p>&#8211; Kho\u0302ng cha\u0302\u0301t ba\u0309o qua\u0309n<\/p>\n<p>&#8211; \u0110u\u031bo\u031b\u0323c che\u0302\u0301 bie\u0302\u0301n hoa\u0300n toa\u0300n tu\u031b\u0300 nguy\u00ean li\u1ec7u truy\u1ec1n th\u1ed1ng<\/p>\n<p>&#8211; No\u0301i kho\u0302ng vo\u031b\u0301i pha\u0302\u0309m ma\u0300u<\/p>\n<p>&#8211; N\u00f3i kh\u00f4ng v\u1edbt tr\u1ed9n th\u00eam b\u1ed9t<\/p>\n<p>&#8211; Hu\u031bo\u031bng vi\u0323 \u0111a\u0323\u0306c bie\u0323\u0302t duy nha\u0302\u0301t tre\u0302n thi\u0323 tru\u031bo\u031b\u0300ng vo\u031b\u0301i r\u1ea5t nhi\u1ec1u nguye\u0302n lie\u0323\u0302u ch\u1ebf bi\u1ebfn k\u1ef3 c\u00f4ng.<\/p>\n<p><strong>H\u01b0\u1edbng d\u1eabn b\u1ea3o qu\u1ea3n<\/strong><\/p>\n<p>\u0110\u1ec3 n\u01a1i kh\u00f4 tho\u00e1ng, tr\u00e1nh \u00e1nh n\u1eafng tr\u1ef1c ti\u1ebfp, c\u00f3 th\u1ec3 \u0111\u1ec3 trong ng\u0103n m\u00e1t t\u1ee7 l\u1ea1nh<\/p>\n<p><strong>H\u01b0\u1edbng d\u1eabn s\u1eed d\u1ee5ng<\/strong><\/p>\n<p>D\u00f9ng \u0103n tr\u1ef1c ti\u1ebfp, \u0103n k\u00e8m v\u1edbi c\u01a1m, x\u00f4i, ch\u1ea5m rau c\u1ee7 qu\u1ea3 lu\u1ed9c,&#8230;.<\/p>","protected":false},"excerpt":{"rendered":"<p>Mu\u1ed1i m\u00e8 \u0111\u1eadu ph\u1ed9ng &#8211; h\u1ea1t \u0111i\u1ec1u M\u1ed9c Lan [&#8230;]<\/p>\n<p><a class=\"btn btn-secondary understrap-read-more-link\" href=\"https:\/\/moclan.com.vn\/en\/product\/muoi-me-dau-phong-hat-dieu-moc-lan-250g-500g\/\">Read More&#8230;<\/a><\/p>","protected":false},"featured_media":3986,"comment_status":"closed","ping_status":"closed","template":"","meta":[],"product_cat":[737,681],"product_tag":[],"yoast_head":"<!-- This site is optimized with the Yoast SEO Premium plugin v15.9.2 - https:\/\/yoast.com\/wordpress\/plugins\/seo\/ -->\n<title>Mu\u1ed1i m\u00e8 \u0111\u1eadu ph\u1ed9ng - h\u1ea1t \u0111i\u1ec1u M\u1ed9c Lan - 250g, 500g - M\u1ed9c Lan<\/title>\n<link rel=\"canonical\" href=\"https:\/\/moclan.com.vn\/en\/product\/muoi-me-dau-phong-hat-dieu-moc-lan-250g-500g\/\" \/>\n<meta property=\"og:locale\" content=\"en_US\" \/>\n<meta property=\"og:type\" content=\"article\" \/>\n<meta property=\"og:title\" content=\"Mu\u1ed1i m\u00e8 \u0111\u1eadu ph\u1ed9ng - h\u1ea1t \u0111i\u1ec1u M\u1ed9c Lan - 250g, 500g - M\u1ed9c Lan\" \/>\n<meta property=\"og:description\" content=\"Mu\u1ed1i m\u00e8 \u0111\u1eadu ph\u1ed9ng - h\u1ea1t \u0111i\u1ec1u M\u1ed9c Lan [...]Read More...\" \/>\n<meta property=\"og:url\" content=\"https:\/\/moclan.com.vn\/en\/product\/muoi-me-dau-phong-hat-dieu-moc-lan-250g-500g\/\" \/>\n<meta property=\"og:site_name\" content=\"M\u1ed9c Lan\" \/>\n<meta property=\"article:modified_time\" content=\"2026-04-18T06:42:24+00:00\" \/>\n<meta property=\"og:image\" content=\"https:\/\/moclan.com.vn\/wp-content\/uploads\/2025\/06\/z5528801812840_b3e263cf75c1cff7190cd54ee41e745f.jpg\" \/>\n\t<meta property=\"og:image:width\" content=\"960\" \/>\n\t<meta property=\"og:image:height\" content=\"1280\" \/>\n<meta name=\"twitter:card\" content=\"summary_large_image\" \/>\n<meta name=\"twitter:label1\" content=\"Est. reading time\">\n\t<meta name=\"twitter:data1\" content=\"2 minutes\">\n<script type=\"application\/ld+json\" class=\"yoast-schema-graph\">{\"@context\":\"https:\/\/schema.org\",\"@graph\":[{\"@type\":\"WebSite\",\"@id\":\"https:\/\/moclan.com.vn\/#website\",\"url\":\"https:\/\/moclan.com.vn\/\",\"name\":\"M\\u1ed9c Lan\",\"description\":\"\",\"potentialAction\":[{\"@type\":\"SearchAction\",\"target\":\"https:\/\/moclan.com.vn\/?s={search_term_string}\",\"query-input\":\"required name=search_term_string\"}],\"inLanguage\":\"en-US\"},{\"@type\":\"ImageObject\",\"@id\":\"https:\/\/moclan.com.vn\/muoi-me-dau-phong-hat-dieu-moc-lan-250g-500g\/#primaryimage\",\"inLanguage\":\"en-US\",\"url\":\"https:\/\/moclan.com.vn\/wp-content\/uploads\/2025\/06\/z5528801812840_b3e263cf75c1cff7190cd54ee41e745f.jpg\",\"width\":960,\"height\":1280},{\"@type\":\"WebPage\",\"@id\":\"https:\/\/moclan.com.vn\/muoi-me-dau-phong-hat-dieu-moc-lan-250g-500g\/#webpage\",\"url\":\"https:\/\/moclan.com.vn\/muoi-me-dau-phong-hat-dieu-moc-lan-250g-500g\/\",\"name\":\"Mu\\u1ed1i m\\u00e8 \\u0111\\u1eadu ph\\u1ed9ng - h\\u1ea1t \\u0111i\\u1ec1u M\\u1ed9c Lan - 250g, 500g - M\\u1ed9c Lan\",\"isPartOf\":{\"@id\":\"https:\/\/moclan.com.vn\/#website\"},\"primaryImageOfPage\":{\"@id\":\"https:\/\/moclan.com.vn\/muoi-me-dau-phong-hat-dieu-moc-lan-250g-500g\/#primaryimage\"},\"datePublished\":\"2025-06-23T03:30:41+00:00\",\"dateModified\":\"2026-04-18T06:42:24+00:00\",\"breadcrumb\":{\"@id\":\"https:\/\/moclan.com.vn\/muoi-me-dau-phong-hat-dieu-moc-lan-250g-500g\/#breadcrumb\"},\"inLanguage\":\"en-US\",\"potentialAction\":[{\"@type\":\"ReadAction\",\"target\":[\"https:\/\/moclan.com.vn\/muoi-me-dau-phong-hat-dieu-moc-lan-250g-500g\/\"]}]},{\"@type\":\"BreadcrumbList\",\"@id\":\"https:\/\/moclan.com.vn\/muoi-me-dau-phong-hat-dieu-moc-lan-250g-500g\/#breadcrumb\",\"itemListElement\":[{\"@type\":\"ListItem\",\"position\":1,\"item\":{\"@type\":\"WebPage\",\"@id\":\"https:\/\/moclan.com.vn\/\",\"url\":\"https:\/\/moclan.com.vn\/\",\"name\":\"Trang ch\\u1ee7\"}},{\"@type\":\"ListItem\",\"position\":2,\"item\":{\"@type\":\"WebPage\",\"@id\":\"https:\/\/moclan.com.vn\/san-pham\/\",\"url\":\"https:\/\/moclan.com.vn\/san-pham\/\",\"name\":\"S\\u1ea3n ph\\u1ea9m\"}},{\"@type\":\"ListItem\",\"position\":3,\"item\":{\"@type\":\"WebPage\",\"@id\":\"https:\/\/moclan.com.vn\/muoi-me-dau-phong-hat-dieu-moc-lan-250g-500g\/\",\"url\":\"https:\/\/moclan.com.vn\/muoi-me-dau-phong-hat-dieu-moc-lan-250g-500g\/\",\"name\":\"Mu\\u1ed1i m\\u00e8 \\u0111\\u1eadu ph\\u1ed9ng &#8211; h\\u1ea1t \\u0111i\\u1ec1u M\\u1ed9c Lan &#8211; 250g, 500g\"}}]}]}<\/script>\n<!-- \/ Yoast SEO Premium plugin. -->","_links":{"self":[{"href":"https:\/\/moclan.com.vn\/en\/wp-json\/wp\/v2\/product\/3981"}],"collection":[{"href":"https:\/\/moclan.com.vn\/en\/wp-json\/wp\/v2\/product"}],"about":[{"href":"https:\/\/moclan.com.vn\/en\/wp-json\/wp\/v2\/types\/product"}],"replies":[{"embeddable":true,"href":"https:\/\/moclan.com.vn\/en\/wp-json\/wp\/v2\/comments?post=3981"}],"wp:featuredmedia":[{"embeddable":true,"href":"https:\/\/moclan.com.vn\/en\/wp-json\/wp\/v2\/media\/3986"}],"wp:attachment":[{"href":"https:\/\/moclan.com.vn\/en\/wp-json\/wp\/v2\/media?parent=3981"}],"wp:term":[{"taxonomy":"product_cat","embeddable":true,"href":"https:\/\/moclan.com.vn\/en\/wp-json\/wp\/v2\/product_cat?post=3981"},{"taxonomy":"product_tag","embeddable":true,"href":"https:\/\/moclan.com.vn\/en\/wp-json\/wp\/v2\/product_tag?post=3981"}],"curies":[{"name":"wp","href":"https:\/\/api.w.org\/{rel}","templated":true}]}}