


{"id":3997,"date":"2025-06-23T11:39:58","date_gmt":"2025-06-23T04:39:58","guid":{"rendered":"https:\/\/moclan.com.vn\/?post_type=product&#038;p=3997"},"modified":"2026-04-20T00:02:40","modified_gmt":"2026-04-19T17:02:40","slug":"hat-dieu-rang-muoi-moc-lan-healthy-foods-hang-loai-1-250g-500g","status":"publish","type":"product","link":"https:\/\/moclan.com.vn\/en\/product\/hat-dieu-rang-muoi-moc-lan-healthy-foods-hang-loai-1-250g-500g\/","title":{"rendered":"H\u1ea1t \u0110i\u1ec1u Rang Mu\u1ed1i M\u1ed9c Lan HEALTHY FOODS &#8211; H\u00e0ng lo\u1ea1i 1 &#8211; 250g, 500g"},"content":{"rendered":"<p>H\u1ea1t \u0111i\u1ec1u l\u00e0 lo\u1ea1i h\u1ea1t c\u00f3 gi\u00e1 tr\u1ecb dinh d\u01b0\u1ee1ng cao, \u0111\u01b0\u1ee3c ng\u01b0\u1eddi d\u00f9ng tin t\u01b0\u1edfng. Trong h\u1ea1t \u0111i\u1ec1u c\u00f3 ch\u1ee9a: Protein cho ho\u1ea1t \u0111\u1ed9ng th\u01b0\u1eddng ng\u00e0y, lipid \u0111\u01a1n kh\u00f4ng b\u00e9o. V\u00e0 ch\u1ee9a m\u1ed9t s\u1ed1 ch\u1ea5t kho\u00e1ng quang tr\u1ecdng m\u00e0 c\u01a1 th\u1ec3 r\u1ea5t c\u1ea7n. Phophos c\u1ea7n cho s\u1ef1 ph\u00e1t tri\u1ec3n, Magie tham gia v\u00e0o nhi\u1ec1u chu tr\u00ecnh chuy\u1ec3n h\u00f3a, trao \u0111\u1ed5i ch\u1ea5t. V\u1edbi kali gi\u1eef vai tr\u00f2 quan tr\u1ecdng trong c\u00e1c qu\u00e1 tr\u00ecnh chuy\u1ec3n h\u00f3a, tham gia h\u1ec7 th\u1ed1ng \u0111\u1ec7m \u0111i\u1ec1u h\u00f2a pH c\u1ee7a t\u1ebf b\u00e0o. V\u00e0 s\u1eaft \u0111\u1ea3m nhi\u1ec7m vai tr\u00f2 ng\u0103n ng\u1eeba thi\u1ebfu m\u00e1u .<\/p>\n<p><strong>TH\u00d4NG TIN S\u1ea2N PH\u1ea8M H\u1ea0T \u0110I\u1ec0U M\u1ed9cLan HEALTHY FOODS<\/strong><\/p>\n<p>T\u00ean th\u01b0\u01a1ng hi\u1ec7u: M\u1ed9cLan HEALTHY FOODS<br \/>\nXu\u1ea5t x\u1ee9: B\u00ecnh Ph\u01b0\u1edbc &#8211; Vi\u1ec7t Nam<br \/>\nN\u01a1i \u0111\u00f3ng g\u00f3i: Vi\u1ec7t Nam.<br \/>\nTh\u00e0nh ph\u1ea7n: 100% h\u1ea1t \u0111i\u1ec1u<br \/>\nTr\u1ecdng l\u01b0\u1ee3ng: 250g, 500g<\/p>\n<p><strong>TH\u00c0NH PH\u1ea6N DINH D\u01af\u1ee0NG TRONG H\u1ea0T \u0110I\u1ec0U<\/strong><\/p>\n<p>Ng\u00e0y nay, h\u1ea1t \u0111i\u1ec1u kh\u00f4ng ch\u1ec9 l\u00e0 m\u1ed9t m\u00f3n \u0103n v\u1eb7t th\u01a1m ngon hay nguy\u00ean li\u1ec7u t\u1ea1o n\u00ean nh\u1eefng m\u00f3n \u0103n \u0111\u1eb7c s\u1eafc m\u00e0 c\u00f2n l\u00e0 m\u1ed9t ngu\u1ed3n dinh d\u01b0\u1ee1ng tuy\u1ec7t v\u1eddi \u0111\u1ed1i v\u1edbi con ng\u01b0\u1eddi.<br \/>\nTh\u00e0nh ph\u1ea7n h\u1ea1t \u0111i\u1ec1u ch\u1ee9a nhi\u1ec1u vitamin E, K, B c\u00f9ng c\u00e1c kho\u00e1ng ch\u1ea5t nh\u01b0 \u0111\u1ed3ng, k\u1ebdm, s\u1eaft, t\u1ea5t c\u1ea3 \u0111\u1ec1u r\u1ea5t quan tr\u1ecdng cho vi\u1ec7c duy tr\u00ec t\u1ed1t c\u00e1c ch\u1ee9c n\u0103ng c\u01a1 th\u1ec3.<br \/>\nV\u1edbi nh\u1eefng k\u1ebft qu\u1ea3 c\u00f3 \u0111\u01b0\u1ee3c t\u1eeb vi\u1ec7c nghi\u00ean c\u1ee9u th\u00e0nh ph\u1ea7n dinh d\u01b0\u1ee1ng trong h\u1ea1t \u0111i\u1ec1u cho th\u1ea5y, \u0111\u00e2y l\u00e0 lo\u1ea1i h\u1ea1t c\u00f3 \u00edch cho s\u1ee9c kh\u1ecfe con ng\u01b0\u1eddi do c\u00f3 kh\u1ea3 n\u0103ng ng\u1eeba ung th\u01b0, nu\u00f4i d\u01b0\u1ee1ng da v\u00e0 t\u00f3c, ch\u0103m s\u00f3c s\u1ee9c kh\u1ecfe c\u1ee7a x\u01b0\u01a1 v\u00e0 nhi\u1ec1u l\u1ee3i \u00edch s\u1ee9c kh\u1ecfe kh\u00e1c.<\/p>\n<p><strong>L\u1ee2I \u00cdCH C\u1ee6A H\u1ea0T \u0110I\u1ec0U<\/strong><\/p>\n<p>1. H\u1ed7 tr\u1ee3 ng\u0103n ng\u1eeba ung th\u01b0<br \/>\nNhi\u1ec1u nghi\u00ean c\u1ee9u \u0111\u00e3 ch\u1ec9 ra r\u1eb1ng, t\u00e1c d\u1ee5ng c\u1ee7a h\u1ea1t \u0111i\u1ec1u l\u00e0 gi\u00fap ph\u00f2ng ng\u1eeba ung th\u01b0 do r\u1ea5t gi\u00e0u ch\u1ea5t ch\u1ed1ng oxy h\u00f3a nh\u01b0 axit anacardic, cardanols v\u00e0 cardols c\u00f3 hi\u1ec7u qu\u1ea3 cho nh\u1eefng ng\u01b0\u1eddi tr\u1ea3i qua tr\u1ecb u b\u01b0\u1edbu v\u00e0 ung th\u01b0.<br \/>\nNgo\u00e0i ra, ch\u1ea5t proanthocyanidins c\u0169ng \u0111\u01b0\u1ee3c ch\u1ee9ng minh l\u00e0 lo\u1ea1i flavanol c\u00f3 th\u1ec3 ng\u0103n ch\u1eb7n c\u00e1c t\u1ebf b\u00e0o ung th\u01b0 t\u00e1i s\u1ea3n xu\u1ea5t v\u00e0 ti\u00eau di\u1ec7t t\u1ebf b\u00e0o ung th\u01b0. C\u00e1c nghi\u00ean c\u1ee9u c\u0169ng cho bi\u1ebft h\u00e0m l\u01b0\u1ee3ng \u0111\u1ed3ng cao trong h\u1ea1t \u0111i\u1ec1u gi\u00fap tr\u00e1nh kh\u1ecfi c\u00e1c g\u1ed1c t\u1ef1 do v\u00e0 cung c\u1ea5p ngu\u1ed3n phytochemical v\u00e0 ch\u1ea5t ch\u1ed1ng oxy h\u00f3a c\u00f3 l\u1ee3i cho c\u01a1 th\u1ec3.<br \/>\n2. Duy tr\u00ec s\u1ee9c kh\u1ecfe tim m\u1ea1ch<br \/>\nDuy tr\u00ec \u1ed5n \u0111\u1ecbnh s\u1ee9c kh\u1ecfe tim m\u1ea1ch l\u00e0 m\u1ed9t trong nh\u1eefng t\u00e1c d\u1ee5ng c\u1ee7a h\u1ea1t \u0111i\u1ec1u \u0111\u1ed1i v\u1edbi c\u01a1 th\u1ec3. H\u1ea1t \u0111i\u1ec1u c\u00f3 ch\u1ee9a l\u01b0\u1ee3ng axit oleic phong ph\u00fa, lo\u1ea1i ch\u1ea5t b\u00e9o kh\u00f4ng b\u00e3o h\u00f2a \u0111\u01a1n n\u00e0y s\u1ebd gi\u00fap l\u00e0m gi\u1ea3m n\u1ed3ng \u0111\u1ed9 triglyceride, c\u1ea3i thi\u1ec7n s\u1ee9c kh\u1ecfe con tim.<br \/>\nNgo\u00e0i ra, h\u00e0m l\u01b0\u1ee3ng magie cao c\u0169ng gi\u00fap gi\u1ea3m huy\u1ebft \u00e1p v\u00e0 ng\u0103n ng\u1eeba c\u00e1c c\u01a1n \u0111au tim. B\u1ec7nh m\u1ea1ch v\u00e0nh v\u00e0 nguy c\u01a1 tim m\u1ea1ch c\u0169ng s\u1ebd gi\u1ea3m xu\u1ed1ng n\u1ebfu th\u01b0\u1eddng xuy\u00ean \u0103n h\u1ea1t \u0111i\u1ec1u, b\u1edfi lo\u1ea1i h\u1ea1t n\u00e0y kh\u00f4ng ch\u1ee9a cholesterol v\u00e0 ch\u1ea5t ch\u1ed1ng oxy h\u00f3a.<br \/>\n3. T\u1ed1t cho x\u01b0\u01a1ng v\u00e0 r\u0103ng mi\u1ec7ng<br \/>\nM\u1ed9t l\u1ee3i \u00edch c\u1ee7a h\u1ea1t \u0111i\u1ec1u kh\u00f4ng th\u1ec3 b\u1ecf qua ch\u00ednh l\u00e0 gi\u00fap t\u00e1i t\u1ea1o v\u00e0 ph\u00e1t tri\u1ec3n l\u00e0nh m\u1ea1nh c\u1ee7a r\u0103ng v\u00e0 x\u01b0\u01a1ng do c\u00f3 ch\u1ee9a magie l\u1eabn canxi. Ch\u1ea5t \u0111\u1ed3ng trong h\u1ea1t \u0111i\u1ec1u c\u00f2n cung c\u1ea5p s\u1ef1 linh ho\u1ea1t cho x\u01b0\u01a1ng v\u00e0 kh\u1edbp.<br \/>\nH\u1ee3p ch\u1ea5t photpho c\u0169ng gi\u00fap h\u1ed7 tr\u1ee3 trong vi\u1ec7c t\u1ed5ng h\u1ee3p protein, h\u1ea5p thu t\u1ed1t carbohydrate v\u00e0 ch\u1ea5t b\u00e9o, duy tr\u00ec s\u1ee9c kh\u1ecfe c\u1ee7a c\u00e1c t\u1ebf b\u00e0o.<br \/>\n4. C\u1ea3i thi\u1ec7n ch\u1ee9c n\u0103ng n\u00e3o<br \/>\nM\u1ed9t trong nh\u1eefng t\u00e1c d\u1ee5ng c\u1ee7a h\u1ea1t \u0111i\u1ec1u \u0111\u1ed1i v\u1edbi tr\u1ebb nh\u1ecf v\u00e0 ng\u01b0\u1eddi l\u1edbn ch\u00ednh l\u00e0 gi\u00fap t\u0103ng c\u01b0\u1eddng oxy l\u00ean n\u00e3o, t\u1eeb \u0111\u00f3 c\u1ea3i thi\u1ec7n \u0111\u01b0\u1ee3c kh\u1ea3 n\u0103ng ghi nh\u1edb. Trong h\u1ea1t \u0111i\u1ec1u c\u00f3 ch\u1ee9a c\u00e1c ch\u1ea5t b\u00e9o kh\u00f4ng b\u00e3o h\u00f2a \u0111a v\u00e0 ch\u1ea5t ch\u1ea5t b\u00e9o kh\u00f4ng b\u00e3o h\u00f2a \u0111\u01a1n \u2013 2 lo\u1ea1i ch\u1ea5t b\u00e9o n\u00e0y c\u00f3 t\u00e1c \u0111\u1ed9ng \u0111\u1ebfn qu\u00e1 tr\u00ecnh s\u1ea3n sinh t\u1ebf b\u00e0o n\u00e3o trong c\u01a1 th\u1ec3.<br \/>\n5. T\u1ed1t cho th\u1ea7n kinh<br \/>\nNgo\u00e0i nh\u1eefng t\u00e1c d\u1ee5ng v\u1eeba n\u00eau tr\u00ean, c\u00f4ng d\u1ee5ng h\u1ea1t \u0111i\u1ec1u c\u00f2n \u1ea3nh h\u01b0\u1edfng \u0111\u1ebfn c\u1ea3 h\u1ec7 th\u1ea7n kinh v\u00e0 c\u01a1 b\u1eafp. Th\u00e0nh ph\u1ea7n magie gi\u00fap gi\u1eef c\u00e1c m\u1ea1ch m\u00e1u v\u00e0 c\u01a1 b\u1eafp \u0111\u01b0\u1ee3c th\u1ea3 l\u1ecfng v\u00e0 ngh\u1ec9 ng\u01a1i b\u1eb1ng c\u00e1ch l\u00e0m ch\u1eadm d\u00f2ng ch\u1ea3y c\u1ee7a canxi v\u00e0o cho c\u00e1c t\u1ebf b\u00e0o.<br \/>\n6. Th\u00fac \u0111\u1ea9y h\u00ecnh th\u00e0nh t\u1ebf b\u00e0o h\u1ed3ng c\u1ea7u<br \/>\nH\u1ea1t \u0111i\u1ec1u gi\u00e0u ch\u1ea5t \u0111\u1ed3ng n\u00ean c\u00f3 th\u1ec3 h\u1ed7 tr\u1ee3 qu\u00e1 tr\u00ecnh trao \u0111\u1ed5i ch\u1ea5t s\u1eaft, s\u1ea3n sinh c\u00e1c t\u1ebf b\u00e0o h\u1ed3ng c\u1ea7u v\u00e0 gi\u00fap t\u0103ng c\u01b0\u1eddng h\u1ec7 mi\u1ec5n d\u1ecbch cho c\u01a1 th\u1ec3. N\u1ebfu c\u01a1 th\u1ec3 thi\u1ebfu \u0111\u1ed3ng s\u1ebd c\u00f3 th\u1ec3 d\u1eabn \u0111\u1ebfn ch\u1ee9ng lo\u00e3ng x\u01b0\u01a1ng, nh\u1ecbp tim kh\u00f4ng \u0111\u1ec1u, th\u1eadm ch\u00ed g\u00e2y thi\u1ebfu m\u00e1u.<br \/>\n7. Gi\u00fap gi\u1ea3m c\u00e2n<br \/>\nNh\u1eefng ng\u01b0\u1eddi \u0103n h\u1ea1t \u0111i\u1ec1u 2 l\u1ea7n\/tu\u1ea7n s\u1ebd c\u00f3 xu h\u01b0\u1edbng tr\u00e1nh \u0111\u01b0\u1ee3c t\u00ecnh tr\u1ea1ng b\u00e9o ph\u00ec. Nguy\u00ean nh\u00e2n l\u00e0 do 75% ch\u1ea5t b\u00e9o ch\u1ee9a trong h\u1ea1t \u0111i\u1ec1u l\u00e0 ch\u1ea5t b\u00e9o kh\u00f4ng b\u00e3o h\u00f2a \u2013 m\u1ed9t ch\u1ea5t b\u00e9o t\u1ed1t cho c\u01a1 th\u1ec3.<br \/>\nNgo\u00e0i ra, h\u00e0m l\u01b0\u1ee3ng ch\u1ea5t x\u01a1 trong h\u1ea1t \u0111i\u1ec1u c\u0169ng t\u01b0\u01a1ng \u0111\u1ed1i cao n\u00ean c\u00f3 th\u1ec3 gi\u00fap h\u1ed7 tr\u1ee3 gi\u1ea3m c\u00e2n nh\u01b0ng v\u1eabn cung c\u1ea5p nhi\u1ec1u n\u0103ng l\u01b0\u1ee3ng.<br \/>\n8. Nu\u00f4i d\u01b0\u1ee1ng t\u00f3c v\u00e0 da<br \/>\nNh\u01b0 \u0111\u00e3 n\u00f3i h\u1ea1t \u0111i\u1ec1u r\u1ea5t gi\u00e0u h\u00e0m l\u01b0\u1ee3ng \u0111\u1ed3ng &#8211; m\u1ed9t th\u00e0nh ph\u1ea7n c\u1ea5u th\u00e0nh n\u00ean enzym tyrosinase. Lo\u1ea1i enzym n\u00e0y gi\u00fap chuy\u1ec3n \u0111\u1ed5i tyrosin th\u00e0nh melanin t\u1ea1o ra c\u00e1c s\u1eafc t\u1ed1 m\u00e0u trong t\u00f3c v\u00e0 da.<\/p>\n<p>&nbsp;<\/p>\n<p>B\u1ea1n y\u00ean t\u00e2m khi ch\u1ecdn mua h\u1ea1t \u0111i\u1ec1u rang mu\u1ed1i M\u1ed9cLan HEALTHY FOODS c\u00f9ng c\u00e1c lo\u1ea1i \u201csi\u00eau th\u1ef1c ph\u1ea9m\u201d kh\u00e1c. V\u00ec quy tr\u00ecnh s\u1ea3n xu\u1ea5t, \u0111\u00f3ng g\u00f3i \u0111\u01b0\u1ee3c kh\u00e9p k\u00edn v\u00e0 b\u1ea3o qu\u1ea3n nghi\u00eam ng\u1eb7t theo ti\u00eau chu\u1ea9n ISO 22000.<\/p>","protected":false},"excerpt":{"rendered":"<p>H\u1ea1t \u0110i\u1ec1u Rang Mu\u1ed1i M\u1ed9c Lan HEALTHY FOODS &#8211; H\u00e0ng lo\u1ea1i 1 &#8211; 250g, 500g [&#8230;]<\/p>\n<p><a class=\"btn btn-secondary understrap-read-more-link\" href=\"https:\/\/moclan.com.vn\/en\/product\/hat-dieu-rang-muoi-moc-lan-healthy-foods-hang-loai-1-250g-500g\/\">Read More&#8230;<\/a><\/p>","protected":false},"featured_media":4001,"comment_status":"closed","ping_status":"closed","template":"","meta":[],"product_cat":[737,711,659,663],"product_tag":[712],"yoast_head":"<!-- This site is optimized with the Yoast SEO Premium plugin v15.9.2 - https:\/\/yoast.com\/wordpress\/plugins\/seo\/ -->\n<title>H\u1ea1t \u0110i\u1ec1u Rang Mu\u1ed1i M\u1ed9c Lan HEALTHY FOODS - H\u00e0ng lo\u1ea1i 1 - 250g, 500g - M\u1ed9c Lan<\/title>\n<link rel=\"canonical\" href=\"https:\/\/moclan.com.vn\/en\/product\/hat-dieu-rang-muoi-moc-lan-healthy-foods-hang-loai-1-250g-500g\/\" \/>\n<meta property=\"og:locale\" content=\"en_US\" \/>\n<meta property=\"og:type\" content=\"article\" \/>\n<meta property=\"og:title\" content=\"H\u1ea1t \u0110i\u1ec1u Rang Mu\u1ed1i M\u1ed9c Lan HEALTHY FOODS - H\u00e0ng lo\u1ea1i 1 - 250g, 500g - M\u1ed9c Lan\" \/>\n<meta property=\"og:description\" content=\"H\u1ea1t \u0110i\u1ec1u Rang Mu\u1ed1i M\u1ed9c Lan HEALTHY FOODS - H\u00e0ng lo\u1ea1i 1 - 250g, 500g [...]Read More...\" \/>\n<meta property=\"og:url\" content=\"https:\/\/moclan.com.vn\/en\/product\/hat-dieu-rang-muoi-moc-lan-healthy-foods-hang-loai-1-250g-500g\/\" \/>\n<meta property=\"og:site_name\" content=\"M\u1ed9c Lan\" \/>\n<meta property=\"article:modified_time\" content=\"2026-04-19T17:02:40+00:00\" \/>\n<meta property=\"og:image\" content=\"https:\/\/moclan.com.vn\/wp-content\/uploads\/2025\/06\/z5542685842944_c7a934ea30f8e30a8ad48ad2943dd861.jpg\" \/>\n\t<meta property=\"og:image:width\" content=\"1440\" \/>\n\t<meta property=\"og:image:height\" content=\"1920\" \/>\n<meta name=\"twitter:card\" content=\"summary_large_image\" \/>\n<meta name=\"twitter:label1\" content=\"Est. reading time\">\n\t<meta name=\"twitter:data1\" content=\"5 minutes\">\n<script type=\"application\/ld+json\" class=\"yoast-schema-graph\">{\"@context\":\"https:\/\/schema.org\",\"@graph\":[{\"@type\":\"WebSite\",\"@id\":\"https:\/\/moclan.com.vn\/#website\",\"url\":\"https:\/\/moclan.com.vn\/\",\"name\":\"M\\u1ed9c Lan\",\"description\":\"\",\"potentialAction\":[{\"@type\":\"SearchAction\",\"target\":\"https:\/\/moclan.com.vn\/?s={search_term_string}\",\"query-input\":\"required name=search_term_string\"}],\"inLanguage\":\"en-US\"},{\"@type\":\"ImageObject\",\"@id\":\"https:\/\/moclan.com.vn\/hat-dieu-rang-muoi-moc-lan-healthy-foods-hang-loai-1-250g-500g\/#primaryimage\",\"inLanguage\":\"en-US\",\"url\":\"https:\/\/moclan.com.vn\/wp-content\/uploads\/2025\/06\/z5542685842944_c7a934ea30f8e30a8ad48ad2943dd861.jpg\",\"width\":1440,\"height\":1920},{\"@type\":\"WebPage\",\"@id\":\"https:\/\/moclan.com.vn\/hat-dieu-rang-muoi-moc-lan-healthy-foods-hang-loai-1-250g-500g\/#webpage\",\"url\":\"https:\/\/moclan.com.vn\/hat-dieu-rang-muoi-moc-lan-healthy-foods-hang-loai-1-250g-500g\/\",\"name\":\"H\\u1ea1t \\u0110i\\u1ec1u Rang Mu\\u1ed1i M\\u1ed9c Lan HEALTHY FOODS - H\\u00e0ng lo\\u1ea1i 1 - 250g, 500g - M\\u1ed9c Lan\",\"isPartOf\":{\"@id\":\"https:\/\/moclan.com.vn\/#website\"},\"primaryImageOfPage\":{\"@id\":\"https:\/\/moclan.com.vn\/hat-dieu-rang-muoi-moc-lan-healthy-foods-hang-loai-1-250g-500g\/#primaryimage\"},\"datePublished\":\"2025-06-23T04:39:58+00:00\",\"dateModified\":\"2026-04-19T17:02:40+00:00\",\"breadcrumb\":{\"@id\":\"https:\/\/moclan.com.vn\/hat-dieu-rang-muoi-moc-lan-healthy-foods-hang-loai-1-250g-500g\/#breadcrumb\"},\"inLanguage\":\"en-US\",\"potentialAction\":[{\"@type\":\"ReadAction\",\"target\":[\"https:\/\/moclan.com.vn\/hat-dieu-rang-muoi-moc-lan-healthy-foods-hang-loai-1-250g-500g\/\"]}]},{\"@type\":\"BreadcrumbList\",\"@id\":\"https:\/\/moclan.com.vn\/hat-dieu-rang-muoi-moc-lan-healthy-foods-hang-loai-1-250g-500g\/#breadcrumb\",\"itemListElement\":[{\"@type\":\"ListItem\",\"position\":1,\"item\":{\"@type\":\"WebPage\",\"@id\":\"https:\/\/moclan.com.vn\/\",\"url\":\"https:\/\/moclan.com.vn\/\",\"name\":\"Trang ch\\u1ee7\"}},{\"@type\":\"ListItem\",\"position\":2,\"item\":{\"@type\":\"WebPage\",\"@id\":\"https:\/\/moclan.com.vn\/san-pham\/\",\"url\":\"https:\/\/moclan.com.vn\/san-pham\/\",\"name\":\"S\\u1ea3n ph\\u1ea9m\"}},{\"@type\":\"ListItem\",\"position\":3,\"item\":{\"@type\":\"WebPage\",\"@id\":\"https:\/\/moclan.com.vn\/hat-dieu-rang-muoi-moc-lan-healthy-foods-hang-loai-1-250g-500g\/\",\"url\":\"https:\/\/moclan.com.vn\/hat-dieu-rang-muoi-moc-lan-healthy-foods-hang-loai-1-250g-500g\/\",\"name\":\"H\\u1ea1t \\u0110i\\u1ec1u Rang Mu\\u1ed1i M\\u1ed9c Lan HEALTHY FOODS &#8211; H\\u00e0ng lo\\u1ea1i 1 &#8211; 250g, 500g\"}}]}]}<\/script>\n<!-- \/ Yoast SEO Premium plugin. -->","_links":{"self":[{"href":"https:\/\/moclan.com.vn\/en\/wp-json\/wp\/v2\/product\/3997"}],"collection":[{"href":"https:\/\/moclan.com.vn\/en\/wp-json\/wp\/v2\/product"}],"about":[{"href":"https:\/\/moclan.com.vn\/en\/wp-json\/wp\/v2\/types\/product"}],"replies":[{"embeddable":true,"href":"https:\/\/moclan.com.vn\/en\/wp-json\/wp\/v2\/comments?post=3997"}],"wp:featuredmedia":[{"embeddable":true,"href":"https:\/\/moclan.com.vn\/en\/wp-json\/wp\/v2\/media\/4001"}],"wp:attachment":[{"href":"https:\/\/moclan.com.vn\/en\/wp-json\/wp\/v2\/media?parent=3997"}],"wp:term":[{"taxonomy":"product_cat","embeddable":true,"href":"https:\/\/moclan.com.vn\/en\/wp-json\/wp\/v2\/product_cat?post=3997"},{"taxonomy":"product_tag","embeddable":true,"href":"https:\/\/moclan.com.vn\/en\/wp-json\/wp\/v2\/product_tag?post=3997"}],"curies":[{"name":"wp","href":"https:\/\/api.w.org\/{rel}","templated":true}]}}