


{"id":4013,"date":"2025-06-23T11:49:19","date_gmt":"2025-06-23T04:49:19","guid":{"rendered":"https:\/\/moclan.com.vn\/?post_type=product&#038;p=4013"},"modified":"2026-04-18T12:51:19","modified_gmt":"2026-04-18T05:51:19","slug":"tra-tam-sen-moc-lan-dac-san-hue-250g-500g","status":"publish","type":"product","link":"https:\/\/moclan.com.vn\/en\/product\/tra-tam-sen-moc-lan-dac-san-hue-250g-500g\/","title":{"rendered":"Tr\u00e0 t\u00e2m sen M\u1ed9c Lan &#8211; \u0111\u1eb7c s\u1ea3n Hu\u1ebf &#8211; 250g, 500g"},"content":{"rendered":"<p>Tr\u00e0 t\u00e2m sen M\u1ed9cLan HEALTHY FOODS<\/p>\n<p><strong>\u0110\u1eb7c \u0111i\u1ec3m n\u1ed5i b\u1eadt<\/strong><\/p>\n<p>Ho\u00e0n to\u00e0n t\u1eeb thi\u00ean nhi\u00ean, kh\u00f4ng ch\u1ea5t b\u1ea3o qu\u1ea3n hay ph\u1ea9m m\u00e0u nh\u00e2n t\u1ea1o.<\/p>\n<p>Gi\u00fap an th\u1ea7n, tr\u1ecb m\u1ea5t ng\u1ee7 v\u00e0 c\u1ea3i thi\u1ec7n gi\u1ea5c ng\u1ee7.<\/p>\n<p>Thanh nhi\u1ec7t, gi\u1ea3i \u0111\u1ed9c c\u01a1 th\u1ec3 v\u00e0 h\u1ed7 tr\u1ee3 ch\u0103m s\u00f3c da.<\/p>\n<p>Tim sen t\u1eeb l\u00e2u \u0111\u01b0\u1ee3c s\u1eed d\u1ee5ng trong y h\u1ecdc truy\u1ec1n th\u1ed1ng ch\u00e2u \u00c1 nh\u01b0 m\u1ed9t d\u00f2ng tr\u00e0 th\u1ea3o m\u1ed9c c\u00f3 t\u00ednh h\u00e0n, gi\u00fap thanh nhi\u1ec7t gi\u1ea3i \u0111\u1ed9c cho c\u01a1 th\u1ec3, l\u00e0m d\u1ecbu v\u00e0 gi\u1ea3m b\u1edbt t\u00ecnh tr\u1ea1ng ph\u00e1t ban v\u00e0o m\u00f9a n\u00f3ng, thanh l\u1ecdc c\u01a1 th\u1ec3 qua \u0111\u01b0\u1eddng ti\u1ebft ni\u1ec7u.<\/p>\n<p>Tr\u00e0 t\u00e2m sen l\u00e0 s\u1ea3n ph\u1ea9m ho\u00e0n to\u00e0n t\u1eeb thi\u00ean nhi\u00ean, l\u00e0 m\u1ed9t lo\u1ea1i tr\u00e0 th\u1ea3o d\u01b0\u1ee3c \u0111\u01b0\u1ee3c nhi\u1ec1u ng\u01b0\u1eddi s\u1eed d\u1ee5ng trong vi\u1ec7c ch\u0103m s\u00f3c s\u1ee9c kh\u1ecfe, \u0111\u1eb7c bi\u1ec7t s\u1eed d\u1ee5ng tr\u00e0 t\u00e2m sen gi\u00fap b\u1ea1n c\u00f3 m\u1ed9t gi\u1ea5c ng\u1ee7 ngon, s\u00e2u gi\u1ea5c h\u01a1n<\/p>\n<p>Tr\u00e0 t\u00e2m sen hay c\u00f2n \u0111\u01b0\u1ee3c g\u1ecdi v\u1edbi c\u00e1i t\u00ean kh\u00e1c l\u00e0 tr\u00e0 tim sen, \u0111\u00e2y l\u00e0 ph\u1ea7n m\u1ea7m c\u1ee7a c\u00e2y \u0111\u01b0\u1ee3c n\u1eb1m b\u00ean trong h\u1ea1t sen, c\u00f3 m\u00e0u xanh, ng\u1eafn v\u00e0 \u0111\u01b0\u1ee3c s\u1ea5y kh\u00f4 \u0111\u1ec3 l\u00e0m tr\u00e0. Tr\u00e0 t\u00e2m sen \u0111\u01b0\u1ee3c nhi\u1ec1u ng\u01b0\u1eddi bi\u1ebft \u0111\u1ebfn v\u1edbi kh\u1ea3 n\u0103ng gi\u00fap ng\u01b0\u1eddi s\u1eed d\u1ee5ng an th\u1ea7n, tr\u1ecb ch\u1ee9ng m\u1ea5t ng\u1ee7. L\u00e0 s\u1ea3n ph\u1ea9m c\u00f3 ngu\u1ed3n g\u1ed1c 100% t\u1eeb thi\u00ean nhi\u00ean v\u00e0 r\u1ea5t t\u1ed1t cho s\u1ee9c kh\u1ecfe.<\/p>\n<p><strong>T\u00e1c d\u1ee5ng c\u1ee7a t\u00e2m sen<\/strong><\/p>\n<p>T\u00e2m sen hay c\u00f2n g\u1ecdi l\u00e0 tim sen, n\u00f3 n\u1eb1m trong nh\u1ee5y c\u1ee7a hoa sen. T\u00e2m sen nh\u1ecf nh\u01b0 c\u00e2y t\u0103m, m\u00e0u xanh v\u00e0 ng\u1eafn ch\u1ec9 kho\u1ea3ng 1cm. T\u00e2m sen c\u00f3 v\u1ecb \u0111\u1eafng, t\u00ednh h\u00e0n v\u00e0 nhi\u1ec1u th\u00e0nh ph\u1ea7n d\u01b0\u1ee1ng ch\u1ea5t kh\u00e1c t\u1ed1t cho s\u1ee9c kh\u1ecfe.<\/p>\n<p>T\u00e2m sen c\u00f3 nhi\u1ec1u c\u00f4ng d\u1ee5ng tuy\u1ec7t v\u1eddi cho s\u1ee9c kh\u1ecfe c\u01a1 th\u1ec3<\/p>\n<p>U\u1ed1ng t\u00e2m sen gi\u00fap an th\u1ea7n v\u00e0 ng\u1ee7 ngon gi\u1ea5c<\/p>\n<p>T\u00e2m sen l\u00e0 m\u1ed9t trong nh\u1eefng s\u1ea3n ph\u1ea9m tuy\u1ec7t v\u1eddi c\u00f3 t\u00e1c d\u1ee5ng an th\u1ea7n, tr\u1ecb ch\u1ee9ng m\u1ea5t ng\u1ee7 v\u00e0 gi\u00fap gi\u1ea5c ng\u1ee7 \u0111\u01b0\u1ee3c ngon, s\u00e2u h\u01a1n. B\u1edfi trong t\u00e2m sen c\u00f3 ch\u1ee9a c\u00e1c d\u01b0\u1ee1ng ch\u1ea5t nh\u01b0 asparagin, alkaloid (nelumbin, nuciferin, liensini). C\u00f4ng d\u1ee5ng c\u1ee7a nh\u1eefng ch\u1ea5t n\u00e0y l\u00e0 tr\u1ea5n t\u0129nh c\u0169ng nh\u01b0 c\u1ea3i thi\u1ec7n gi\u1ea5c ng\u1ee7 v\u00e0 tr\u1ecb b\u1ec7nh m\u1ea5t ng\u1ee7 kinh ni\u00ean.<\/p>\n<p>T\u00e2m sen gi\u00fap \u1ed5n \u0111\u1ecbnh huy\u1ebft \u00e1p v\u00e0 t\u1ed1t cho tim<\/p>\n<p>Theo c\u00e1c chuy\u00ean gia ch\u0103m s\u00f3c s\u1ee9c kh\u1ecfe cho bi\u1ebft, t\u00e2m sen c\u00f3 kh\u1ea3 n\u0103ng \u0111i\u1ec1u h\u00f2a, gi\u1ea3m cao huy\u1ebft \u00e1p, \u1ed5n \u0111\u1ecbnh nh\u1ecbp tim hi\u1ec7u qu\u1ea3. Nh\u01b0 v\u1eady, n\u1ebfu ng\u01b0\u1eddi n\u00e0o th\u01b0\u1eddng trong tr\u1ea1ng th\u00e1i lo l\u1eafng, h\u1ed3i h\u1ed9p, tim \u0111\u1eadp nhanh b\u1ea5t th\u01b0\u1eddng v\u00e0 hay b\u1ecb cao huy\u1ebft \u00e1p th\u00ec s\u1eed d\u1ee5ng t\u00e2m sen t\u1ecf ra c\u00f4ng hi\u1ec7u v\u00f4 c\u00f9ng.<\/p>\n<p>T\u00e2m sen c\u00f3 kh\u1ea3 n\u0103ng thanh nhi\u1ec7t, gi\u1ea3i \u0111\u1ed9c<\/p>\n<p>Nh\u1edd c\u00f3 v\u1ecb \u0111\u1eafng, t\u00ednh h\u00e0n m\u00e0 khi u\u1ed1ng t\u00e2m sen s\u1ebd gi\u00fap thanh nhi\u1ec7t, gi\u1ea3i \u0111\u1ed9c c\u01a1 th\u1ec3. Ng\u00e0y h\u00e8 n\u00f3ng n\u1ef1c u\u1ed1ng m\u1ed9t ly n\u01b0\u1edbc t\u00e2m sen s\u1ebd xua tan c\u00e1i n\u00f3ng, l\u00e0m d\u1ecbu c\u01a1 th\u1ec3 nhanh ch\u00f3ng. \u0110\u1ed3ng th\u1eddi, nh\u1edd kh\u1ea3 n\u0103ng gi\u1ea3i \u0111\u1ed9c m\u00e0 khi u\u1ed1ng t\u00e2m sen \u0111\u1ec1u \u0111\u1eb7n v\u00e0 \u0111\u00fang c\u00e1ch s\u1ebd h\u1ed7 tr\u1ee3 ch\u0103m s\u00f3c l\u00e0n da l\u00e1ng m\u1ecbn, s\u1ea1ch m\u1ee5n, gi\u1ea3m d\u1ecb \u1ee9ng da r\u00f5 r\u1ec7t.<\/p>\n<p>T\u00e2m sen h\u1ed7 tr\u1ee3 tr\u1ecb ch\u1ee9ng b\u00ed ti\u1ec3u<\/p>\n<p>B\u00ed ti\u1ec3u l\u00e0 bi\u1ec3u hi\u1ec7n c\u1ee7a vi\u1ec7c b\u1ecb m\u1eafc ti\u1ec3u m\u00e0 kh\u00f4ng th\u1ec3 \u0111i v\u1ec7 sinh \u0111\u01b0\u1ee3c. \u0110\u1ec3 c\u1ea3i thi\u1ec7n t\u00ecnh tr\u1ea1ng n\u00e0y, ng\u01b0\u1eddi b\u1ec7nh c\u1ea7n u\u1ed1ng t\u00e2m sen \u0111\u1ec1u \u0111\u1eb7n m\u1ed7i ng\u00e0y. N\u1ebfu c\u00f3 th\u1ec3 n\u00ean k\u1ebft h\u1ee3p v\u1edbi cam th\u1ea3o \u0111\u1ec3 \u0111\u1ea1t k\u1ebft qu\u1ea3 tr\u1ecb b\u1ec7nh nhanh ch\u00f3ng nh\u1ea5t.<\/p>\n<p>T\u00e2m sen ch\u1eefa b\u1ec7nh \u00f9 tai, di tinh<\/p>\n<p>M\u1ed9t trong nh\u1eefng c\u00f4ng d\u1ee5ng kh\u00e1c c\u1ee7a t\u00e2m sen \u0111\u00f3 l\u00e0 n\u00f3 c\u00f2n h\u1ed7 tr\u1ee3 tr\u1ecb b\u1ec7nh \u00f9 tai, di tinh, di m\u1ed9ng c\u00f4ng hi\u1ec7u. Ng\u01b0\u1eddi gi\u00e0 th\u01b0\u1eddng s\u1ebd b\u1ecb \u00f9 tai n\u00ean n\u1ebfu u\u1ed1ng t\u00e2m sen th\u00ec c\u00f3 th\u1ec3 c\u1ea3i thi\u1ec7n b\u1ec7nh v\u00e0 gi\u00fap gi\u1ea5c ng\u1ee7 c\u1ee7a ng\u01b0\u1eddi gi\u00e0 \u0111\u01b0\u1ee3c ngon gi\u1ea5c h\u01a1n.<\/p>","protected":false},"excerpt":{"rendered":"<p>Tr\u00e0 t\u00e2m sen M\u1ed9c Lan &#8211; \u0111\u1eb7c s\u1ea3n Hu\u1ebf &#8211; 250g, 500g [&#8230;]<\/p>\n<p><a class=\"btn btn-secondary understrap-read-more-link\" href=\"https:\/\/moclan.com.vn\/en\/product\/tra-tam-sen-moc-lan-dac-san-hue-250g-500g\/\">Read More&#8230;<\/a><\/p>","protected":false},"featured_media":4024,"comment_status":"closed","ping_status":"closed","template":"","meta":[],"product_cat":[737,661],"product_tag":[],"yoast_head":"<!-- This site is optimized with the Yoast SEO Premium plugin v15.9.2 - https:\/\/yoast.com\/wordpress\/plugins\/seo\/ -->\n<title>Tr\u00e0 t\u00e2m sen M\u1ed9c Lan - \u0111\u1eb7c s\u1ea3n Hu\u1ebf - 250g, 500g - M\u1ed9c Lan<\/title>\n<link rel=\"canonical\" href=\"https:\/\/moclan.com.vn\/en\/product\/tra-tam-sen-moc-lan-dac-san-hue-250g-500g\/\" \/>\n<meta property=\"og:locale\" content=\"en_US\" \/>\n<meta property=\"og:type\" content=\"article\" \/>\n<meta property=\"og:title\" content=\"Tr\u00e0 t\u00e2m sen M\u1ed9c Lan - \u0111\u1eb7c s\u1ea3n Hu\u1ebf - 250g, 500g - M\u1ed9c Lan\" \/>\n<meta property=\"og:description\" content=\"Tr\u00e0 t\u00e2m sen M\u1ed9c Lan - \u0111\u1eb7c s\u1ea3n Hu\u1ebf - 250g, 500g [...]Read More...\" \/>\n<meta property=\"og:url\" content=\"https:\/\/moclan.com.vn\/en\/product\/tra-tam-sen-moc-lan-dac-san-hue-250g-500g\/\" \/>\n<meta property=\"og:site_name\" content=\"M\u1ed9c Lan\" \/>\n<meta property=\"article:modified_time\" content=\"2026-04-18T05:51:19+00:00\" \/>\n<meta property=\"og:image\" content=\"https:\/\/moclan.com.vn\/wp-content\/uploads\/2025\/06\/z5536281100496_09257a17ba3253a1dc44e32ea2cca18c.jpg\" \/>\n\t<meta property=\"og:image:width\" content=\"1440\" \/>\n\t<meta property=\"og:image:height\" content=\"1920\" \/>\n<meta name=\"twitter:card\" content=\"summary_large_image\" \/>\n<meta name=\"twitter:label1\" content=\"Est. reading time\">\n\t<meta name=\"twitter:data1\" content=\"3 minutes\">\n<script type=\"application\/ld+json\" class=\"yoast-schema-graph\">{\"@context\":\"https:\/\/schema.org\",\"@graph\":[{\"@type\":\"WebSite\",\"@id\":\"https:\/\/moclan.com.vn\/#website\",\"url\":\"https:\/\/moclan.com.vn\/\",\"name\":\"M\\u1ed9c Lan\",\"description\":\"\",\"potentialAction\":[{\"@type\":\"SearchAction\",\"target\":\"https:\/\/moclan.com.vn\/?s={search_term_string}\",\"query-input\":\"required name=search_term_string\"}],\"inLanguage\":\"en-US\"},{\"@type\":\"ImageObject\",\"@id\":\"https:\/\/moclan.com.vn\/tra-tam-sen-moc-lan-dac-san-hue-250g-500g\/#primaryimage\",\"inLanguage\":\"en-US\",\"url\":\"https:\/\/moclan.com.vn\/wp-content\/uploads\/2025\/06\/z5536281100496_09257a17ba3253a1dc44e32ea2cca18c.jpg\",\"width\":1440,\"height\":1920},{\"@type\":\"WebPage\",\"@id\":\"https:\/\/moclan.com.vn\/tra-tam-sen-moc-lan-dac-san-hue-250g-500g\/#webpage\",\"url\":\"https:\/\/moclan.com.vn\/tra-tam-sen-moc-lan-dac-san-hue-250g-500g\/\",\"name\":\"Tr\\u00e0 t\\u00e2m sen M\\u1ed9c Lan - \\u0111\\u1eb7c s\\u1ea3n Hu\\u1ebf - 250g, 500g - M\\u1ed9c Lan\",\"isPartOf\":{\"@id\":\"https:\/\/moclan.com.vn\/#website\"},\"primaryImageOfPage\":{\"@id\":\"https:\/\/moclan.com.vn\/tra-tam-sen-moc-lan-dac-san-hue-250g-500g\/#primaryimage\"},\"datePublished\":\"2025-06-23T04:49:19+00:00\",\"dateModified\":\"2026-04-18T05:51:19+00:00\",\"breadcrumb\":{\"@id\":\"https:\/\/moclan.com.vn\/tra-tam-sen-moc-lan-dac-san-hue-250g-500g\/#breadcrumb\"},\"inLanguage\":\"en-US\",\"potentialAction\":[{\"@type\":\"ReadAction\",\"target\":[\"https:\/\/moclan.com.vn\/tra-tam-sen-moc-lan-dac-san-hue-250g-500g\/\"]}]},{\"@type\":\"BreadcrumbList\",\"@id\":\"https:\/\/moclan.com.vn\/tra-tam-sen-moc-lan-dac-san-hue-250g-500g\/#breadcrumb\",\"itemListElement\":[{\"@type\":\"ListItem\",\"position\":1,\"item\":{\"@type\":\"WebPage\",\"@id\":\"https:\/\/moclan.com.vn\/\",\"url\":\"https:\/\/moclan.com.vn\/\",\"name\":\"Trang ch\\u1ee7\"}},{\"@type\":\"ListItem\",\"position\":2,\"item\":{\"@type\":\"WebPage\",\"@id\":\"https:\/\/moclan.com.vn\/san-pham\/\",\"url\":\"https:\/\/moclan.com.vn\/san-pham\/\",\"name\":\"S\\u1ea3n ph\\u1ea9m\"}},{\"@type\":\"ListItem\",\"position\":3,\"item\":{\"@type\":\"WebPage\",\"@id\":\"https:\/\/moclan.com.vn\/tra-tam-sen-moc-lan-dac-san-hue-250g-500g\/\",\"url\":\"https:\/\/moclan.com.vn\/tra-tam-sen-moc-lan-dac-san-hue-250g-500g\/\",\"name\":\"Tr\\u00e0 t\\u00e2m sen M\\u1ed9c Lan &#8211; \\u0111\\u1eb7c s\\u1ea3n Hu\\u1ebf &#8211; 250g, 500g\"}}]}]}<\/script>\n<!-- \/ Yoast SEO Premium plugin. -->","_links":{"self":[{"href":"https:\/\/moclan.com.vn\/en\/wp-json\/wp\/v2\/product\/4013"}],"collection":[{"href":"https:\/\/moclan.com.vn\/en\/wp-json\/wp\/v2\/product"}],"about":[{"href":"https:\/\/moclan.com.vn\/en\/wp-json\/wp\/v2\/types\/product"}],"replies":[{"embeddable":true,"href":"https:\/\/moclan.com.vn\/en\/wp-json\/wp\/v2\/comments?post=4013"}],"wp:featuredmedia":[{"embeddable":true,"href":"https:\/\/moclan.com.vn\/en\/wp-json\/wp\/v2\/media\/4024"}],"wp:attachment":[{"href":"https:\/\/moclan.com.vn\/en\/wp-json\/wp\/v2\/media?parent=4013"}],"wp:term":[{"taxonomy":"product_cat","embeddable":true,"href":"https:\/\/moclan.com.vn\/en\/wp-json\/wp\/v2\/product_cat?post=4013"},{"taxonomy":"product_tag","embeddable":true,"href":"https:\/\/moclan.com.vn\/en\/wp-json\/wp\/v2\/product_tag?post=4013"}],"curies":[{"name":"wp","href":"https:\/\/api.w.org\/{rel}","templated":true}]}}