


{"id":4027,"date":"2025-06-23T12:04:29","date_gmt":"2025-06-23T05:04:29","guid":{"rendered":"https:\/\/moclan.com.vn\/?post_type=product&#038;p=4027"},"modified":"2026-04-19T13:33:41","modified_gmt":"2026-04-19T06:33:41","slug":"mam-dau-nanh-250g-500g","status":"publish","type":"product","link":"https:\/\/moclan.com.vn\/en\/product\/mam-dau-nanh-250g-500g\/","title":{"rendered":"M\u1ea7m \u0110\u1eadu N\u00e0nh \u2013 250G, 500G"},"content":{"rendered":"<p>M\u1ea7m \u0110\u1eadu N\u00e0nh Nguy\u00ean X\u01a1 M\u1ed9c Lan, B\u1ed9t M\u1ea7m \u0110\u1eadu N\u00e0nh T\u0103ng V\u00f2ng 1 th\u00e0nh ph\u1ea7n 100% T\u1ef1 Nhi\u00ean, An To\u00e0n Tuy\u1ec7t \u0110\u1ed1i<\/p>\n<p><strong>C\u00f4ng D\u1ee5ng M\u1ea7m \u0110\u1eadu N\u00e0nh M\u1ed9c Lan<\/strong><\/p>\n<p>S\u1ea3n ph\u1ea9m m\u1ea7m \u0111\u1eadu n\u00e0nh cao c\u1ea5p M\u1ed9c Lan t\u1eeb 100% nguy\u00ean li\u1ec7u h\u1eefu c\u01a1 tr\u00ean c\u00f4ng ngh\u1ec7 \u1ee7 m\u1ea7m v\u00e0 chi\u1ebft xu\u1ea5t Nano hi\u1ec7n \u0111\u1ea1i gi\u00fap ch\u1ecb em qu\u00ean \u0111i n\u1ed7i lo v\u1ec1 v\u00f3c d\u00e1ng, k\u00edch th\u01b0\u1edbc v\u00f2ng 1, nhu c\u1ea7u sinh d\u1ee5c. L\u1ef1a ch\u1ecdn \u0111\u00e1ng tin c\u1eady v\u00e0 hi\u1ec7u qu\u1ea3 cho ph\u00e1i \u0111\u1eb9p.<\/p>\n<p>\u272c Gi\u00fap t\u0103ng k\u00edch th\u01b0\u1edbc v\u00e0 l\u00e0m s\u0103n ch\u1eafc v\u00f2ng 1<\/p>\n<p>\u2736 B\u1ed5 sung Isoflavones gi\u00fap c\u00e2n b\u1eb1ng l\u01b0\u1ee3ng estrogen cho c\u01a1 th\u1ec3, t\u0103ng n\u1ed9i ti\u1ebft t\u1ed1 n\u1eef, ham mu\u1ed1n, kinh nguy\u1ec7t \u0111\u1ec1u h\u01a1n<\/p>\n<p>\u2735 B\u1ea3o v\u1ec7 l\u1edbp collagen c\u1ee7a da, gi\u00fap da c\u0103ng m\u1ecbn, \u0111\u00e0n h\u1ed3i, gi\u1ea3m n\u1ebfp nh\u0103n<\/p>\n<p>\u274a B\u1ed5 sung \u0111\u1ea1m th\u1ef1c v\u1eadt, axit b\u00e9o kh\u00f4ng no, vitamin, kho\u00e1ng ch\u1ea5t<\/p>\n<p>\u2731 H\u1ed7 tr\u1ee3 ng\u0103n ng\u1eeba ung th\u01b0 v\u00fa<\/p>\n<p>\u272c Gi\u1ea3m c\u00e1c nguy c\u01a1 v\u1ec1 b\u1ec7nh tim m\u1ea1ch, t\u1ed1t cho h\u1ec7 x\u01b0\u01a1ng kh\u1edbp<\/p>\n<p>\u2736 H\u1ed7 tr\u1ee3 ch\u1ebf \u0111\u1ed9 gi\u1ea3m c\u00e2n<\/p>\n<p><strong>C\u00e1ch s\u1eed d\u1ee5ng c\u1ee7a m\u1ea7m \u0111\u1eadu n\u00e0nh cao c\u1ea5p M\u1ed9c Lan<\/strong><\/p>\n<p>\u2749 U\u1ed1ng: H\u00f2a tan 2-3 th\u00eca b\u1ed9t m\u1ea7m \u0111\u1eadu n\u00e0nh v\u00e0o 150ml n\u01b0\u1edbc \u1ea5m, u\u1ed1ng \u0111\u1ec1u \u0111\u1eb7n ng\u00e0y 3 l\u1ea7n \u0111\u1ec3 \u0111\u1ea1t \u0111\u01b0\u1ee3c k\u1ebft qu\u1ea3 t\u1ed1t nh\u1ea5t<\/p>\n<p>\u2749 L\u00e0m m\u1eb7t n\u1ea1 t\u01b0\u01a1i \u0111\u1eafp m\u1eb7t: pha c\u00f9ng m\u1eadt ong, s\u1eefa chua, s\u1eefa t\u01b0\u01a1i, \u0111\u1eafp m\u1eb7t 30p r\u1ed3i r\u1eeda s\u1ea1ch v\u1edbi n\u01b0\u1edbc \u1ea5m, tu\u1ea7n \u0111\u1eafp 2 l\u1ea7n \u0111\u1ec3 c\u00f3 l\u00e0n da \u0111\u1eb9p<\/p>\n<p><strong>Th\u00e0nh ph\u1ea7n:<\/strong><\/p>\n<p>B\u1ed9t M\u1ea7m \u0111\u1eadu n\u00e0nh cao c\u1ea5p M\u1ed9c Lan \u0111\u01b0\u1ee3c tinh ch\u1ebf t\u1eeb 100% Nguy\u00ean li\u1ec7u h\u1eefu c\u01a1 tr\u00ean d\u00e2y chuy\u1ec1n hi\u1ec7n \u0111\u1ea1i \u0111\u1ea3m b\u1ea3o gi\u1eef l\u1ea1i nh\u1eefng tinh ch\u1ea5t gi\u00fap c\u01a1 th\u1ec3 tr\u1ebb \u0111\u1eb9p v\u00e0 gia t\u0103ng nhu c\u1ea7u sinh d\u1ee5c c\u1ee7a ph\u00e1i \u0111\u1eb9p:<\/p>\n<p>\u272c Isoflavones c\u00f2n \u0111\u01b0\u1ee3c xem nh\u01b0 Estrogen th\u1ea3o d\u01b0\u1ee3c<\/p>\n<p>\u272c Protein v\u00e0 c\u00e1c acid amin<\/p>\n<p>\u272c Lipid<\/p>\n<p>\u272c Carbohydrates<\/p>\n<p>\u272c Ch\u1ea5t x\u01a1, Vitamin v\u00e0 kho\u00e1ng ch\u1ea5t, \u2026<\/p>\n<p>B\u1ea3o qu\u1ea3n<\/p>\n<p>N\u01a1i kh\u00f4 r\u00e1o, tho\u00e1ng m\u00e1t.<\/p>\n<p>Cam k\u1ebft t\u1eeb Shop:<\/p>\n<p>\u2749 C\u00e1c s\u1ea3n ph\u1ea9m th\u01b0\u01a1ng hi\u1ec7u M\u1ed9c Lan \u0111\u1ea3m b\u1ea3o 100% t\u1ef1 nhi\u00ean, v\u1edbi ngu\u1ed3n nguy\u00ean li\u1ec7u \u0111\u01b0\u1ee3c ch\u0103m s\u00f3c v\u00e0 l\u1ef1a ch\u1ecdn k\u1ef9 l\u01b0\u1ee1ng t\u1eeb kh\u1eafp c\u00e1c trang tr\u1ea1i n\u00f4ng s\u1ea3n h\u1eefu c\u01a1 uy t\u00edn, v\u00e0 \u0111\u01b0\u1ee3c s\u1ea3n xu\u1ea5t tr\u00ean d\u00e2y chuy\u1ec1n \u0111\u1ea1t ti\u00eau chu\u1ea9n an to\u00e0n qu\u1ed1c t\u1ebf ISO 22000<\/p>\n<p>\u2749 Ngo\u00e0i ra, v\u1edbi s\u1ee9 m\u1ec7nh &#8220;V\u00ec m\u1ed9t cu\u1ed9c s\u1ed1ng t\u1ed1t \u0111\u1eb9p h\u01a1n cho ng\u01b0\u1eddi Vi\u1ec7t&#8221;, M\u1ed9c Lan Healthy c\u00f2n l\u00e0 \u0111\u1ed1i t\u00e1c h\u1ee3p t\u00e1c ph\u00e2n ph\u1ed1i l\u00e2u n\u0103m cho nh\u1eefng th\u01b0\u01a1ng hi\u1ec7u nh\u00e0 v\u01b0\u1eddn uy t\u00edn v\u00e0 \u0111\u1ea1t chu\u1ea9n organic tr\u00ean kh\u1eafp c\u1ea3 n\u01b0\u1edbc.<\/p>\n<p>\u2749 Trong m\u1ecdi tr\u01b0\u1eddng h\u1ee3p s\u1ea3n ph\u1ea9m b\u1ecb h\u01b0 h\u1ecfng, k\u00e9m ch\u1ea5t l\u01b0\u1ee3ng, g\u1eedi sai, thi\u1ebfu s\u1ea3n ph\u1ea9m\u2026 xin h\u00e3y nh\u1eafn ngay cho M\u1ed9c Lan, b\u1ea1n s\u1ebd \u0111\u01b0\u1ee3c \u0111\u1ed5i, b\u1ed5 sung ngay s\u1ea3n ph\u1ea9m m\u1edbi ch\u1ea5t l\u01b0\u1ee3ng ho\u1eb7c \u0111\u01b0\u1ee3c ho\u00e0n tr\u1ea3 100% gi\u00e1 tr\u1ecb \u0111\u01a1n h\u00e0ng.<\/p>\n<ul>\n<li>NSX: Xem tr\u00ean bao b\u00ec<\/li>\n<li>HSD: 12 th\u00e1ng k\u1ec3 t\u1eeb NSX<\/li>\n<li>Tr\u1ecdng l\u01b0\u1ee3ng: 250g, 500g<\/li>\n<\/ul>\n<p>L\u01afU \u00dd: S\u1ea2N PH\u1ea8M N\u00c0Y KH\u00d4NG PH\u1ea2I L\u00c0 THU\u1ed0C V\u00c0 KH\u00d4NG C\u00d3 T\u00c1C D\u1ee4NG THAY TH\u1ebe THU\u1ed0C CH\u1eeeA B\u1ec6NH<\/p>","protected":false},"excerpt":{"rendered":"<p>M\u1ea7m \u0110\u1eadu N\u00e0nh nguy\u00ean x\u01a1 Tinh Ch\u1ebf Cao C\u1ea5p T\u0103ng V\u00f2ng 1 M\u1ed9c Lan \u0110\u1ea1t Chu\u1ea9n Qu\u1ed1c T\u1ebf ISO 22000:2018 [&#8230;]<\/p>\n<p><a class=\"btn btn-secondary understrap-read-more-link\" href=\"https:\/\/moclan.com.vn\/en\/product\/mam-dau-nanh-250g-500g\/\">Read More&#8230;<\/a><\/p>","protected":false},"featured_media":4047,"comment_status":"closed","ping_status":"closed","template":"","meta":[],"product_cat":[737,653,681],"product_tag":[713],"yoast_head":"<!-- This site is optimized with the Yoast SEO Premium plugin v15.9.2 - https:\/\/yoast.com\/wordpress\/plugins\/seo\/ -->\n<title>M\u1ea7m \u0110\u1eadu N\u00e0nh \u2013 250G, 500G - M\u1ed9c Lan<\/title>\n<link rel=\"canonical\" href=\"https:\/\/moclan.com.vn\/en\/product\/mam-dau-nanh-250g-500g\/\" \/>\n<meta property=\"og:locale\" content=\"en_US\" \/>\n<meta property=\"og:type\" content=\"article\" \/>\n<meta property=\"og:title\" content=\"M\u1ea7m \u0110\u1eadu N\u00e0nh \u2013 250G, 500G - M\u1ed9c Lan\" \/>\n<meta property=\"og:description\" content=\"M\u1ea7m \u0110\u1eadu N\u00e0nh nguy\u00ean x\u01a1 Tinh Ch\u1ebf Cao C\u1ea5p T\u0103ng V\u00f2ng 1 M\u1ed9c Lan \u0110\u1ea1t Chu\u1ea9n Qu\u1ed1c T\u1ebf ISO 22000:2018 [...]Read More...\" \/>\n<meta property=\"og:url\" content=\"https:\/\/moclan.com.vn\/en\/product\/mam-dau-nanh-250g-500g\/\" \/>\n<meta property=\"og:site_name\" content=\"M\u1ed9c Lan\" \/>\n<meta property=\"article:modified_time\" content=\"2026-04-19T06:33:41+00:00\" \/>\n<meta property=\"og:image\" content=\"https:\/\/moclan.com.vn\/wp-content\/uploads\/2025\/06\/z5567218193627_0ea88716b185b6b4eb9a190003a81ce7.jpg\" \/>\n\t<meta property=\"og:image:width\" content=\"1920\" \/>\n\t<meta property=\"og:image:height\" content=\"1920\" \/>\n<meta name=\"twitter:card\" content=\"summary_large_image\" \/>\n<meta name=\"twitter:label1\" content=\"Est. reading time\">\n\t<meta name=\"twitter:data1\" content=\"3 minutes\">\n<script type=\"application\/ld+json\" class=\"yoast-schema-graph\">{\"@context\":\"https:\/\/schema.org\",\"@graph\":[{\"@type\":\"WebSite\",\"@id\":\"https:\/\/moclan.com.vn\/#website\",\"url\":\"https:\/\/moclan.com.vn\/\",\"name\":\"M\\u1ed9c Lan\",\"description\":\"\",\"potentialAction\":[{\"@type\":\"SearchAction\",\"target\":\"https:\/\/moclan.com.vn\/?s={search_term_string}\",\"query-input\":\"required name=search_term_string\"}],\"inLanguage\":\"en-US\"},{\"@type\":\"ImageObject\",\"@id\":\"https:\/\/moclan.com.vn\/mam-dau-nanh-250g-500g\/#primaryimage\",\"inLanguage\":\"en-US\",\"url\":\"https:\/\/moclan.com.vn\/wp-content\/uploads\/2025\/06\/z5567218193627_0ea88716b185b6b4eb9a190003a81ce7.jpg\",\"width\":1920,\"height\":1920},{\"@type\":\"WebPage\",\"@id\":\"https:\/\/moclan.com.vn\/mam-dau-nanh-250g-500g\/#webpage\",\"url\":\"https:\/\/moclan.com.vn\/mam-dau-nanh-250g-500g\/\",\"name\":\"M\\u1ea7m \\u0110\\u1eadu N\\u00e0nh \\u2013 250G, 500G - M\\u1ed9c Lan\",\"isPartOf\":{\"@id\":\"https:\/\/moclan.com.vn\/#website\"},\"primaryImageOfPage\":{\"@id\":\"https:\/\/moclan.com.vn\/mam-dau-nanh-250g-500g\/#primaryimage\"},\"datePublished\":\"2025-06-23T05:04:29+00:00\",\"dateModified\":\"2026-04-19T06:33:41+00:00\",\"breadcrumb\":{\"@id\":\"https:\/\/moclan.com.vn\/mam-dau-nanh-250g-500g\/#breadcrumb\"},\"inLanguage\":\"en-US\",\"potentialAction\":[{\"@type\":\"ReadAction\",\"target\":[\"https:\/\/moclan.com.vn\/mam-dau-nanh-250g-500g\/\"]}]},{\"@type\":\"BreadcrumbList\",\"@id\":\"https:\/\/moclan.com.vn\/mam-dau-nanh-250g-500g\/#breadcrumb\",\"itemListElement\":[{\"@type\":\"ListItem\",\"position\":1,\"item\":{\"@type\":\"WebPage\",\"@id\":\"https:\/\/moclan.com.vn\/\",\"url\":\"https:\/\/moclan.com.vn\/\",\"name\":\"Trang ch\\u1ee7\"}},{\"@type\":\"ListItem\",\"position\":2,\"item\":{\"@type\":\"WebPage\",\"@id\":\"https:\/\/moclan.com.vn\/san-pham\/\",\"url\":\"https:\/\/moclan.com.vn\/san-pham\/\",\"name\":\"S\\u1ea3n ph\\u1ea9m\"}},{\"@type\":\"ListItem\",\"position\":3,\"item\":{\"@type\":\"WebPage\",\"@id\":\"https:\/\/moclan.com.vn\/mam-dau-nanh-250g-500g\/\",\"url\":\"https:\/\/moclan.com.vn\/mam-dau-nanh-250g-500g\/\",\"name\":\"M\\u1ea7m \\u0110\\u1eadu N\\u00e0nh \\u2013 250G, 500G\"}}]}]}<\/script>\n<!-- \/ Yoast SEO Premium plugin. -->","_links":{"self":[{"href":"https:\/\/moclan.com.vn\/en\/wp-json\/wp\/v2\/product\/4027"}],"collection":[{"href":"https:\/\/moclan.com.vn\/en\/wp-json\/wp\/v2\/product"}],"about":[{"href":"https:\/\/moclan.com.vn\/en\/wp-json\/wp\/v2\/types\/product"}],"replies":[{"embeddable":true,"href":"https:\/\/moclan.com.vn\/en\/wp-json\/wp\/v2\/comments?post=4027"}],"wp:featuredmedia":[{"embeddable":true,"href":"https:\/\/moclan.com.vn\/en\/wp-json\/wp\/v2\/media\/4047"}],"wp:attachment":[{"href":"https:\/\/moclan.com.vn\/en\/wp-json\/wp\/v2\/media?parent=4027"}],"wp:term":[{"taxonomy":"product_cat","embeddable":true,"href":"https:\/\/moclan.com.vn\/en\/wp-json\/wp\/v2\/product_cat?post=4027"},{"taxonomy":"product_tag","embeddable":true,"href":"https:\/\/moclan.com.vn\/en\/wp-json\/wp\/v2\/product_tag?post=4027"}],"curies":[{"name":"wp","href":"https:\/\/api.w.org\/{rel}","templated":true}]}}