


{"id":4049,"date":"2025-06-23T12:09:42","date_gmt":"2025-06-23T05:09:42","guid":{"rendered":"https:\/\/moclan.com.vn\/?post_type=product&#038;p=4049"},"modified":"2026-04-21T16:49:30","modified_gmt":"2026-04-21T09:49:30","slug":"bot-gao-lut-me-den-nep-cam-moc-lan-250g-500g","status":"publish","type":"product","link":"https:\/\/moclan.com.vn\/en\/product\/bot-gao-lut-me-den-nep-cam-moc-lan-250g-500g\/","title":{"rendered":"B\u1ed9t g\u1ea1o l\u1ee9t m\u00e8 \u0111en n\u1ebfp c\u1ea9m M\u1ed9c Lan &#8211; 250g, 500g"},"content":{"rendered":"<p><strong>B\u1ed8T G\u1ea0O L\u1ee8T M\u00c8 \u0110EN N\u1ebeP C\u1ea8M M\u1ed8C LAN HEALTHY<\/strong><\/p>\n<p>Th\u00f4ng tin s\u1ea3n ph\u1ea9m<br \/>\n&#8211; T\u00ean s\u1ea3n ph\u1ea9m: B\u1ed9t g\u1ea1o l\u1ee9t m\u00e8 \u0111en n\u1ebfp c\u1ea9m M\u1ed9c Lan<br \/>\n&#8211; Xu\u1ea5t x\u1ee9: Vi\u1ec7t Nam<br \/>\n&#8211; Th\u00e0nh ph\u1ea7n: G\u1ea1o l\u1ee9t, M\u00e8 \u0111en, N\u1ebfp c\u1ea9m<br \/>\n&#8211; Tr\u1ecdng l\u01b0\u1ee3ng: 250g, 500g<br \/>\n&#8211; H\u1ea1n s\u1eed d\u1ee5ng: 12 th\u00e1ng k\u1ec3 t\u1eeb NSX<\/p>\n<p>B\u1ed9t g\u1ea1o l\u1ee9t m\u00e8 \u0111en h\u1ed5 tr\u1ee3 \u0103n ki\u00eang, gi\u1ea3m c\u00e2n, 100% t\u1ef1 nhi\u00ean M\u1ed9c Lan \u0111\u01b0\u1ee3c l\u00e0m t\u1eeb c\u00e1c h\u1ea1t thu\u1ea7n ch\u1ee7ng v\u1edbi ph\u01b0\u01a1ng th\u1ee9c rang xay truy\u1ec1n th\u1ed1ng t\u1ea1o n\u00ean h\u01b0\u01a1ng v\u1ecb th\u01a1m ngon \u0111\u1eadm \u0111\u00e0. C\u00e1c lo\u1ea1i h\u1ea1t nguy\u00ean h\u1ea1t, kh\u00f4ng t\u00e1ch m\u1ea7m \u0111\u01b0\u1ee3c rang v\u1edbi nhi\u1ec7t \u0111\u1ed9 v\u1eeba ph\u1ea3i gi\u1eef l\u1ea1i ch\u1ea5t dinh d\u01b0\u1ee1ng qu\u00fd gi\u00e1 trong h\u1ea1t. S\u1ea3n ph\u1ea9m l\u00e0m theo c\u00f4ng th\u1ee9c th\u1ef1c d\u01b0\u1ee1ng Ohsawa gi\u00fap c\u00e2n b\u1eb1ng c\u01a1 th\u1ec3, \u0111\u1eb7c bi\u1ec7t t\u1ed1t cho ng\u01b0\u1eddi l\u1edbn tu\u1ed5i ho\u1eb7c k\u1ebft h\u1ee3p v\u1edbi ch\u1ebf \u0111\u1ed9 \u0103n gi\u1ea3m c\u00e2n.<\/p>\n<p>&#8211; H\u01b0\u1edbng d\u1eabn s\u1eed d\u1ee5ng: Pha 22g ng\u0169 c\u1ed1c v\u1edbi n\u01b0\u1edbc n\u00f3ng tr\u00ean 80 \u0111\u1ed9, khu\u1ea5y \u0111\u1ec1u v\u00e0 th\u01b0\u1edfng th\u1ee9c. Th\u01a1m ngon khi k\u1ebft h\u1ee3p v\u1edbi s\u1eefa.<br \/>\n&#8211; B\u1ea3o qu\u1ea3n: \u0110\u1eady n\u1eafp k\u00edn sau m\u1ed7i l\u1ea7n s\u1eed d\u1ee5ng. B\u1ea3o qu\u1ea3n n\u01a1i kh\u00f4 r\u00e1o, tho\u00e1ng m\u00e1t, tr\u00e1nh \u00e1nh n\u1eafng tr\u1ef1c ti\u1ebfp.<\/p>","protected":false},"excerpt":{"rendered":"<p>B\u1ed9t g\u1ea1o l\u1ee9t m\u00e8 \u0111en n\u1ebfp c\u1ea9m M\u1ed9c Lan, th\u1ef1c ph\u1ea9m gi\u1ea3m c\u00e2n b\u1ed5 sung dinh d\u01b0\u1ee1ng [&#8230;]<\/p>\n<p><a class=\"btn btn-secondary understrap-read-more-link\" href=\"https:\/\/moclan.com.vn\/en\/product\/bot-gao-lut-me-den-nep-cam-moc-lan-250g-500g\/\">Read More&#8230;<\/a><\/p>","protected":false},"featured_media":4057,"comment_status":"closed","ping_status":"closed","template":"","meta":[],"product_cat":[737,653],"product_tag":[],"yoast_head":"<!-- This site is optimized with the Yoast SEO Premium plugin v15.9.2 - https:\/\/yoast.com\/wordpress\/plugins\/seo\/ -->\n<title>B\u1ed9t g\u1ea1o l\u1ee9t m\u00e8 \u0111en n\u1ebfp c\u1ea9m M\u1ed9c Lan - 250g, 500g - M\u1ed9c Lan<\/title>\n<link rel=\"canonical\" href=\"https:\/\/moclan.com.vn\/en\/product\/bot-gao-lut-me-den-nep-cam-moc-lan-250g-500g\/\" \/>\n<meta property=\"og:locale\" content=\"en_US\" \/>\n<meta property=\"og:type\" content=\"article\" \/>\n<meta property=\"og:title\" content=\"B\u1ed9t g\u1ea1o l\u1ee9t m\u00e8 \u0111en n\u1ebfp c\u1ea9m M\u1ed9c Lan - 250g, 500g - M\u1ed9c Lan\" \/>\n<meta property=\"og:description\" content=\"B\u1ed9t g\u1ea1o l\u1ee9t m\u00e8 \u0111en n\u1ebfp c\u1ea9m M\u1ed9c Lan, th\u1ef1c ph\u1ea9m gi\u1ea3m c\u00e2n b\u1ed5 sung dinh d\u01b0\u1ee1ng [...]Read More...\" \/>\n<meta property=\"og:url\" content=\"https:\/\/moclan.com.vn\/en\/product\/bot-gao-lut-me-den-nep-cam-moc-lan-250g-500g\/\" \/>\n<meta property=\"og:site_name\" content=\"M\u1ed9c Lan\" \/>\n<meta property=\"article:modified_time\" content=\"2026-04-21T09:49:30+00:00\" \/>\n<meta property=\"og:image\" content=\"https:\/\/moclan.com.vn\/wp-content\/uploads\/2025\/06\/vn-11134207-7ras8-matcl28lwrtj92_tn.jpeg\" \/>\n\t<meta property=\"og:image:width\" content=\"320\" \/>\n\t<meta property=\"og:image:height\" content=\"426\" \/>\n<meta name=\"twitter:card\" content=\"summary_large_image\" \/>\n<meta name=\"twitter:label1\" content=\"Est. reading time\">\n\t<meta name=\"twitter:data1\" content=\"1 minute\">\n<script type=\"application\/ld+json\" class=\"yoast-schema-graph\">{\"@context\":\"https:\/\/schema.org\",\"@graph\":[{\"@type\":\"WebSite\",\"@id\":\"https:\/\/moclan.com.vn\/#website\",\"url\":\"https:\/\/moclan.com.vn\/\",\"name\":\"M\\u1ed9c Lan\",\"description\":\"\",\"potentialAction\":[{\"@type\":\"SearchAction\",\"target\":\"https:\/\/moclan.com.vn\/?s={search_term_string}\",\"query-input\":\"required name=search_term_string\"}],\"inLanguage\":\"en-US\"},{\"@type\":\"ImageObject\",\"@id\":\"https:\/\/moclan.com.vn\/bot-gao-lut-me-den-nep-cam-moc-lan-250g-500g\/#primaryimage\",\"inLanguage\":\"en-US\",\"url\":\"https:\/\/moclan.com.vn\/wp-content\/uploads\/2025\/06\/vn-11134207-7ras8-matcl28lwrtj92_tn.jpeg\",\"width\":320,\"height\":426},{\"@type\":\"WebPage\",\"@id\":\"https:\/\/moclan.com.vn\/bot-gao-lut-me-den-nep-cam-moc-lan-250g-500g\/#webpage\",\"url\":\"https:\/\/moclan.com.vn\/bot-gao-lut-me-den-nep-cam-moc-lan-250g-500g\/\",\"name\":\"B\\u1ed9t g\\u1ea1o l\\u1ee9t m\\u00e8 \\u0111en n\\u1ebfp c\\u1ea9m M\\u1ed9c Lan - 250g, 500g - M\\u1ed9c Lan\",\"isPartOf\":{\"@id\":\"https:\/\/moclan.com.vn\/#website\"},\"primaryImageOfPage\":{\"@id\":\"https:\/\/moclan.com.vn\/bot-gao-lut-me-den-nep-cam-moc-lan-250g-500g\/#primaryimage\"},\"datePublished\":\"2025-06-23T05:09:42+00:00\",\"dateModified\":\"2026-04-21T09:49:30+00:00\",\"breadcrumb\":{\"@id\":\"https:\/\/moclan.com.vn\/bot-gao-lut-me-den-nep-cam-moc-lan-250g-500g\/#breadcrumb\"},\"inLanguage\":\"en-US\",\"potentialAction\":[{\"@type\":\"ReadAction\",\"target\":[\"https:\/\/moclan.com.vn\/bot-gao-lut-me-den-nep-cam-moc-lan-250g-500g\/\"]}]},{\"@type\":\"BreadcrumbList\",\"@id\":\"https:\/\/moclan.com.vn\/bot-gao-lut-me-den-nep-cam-moc-lan-250g-500g\/#breadcrumb\",\"itemListElement\":[{\"@type\":\"ListItem\",\"position\":1,\"item\":{\"@type\":\"WebPage\",\"@id\":\"https:\/\/moclan.com.vn\/\",\"url\":\"https:\/\/moclan.com.vn\/\",\"name\":\"Trang ch\\u1ee7\"}},{\"@type\":\"ListItem\",\"position\":2,\"item\":{\"@type\":\"WebPage\",\"@id\":\"https:\/\/moclan.com.vn\/san-pham\/\",\"url\":\"https:\/\/moclan.com.vn\/san-pham\/\",\"name\":\"S\\u1ea3n ph\\u1ea9m\"}},{\"@type\":\"ListItem\",\"position\":3,\"item\":{\"@type\":\"WebPage\",\"@id\":\"https:\/\/moclan.com.vn\/bot-gao-lut-me-den-nep-cam-moc-lan-250g-500g\/\",\"url\":\"https:\/\/moclan.com.vn\/bot-gao-lut-me-den-nep-cam-moc-lan-250g-500g\/\",\"name\":\"B\\u1ed9t g\\u1ea1o l\\u1ee9t m\\u00e8 \\u0111en n\\u1ebfp c\\u1ea9m M\\u1ed9c Lan &#8211; 250g, 500g\"}}]}]}<\/script>\n<!-- \/ Yoast SEO Premium plugin. -->","_links":{"self":[{"href":"https:\/\/moclan.com.vn\/en\/wp-json\/wp\/v2\/product\/4049"}],"collection":[{"href":"https:\/\/moclan.com.vn\/en\/wp-json\/wp\/v2\/product"}],"about":[{"href":"https:\/\/moclan.com.vn\/en\/wp-json\/wp\/v2\/types\/product"}],"replies":[{"embeddable":true,"href":"https:\/\/moclan.com.vn\/en\/wp-json\/wp\/v2\/comments?post=4049"}],"wp:featuredmedia":[{"embeddable":true,"href":"https:\/\/moclan.com.vn\/en\/wp-json\/wp\/v2\/media\/4057"}],"wp:attachment":[{"href":"https:\/\/moclan.com.vn\/en\/wp-json\/wp\/v2\/media?parent=4049"}],"wp:term":[{"taxonomy":"product_cat","embeddable":true,"href":"https:\/\/moclan.com.vn\/en\/wp-json\/wp\/v2\/product_cat?post=4049"},{"taxonomy":"product_tag","embeddable":true,"href":"https:\/\/moclan.com.vn\/en\/wp-json\/wp\/v2\/product_tag?post=4049"}],"curies":[{"name":"wp","href":"https:\/\/api.w.org\/{rel}","templated":true}]}}