


{"id":4070,"date":"2025-06-23T12:44:37","date_gmt":"2025-06-23T05:44:37","guid":{"rendered":"https:\/\/moclan.com.vn\/?post_type=product&#038;p=4070"},"modified":"2026-04-19T23:35:22","modified_gmt":"2026-04-19T16:35:22","slug":"bot-cacao-nguyen-chat-100-dam-vi-moc-lan-healthy-250g-500g","status":"publish","type":"product","link":"https:\/\/moclan.com.vn\/en\/product\/bot-cacao-nguyen-chat-100-dam-vi-moc-lan-healthy-250g-500g\/","title":{"rendered":"B\u1ed9t Cacao Nguy\u00ean Ch\u1ea5t 100% \u0111\u1eadm v\u1ecb M\u1ed9c Lan Healthy &#8211; 250g, 500g"},"content":{"rendered":"<p>B\u00f4\u0323t cacao nguy\u00ean ch\u00e2\u0301t M\u1ed9c Lan Healthy<\/p>\n<p>Cacao t\u01b0\u0300 l\u00e2u \u0111\u01b0\u1ee3c m\u1ec7nh danh l\u00e0 \u201dth\u1ee9c \u0103n c\u1ee7a c\u00e1c v\u1ecb th\u1ea7n\u201d \u1edf ch\u00e2u M\u1ef9, v\u00e0 \u0111\u00e2y c\u0169ng ch\u00ednh l\u00e0 n\u01a1i c\u00e2y cacao \u0111\u01b0\u1ee3c tr\u1ed3ng \u0111\u1ea7u ti\u00ean. B\u00f4\u0323t cacao \u0111\u01b0\u1ee3c vi\u0301 nh\u01b0 l\u00e0 m\u1ed9t \u201csuperfood\u201d do c\u00f3 ch\u1ee9a m\u1ed9t l\u01b0\u1ee3ng r\u1ea5t l\u1edbn c\u00e1c ch\u1ea5t dinh d\u01b0\u1ee1ng thi\u1ebft y\u1ebfu, r\u1ea5t \u00edt t\u00e1c d\u1ee5ng ph\u1ee5 ke\u0300m theo nh\u1eefng l\u1ee3i \u00edch mang \u0111\u00ea\u0301n cho s\u01b0\u0301c kho\u0309e con ng\u01b0\u01a1\u0300i. B\u00ean trong m\u1ed7i qu\u1ea3 ch\u1ee9a r\u1ea5t nhi\u1ec1u h\u1ea1t cacao nh\u1ecf v\u00e0 chu\u0301ng \u0111\u01b0\u1ee3c bao b\u1ecdc b\u1edfi 1 l\u1edbp b\u1ed9t m\u1ecfng m\u00e0u tr\u1eafng.<br \/>\nB\u1ed9t cacao nguy\u00ean ch\u1ea5t c\u00f3 m\u00e0u n\u00e2u \u0111\u1ecf, khi pha s\u1ebd c\u00f3 m\u00f9i th\u01a1m n\u1ed3ng, \u0111\u1eafng v\u00e0 b\u00e9o d\u1ecbu t\u1eeb b\u01a1 cacao t\u1ef1 nhi\u00ean.<\/p>\n<p><strong>C\u00d4NG D\u1ee4NG:<\/strong><\/p>\n<p>&#8211; H\u1ed7 tr\u1ee3 ki\u1ec3m so\u00e1t tro\u0323ng l\u01b0\u01a1\u0323ng c\u01a1 th\u00ea\u0309, ch\u00ea\u0301 bi\u00ea\u0301n ca\u0301c th\u01b0\u0323c ph\u00e2\u0309m gia\u0309m c\u00e2n<br \/>\n&#8211; Gi\u1ea3m cao huy\u1ebft \u00e1p, gi\u1ea3m nguy c\u01a1 \u0111au tim, \u0111\u1ed9t qu\u1ef5<br \/>\n&#8211; H\u1ee3p ch\u1ea5t trong cacao gi\u00fap ng\u0103n ng\u1eeba g\u1ed1c t\u1ef1 do, ch\u1ed1ng l\u00e3o h\u00f3a t\u1ebf b\u00e0o, gi\u00fap da m\u1ecbn m\u00e0ng v\u00e0 ng\u0103n h\u00ecnh th\u00e0nh n\u1ebfp nh\u0103n.<br \/>\n&#8211; Gi\u1ea3m c\u0103ng th\u1eb3ng, m\u1ec7t m\u1ecfi nh\u1edd c\u1ea3i thi\u1ec7n l\u01b0u l\u01b0\u1ee3ng m\u00e1u l\u00ean n\u00e3o<br \/>\n&#8211; Ph\u00f2ng ch\u1ed1ng ung th\u01b0, ng\u0103n ch\u1eb7n ti\u1ec3u \u0111\u01b0\u1eddng<br \/>\n&#8211; Ngoa\u0300i ra, cacao co\u0300n \u0111\u01b0\u01a1\u0323c s\u01b0\u0309 du\u0323ng \u0111\u00ea\u0309 pha ch\u00ea\u0301 ca\u0301c loa\u0323i th\u01b0\u0301c u\u00f4\u0301ng b\u00f4\u0309 d\u01b0\u01a1\u0303ng,<\/p>\n<p><strong>H\u01af\u1edaNG D\u1eaaN S\u1eec D\u1ee4NG:<\/strong><\/p>\n<p>B\u01b0\u1edbc 1: \u0110un s\u00f4i n\u01b0\u1edbc: \u0110\u1ec3 cacao tan \u0111\u1ec1u kh\u00f4ng b\u1ecb v\u00f3n c\u1ee5c, b\u1ea1n h\u00e3y d\u00f9ng n\u01b0\u1edbc n\u00f3ng 70-100 \u0111\u1ed9.<br \/>\nB\u01b0\u1edbc 2: Cho b\u1ed9t cacao v\u00e0o ly: S\u1eed d\u1ee5ng kho\u1ea3ng 2-3 mu\u1ed7ng cafe b\u1ed9t cacao nguy\u00ean ch\u1ea5t.<br \/>\nB\u01b0\u1edbc 3: Cho s\u1eefa \u0111\u1eb7c ho\u1eb7c \u0111\u01b0\u1eddng: V\u00ec cacao nguy\u00ean ch\u1ea5t n\u00ean ch\u01b0a c\u00f3 v\u1ecb ng\u1ecdt, ta th\u00eam s\u1eefa \u0111\u1eb7c s\u1ebd giu\u0301p h\u01b0\u01a1ng v\u1ecb ta\u0301ch cacao th\u01a1m ngon h\u01a1n. L\u01b0\u1ee3ng ng\u1ecdt t\u00f9y theo kh\u1ea9u v\u1ecb b\u1ea3n th\u00e2n.<br \/>\nB\u01b0\u1edbc 4: \u0110\u00e1nh l\u00ean th\u1eadt \u0111\u1ec1u: Vi\u1ec7c \u0111\u00e1nh cacao c\u00f9ng s\u1eefa tr\u01b0\u1edbc khi cho n\u01b0\u1edbc gi\u00fap b\u1ed9t tan \u0111\u1ec1u h\u01a1n v\u00e0 kh\u00f4ng b\u1ecb v\u00f3n.<br \/>\nB\u01b0\u1edbc 5: Ch\u1ebf n\u01b0\u1edbc n\u00f3ng va\u0300o ta\u0301ch r\u1ed3i khu\u1ea5y tan h\u1ed7n h\u1ee3p \u0111\u00ea\u0309 b\u1ed9t d\u1eady m\u00f9i th\u01a1m h\u01a1n. \u0110\u1ed1i v\u1edbi cacao n\u00f3ng kho\u1ea3ng 120ml n\u01b0\u1edbc. N\u1ebfu u\u1ed1ng l\u1ea1nh b\u1ea1n cho \u00edt n\u01b0\u1edbc h\u01a1n \u0111\u1ec3 th\u01b0\u1edfng th\u1ee9c c\u00f9ng \u0111\u00e1.<\/p>\n<p><strong>TH\u00d4NG TIN S\u1ea2N PH\u1ea8M:<\/strong><\/p>\n<p>Th\u00e0nh ph\u1ea7n: 100% cacao \u0111\u01b0\u1ee3c l\u1ef1a ch\u1ecdn t\u1eeb vu\u0300ng tr\u00f4\u0300ng s\u1ea1ch v\u00e0 ch\u1ea5t l\u01b0\u1ee3ng.<br \/>\nKh\u1ed1i l\u01b0\u1ee3ng: 250g, 500g<br \/>\nHSD: 12 th\u00e1ng k\u1ec3 t\u1eeb ng\u00e0y s\u1ea3n xu\u1ea5t.<br \/>\nB\u1ea2O QU\u1ea2N: N\u01a1i kh\u00f4 r\u00e1o, tho\u00e1ng m\u00e1t, t\u1ed1t nh\u1ea5t trong ng\u0103n m\u00e1t t\u1ee7 l\u1ea1nh. \u0110\u1eady k\u00edn bao b\u00ec sau khi s\u1eed d\u1ee5ng.<\/p>\n<p><strong>M\u1ed8C LAN CAM K\u1ebeT:<\/strong><\/p>\n<p>S\u1ea1ch &#8211; L\u00e0nh &#8211; Thu\u1ea7n T\u1ef1 Nhi\u00ean.<br \/>\nLu\u00f4n \u01b0u ti\u00ean s\u1ea3n xu\u1ea5t s\u1ea3n ph\u1ea9m m\u1edbi nh\u1ea5t \u0111\u1ebfn tay kh\u00e1ch h\u00e0ng.<br \/>\n\u0110\u1ea3m b\u1ea3o V\u1ec7 sinh an to\u00e0n th\u1ef1c ph\u1ea9m v\u00e0 c\u00f3 gi\u1ea5y ch\u1ee9ng nh\u1eadn \u0111\u1ea7y \u0111\u1ee7.<br \/>\nChuy\u00ean cung c\u1ea5p c\u00e1c s\u1ea3n ph\u1ea9m s\u1ea1ch, thu\u1ea7n t\u1ef1 nhi\u00ean v\u00e0 t\u1ed1t cho s\u1ee9c kh\u1ecfe.<br \/>\n2 KH\u00d4NG:<br \/>\n&#8211; Kh\u00f4ng Ch\u1ea5t b\u1ea3o qu\u1ea3n<br \/>\n&#8211; Kh\u00f4ng Ph\u1ea9m m\u00e0u ph\u1ee5 gia<\/p>\n<p><strong>CH\u00cdNH S\u00c1CH CSKH:<\/strong><\/p>\n<p>&#8211; S\u1eb5n s\u00e0ng h\u1ed7 tr\u1ee3, gi\u1ea3i quy\u1ebft m\u1ecdi v\u1ea5n \u0111\u1ec1 c\u1ee7a kh\u00e1ch h\u00e0ng Tr\u01b0\u1edbc \u2013 Trong v\u00e0 Sau khi s\u1eed d\u1ee5ng s\u1ea3n ph\u1ea9m.<\/p>","protected":false},"excerpt":{"rendered":"<p>B\u1ed9t Cacao Nguy\u00ean Ch\u1ea5t 100% \u0111\u1eadm v\u1ecb M\u1ed9c Lan Healthy &#8211; 250g, 500g [&#8230;]<\/p>\n<p><a class=\"btn btn-secondary understrap-read-more-link\" href=\"https:\/\/moclan.com.vn\/en\/product\/bot-cacao-nguyen-chat-100-dam-vi-moc-lan-healthy-250g-500g\/\">Read More&#8230;<\/a><\/p>","protected":false},"featured_media":4071,"comment_status":"closed","ping_status":"closed","template":"","meta":[],"product_cat":[737,653,667],"product_tag":[],"yoast_head":"<!-- This site is optimized with the Yoast SEO Premium plugin v15.9.2 - https:\/\/yoast.com\/wordpress\/plugins\/seo\/ -->\n<title>B\u1ed9t Cacao Nguy\u00ean Ch\u1ea5t 100% \u0111\u1eadm v\u1ecb M\u1ed9c Lan Healthy - 250g, 500g - M\u1ed9c Lan<\/title>\n<link rel=\"canonical\" href=\"https:\/\/moclan.com.vn\/en\/product\/bot-cacao-nguyen-chat-100-dam-vi-moc-lan-healthy-250g-500g\/\" \/>\n<meta property=\"og:locale\" content=\"en_US\" \/>\n<meta property=\"og:type\" content=\"article\" \/>\n<meta property=\"og:title\" content=\"B\u1ed9t Cacao Nguy\u00ean Ch\u1ea5t 100% \u0111\u1eadm v\u1ecb M\u1ed9c Lan Healthy - 250g, 500g - M\u1ed9c Lan\" \/>\n<meta property=\"og:description\" content=\"B\u1ed9t Cacao Nguy\u00ean Ch\u1ea5t 100% \u0111\u1eadm v\u1ecb M\u1ed9c Lan Healthy - 250g, 500g [...]Read More...\" \/>\n<meta property=\"og:url\" content=\"https:\/\/moclan.com.vn\/en\/product\/bot-cacao-nguyen-chat-100-dam-vi-moc-lan-healthy-250g-500g\/\" \/>\n<meta property=\"og:site_name\" content=\"M\u1ed9c Lan\" \/>\n<meta property=\"article:modified_time\" content=\"2026-04-19T16:35:22+00:00\" \/>\n<meta property=\"og:image\" content=\"https:\/\/moclan.com.vn\/wp-content\/uploads\/2025\/06\/vn-11134207-7r98o-lo7sz9opq4fr77.jpg\" \/>\n\t<meta property=\"og:image:width\" content=\"800\" \/>\n\t<meta property=\"og:image:height\" content=\"800\" \/>\n<meta name=\"twitter:card\" content=\"summary_large_image\" \/>\n<meta name=\"twitter:label1\" content=\"Est. reading time\">\n\t<meta name=\"twitter:data1\" content=\"3 minutes\">\n<script type=\"application\/ld+json\" class=\"yoast-schema-graph\">{\"@context\":\"https:\/\/schema.org\",\"@graph\":[{\"@type\":\"WebSite\",\"@id\":\"https:\/\/moclan.com.vn\/#website\",\"url\":\"https:\/\/moclan.com.vn\/\",\"name\":\"M\\u1ed9c Lan\",\"description\":\"\",\"potentialAction\":[{\"@type\":\"SearchAction\",\"target\":\"https:\/\/moclan.com.vn\/?s={search_term_string}\",\"query-input\":\"required name=search_term_string\"}],\"inLanguage\":\"en-US\"},{\"@type\":\"ImageObject\",\"@id\":\"https:\/\/moclan.com.vn\/bot-cacao-nguyen-chat-100-dam-vi-moc-lan-healthy-250g-500g\/#primaryimage\",\"inLanguage\":\"en-US\",\"url\":\"https:\/\/moclan.com.vn\/wp-content\/uploads\/2025\/06\/vn-11134207-7r98o-lo7sz9opq4fr77.jpg\",\"width\":800,\"height\":800},{\"@type\":\"WebPage\",\"@id\":\"https:\/\/moclan.com.vn\/bot-cacao-nguyen-chat-100-dam-vi-moc-lan-healthy-250g-500g\/#webpage\",\"url\":\"https:\/\/moclan.com.vn\/bot-cacao-nguyen-chat-100-dam-vi-moc-lan-healthy-250g-500g\/\",\"name\":\"B\\u1ed9t Cacao Nguy\\u00ean Ch\\u1ea5t 100% \\u0111\\u1eadm v\\u1ecb M\\u1ed9c Lan Healthy - 250g, 500g - M\\u1ed9c Lan\",\"isPartOf\":{\"@id\":\"https:\/\/moclan.com.vn\/#website\"},\"primaryImageOfPage\":{\"@id\":\"https:\/\/moclan.com.vn\/bot-cacao-nguyen-chat-100-dam-vi-moc-lan-healthy-250g-500g\/#primaryimage\"},\"datePublished\":\"2025-06-23T05:44:37+00:00\",\"dateModified\":\"2026-04-19T16:35:22+00:00\",\"breadcrumb\":{\"@id\":\"https:\/\/moclan.com.vn\/bot-cacao-nguyen-chat-100-dam-vi-moc-lan-healthy-250g-500g\/#breadcrumb\"},\"inLanguage\":\"en-US\",\"potentialAction\":[{\"@type\":\"ReadAction\",\"target\":[\"https:\/\/moclan.com.vn\/bot-cacao-nguyen-chat-100-dam-vi-moc-lan-healthy-250g-500g\/\"]}]},{\"@type\":\"BreadcrumbList\",\"@id\":\"https:\/\/moclan.com.vn\/bot-cacao-nguyen-chat-100-dam-vi-moc-lan-healthy-250g-500g\/#breadcrumb\",\"itemListElement\":[{\"@type\":\"ListItem\",\"position\":1,\"item\":{\"@type\":\"WebPage\",\"@id\":\"https:\/\/moclan.com.vn\/\",\"url\":\"https:\/\/moclan.com.vn\/\",\"name\":\"Trang ch\\u1ee7\"}},{\"@type\":\"ListItem\",\"position\":2,\"item\":{\"@type\":\"WebPage\",\"@id\":\"https:\/\/moclan.com.vn\/san-pham\/\",\"url\":\"https:\/\/moclan.com.vn\/san-pham\/\",\"name\":\"S\\u1ea3n ph\\u1ea9m\"}},{\"@type\":\"ListItem\",\"position\":3,\"item\":{\"@type\":\"WebPage\",\"@id\":\"https:\/\/moclan.com.vn\/bot-cacao-nguyen-chat-100-dam-vi-moc-lan-healthy-250g-500g\/\",\"url\":\"https:\/\/moclan.com.vn\/bot-cacao-nguyen-chat-100-dam-vi-moc-lan-healthy-250g-500g\/\",\"name\":\"B\\u1ed9t Cacao Nguy\\u00ean Ch\\u1ea5t 100% \\u0111\\u1eadm v\\u1ecb M\\u1ed9c Lan Healthy &#8211; 250g, 500g\"}}]}]}<\/script>\n<!-- \/ Yoast SEO Premium plugin. -->","_links":{"self":[{"href":"https:\/\/moclan.com.vn\/en\/wp-json\/wp\/v2\/product\/4070"}],"collection":[{"href":"https:\/\/moclan.com.vn\/en\/wp-json\/wp\/v2\/product"}],"about":[{"href":"https:\/\/moclan.com.vn\/en\/wp-json\/wp\/v2\/types\/product"}],"replies":[{"embeddable":true,"href":"https:\/\/moclan.com.vn\/en\/wp-json\/wp\/v2\/comments?post=4070"}],"wp:featuredmedia":[{"embeddable":true,"href":"https:\/\/moclan.com.vn\/en\/wp-json\/wp\/v2\/media\/4071"}],"wp:attachment":[{"href":"https:\/\/moclan.com.vn\/en\/wp-json\/wp\/v2\/media?parent=4070"}],"wp:term":[{"taxonomy":"product_cat","embeddable":true,"href":"https:\/\/moclan.com.vn\/en\/wp-json\/wp\/v2\/product_cat?post=4070"},{"taxonomy":"product_tag","embeddable":true,"href":"https:\/\/moclan.com.vn\/en\/wp-json\/wp\/v2\/product_tag?post=4070"}],"curies":[{"name":"wp","href":"https:\/\/api.w.org\/{rel}","templated":true}]}}