


{"id":4086,"date":"2025-06-23T12:53:46","date_gmt":"2025-06-23T05:53:46","guid":{"rendered":"https:\/\/moclan.com.vn\/?post_type=product&#038;p=4086"},"modified":"2026-04-18T10:06:40","modified_gmt":"2026-04-18T03:06:40","slug":"tra-cam-sa-moc-lan-100g","status":"publish","type":"product","link":"https:\/\/moclan.com.vn\/en\/product\/tra-cam-sa-moc-lan-100g\/","title":{"rendered":"Tr\u00e0 cam s\u1ea3 M\u1ed9c Lan &#8211; 100g"},"content":{"rendered":"<p><strong>C\u00f4ng d\u1ee5ng c\u1ee7a Cam s\u1ea3:<\/strong><\/p>\n<p>Theo nghi\u00ean c\u1ee9u khoa h\u1ecdc, t\u1eeb l\u00e2u, trong y h\u1ecdc c\u1ed5 truy\u1ec1n, v\u1ecf cam \u0111\u01b0\u1ee3c v\u00ed nh\u01b0 v\u1ecb thu\u1ed1c h\u1ed7 tr\u1ee3 t\u1ed1t cho d\u1ea1 d\u00e0y, c\u1ea3m l\u1ea1nh, phong h\u00e0n, ti\u00eau ho\u00e1 kh\u00f4ng t\u1ed1t, t\u00e1o b\u00f3n, kh\u1eed tr\u00f9ng, h\u1ed7 tr\u1ee3 c\u1ea3i thi\u1ec7n gi\u1ea5c ng\u1ee7, ti\u00eau \u0111\u1eddm, ho, n\u00f4n m\u1eeda; S\u1ea3 c\u0169ng l\u00e0 v\u1ecb thu\u1ed1c t\u1ed1t cho s\u1ee9c kh\u1ecfe c\u00f3 t\u00e1c d\u1ee5ng h\u1ed7 tr\u1ee3 gi\u1ea3i c\u1ea3m, gi\u1ea3i \u0111\u1ed9c v\u00e0 gi\u1ea3m c\u00e2n. Khoa h\u1ecdc khuy\u1ebfn c\u00e1o kh\u00f4ng n\u00ean d\u00f9ng tr\u00e1i cam t\u01b0\u01a1i \u0111\u1ec3 u\u1ed1ng m\u00e0 ph\u1ea3i d\u00f9ng l\u00e1t cam \u0111\u00e3 qua s\u1ea5y kh\u00f4.<\/p>\n<p><strong>CAM K\u1ebeT S\u1ea2N PH\u1ea8M<\/strong><\/p>\n<p>S\u1ea3n ph\u1ea9m c\u00f3 ngu\u1ed3n g\u1ed1c 100% t\u1eeb thi\u00ean nhi\u00ean.<\/p>\n<p>Kh\u00f4ng ch\u1ea5t b\u1ea3o qu\u1ea3n \u2013 Ch\u1ea5t t\u1ea1o m\u00e0u \u2013 H\u01b0\u01a1ng li\u1ec7u.<\/p>\n<p><strong>H\u01b0\u1edbng d\u1eabn s\u1eed d\u1ee5ng<\/strong><\/p>\n<p>Cho 5g tr\u00e0 cam s\u1ea3 v\u1edbi 2 l\u00edt n\u01b0\u1edbc, n\u1ea5u s\u00f4i 5 ph\u00fat. Ho\u1eb7c h\u00e3m tr\u00e0 v\u00e0o b\u00ecnh thu\u1ef7 10 ph\u00fat. C\u00f3 th\u1ec3 th\u00eam \u0111\u01b0\u1eddng v\u00e0 u\u1ed1ng n\u00f3ng ho\u1eb7c l\u1ea1nh tu\u1ef3 th\u00edch<\/p>\n<p>B\u1ea3o qu\u1ea3n n\u01a1i kh\u00f4 tho\u00e1ng, tr\u00e1nh \u00e1nh n\u1eafng tr\u1ef1c ti\u1ebfp<\/p>","protected":false},"excerpt":{"rendered":"<p>Tr\u00e0 cam s\u1ea3 M\u1ed9c Lan [&#8230;]<\/p>\n<p><a class=\"btn btn-secondary understrap-read-more-link\" href=\"https:\/\/moclan.com.vn\/en\/product\/tra-cam-sa-moc-lan-100g\/\">Read More&#8230;<\/a><\/p>","protected":false},"featured_media":4089,"comment_status":"closed","ping_status":"closed","template":"","meta":[],"product_cat":[737,661,681],"product_tag":[],"yoast_head":"<!-- This site is optimized with the Yoast SEO Premium plugin v15.9.2 - https:\/\/yoast.com\/wordpress\/plugins\/seo\/ -->\n<title>Tr\u00e0 cam s\u1ea3 M\u1ed9c Lan - 100g - M\u1ed9c Lan<\/title>\n<link rel=\"canonical\" href=\"https:\/\/moclan.com.vn\/en\/product\/tra-cam-sa-moc-lan-100g\/\" \/>\n<meta property=\"og:locale\" content=\"en_US\" \/>\n<meta property=\"og:type\" content=\"article\" \/>\n<meta property=\"og:title\" content=\"Tr\u00e0 cam s\u1ea3 M\u1ed9c Lan - 100g - M\u1ed9c Lan\" \/>\n<meta property=\"og:description\" content=\"Tr\u00e0 cam s\u1ea3 M\u1ed9c Lan [...]Read More...\" \/>\n<meta property=\"og:url\" content=\"https:\/\/moclan.com.vn\/en\/product\/tra-cam-sa-moc-lan-100g\/\" \/>\n<meta property=\"og:site_name\" content=\"M\u1ed9c Lan\" \/>\n<meta property=\"article:modified_time\" content=\"2026-04-18T03:06:40+00:00\" \/>\n<meta property=\"og:image\" content=\"https:\/\/moclan.com.vn\/wp-content\/uploads\/2025\/06\/z5527925430474_df63e5065124eb35462b4c7d1f1f17f5.jpg\" \/>\n\t<meta property=\"og:image:width\" content=\"960\" \/>\n\t<meta property=\"og:image:height\" content=\"1280\" \/>\n<meta name=\"twitter:card\" content=\"summary_large_image\" \/>\n<meta name=\"twitter:label1\" content=\"Est. reading time\">\n\t<meta name=\"twitter:data1\" content=\"1 minute\">\n<script type=\"application\/ld+json\" class=\"yoast-schema-graph\">{\"@context\":\"https:\/\/schema.org\",\"@graph\":[{\"@type\":\"WebSite\",\"@id\":\"https:\/\/moclan.com.vn\/#website\",\"url\":\"https:\/\/moclan.com.vn\/\",\"name\":\"M\\u1ed9c Lan\",\"description\":\"\",\"potentialAction\":[{\"@type\":\"SearchAction\",\"target\":\"https:\/\/moclan.com.vn\/?s={search_term_string}\",\"query-input\":\"required name=search_term_string\"}],\"inLanguage\":\"en-US\"},{\"@type\":\"ImageObject\",\"@id\":\"https:\/\/moclan.com.vn\/tra-cam-sa-moc-lan-100g\/#primaryimage\",\"inLanguage\":\"en-US\",\"url\":\"https:\/\/moclan.com.vn\/wp-content\/uploads\/2025\/06\/z5527925430474_df63e5065124eb35462b4c7d1f1f17f5.jpg\",\"width\":960,\"height\":1280},{\"@type\":\"WebPage\",\"@id\":\"https:\/\/moclan.com.vn\/tra-cam-sa-moc-lan-100g\/#webpage\",\"url\":\"https:\/\/moclan.com.vn\/tra-cam-sa-moc-lan-100g\/\",\"name\":\"Tr\\u00e0 cam s\\u1ea3 M\\u1ed9c Lan - 100g - M\\u1ed9c Lan\",\"isPartOf\":{\"@id\":\"https:\/\/moclan.com.vn\/#website\"},\"primaryImageOfPage\":{\"@id\":\"https:\/\/moclan.com.vn\/tra-cam-sa-moc-lan-100g\/#primaryimage\"},\"datePublished\":\"2025-06-23T05:53:46+00:00\",\"dateModified\":\"2026-04-18T03:06:40+00:00\",\"breadcrumb\":{\"@id\":\"https:\/\/moclan.com.vn\/tra-cam-sa-moc-lan-100g\/#breadcrumb\"},\"inLanguage\":\"en-US\",\"potentialAction\":[{\"@type\":\"ReadAction\",\"target\":[\"https:\/\/moclan.com.vn\/tra-cam-sa-moc-lan-100g\/\"]}]},{\"@type\":\"BreadcrumbList\",\"@id\":\"https:\/\/moclan.com.vn\/tra-cam-sa-moc-lan-100g\/#breadcrumb\",\"itemListElement\":[{\"@type\":\"ListItem\",\"position\":1,\"item\":{\"@type\":\"WebPage\",\"@id\":\"https:\/\/moclan.com.vn\/\",\"url\":\"https:\/\/moclan.com.vn\/\",\"name\":\"Trang ch\\u1ee7\"}},{\"@type\":\"ListItem\",\"position\":2,\"item\":{\"@type\":\"WebPage\",\"@id\":\"https:\/\/moclan.com.vn\/san-pham\/\",\"url\":\"https:\/\/moclan.com.vn\/san-pham\/\",\"name\":\"S\\u1ea3n ph\\u1ea9m\"}},{\"@type\":\"ListItem\",\"position\":3,\"item\":{\"@type\":\"WebPage\",\"@id\":\"https:\/\/moclan.com.vn\/tra-cam-sa-moc-lan-100g\/\",\"url\":\"https:\/\/moclan.com.vn\/tra-cam-sa-moc-lan-100g\/\",\"name\":\"Tr\\u00e0 cam s\\u1ea3 M\\u1ed9c Lan &#8211; 100g\"}}]}]}<\/script>\n<!-- \/ Yoast SEO Premium plugin. -->","_links":{"self":[{"href":"https:\/\/moclan.com.vn\/en\/wp-json\/wp\/v2\/product\/4086"}],"collection":[{"href":"https:\/\/moclan.com.vn\/en\/wp-json\/wp\/v2\/product"}],"about":[{"href":"https:\/\/moclan.com.vn\/en\/wp-json\/wp\/v2\/types\/product"}],"replies":[{"embeddable":true,"href":"https:\/\/moclan.com.vn\/en\/wp-json\/wp\/v2\/comments?post=4086"}],"wp:featuredmedia":[{"embeddable":true,"href":"https:\/\/moclan.com.vn\/en\/wp-json\/wp\/v2\/media\/4089"}],"wp:attachment":[{"href":"https:\/\/moclan.com.vn\/en\/wp-json\/wp\/v2\/media?parent=4086"}],"wp:term":[{"taxonomy":"product_cat","embeddable":true,"href":"https:\/\/moclan.com.vn\/en\/wp-json\/wp\/v2\/product_cat?post=4086"},{"taxonomy":"product_tag","embeddable":true,"href":"https:\/\/moclan.com.vn\/en\/wp-json\/wp\/v2\/product_tag?post=4086"}],"curies":[{"name":"wp","href":"https:\/\/api.w.org\/{rel}","templated":true}]}}