


{"id":4098,"date":"2025-06-23T12:58:09","date_gmt":"2025-06-23T05:58:09","guid":{"rendered":"https:\/\/moclan.com.vn\/?post_type=product&#038;p=4098"},"modified":"2026-04-20T03:21:11","modified_gmt":"2026-04-19T20:21:11","slug":"tra-ngu-coc-nguyen-chat-100-moc-lan-250g-500g","status":"publish","type":"product","link":"https:\/\/moclan.com.vn\/en\/product\/tra-ngu-coc-nguyen-chat-100-moc-lan-250g-500g\/","title":{"rendered":"Tr\u00e0 ng\u0169 c\u1ed1c nguy\u00ean ch\u1ea5t 100% M\u1ed9c Lan &#8211; 250g, 500g"},"content":{"rendered":"<p>Tr\u00e0 Ng\u0169 C\u1ed1c v\u1edbi th\u00e0nh ph\u1ea7n g\u1ea1o l\u1ee9t huy\u1ebft r\u1ed3ng ,\u0111\u1eadu \u0111en xanh l\u00f2ng, \u0111\u1eadu \u0111\u1ecf, \u0111\u1eadu xanh, th\u1ea3o quy\u1ebft minh ,hoa ho\u00e8, hoa l\u00e0i, l\u00e1 d\u1ee9a.<\/p>\n<p>Ch\u1ea5t l\u01b0\u1ee3ng 100% t\u1eeb th\u1ea3o m\u1ed9c thi\u00ean nhi\u00ean. Kh\u00f4ng h\u00f3a ch\u1ea5t, kh\u00f4ng ch\u1ea5t b\u1ea3o qu\u1ea3n<\/p>\n<p><strong>C\u00d4NG D\u1ee4NG C\u1ee6A TR\u00c0 HOA NG\u0168 C\u1ed0C<\/strong><\/p>\n<p>Gi\u1ea3m c\u00e2n, ti\u00eau m\u1edf, ch\u1ed1ng t\u00e1o b\u00f3n<\/p>\n<p>Gi\u00fap ng\u0103n ng\u1eeba ung th\u01b0<\/p>\n<p>Ng\u0103n ch\u1eb7n qu\u00e1 tr\u00ecnh l\u00e3o h\u00f3a, l\u00e0m \u0111\u1eb9p da<\/p>\n<p>Gi\u00fap l\u1ee3i s\u1eefa, k\u00edch th\u00edch tuy\u1ebfn s\u1eefa<\/p>\n<p>Gi\u00fap an th\u1ea7n ng\u1ee7 ngon, gi\u1ea3m nh\u1ee9c m\u1ecfi x\u01b0\u01a1ng kh\u1edbp<\/p>\n<p>Tr\u1ecb long \u0111\u1eddm, t\u1ed1t cho d\u1ea1 d\u00e0y, tim m\u1ea1ch<\/p>\n<p><strong>C\u00c1CH D\u00d9NG TR\u00c0 NG\u0168 C\u1ed0C<\/strong><\/p>\n<p>Pha 50g (kho\u1ea3ng 4-5 mu\u1ed7ng canh) v\u00e0o 1,5 l\u00edt n\u01b0\u1edbc s\u00f4i trong v\u00f2ng 5-10 ph\u00fat. U\u1ed1ng \u0111\u1ec1u m\u1ed7i ng\u00e0y, c\u00f3 th\u1ec3 d\u00f9ng thay n\u01b0\u1edbc l\u1ecdc.<\/p>\n<p>Cho v\u00e0o ng\u0103n m\u00e1t t\u1ee7 l\u1ea1nh d\u00f9ng d\u1ea7n<\/p>\n<p><strong>TH\u00d4NG TIN S\u1ea2N PH\u1ea8M<\/strong><\/p>\n<p>T\u00ean s\u1ea3n ph\u1ea9m: Tr\u00e0 ng\u0169 c\u1ed1c<\/p>\n<p>Th\u00e0nh ph\u1ea7n: g\u1ea1o l\u1ee9t huy\u1ebft r\u1ed3ng ,\u0111\u1eadu \u0111en xanh l\u00f2ng, \u0111\u1eadu \u0111\u1ecf, \u0111\u1eadu xanh, th\u1ea3o quy\u1ebft minh ,hoa ho\u00e8, hoa l\u00e0i, l\u00e1 d\u1ee9a<\/p>\n<p>\u0110\u00f3ng g\u00f3i h\u1ee7: 500g<\/p>\n<p>Ng\u00e0y s\u1ea3n xu\u1ea5t: Ghi tr\u00ean bao b\u00ec<\/p>\n<p>H\u1ea1n s\u1eed d\u1ee5ng: 12 th\u00e1ng t\u1eeb ng\u00e0y \u0111\u00f3ng g\u00f3i<\/p>","protected":false},"excerpt":{"rendered":"<p>Tr\u00e0 ng\u0169 c\u1ed1c nguy\u00ean ch\u1ea5t 100% M\u1ed9c Lan [&#8230;]<\/p>\n<p><a class=\"btn btn-secondary understrap-read-more-link\" href=\"https:\/\/moclan.com.vn\/en\/product\/tra-ngu-coc-nguyen-chat-100-moc-lan-250g-500g\/\">Read More&#8230;<\/a><\/p>","protected":false},"featured_media":4102,"comment_status":"closed","ping_status":"closed","template":"","meta":[],"product_cat":[737,661],"product_tag":[],"yoast_head":"<!-- This site is optimized with the Yoast SEO Premium plugin v15.9.2 - https:\/\/yoast.com\/wordpress\/plugins\/seo\/ -->\n<title>Tr\u00e0 ng\u0169 c\u1ed1c nguy\u00ean ch\u1ea5t 100% M\u1ed9c Lan - 250g, 500g - M\u1ed9c Lan<\/title>\n<link rel=\"canonical\" href=\"https:\/\/moclan.com.vn\/en\/product\/tra-ngu-coc-nguyen-chat-100-moc-lan-250g-500g\/\" \/>\n<meta property=\"og:locale\" content=\"en_US\" \/>\n<meta property=\"og:type\" content=\"article\" \/>\n<meta property=\"og:title\" content=\"Tr\u00e0 ng\u0169 c\u1ed1c nguy\u00ean ch\u1ea5t 100% M\u1ed9c Lan - 250g, 500g - M\u1ed9c Lan\" \/>\n<meta property=\"og:description\" content=\"Tr\u00e0 ng\u0169 c\u1ed1c nguy\u00ean ch\u1ea5t 100% M\u1ed9c Lan [...]Read More...\" \/>\n<meta property=\"og:url\" content=\"https:\/\/moclan.com.vn\/en\/product\/tra-ngu-coc-nguyen-chat-100-moc-lan-250g-500g\/\" \/>\n<meta property=\"og:site_name\" content=\"M\u1ed9c Lan\" \/>\n<meta property=\"article:modified_time\" content=\"2026-04-19T20:21:11+00:00\" \/>\n<meta property=\"og:image\" content=\"https:\/\/moclan.com.vn\/wp-content\/uploads\/2025\/06\/99cd8a75d7b521019ccae17df131c4c3.jpg\" \/>\n\t<meta property=\"og:image:width\" content=\"960\" \/>\n\t<meta property=\"og:image:height\" content=\"960\" \/>\n<meta name=\"twitter:card\" content=\"summary_large_image\" \/>\n<meta name=\"twitter:label1\" content=\"Est. reading time\">\n\t<meta name=\"twitter:data1\" content=\"1 minute\">\n<script type=\"application\/ld+json\" class=\"yoast-schema-graph\">{\"@context\":\"https:\/\/schema.org\",\"@graph\":[{\"@type\":\"WebSite\",\"@id\":\"https:\/\/moclan.com.vn\/#website\",\"url\":\"https:\/\/moclan.com.vn\/\",\"name\":\"M\\u1ed9c Lan\",\"description\":\"\",\"potentialAction\":[{\"@type\":\"SearchAction\",\"target\":\"https:\/\/moclan.com.vn\/?s={search_term_string}\",\"query-input\":\"required name=search_term_string\"}],\"inLanguage\":\"en-US\"},{\"@type\":\"ImageObject\",\"@id\":\"https:\/\/moclan.com.vn\/tra-ngu-coc-nguyen-chat-100-moc-lan-250g-500g\/#primaryimage\",\"inLanguage\":\"en-US\",\"url\":\"https:\/\/moclan.com.vn\/wp-content\/uploads\/2025\/06\/99cd8a75d7b521019ccae17df131c4c3.jpg\",\"width\":960,\"height\":960},{\"@type\":\"WebPage\",\"@id\":\"https:\/\/moclan.com.vn\/tra-ngu-coc-nguyen-chat-100-moc-lan-250g-500g\/#webpage\",\"url\":\"https:\/\/moclan.com.vn\/tra-ngu-coc-nguyen-chat-100-moc-lan-250g-500g\/\",\"name\":\"Tr\\u00e0 ng\\u0169 c\\u1ed1c nguy\\u00ean ch\\u1ea5t 100% M\\u1ed9c Lan - 250g, 500g - M\\u1ed9c Lan\",\"isPartOf\":{\"@id\":\"https:\/\/moclan.com.vn\/#website\"},\"primaryImageOfPage\":{\"@id\":\"https:\/\/moclan.com.vn\/tra-ngu-coc-nguyen-chat-100-moc-lan-250g-500g\/#primaryimage\"},\"datePublished\":\"2025-06-23T05:58:09+00:00\",\"dateModified\":\"2026-04-19T20:21:11+00:00\",\"breadcrumb\":{\"@id\":\"https:\/\/moclan.com.vn\/tra-ngu-coc-nguyen-chat-100-moc-lan-250g-500g\/#breadcrumb\"},\"inLanguage\":\"en-US\",\"potentialAction\":[{\"@type\":\"ReadAction\",\"target\":[\"https:\/\/moclan.com.vn\/tra-ngu-coc-nguyen-chat-100-moc-lan-250g-500g\/\"]}]},{\"@type\":\"BreadcrumbList\",\"@id\":\"https:\/\/moclan.com.vn\/tra-ngu-coc-nguyen-chat-100-moc-lan-250g-500g\/#breadcrumb\",\"itemListElement\":[{\"@type\":\"ListItem\",\"position\":1,\"item\":{\"@type\":\"WebPage\",\"@id\":\"https:\/\/moclan.com.vn\/\",\"url\":\"https:\/\/moclan.com.vn\/\",\"name\":\"Trang ch\\u1ee7\"}},{\"@type\":\"ListItem\",\"position\":2,\"item\":{\"@type\":\"WebPage\",\"@id\":\"https:\/\/moclan.com.vn\/san-pham\/\",\"url\":\"https:\/\/moclan.com.vn\/san-pham\/\",\"name\":\"S\\u1ea3n ph\\u1ea9m\"}},{\"@type\":\"ListItem\",\"position\":3,\"item\":{\"@type\":\"WebPage\",\"@id\":\"https:\/\/moclan.com.vn\/tra-ngu-coc-nguyen-chat-100-moc-lan-250g-500g\/\",\"url\":\"https:\/\/moclan.com.vn\/tra-ngu-coc-nguyen-chat-100-moc-lan-250g-500g\/\",\"name\":\"Tr\\u00e0 ng\\u0169 c\\u1ed1c nguy\\u00ean ch\\u1ea5t 100% M\\u1ed9c Lan &#8211; 250g, 500g\"}}]}]}<\/script>\n<!-- \/ Yoast SEO Premium plugin. -->","_links":{"self":[{"href":"https:\/\/moclan.com.vn\/en\/wp-json\/wp\/v2\/product\/4098"}],"collection":[{"href":"https:\/\/moclan.com.vn\/en\/wp-json\/wp\/v2\/product"}],"about":[{"href":"https:\/\/moclan.com.vn\/en\/wp-json\/wp\/v2\/types\/product"}],"replies":[{"embeddable":true,"href":"https:\/\/moclan.com.vn\/en\/wp-json\/wp\/v2\/comments?post=4098"}],"wp:featuredmedia":[{"embeddable":true,"href":"https:\/\/moclan.com.vn\/en\/wp-json\/wp\/v2\/media\/4102"}],"wp:attachment":[{"href":"https:\/\/moclan.com.vn\/en\/wp-json\/wp\/v2\/media?parent=4098"}],"wp:term":[{"taxonomy":"product_cat","embeddable":true,"href":"https:\/\/moclan.com.vn\/en\/wp-json\/wp\/v2\/product_cat?post=4098"},{"taxonomy":"product_tag","embeddable":true,"href":"https:\/\/moclan.com.vn\/en\/wp-json\/wp\/v2\/product_tag?post=4098"}],"curies":[{"name":"wp","href":"https:\/\/api.w.org\/{rel}","templated":true}]}}