


{"id":4145,"date":"2025-06-25T09:20:23","date_gmt":"2025-06-25T02:20:23","guid":{"rendered":"https:\/\/moclan.com.vn\/?post_type=product&#038;p=4145"},"modified":"2026-04-21T16:14:58","modified_gmt":"2026-04-21T09:14:58","slug":"thanh-me-den-mix-hat-dinh-duong-moc-lan-healthy-250g-500g","status":"publish","type":"product","link":"https:\/\/moclan.com.vn\/en\/product\/thanh-me-den-mix-hat-dinh-duong-moc-lan-healthy-250g-500g\/","title":{"rendered":"Thanh m\u00e8 \u0111en, mix h\u1ea1t dinh d\u01b0\u1ee1ng M\u1ed9c Lan Healthy 250g, 500g"},"content":{"rendered":"<p>Thanh m\u00e8 \u0111en mix h\u1ea1t dinh d\u01b0\u1ee1ng M\u1ed9c Lan Healthy<br \/>\nThanh m\u00e8 \u0111en mix c\u00e1c lo\u1ea1i h\u1ea1t l\u00e0 s\u1ea3n ph\u1ea9m \u0103n ki\u00eang cao c\u1ea5p, ch\u1ee9a nh\u1eefng th\u00e0nh ph\u1ea7n b\u1ed5 d\u01b0\u1ee1ng cho m\u1ecdi \u0111\u1ed1i t\u01b0\u1ee3ng s\u1eed d\u1ee5ng, t\u1eeb tr\u1ebb em \u0111\u1ebfn ng\u01b0\u1eddi gi\u00e0, t\u1eeb ng\u01b0\u1eddi kho\u1ebb m\u1ea1nh t\u1edbi ng\u01b0\u1eddi \u0103n ki\u00eang hay ph\u1ee5 n\u1eef \u0111ang mang thai ho\u1eb7c \u0111ang cho con b\u00fa<\/p>\n<p><strong>\u0110\u1ed0I T\u01af\u1ee2NG S\u1eec D\u1ee4NG THANH G\u1ea0O L\u1ee8T H\u1ea0NH NH\u00c2N L\u00c1T:<\/strong><\/p>\n<p>Nh\u1eefng ng\u01b0\u1eddi b\u1eadn r\u1ed9n, kh\u00f4ng c\u00f3 nhi\u1ec1u th\u1eddi gian chu\u1ea9n b\u1ecb b\u1eefa \u0103n s\u00e1ng<\/p>\n<p>Ng\u01b0\u1eddi th\u01b0\u1eddng xuy\u00ean t\u1eadp gym, yoga<\/p>\n<p>Ng\u01b0\u1eddi theo ch\u1ebf \u0111\u1ed9 \u0103n l\u00e0nh m\u1ea1nh eat-clean<\/p>\n<p>M\u1eb9 b\u1ec9m mu\u1ed1n chu\u1ea9n d\u00e1ng sau sinh<\/p>\n<p><strong>TH\u00c0NH PH\u1ea6N:<\/strong><\/p>\n<p>M\u00e8 \u0111en, \u0111\u1eadu ph\u1ed9ng, b\u00ed xanh, h\u1ea1t \u0111i\u1ec1u, m\u1ea1ch nha<br \/>\nQuy c\u00e1ch \u0111\u00f3ng g\u00f3i: 250g, 500g<br \/>\nH\u1ea1n s\u1eed d\u1ee5ng : 3 th\u00e1ng k\u1ec3 t\u1eeb ng\u00e0y s\u1ea3n xu\u1ea5t in tr\u00ean bao b\u00ec<\/p>\n<p><strong>C\u00d4NG D\u1ee4NG:<\/strong><\/p>\n<p>&#8211; H\u1ed7 tr\u1ee3 \u0103n ki\u00eang, gi\u1ea3m c\u00e2n<br \/>\n&#8211; Ng\u0103n ng\u1eeba, gi\u1ea3m thi\u1ec3u r\u1ee5ng t\u00f3c<br \/>\n&#8211; D\u01b0\u1ee1ng nhan, ch\u1ed1ng oxi ho\u00e1<br \/>\n&#8211; Gi\u1ea3m l\u01b0\u1ee3ng \u0111\u01b0\u1eddng v\u00e0 m\u1ee1 trong m\u00e1u<br \/>\n&#8211; B\u1ed5 m\u00e1u, t\u1ed1t cho n\u00e3o v\u00e0 tim m\u1ea1ch<br \/>\n&#8211; Gi\u00e0u canxi cho x\u01b0\u01a1ng ch\u1eafc kho\u1ebb<br \/>\n&#8211; C\u1ea3i thi\u1ec7n s\u1ee9c kho\u1ebb \u0111\u01b0\u1eddng ru\u1ed9t<br \/>\n&#8211; Gi\u00fap ng\u1ee7 ngon v\u00e0 s\u00e2u gi\u1ea5c h\u01a1n<\/p>\n<p>Th\u00edch h\u1ee3p cho m\u1ecdi l\u1ee9a tu\u1ed5i<\/p>\n<p>H\u01b0\u1edbng d\u1eabn s\u1eed d\u1ee5ng : \u0102n li\u1ec1n ngay sau khi m\u1edf n\u1eafp, kh\u00f4ng c\u1ea7n ch\u1ebf bi\u1ebfn th\u00eam<\/p>\n<p>B\u1ea3o qu\u1ea3n : \u0110\u1ec3 n\u01a1i kh\u00f4 r\u00e1o tr\u00e1nh \u00e1nh n\u1eafng tr\u1ef1c ti\u1ebfp<\/p>\n<p><strong>M\u1ed8C LAN HEALTHY CAM K\u1ebeT<\/strong><\/p>\n<p>&#8211; S\u1ea3n ph\u1ea9m 100% nh\u01b0 h\u00ecnh<br \/>\n&#8211; Kh\u00f4ng ho\u00e1 ch\u1ea5t, kh\u00f4ng ch\u1ea5t b\u1ea3o qu\u1ea3n<br \/>\n&#8211; \u0110\u1ea3m b\u1ea3o an to\u00e0n v\u1ec7 sinh th\u1ef1c ph\u1ea9m<br \/>\n&#8211; Lu\u00f4n \u01b0u ti\u00ean s\u1ea3n ph\u1ea9m m\u1edbi nh\u1ea5t \u0111\u1ebfn tay kh\u00e1ch h\u00e0ng<\/p>","protected":false},"excerpt":{"rendered":"<p>Thanh m\u00e8 \u0111en, mix h\u1ea1t dinh d\u01b0\u1ee1ng M\u1ed9c Lan Healthy [&#8230;]<\/p>\n<p><a class=\"btn btn-secondary understrap-read-more-link\" href=\"https:\/\/moclan.com.vn\/en\/product\/thanh-me-den-mix-hat-dinh-duong-moc-lan-healthy-250g-500g\/\">Read More&#8230;<\/a><\/p>","protected":false},"featured_media":4154,"comment_status":"closed","ping_status":"closed","template":"","meta":[],"product_cat":[737,736,681],"product_tag":[727],"yoast_head":"<!-- This site is optimized with the Yoast SEO Premium plugin v15.9.2 - https:\/\/yoast.com\/wordpress\/plugins\/seo\/ -->\n<title>Thanh m\u00e8 \u0111en, mix h\u1ea1t dinh d\u01b0\u1ee1ng M\u1ed9c Lan Healthy 250g, 500g - M\u1ed9c Lan<\/title>\n<link rel=\"canonical\" href=\"https:\/\/moclan.com.vn\/en\/product\/thanh-me-den-mix-hat-dinh-duong-moc-lan-healthy-250g-500g\/\" \/>\n<meta property=\"og:locale\" content=\"en_US\" \/>\n<meta property=\"og:type\" content=\"article\" \/>\n<meta property=\"og:title\" content=\"Thanh m\u00e8 \u0111en, mix h\u1ea1t dinh d\u01b0\u1ee1ng M\u1ed9c Lan Healthy 250g, 500g - M\u1ed9c Lan\" \/>\n<meta property=\"og:description\" content=\"Thanh m\u00e8 \u0111en, mix h\u1ea1t dinh d\u01b0\u1ee1ng M\u1ed9c Lan Healthy [...]Read More...\" \/>\n<meta property=\"og:url\" content=\"https:\/\/moclan.com.vn\/en\/product\/thanh-me-den-mix-hat-dinh-duong-moc-lan-healthy-250g-500g\/\" \/>\n<meta property=\"og:site_name\" content=\"M\u1ed9c Lan\" \/>\n<meta property=\"article:modified_time\" content=\"2026-04-21T09:14:58+00:00\" \/>\n<meta property=\"og:image\" content=\"https:\/\/moclan.com.vn\/wp-content\/uploads\/2025\/06\/z5613396757563_4983755905e51659d75dfb9e81eae21e.jpg\" \/>\n\t<meta property=\"og:image:width\" content=\"1440\" \/>\n\t<meta property=\"og:image:height\" content=\"1920\" \/>\n<meta name=\"twitter:card\" content=\"summary_large_image\" \/>\n<meta name=\"twitter:label1\" content=\"Est. reading time\">\n\t<meta name=\"twitter:data1\" content=\"2 minutes\">\n<script type=\"application\/ld+json\" class=\"yoast-schema-graph\">{\"@context\":\"https:\/\/schema.org\",\"@graph\":[{\"@type\":\"WebSite\",\"@id\":\"https:\/\/moclan.com.vn\/#website\",\"url\":\"https:\/\/moclan.com.vn\/\",\"name\":\"M\\u1ed9c Lan\",\"description\":\"\",\"potentialAction\":[{\"@type\":\"SearchAction\",\"target\":\"https:\/\/moclan.com.vn\/?s={search_term_string}\",\"query-input\":\"required name=search_term_string\"}],\"inLanguage\":\"en-US\"},{\"@type\":\"ImageObject\",\"@id\":\"https:\/\/moclan.com.vn\/thanh-me-den-mix-hat-dinh-duong-moc-lan-healthy-250g-500g\/#primaryimage\",\"inLanguage\":\"en-US\",\"url\":\"https:\/\/moclan.com.vn\/wp-content\/uploads\/2025\/06\/z5613396757563_4983755905e51659d75dfb9e81eae21e.jpg\",\"width\":1440,\"height\":1920},{\"@type\":\"WebPage\",\"@id\":\"https:\/\/moclan.com.vn\/thanh-me-den-mix-hat-dinh-duong-moc-lan-healthy-250g-500g\/#webpage\",\"url\":\"https:\/\/moclan.com.vn\/thanh-me-den-mix-hat-dinh-duong-moc-lan-healthy-250g-500g\/\",\"name\":\"Thanh m\\u00e8 \\u0111en, mix h\\u1ea1t dinh d\\u01b0\\u1ee1ng M\\u1ed9c Lan Healthy 250g, 500g - M\\u1ed9c Lan\",\"isPartOf\":{\"@id\":\"https:\/\/moclan.com.vn\/#website\"},\"primaryImageOfPage\":{\"@id\":\"https:\/\/moclan.com.vn\/thanh-me-den-mix-hat-dinh-duong-moc-lan-healthy-250g-500g\/#primaryimage\"},\"datePublished\":\"2025-06-25T02:20:23+00:00\",\"dateModified\":\"2026-04-21T09:14:58+00:00\",\"breadcrumb\":{\"@id\":\"https:\/\/moclan.com.vn\/thanh-me-den-mix-hat-dinh-duong-moc-lan-healthy-250g-500g\/#breadcrumb\"},\"inLanguage\":\"en-US\",\"potentialAction\":[{\"@type\":\"ReadAction\",\"target\":[\"https:\/\/moclan.com.vn\/thanh-me-den-mix-hat-dinh-duong-moc-lan-healthy-250g-500g\/\"]}]},{\"@type\":\"BreadcrumbList\",\"@id\":\"https:\/\/moclan.com.vn\/thanh-me-den-mix-hat-dinh-duong-moc-lan-healthy-250g-500g\/#breadcrumb\",\"itemListElement\":[{\"@type\":\"ListItem\",\"position\":1,\"item\":{\"@type\":\"WebPage\",\"@id\":\"https:\/\/moclan.com.vn\/\",\"url\":\"https:\/\/moclan.com.vn\/\",\"name\":\"Trang ch\\u1ee7\"}},{\"@type\":\"ListItem\",\"position\":2,\"item\":{\"@type\":\"WebPage\",\"@id\":\"https:\/\/moclan.com.vn\/san-pham\/\",\"url\":\"https:\/\/moclan.com.vn\/san-pham\/\",\"name\":\"S\\u1ea3n ph\\u1ea9m\"}},{\"@type\":\"ListItem\",\"position\":3,\"item\":{\"@type\":\"WebPage\",\"@id\":\"https:\/\/moclan.com.vn\/thanh-me-den-mix-hat-dinh-duong-moc-lan-healthy-250g-500g\/\",\"url\":\"https:\/\/moclan.com.vn\/thanh-me-den-mix-hat-dinh-duong-moc-lan-healthy-250g-500g\/\",\"name\":\"Thanh m\\u00e8 \\u0111en, mix h\\u1ea1t dinh d\\u01b0\\u1ee1ng M\\u1ed9c Lan Healthy 250g, 500g\"}}]}]}<\/script>\n<!-- \/ Yoast SEO Premium plugin. -->","_links":{"self":[{"href":"https:\/\/moclan.com.vn\/en\/wp-json\/wp\/v2\/product\/4145"}],"collection":[{"href":"https:\/\/moclan.com.vn\/en\/wp-json\/wp\/v2\/product"}],"about":[{"href":"https:\/\/moclan.com.vn\/en\/wp-json\/wp\/v2\/types\/product"}],"replies":[{"embeddable":true,"href":"https:\/\/moclan.com.vn\/en\/wp-json\/wp\/v2\/comments?post=4145"}],"wp:featuredmedia":[{"embeddable":true,"href":"https:\/\/moclan.com.vn\/en\/wp-json\/wp\/v2\/media\/4154"}],"wp:attachment":[{"href":"https:\/\/moclan.com.vn\/en\/wp-json\/wp\/v2\/media?parent=4145"}],"wp:term":[{"taxonomy":"product_cat","embeddable":true,"href":"https:\/\/moclan.com.vn\/en\/wp-json\/wp\/v2\/product_cat?post=4145"},{"taxonomy":"product_tag","embeddable":true,"href":"https:\/\/moclan.com.vn\/en\/wp-json\/wp\/v2\/product_tag?post=4145"}],"curies":[{"name":"wp","href":"https:\/\/api.w.org\/{rel}","templated":true}]}}