


{"id":4160,"date":"2025-06-25T09:42:15","date_gmt":"2025-06-25T02:42:15","guid":{"rendered":"https:\/\/moclan.com.vn\/?post_type=product&#038;p=4160"},"modified":"2026-04-20T05:00:45","modified_gmt":"2026-04-19T22:00:45","slug":"dau-oc-cho-tu-nhien-moc-lan-100ml-250ml","status":"publish","type":"product","link":"https:\/\/moclan.com.vn\/en\/product\/dau-oc-cho-tu-nhien-moc-lan-100ml-250ml\/","title":{"rendered":"D\u1ea7u \u00d3c Ch\u00f3 T\u1ef1 Nhi\u00ean M\u1ed9c Lan 100ml &#8211; 250ml"},"content":{"rendered":"<div style=\"width: 576px;\" class=\"wp-video\"><!--[if lt IE 9]><script>document.createElement('video');<\/script><![endif]-->\n<video class=\"wp-video-shortcode\" id=\"video-4160-1\" width=\"576\" height=\"1024\" preload=\"metadata\" controls=\"controls\"><source type=\"video\/mp4\" src=\"http:\/\/moclan.com.vn\/wp-content\/uploads\/2025\/06\/7398603670999.mp4?_=1\" \/><a href=\"http:\/\/moclan.com.vn\/wp-content\/uploads\/2025\/06\/7398603670999.mp4\">http:\/\/moclan.com.vn\/wp-content\/uploads\/2025\/06\/7398603670999.mp4<\/a><\/video><\/div>\n<p>D\u1ea7u \u00d3c Ch\u00f3 T\u1ef1 Nhi\u00ean M\u1ed9c Lan Healthy 100ml &#8211; 250ml Omega 369 Vitamin E ph\u1ee5 n\u1eef c\u00f3 thai, cho con b\u00fa, tr\u1ebb \u0103n d\u1eb7m, ng\u01b0\u1eddi gi\u00e0 | M\u1ed9cLan HEALTHY FOODS<\/p>\n<p><img decoding=\"async\" loading=\"lazy\" src=\"https:\/\/cf.shopee.vn\/file\/vn-11134208-7ra0g-m6t63w5u4guwaa\" width=\"1512\" height=\"1512\" data-uploading=\"uploaded\" data-upload-status=\"success\" \/><img decoding=\"async\" loading=\"lazy\" src=\"https:\/\/cf.shopee.vn\/file\/vn-11134208-7ra0g-m6t63w8217w819\" width=\"1600\" height=\"1600\" data-uploading=\"uploaded\" data-upload-status=\"success\" \/><img decoding=\"async\" loading=\"lazy\" src=\"https:\/\/cf.shopee.vn\/file\/vn-11134208-7ra0g-m6t63w5u5vfcc9\" width=\"1800\" height=\"2400\" data-uploading=\"uploaded\" data-upload-status=\"success\" \/><img decoding=\"async\" loading=\"lazy\" src=\"https:\/\/cf.shopee.vn\/file\/vn-11134208-7ra0g-m6t63w5u79zs5d\" width=\"1125\" height=\"1125\" data-uploading=\"uploaded\" data-upload-status=\"success\" \/><img decoding=\"async\" loading=\"lazy\" src=\"https:\/\/cf.shopee.vn\/file\/vn-11134208-7ra0g-m6t63w5u8ok89c\" width=\"1125\" height=\"1125\" data-uploading=\"uploaded\" data-upload-status=\"success\" \/><img decoding=\"async\" loading=\"lazy\" src=\"https:\/\/cf.shopee.vn\/file\/vn-11134208-7ra0g-m6t63w5ua34ob8\" width=\"1125\" height=\"1125\" data-uploading=\"uploaded\" data-upload-status=\"success\" \/><\/p>\n<p>S\u1ea3n ph\u1ea9m c\u00f3 h\u00e0m l\u01b0\u1ee3ng cao: Omega \u2013 3, Omega \u2013 6, Omega \u2013 9 v\u00e0 Vitamin E.<\/p>\n<p>S\u1ea3n ph\u1ea9m c\u00f3 m\u00f9i v\u1ecb r\u1ea5t thanh, d\u1ecbu.<\/p>\n<p>Bao b\u00ec \u0111\u1eb9p.<\/p>\n<p>M\u00f4 t\u1ea3<\/p>\n<p>Th\u00e0nh ph\u1ea7n:<\/p>\n<p>100% l\u00e0 d\u1ea7u Qu\u1ea3 \u00d3c Ch\u00f3 nguy\u00ean ch\u1ea5t<\/p>\n<p>Omega \u2013 3 &gt; 5.48%<\/p>\n<p>Omega \u2013 6 &gt; 49.77%<\/p>\n<p>Omega \u2013 9 &gt; 24.57%<\/p>\n<p>Vitamin E &gt; 0.95 mg\/100 gr<\/p>\n<p>C\u00f4ng d\u1ee5ng:<\/p>\n<p>Ch\u1ed1ng l\u00e3o h\u00f3a, l\u00e0m s\u00e1ng m\u1ecbn l\u00e0n da, s\u00e1ng m\u1eaft, t\u0103ng mi\u1ec5n d\u1ecbch<\/p>\n<p>H\u1ed7 tr\u1ee3 ti\u00eau h\u00f3a v\u00e0 tim m\u1ea1ch.<\/p>\n<p>Gi\u00fap x\u01b0\u01a1ng ch\u1eafc, kh\u1ecfe.<\/p>\n<p>Gi\u00fap t\u0103ng c\u01b0\u1eddng s\u1ef1 ph\u00e1t tri\u1ec3n h\u1ec7 th\u1ea7n kinh, th\u1ecb gi\u00e1c, h\u1ec7 mi\u1ec5n d\u1ecbch c\u1ee7a em b\u00e9 trong b\u1ee5ng m\u1eb9<\/p>\n<p>Gi\u00fap t\u0103ng c\u01b0\u1eddng s\u1ef1 ph\u00e1t tri\u1ec3n tr\u00ed tu\u1ec7 cho tr\u1ebb nh\u1ecf.<\/p>\n<p>H\u1ed7 tr\u1ee3 gi\u1ea3m nguy c\u01a1 m\u1eafc ti\u1ec3u \u0111\u01b0\u1eddng thai k\u1ef3, ti\u1ec1n s\u1ea3n gi\u1eadt, tr\u1ea7m c\u1ea3m sau sinh.<\/p>\n<p>\u0110\u1ed1i t\u01b0\u1ee3ng s\u1eed d\u1ee5ng:<\/p>\n<p>D\u00f9ng \u0111\u01b0\u1ee3c cho ph\u1ee5 n\u1eef c\u00f3 thai, ph\u1ee5 n\u1eef cho con b\u00fa.<\/p>\n<p>D\u00f9ng \u0111\u01b0\u1ee3c cho tr\u1ebb nh\u1ecf v\u00e0 ng\u01b0\u1eddi cao tu\u1ed5i.<\/p>\n<p>C\u00e1ch d\u00f9ng:<\/p>\n<p>* D\u00f9ng \u0111\u1ec3 \u0103n d\u1eb7m cho b\u00e9: Cho \u00bd mu\u1ed7ng c\u00e0 ph\u00ea D\u1ea7u \u00d3c Ch\u00f3 v\u00e0o b\u00e1t ch\u00e1o khi ch\u00e1o c\u00f2n \u1ea5m, khu\u1ea5y \u0111\u1ec1u.<\/p>\n<p>* D\u00f9ng cho tr\u1ebb nh\u1ecf: Tr\u1ed9n tr\u1ef1c ti\u1ebfp v\u00e0o th\u1ee9c \u0103n \u1ea5m cho tr\u1ebb nh\u1ecf, ho\u1eb7c cho tr\u1ebb nh\u1ecf \u0103n t\u01b0\u01a1i.<\/p>\n<p>* Ng\u01b0\u1eddi l\u1edbn: \u0103n \u00bd mu\u1ed7ng c\u00e0 ph\u00ea gi\u1ecdt sau \u0103n 30 ph\u00fat.<\/p>\n<p>* D\u01b0\u1ee1ng da: B\u00f4i D\u1ea7u \u00d3c Ch\u00f3 \u0111\u1ec1u l\u00ean kh\u1eafp m\u1eb7t, b\u00f4i nhi\u1ec1u h\u01a1n v\u00e0o c\u00e1c v\u00f9ng da t\u1ed1i m\u00e0u r\u1ed3i massage nh\u1eb9 nh\u00e0ng \u0111\u1ec3 s\u1ea3n ph\u1ea9m th\u1ea5m s\u00e2u v\u00e0o da. N\u1ebfu da b\u1ea1n l\u00e0 da kh\u00f4 c\u00f3 th\u1ec3 \u0111\u1ec3 qua \u0111\u00eam s\u00e1ng h\u00f4m sau r\u1eeda l\u1ea1i b\u1eb1ng n\u01b0\u1edbc \u1ea5m s\u1ea1ch, ho\u1eb7c r\u1eeda l\u1ea1i b\u1eb1ng s\u1eefa r\u1eeda m\u1eb7t. N\u1ebfu da b\u1ea1n l\u00e0 da d\u1ea7u, da m\u1ee5n th\u00ec massage kho\u1ea3ng 30 ph\u00fat, sau \u0111\u00f3 d\u00f9ng kh\u0103n gi\u1ea5y m\u1ec1m lau h\u1ebft l\u01b0\u1ee3ng D\u1ea7u \u00d3c Ch\u00f3 d\u01b0 th\u1eeba tr\u00ean m\u1eb7t v\u00e0 r\u1eeda l\u1ea1i m\u1eb7t b\u1eb1ng n\u01b0\u1edbc \u1ea5m ho\u1eb7c s\u1eefa r\u1eeda m\u1eb7t. Tr\u01b0\u1edbc khi thoa D\u1ea7u \u00d3c Ch\u00f3, b\u1ea1n c\u00f3 th\u1ec3 x\u00f4ng h\u01a1i da m\u1eb7t b\u1eb1ng n\u01b0\u1edbc n\u00f3ng, ho\u1eb7c \u0111\u1eafp kh\u0103n m\u1eb7t th\u1ea5m n\u01b0\u1edbc \u1ea5m \u0111\u1ec3 l\u1ed7 ch\u00e2n l\u00f4ng gi\u00e3n n\u1edf, d\u1ec5 h\u1ea5p th\u1ee5 d\u01b0\u1ee1ng ch\u1ea5t c\u00f3 trong D\u1ea7u \u00d3c Ch\u00f3, t\u0103ng hi\u1ec7u qu\u1ea3.<\/p>\n<p>* D\u01b0\u1ee1ng t\u00f3c: B\u00f4i D\u1ea7u \u00d3c Ch\u00f3 l\u00ean ch\u00e2n t\u00f3c, da \u0111\u1ea7u, th\u00e2n t\u00f3c, \u1ee7 l\u1ea1i t\u1eeb 30 ph\u00fat \u0111\u1ebfn 1 ti\u1ebfng. Sau \u0111\u00f3 g\u1ed9i l\u1ea1i v\u1edbi d\u1ea7u g\u1ed9i.<\/p>","protected":false},"excerpt":{"rendered":"<p>D\u1ea7u \u00d3c Ch\u00f3 T\u1ef1 Nhi\u00ean M\u1ed9c Lan 100ml &#8211; 250ml Omega 369 ph\u1ee5 n\u1eef c\u00f3 thai, m\u1eb9 cho con b\u00fa, tr\u1ebb \u0103n d\u1eb7m [&#8230;]<\/p>\n<p><a class=\"btn btn-secondary understrap-read-more-link\" href=\"https:\/\/moclan.com.vn\/en\/product\/dau-oc-cho-tu-nhien-moc-lan-100ml-250ml\/\">Read More&#8230;<\/a><\/p>","protected":false},"featured_media":4175,"comment_status":"closed","ping_status":"closed","template":"","meta":[],"product_cat":[737,659,681],"product_tag":[728],"yoast_head":"<!-- This site is optimized with the Yoast SEO Premium plugin v15.9.2 - https:\/\/yoast.com\/wordpress\/plugins\/seo\/ -->\n<title>D\u1ea7u \u00d3c Ch\u00f3 T\u1ef1 Nhi\u00ean M\u1ed9c Lan 100ml - 250ml - M\u1ed9c Lan<\/title>\n<link rel=\"canonical\" href=\"https:\/\/moclan.com.vn\/en\/product\/dau-oc-cho-tu-nhien-moc-lan-100ml-250ml\/\" \/>\n<meta property=\"og:locale\" content=\"en_US\" \/>\n<meta property=\"og:type\" content=\"article\" \/>\n<meta property=\"og:title\" content=\"D\u1ea7u \u00d3c Ch\u00f3 T\u1ef1 Nhi\u00ean M\u1ed9c Lan 100ml - 250ml - M\u1ed9c Lan\" \/>\n<meta property=\"og:description\" content=\"D\u1ea7u \u00d3c Ch\u00f3 T\u1ef1 Nhi\u00ean M\u1ed9c Lan 100ml - 250ml Omega 369 ph\u1ee5 n\u1eef c\u00f3 thai, m\u1eb9 cho con b\u00fa, tr\u1ebb \u0103n d\u1eb7m [...]Read More...\" \/>\n<meta property=\"og:url\" content=\"https:\/\/moclan.com.vn\/en\/product\/dau-oc-cho-tu-nhien-moc-lan-100ml-250ml\/\" \/>\n<meta property=\"og:site_name\" content=\"M\u1ed9c Lan\" \/>\n<meta property=\"article:modified_time\" content=\"2026-04-19T22:00:45+00:00\" \/>\n<meta property=\"og:image\" content=\"https:\/\/moclan.com.vn\/wp-content\/uploads\/2025\/06\/z6363123695940_85aa373bc03c35c5ecb199084f1d3012.jpg\" \/>\n\t<meta property=\"og:image:width\" content=\"1125\" \/>\n\t<meta property=\"og:image:height\" content=\"1125\" \/>\n<meta name=\"twitter:card\" content=\"summary_large_image\" \/>\n<meta name=\"twitter:label1\" content=\"Est. reading time\">\n\t<meta name=\"twitter:data1\" content=\"4 minutes\">\n<script type=\"application\/ld+json\" class=\"yoast-schema-graph\">{\"@context\":\"https:\/\/schema.org\",\"@graph\":[{\"@type\":\"WebSite\",\"@id\":\"https:\/\/moclan.com.vn\/#website\",\"url\":\"https:\/\/moclan.com.vn\/\",\"name\":\"M\\u1ed9c Lan\",\"description\":\"\",\"potentialAction\":[{\"@type\":\"SearchAction\",\"target\":\"https:\/\/moclan.com.vn\/?s={search_term_string}\",\"query-input\":\"required name=search_term_string\"}],\"inLanguage\":\"en-US\"},{\"@type\":\"ImageObject\",\"@id\":\"https:\/\/moclan.com.vn\/dau-oc-cho-tu-nhien-moc-lan-100ml-250ml\/#primaryimage\",\"inLanguage\":\"en-US\",\"url\":\"https:\/\/moclan.com.vn\/wp-content\/uploads\/2025\/06\/z6363123695940_85aa373bc03c35c5ecb199084f1d3012.jpg\",\"width\":1125,\"height\":1125},{\"@type\":\"WebPage\",\"@id\":\"https:\/\/moclan.com.vn\/dau-oc-cho-tu-nhien-moc-lan-100ml-250ml\/#webpage\",\"url\":\"https:\/\/moclan.com.vn\/dau-oc-cho-tu-nhien-moc-lan-100ml-250ml\/\",\"name\":\"D\\u1ea7u \\u00d3c Ch\\u00f3 T\\u1ef1 Nhi\\u00ean M\\u1ed9c Lan 100ml - 250ml - M\\u1ed9c Lan\",\"isPartOf\":{\"@id\":\"https:\/\/moclan.com.vn\/#website\"},\"primaryImageOfPage\":{\"@id\":\"https:\/\/moclan.com.vn\/dau-oc-cho-tu-nhien-moc-lan-100ml-250ml\/#primaryimage\"},\"datePublished\":\"2025-06-25T02:42:15+00:00\",\"dateModified\":\"2026-04-19T22:00:45+00:00\",\"breadcrumb\":{\"@id\":\"https:\/\/moclan.com.vn\/dau-oc-cho-tu-nhien-moc-lan-100ml-250ml\/#breadcrumb\"},\"inLanguage\":\"en-US\",\"potentialAction\":[{\"@type\":\"ReadAction\",\"target\":[\"https:\/\/moclan.com.vn\/dau-oc-cho-tu-nhien-moc-lan-100ml-250ml\/\"]}]},{\"@type\":\"BreadcrumbList\",\"@id\":\"https:\/\/moclan.com.vn\/dau-oc-cho-tu-nhien-moc-lan-100ml-250ml\/#breadcrumb\",\"itemListElement\":[{\"@type\":\"ListItem\",\"position\":1,\"item\":{\"@type\":\"WebPage\",\"@id\":\"https:\/\/moclan.com.vn\/\",\"url\":\"https:\/\/moclan.com.vn\/\",\"name\":\"Trang ch\\u1ee7\"}},{\"@type\":\"ListItem\",\"position\":2,\"item\":{\"@type\":\"WebPage\",\"@id\":\"https:\/\/moclan.com.vn\/san-pham\/\",\"url\":\"https:\/\/moclan.com.vn\/san-pham\/\",\"name\":\"S\\u1ea3n ph\\u1ea9m\"}},{\"@type\":\"ListItem\",\"position\":3,\"item\":{\"@type\":\"WebPage\",\"@id\":\"https:\/\/moclan.com.vn\/dau-oc-cho-tu-nhien-moc-lan-100ml-250ml\/\",\"url\":\"https:\/\/moclan.com.vn\/dau-oc-cho-tu-nhien-moc-lan-100ml-250ml\/\",\"name\":\"D\\u1ea7u \\u00d3c Ch\\u00f3 T\\u1ef1 Nhi\\u00ean M\\u1ed9c Lan 100ml &#8211; 250ml\"}}]}]}<\/script>\n<!-- \/ Yoast SEO Premium plugin. -->","_links":{"self":[{"href":"https:\/\/moclan.com.vn\/en\/wp-json\/wp\/v2\/product\/4160"}],"collection":[{"href":"https:\/\/moclan.com.vn\/en\/wp-json\/wp\/v2\/product"}],"about":[{"href":"https:\/\/moclan.com.vn\/en\/wp-json\/wp\/v2\/types\/product"}],"replies":[{"embeddable":true,"href":"https:\/\/moclan.com.vn\/en\/wp-json\/wp\/v2\/comments?post=4160"}],"wp:featuredmedia":[{"embeddable":true,"href":"https:\/\/moclan.com.vn\/en\/wp-json\/wp\/v2\/media\/4175"}],"wp:attachment":[{"href":"https:\/\/moclan.com.vn\/en\/wp-json\/wp\/v2\/media?parent=4160"}],"wp:term":[{"taxonomy":"product_cat","embeddable":true,"href":"https:\/\/moclan.com.vn\/en\/wp-json\/wp\/v2\/product_cat?post=4160"},{"taxonomy":"product_tag","embeddable":true,"href":"https:\/\/moclan.com.vn\/en\/wp-json\/wp\/v2\/product_tag?post=4160"}],"curies":[{"name":"wp","href":"https:\/\/api.w.org\/{rel}","templated":true}]}}