


{"id":4179,"date":"2025-06-25T09:59:12","date_gmt":"2025-06-25T02:59:12","guid":{"rendered":"https:\/\/moclan.com.vn\/?post_type=product&#038;p=4179"},"modified":"2026-04-21T16:01:36","modified_gmt":"2026-04-21T09:01:36","slug":"tra-cam-say-thai-lat-moc-lan-100g","status":"publish","type":"product","link":"https:\/\/moclan.com.vn\/en\/product\/tra-cam-say-thai-lat-moc-lan-100g\/","title":{"rendered":"Tr\u00e0 Cam s\u1ea5y th\u00e1i l\u00e1t M\u1ed9c Lan &#8211; 100g"},"content":{"rendered":"<p>Cam l\u00e0 lo\u1ea1i tr\u00e1i c\u00e2y quen thu\u1ed9c v\u00e0 ph\u1ed5 bi\u1ebfn nh\u1ea5t tr\u00ean th\u1ebf gi\u1edbi b\u1edfi nh\u1eefng c\u00f4ng d\u1ee5ng tuy\u1ec7t v\u1eddi nh\u01b0: B\u1ed5 sung vitamin C, ch\u1ed1ng oxy ho\u00e1, t\u0103ng c\u01b0\u1eddng th\u1ec3 l\u1ef1c, t\u0103ng s\u1ee9c \u0111\u1ec1 kh\u00e1ng, h\u1ed7 tr\u1ee3 gi\u1ea3m h.o c\u00fa.m, t\u0103ng c\u01b0\u1eddng h\u1ec7 mi\u1ec5n d\u1ecbch&#8230;<\/p>\n<p>Tr\u00e0 cam s\u1ea5y th\u00e1i l\u00e1t \u0111em \u0111\u1ebfn m\u1ed9t h\u01b0\u01a1ng v\u1ecb ng\u1ecdt ng\u00e0o, th\u01a1m m\u00e1t, th\u00edch h\u1ee3p cho nh\u1eefng l\u1ea7n g\u1eb7p g\u1ee1 b\u1ea1n b\u00e8 hay th\u01b0 gi\u00e3n sau nh\u1eefng gi\u1edd l\u00e0m vi\u1ec7c c\u0103ng th\u1eb3ng.<\/p>\n<p>Cam s\u1ea5y c\u1ee7a M\u1ed9c Lan \u00e1p d\u1ee5ng c\u00f4ng ngh\u1ec7 s\u1ea5y l\u1ea1nh ti\u00ean ti\u1ebfn nh\u1ea5t hi\u1ec7n nay c\u1ee7a Nh\u1eadt B\u1ea3n, \u0111\u1ea3m b\u1ea3o \u0111\u01b0\u1ee3c m\u00e0u s\u1eafc v\u00e0 h\u01b0\u01a1ng v\u1ecb, \u0111\u1eb7c bi\u1ec7t l\u00e0 h\u00e0m l\u01b0\u1ee3ng dinh d\u01b0\u1ee1ng kh\u00f4ng h\u1ec1 b\u1ecb m\u1ea5t \u0111i. \u0110\u00e2y l\u00e0 s\u1ef1 l\u1ef1a ch\u1ecdn tuy\u1ec7t v\u1eddi trong vi\u1ec7c b\u1ea3o qu\u1ea3n c\u00e1c lo\u1ea1i n\u00f4ng s\u1ea3n nh\u01b0 tr\u00e0, hoa, qu\u1ea3 s\u1ea5y.<\/p>\n<p><strong>C\u00f4ng d\u1ee5ng tuy\u1ec7t c\u1ee7a tr\u00e0 cam th\u00e1i l\u00e1t:<\/strong><\/p>\n<p>&#8211; B\u1ed5 sung vitamin C, ch\u1ed1ng oxy ho\u00e1, t\u0103ng c\u01b0\u1eddng th\u1ec3 l\u1ef1c, t\u0103ng s\u1ee9c \u0111\u1ec1 kh\u00e1ng<\/p>\n<p>&#8211; H\u1ed7 tr\u1ee3 gi\u1ea3m ho c.\u00fam, t\u0103ng c\u01b0\u1eddng h\u1ec7 mi\u1ec5n d\u1ecbch&#8230;<\/p>\n<p>&#8211; C\u1ea3i thi\u1ec7n l\u00e0n da, l\u1ea5y l\u1ea1i v\u00f3c d\u00e1ng, l\u00e0 th\u1ee9c u\u1ed1ng detox \u0111\u01b0\u1ee3c y\u00eau th\u00edch c\u1ee7a ch\u1ecb em ph\u1ee5 n\u1eef<\/p>\n<p>&#8211; Tr\u00e0 cam s\u1ea5y c\u00f3 th\u1ec3 thay th\u1ebf n\u01b0\u1edbc u\u1ed1ng h\u00e0ng ng\u00e0y gi\u00fap b\u1ed5 sung l\u01b0\u1ee3ng n\u01b0\u1edbc c\u1ea7n thi\u1ebft cho c\u01a1 th\u1ec3<\/p>\n<p>&#8211; Thanh nhi\u1ec7t, l\u00e0m m\u00e1t trong nh\u1eefng ng\u00e0y h\u00e8. Khi k\u1ebft h\u1ee3p v\u1edbi qu\u1ebf, \u0111inh h\u01b0\u01a1ng l\u1ea1i l\u00e0 th\u1ee9c u\u1ed1ng gi\u00fap ng\u1ee7 ngon<\/p>\n<p>&#8211; Cam s\u1ea5y th\u00e1i l\u00e1t c\u0169ng \u0111\u01b0\u1ee3c s\u1eed d\u1ee5ng nh\u01b0 m\u1ed9t gia v\u1ecb, trang tr\u00ed cho c\u00e1c m\u00f3n \u0103n th\u00eam h\u1ea5p d\u1eabn<\/p>\n<p><strong>C\u00e1ch d\u00f9ng<\/strong><\/p>\n<p>&#8211; H\u00e3m 3-4 l\u00e1t cam s\u1ea5y l\u1ea1nh c\u00f9ng \u00bd \u1ed1ng qu\u1ebf v\u1edbi n\u01b0\u1edbc n\u00f3ng &gt;=90 \u0111\u1ed9. Ng\u00e2m tr\u00e0 5-7 ph\u00fat.<\/p>\n<p>&#8211; Th\u00eam m\u1eadt ong \u0111\u1ec3 th\u01b0\u1edfng th\u1ee9c<\/p>\n<p><strong>Th\u00e0nh ph\u1ea7n<\/strong><\/p>\n<p>&#8211; 100% cam s\u1ea5y l\u1ea1nh ho\u00e0n to\u00e0n t\u1ef1 nhi\u00ean<\/p>\n<p><strong>Ngu\u1ed3n g\u1ed1c<\/strong><\/p>\n<p>V\u0129nh Long &#8211; Vi\u1ec7t Nam<\/p>\n<p>H\u1ea1n s\u1eed d\u1ee5ng: 12 th\u00e1ng<\/p>","protected":false},"excerpt":{"rendered":"<p>Tr\u00e0 Cam s\u1ea5y th\u00e1i l\u00e1t M\u1ed9c Lan, b\u1ed5 sung vitamin C, ch\u1ed1ng oxy h\u00f3a, t\u0103ng s\u1ee9c \u0111\u1ec1 kh\u00e1ng &#8211; 100g [&#8230;]<\/p>\n<p><a class=\"btn btn-secondary understrap-read-more-link\" href=\"https:\/\/moclan.com.vn\/en\/product\/tra-cam-say-thai-lat-moc-lan-100g\/\">Read More&#8230;<\/a><\/p>","protected":false},"featured_media":4187,"comment_status":"closed","ping_status":"closed","template":"","meta":[],"product_cat":[737,661,681],"product_tag":[729],"yoast_head":"<!-- This site is optimized with the Yoast SEO Premium plugin v15.9.2 - https:\/\/yoast.com\/wordpress\/plugins\/seo\/ -->\n<title>Tr\u00e0 Cam s\u1ea5y th\u00e1i l\u00e1t M\u1ed9c Lan - 100g - M\u1ed9c Lan<\/title>\n<link rel=\"canonical\" href=\"https:\/\/moclan.com.vn\/en\/product\/tra-cam-say-thai-lat-moc-lan-100g\/\" \/>\n<meta property=\"og:locale\" content=\"en_US\" \/>\n<meta property=\"og:type\" content=\"article\" \/>\n<meta property=\"og:title\" content=\"Tr\u00e0 Cam s\u1ea5y th\u00e1i l\u00e1t M\u1ed9c Lan - 100g - M\u1ed9c Lan\" \/>\n<meta property=\"og:description\" content=\"Tr\u00e0 Cam s\u1ea5y th\u00e1i l\u00e1t M\u1ed9c Lan, b\u1ed5 sung vitamin C, ch\u1ed1ng oxy h\u00f3a, t\u0103ng s\u1ee9c \u0111\u1ec1 kh\u00e1ng - 100g [...]Read More...\" \/>\n<meta property=\"og:url\" content=\"https:\/\/moclan.com.vn\/en\/product\/tra-cam-say-thai-lat-moc-lan-100g\/\" \/>\n<meta property=\"og:site_name\" content=\"M\u1ed9c Lan\" \/>\n<meta property=\"article:modified_time\" content=\"2026-04-21T09:01:36+00:00\" \/>\n<meta property=\"og:image\" content=\"https:\/\/moclan.com.vn\/wp-content\/uploads\/2025\/06\/z6458715165765_c5e11c710a43cc3da55419a836f61ab9.jpg\" \/>\n\t<meta property=\"og:image:width\" content=\"1440\" \/>\n\t<meta property=\"og:image:height\" content=\"1920\" \/>\n<meta name=\"twitter:card\" content=\"summary_large_image\" \/>\n<meta name=\"twitter:label1\" content=\"Est. reading time\">\n\t<meta name=\"twitter:data1\" content=\"2 minutes\">\n<script type=\"application\/ld+json\" class=\"yoast-schema-graph\">{\"@context\":\"https:\/\/schema.org\",\"@graph\":[{\"@type\":\"WebSite\",\"@id\":\"https:\/\/moclan.com.vn\/#website\",\"url\":\"https:\/\/moclan.com.vn\/\",\"name\":\"M\\u1ed9c Lan\",\"description\":\"\",\"potentialAction\":[{\"@type\":\"SearchAction\",\"target\":\"https:\/\/moclan.com.vn\/?s={search_term_string}\",\"query-input\":\"required name=search_term_string\"}],\"inLanguage\":\"en-US\"},{\"@type\":\"ImageObject\",\"@id\":\"https:\/\/moclan.com.vn\/tra-cam-say-thai-lat-moc-lan-100g\/#primaryimage\",\"inLanguage\":\"en-US\",\"url\":\"https:\/\/moclan.com.vn\/wp-content\/uploads\/2025\/06\/z6458715165765_c5e11c710a43cc3da55419a836f61ab9.jpg\",\"width\":1440,\"height\":1920},{\"@type\":\"WebPage\",\"@id\":\"https:\/\/moclan.com.vn\/tra-cam-say-thai-lat-moc-lan-100g\/#webpage\",\"url\":\"https:\/\/moclan.com.vn\/tra-cam-say-thai-lat-moc-lan-100g\/\",\"name\":\"Tr\\u00e0 Cam s\\u1ea5y th\\u00e1i l\\u00e1t M\\u1ed9c Lan - 100g - M\\u1ed9c Lan\",\"isPartOf\":{\"@id\":\"https:\/\/moclan.com.vn\/#website\"},\"primaryImageOfPage\":{\"@id\":\"https:\/\/moclan.com.vn\/tra-cam-say-thai-lat-moc-lan-100g\/#primaryimage\"},\"datePublished\":\"2025-06-25T02:59:12+00:00\",\"dateModified\":\"2026-04-21T09:01:36+00:00\",\"breadcrumb\":{\"@id\":\"https:\/\/moclan.com.vn\/tra-cam-say-thai-lat-moc-lan-100g\/#breadcrumb\"},\"inLanguage\":\"en-US\",\"potentialAction\":[{\"@type\":\"ReadAction\",\"target\":[\"https:\/\/moclan.com.vn\/tra-cam-say-thai-lat-moc-lan-100g\/\"]}]},{\"@type\":\"BreadcrumbList\",\"@id\":\"https:\/\/moclan.com.vn\/tra-cam-say-thai-lat-moc-lan-100g\/#breadcrumb\",\"itemListElement\":[{\"@type\":\"ListItem\",\"position\":1,\"item\":{\"@type\":\"WebPage\",\"@id\":\"https:\/\/moclan.com.vn\/\",\"url\":\"https:\/\/moclan.com.vn\/\",\"name\":\"Trang ch\\u1ee7\"}},{\"@type\":\"ListItem\",\"position\":2,\"item\":{\"@type\":\"WebPage\",\"@id\":\"https:\/\/moclan.com.vn\/san-pham\/\",\"url\":\"https:\/\/moclan.com.vn\/san-pham\/\",\"name\":\"S\\u1ea3n ph\\u1ea9m\"}},{\"@type\":\"ListItem\",\"position\":3,\"item\":{\"@type\":\"WebPage\",\"@id\":\"https:\/\/moclan.com.vn\/tra-cam-say-thai-lat-moc-lan-100g\/\",\"url\":\"https:\/\/moclan.com.vn\/tra-cam-say-thai-lat-moc-lan-100g\/\",\"name\":\"Tr\\u00e0 Cam s\\u1ea5y th\\u00e1i l\\u00e1t M\\u1ed9c Lan &#8211; 100g\"}}]}]}<\/script>\n<!-- \/ Yoast SEO Premium plugin. -->","_links":{"self":[{"href":"https:\/\/moclan.com.vn\/en\/wp-json\/wp\/v2\/product\/4179"}],"collection":[{"href":"https:\/\/moclan.com.vn\/en\/wp-json\/wp\/v2\/product"}],"about":[{"href":"https:\/\/moclan.com.vn\/en\/wp-json\/wp\/v2\/types\/product"}],"replies":[{"embeddable":true,"href":"https:\/\/moclan.com.vn\/en\/wp-json\/wp\/v2\/comments?post=4179"}],"wp:featuredmedia":[{"embeddable":true,"href":"https:\/\/moclan.com.vn\/en\/wp-json\/wp\/v2\/media\/4187"}],"wp:attachment":[{"href":"https:\/\/moclan.com.vn\/en\/wp-json\/wp\/v2\/media?parent=4179"}],"wp:term":[{"taxonomy":"product_cat","embeddable":true,"href":"https:\/\/moclan.com.vn\/en\/wp-json\/wp\/v2\/product_cat?post=4179"},{"taxonomy":"product_tag","embeddable":true,"href":"https:\/\/moclan.com.vn\/en\/wp-json\/wp\/v2\/product_tag?post=4179"}],"curies":[{"name":"wp","href":"https:\/\/api.w.org\/{rel}","templated":true}]}}