


{"id":4196,"date":"2025-06-25T12:20:34","date_gmt":"2025-06-25T05:20:34","guid":{"rendered":"https:\/\/moclan.com.vn\/?post_type=product&#038;p=4196"},"modified":"2026-04-18T10:07:02","modified_gmt":"2026-04-18T03:07:02","slug":"cot-gung-nghe-gac-ha-tho","status":"publish","type":"product","link":"https:\/\/moclan.com.vn\/en\/product\/cot-gung-nghe-gac-ha-tho\/","title":{"rendered":"C\u1ed1t g\u1eebng ngh\u1ec7 g\u1ea5c h\u1ea1 th\u1ed5"},"content":{"rendered":"<p>C\u1ed0T G\u1eeaNG NGH\u1ec6 H\u1ea0 TH\u1ed4 M\u1ed8C LAN<\/p>\n<p><strong>TH\u00d4NG TIN S\u1ea2N PH\u1ea8M:<\/strong><\/p>\n<p>&#8211; <strong>T\u00ean s\u1ea3n ph\u1ea9m:<\/strong> C\u1ed1t g\u1eebng ngh\u1ec7 h\u1ea1t \u0111\u1ea5t h\u1ea1 th\u1ed5 100 ng\u00e0y &#8211; C\u1ed1t \u0111\u1eadm \u0111\u1eb7c gi\u1ea3m eo \u0111\u00e1nh tan m\u1ee1 b\u1ee5ng, th\u00e2m r\u1ea1n, gi\u00fap \u1ea5m l\u00e0m \u0111\u1eb9p cho b\u00e0 b\u1ea7u<\/p>\n<p>&#8211; <strong>Th\u00e0nh ph\u1ea7n:<\/strong> r\u01b0\u1ee3u n\u1ebfp qu\u00ea, g\u1eebng ta, ngh\u1ec7 ta, h\u1ea1t g\u1ea5c.<\/p>\n<p>&#8211; <strong>C\u00f4ng d\u1ee5ng c\u1ee7a C\u1ed1t g\u1eebng ngh\u1ec7:<\/strong><\/p>\n<p>+ C\u1ed1t g\u1eebng ngh\u1ec7 gi\u00fap l\u00e0m \u0111\u1eb9p da, t\u00e1i t\u1ea1o da, x\u00f3a v\u1ebft th\u00e2m n\u00e1m, v\u1ebft r\u1ea1n da.<\/p>\n<p>+ C\u1ed1t g\u1eebng ngh\u1ec7 gi\u00fap s\u0103n ch\u1eafc c\u01a1 b\u1ee5ng, cho v\u00f2ng eo thon g\u1ecdn.<\/p>\n<p>+ C\u1ed1t g\u1eebng ngh\u1ec7 gi\u00fap l\u00e0m \u1ea5m c\u01a1 th\u1ec3, tr\u00e1nh gi\u00f3 \u0111\u1ed9c, tr\u00e1nh c\u1ea3m l\u1ea1nh.<\/p>\n<p>+C\u1ed1t g\u1eebng ngh\u1ec7 gi\u00fap d\u01b0\u1ee1ng tr\u1eafng da.<\/p>\n<p>+ C\u1ed1t g\u1eebng ngh\u1ec7 gi\u00fap tr\u1ecb \u0111au x\u01b0\u01a1ng kh\u1edbp.<\/p>\n<p>+ C\u1ed1t g\u1eebng ngh\u1ec7 gi\u00fap kh\u1eed m\u00f9i c\u01a1 th\u1ec3 v\u00e0 ph\u00f2ng ng\u1eeba c\u00e1c b\u1ec7nh h\u1eadu s\u1ea3n.<\/p>\n<p><strong>&#8211; C\u00e1ch d\u00f9ng:<\/strong><\/p>\n<p>+ L\u1eafc \u0111\u1ec1u h\u1ed7n h\u1ee3p tr\u01b0\u1edbc khi s\u1eed d\u1ee5ng.<\/p>\n<p>+ L\u1ea5y ra ch\u00e9n kho\u1ea3ng 100ml, sau \u0111\u00f3 l\u1ea5y mi\u1ebfng b\u00f4ng th\u1ea5m lau h\u1ebft ng\u01b0\u1eddi (kh\u00f4ng lau m\u1eb7t v\u00e0 \u0111\u1ea7u ti).<\/p>\n<p>+ Massage v\u00e0i ph\u00fat cho h\u1ed7n h\u1ee3p th\u1ea5m v\u00e0o da, gi\u1eef \u1ea5m v\u00e0 \u0111\u1eb9p da.<\/p>\n<p>+ Sinh th\u01b0\u1eddng hay sinh m\u1ed5 \u0111\u1ec1u d\u00f9ng \u0111\u01b0\u1ee3c sau khi sinh 5 ng\u00e0y, sinh m\u1ed5 ch\u00fa \u00fd thoa c\u00e1ch v\u1ebft m\u1ed5 v\u00e0i cm.<\/p>\n<p>+ M\u1ed9t ng\u00e0y lau t\u1eeb 2-3 l\u1ea7n, lau k\u0129 nh\u1eefng ch\u1ed7 da b\u1ecb th\u00e2m, r\u1ea1n nh\u01b0 n\u00e1ch, b\u1eb9n, b\u1ee5ng, c\u1ed5.<\/p>\n<p>+ Kh\u00f4ng lau hay t\u1eafm l\u1ea1i v\u1edbi n\u01b0\u1edbc.<\/p>\n<p>&#8211; HSD: 3 n\u0103m.<\/p>\n<p>&#8211; XU\u1ea4T X\u1ee8: Vi\u1ec7t Nam<\/p>\n<p>C\u1ea3m \u01a1n kh\u00e1ch h\u00e0ng \u0111\u00e3 tin t\u01b0\u1edfng v\u00e0 \u1ee7ng h\u1ed9<\/p>\n<p>&nbsp;<\/p>","protected":false},"excerpt":{"rendered":"<p>C\u1ed1t g\u1eebng ngh\u1ec7 g\u1ea5c h\u1ea1 th\u1ed5 &#8211; C\u1ed1t \u0111\u1eadm \u0111\u1eb7c gi\u1ea3m eo \u0111\u00e1nh tan m\u1ee1 b\u1ee5ng, th\u00e2m r\u1ea1n, l\u00e0m \u0111\u1eb9p da cho m\u1eb9 b\u1ea7u [&#8230;]<\/p>\n<p><a class=\"btn btn-secondary understrap-read-more-link\" href=\"https:\/\/moclan.com.vn\/en\/product\/cot-gung-nghe-gac-ha-tho\/\">Read More&#8230;<\/a><\/p>","protected":false},"featured_media":4198,"comment_status":"closed","ping_status":"closed","template":"","meta":[],"product_cat":[737,665,681],"product_tag":[],"yoast_head":"<!-- This site is optimized with the Yoast SEO Premium plugin v15.9.2 - https:\/\/yoast.com\/wordpress\/plugins\/seo\/ -->\n<title>C\u1ed1t g\u1eebng ngh\u1ec7 g\u1ea5c h\u1ea1 th\u1ed5 - M\u1ed9c Lan<\/title>\n<link rel=\"canonical\" href=\"https:\/\/moclan.com.vn\/en\/product\/cot-gung-nghe-gac-ha-tho\/\" \/>\n<meta property=\"og:locale\" content=\"en_US\" \/>\n<meta property=\"og:type\" content=\"article\" \/>\n<meta property=\"og:title\" content=\"C\u1ed1t g\u1eebng ngh\u1ec7 g\u1ea5c h\u1ea1 th\u1ed5 - M\u1ed9c Lan\" \/>\n<meta property=\"og:description\" content=\"C\u1ed1t g\u1eebng ngh\u1ec7 g\u1ea5c h\u1ea1 th\u1ed5 - C\u1ed1t \u0111\u1eadm \u0111\u1eb7c gi\u1ea3m eo \u0111\u00e1nh tan m\u1ee1 b\u1ee5ng, th\u00e2m r\u1ea1n, l\u00e0m \u0111\u1eb9p da cho m\u1eb9 b\u1ea7u [...]Read More...\" \/>\n<meta property=\"og:url\" content=\"https:\/\/moclan.com.vn\/en\/product\/cot-gung-nghe-gac-ha-tho\/\" \/>\n<meta property=\"og:site_name\" content=\"M\u1ed9c Lan\" \/>\n<meta property=\"article:modified_time\" content=\"2026-04-18T03:07:02+00:00\" \/>\n<meta property=\"og:image\" content=\"https:\/\/moclan.com.vn\/wp-content\/uploads\/2025\/06\/z6375955764486_544d41d18e661134b18d4f13a107950d.jpg\" \/>\n\t<meta property=\"og:image:width\" content=\"1440\" \/>\n\t<meta property=\"og:image:height\" content=\"1920\" \/>\n<meta name=\"twitter:card\" content=\"summary_large_image\" \/>\n<meta name=\"twitter:label1\" content=\"Est. reading time\">\n\t<meta name=\"twitter:data1\" content=\"2 minutes\">\n<script type=\"application\/ld+json\" class=\"yoast-schema-graph\">{\"@context\":\"https:\/\/schema.org\",\"@graph\":[{\"@type\":\"WebSite\",\"@id\":\"https:\/\/moclan.com.vn\/#website\",\"url\":\"https:\/\/moclan.com.vn\/\",\"name\":\"M\\u1ed9c Lan\",\"description\":\"\",\"potentialAction\":[{\"@type\":\"SearchAction\",\"target\":\"https:\/\/moclan.com.vn\/?s={search_term_string}\",\"query-input\":\"required name=search_term_string\"}],\"inLanguage\":\"en-US\"},{\"@type\":\"ImageObject\",\"@id\":\"https:\/\/moclan.com.vn\/cot-gung-nghe-gac-ha-tho\/#primaryimage\",\"inLanguage\":\"en-US\",\"url\":\"https:\/\/moclan.com.vn\/wp-content\/uploads\/2025\/06\/z6375955764486_544d41d18e661134b18d4f13a107950d.jpg\",\"width\":1440,\"height\":1920},{\"@type\":\"WebPage\",\"@id\":\"https:\/\/moclan.com.vn\/cot-gung-nghe-gac-ha-tho\/#webpage\",\"url\":\"https:\/\/moclan.com.vn\/cot-gung-nghe-gac-ha-tho\/\",\"name\":\"C\\u1ed1t g\\u1eebng ngh\\u1ec7 g\\u1ea5c h\\u1ea1 th\\u1ed5 - M\\u1ed9c Lan\",\"isPartOf\":{\"@id\":\"https:\/\/moclan.com.vn\/#website\"},\"primaryImageOfPage\":{\"@id\":\"https:\/\/moclan.com.vn\/cot-gung-nghe-gac-ha-tho\/#primaryimage\"},\"datePublished\":\"2025-06-25T05:20:34+00:00\",\"dateModified\":\"2026-04-18T03:07:02+00:00\",\"breadcrumb\":{\"@id\":\"https:\/\/moclan.com.vn\/cot-gung-nghe-gac-ha-tho\/#breadcrumb\"},\"inLanguage\":\"en-US\",\"potentialAction\":[{\"@type\":\"ReadAction\",\"target\":[\"https:\/\/moclan.com.vn\/cot-gung-nghe-gac-ha-tho\/\"]}]},{\"@type\":\"BreadcrumbList\",\"@id\":\"https:\/\/moclan.com.vn\/cot-gung-nghe-gac-ha-tho\/#breadcrumb\",\"itemListElement\":[{\"@type\":\"ListItem\",\"position\":1,\"item\":{\"@type\":\"WebPage\",\"@id\":\"https:\/\/moclan.com.vn\/\",\"url\":\"https:\/\/moclan.com.vn\/\",\"name\":\"Trang ch\\u1ee7\"}},{\"@type\":\"ListItem\",\"position\":2,\"item\":{\"@type\":\"WebPage\",\"@id\":\"https:\/\/moclan.com.vn\/san-pham\/\",\"url\":\"https:\/\/moclan.com.vn\/san-pham\/\",\"name\":\"S\\u1ea3n ph\\u1ea9m\"}},{\"@type\":\"ListItem\",\"position\":3,\"item\":{\"@type\":\"WebPage\",\"@id\":\"https:\/\/moclan.com.vn\/cot-gung-nghe-gac-ha-tho\/\",\"url\":\"https:\/\/moclan.com.vn\/cot-gung-nghe-gac-ha-tho\/\",\"name\":\"C\\u1ed1t g\\u1eebng ngh\\u1ec7 g\\u1ea5c h\\u1ea1 th\\u1ed5\"}}]}]}<\/script>\n<!-- \/ Yoast SEO Premium plugin. -->","_links":{"self":[{"href":"https:\/\/moclan.com.vn\/en\/wp-json\/wp\/v2\/product\/4196"}],"collection":[{"href":"https:\/\/moclan.com.vn\/en\/wp-json\/wp\/v2\/product"}],"about":[{"href":"https:\/\/moclan.com.vn\/en\/wp-json\/wp\/v2\/types\/product"}],"replies":[{"embeddable":true,"href":"https:\/\/moclan.com.vn\/en\/wp-json\/wp\/v2\/comments?post=4196"}],"wp:featuredmedia":[{"embeddable":true,"href":"https:\/\/moclan.com.vn\/en\/wp-json\/wp\/v2\/media\/4198"}],"wp:attachment":[{"href":"https:\/\/moclan.com.vn\/en\/wp-json\/wp\/v2\/media?parent=4196"}],"wp:term":[{"taxonomy":"product_cat","embeddable":true,"href":"https:\/\/moclan.com.vn\/en\/wp-json\/wp\/v2\/product_cat?post=4196"},{"taxonomy":"product_tag","embeddable":true,"href":"https:\/\/moclan.com.vn\/en\/wp-json\/wp\/v2\/product_tag?post=4196"}],"curies":[{"name":"wp","href":"https:\/\/api.w.org\/{rel}","templated":true}]}}