


{"id":4210,"date":"2025-06-25T12:31:54","date_gmt":"2025-06-25T05:31:54","guid":{"rendered":"https:\/\/moclan.com.vn\/?post_type=product&#038;p=4210"},"modified":"2026-04-21T15:02:04","modified_gmt":"2026-04-21T08:02:04","slug":"hanh-nhan-rang-bo-moc-lan-my-loai-1-250g-500g","status":"publish","type":"product","link":"https:\/\/moclan.com.vn\/en\/product\/hanh-nhan-rang-bo-moc-lan-my-loai-1-250g-500g\/","title":{"rendered":"H\u1ea1nh nh\u00e2n rang b\u01a1 M\u1ed9c Lan &#8211; M\u1ef9 lo\u1ea1i 1 &#8211; 250g, 500g"},"content":{"rendered":"<p>H\u1ea1t h\u1ea1nh nh\u00e2n ch\u1ee9a nhi\u1ec1u ch\u1ea5t dinh d\u01b0\u1ee1ng, ch\u1ea5t b\u00e9o, c\u00e1c vitamin v\u00e0 c\u00e1c kho\u00e1ng ch\u1ea5t kh\u00e1c nhau, r\u1ea5t t\u1ed1t cho s\u1ee9c kh\u1ecfe v\u00e0 th\u00edch h\u1ee3p v\u1edbi m\u1ecdi l\u1ee9a tu\u1ed5i.<\/p>\n<p>B\u1ea1n c\u00f3 bi\u1ebft, nh\u00e2n c\u1ee7a qu\u1ea3 h\u1ea1nh \u0111\u00e0o hay c\u00f2n \u0111\u01b0\u1ee3c g\u1ecdi l\u00e0 h\u1ea1nh nh\u00e2n, \u0111\u01b0\u1ee3c m\u1ec7nh danh l\u00e0 n\u1eef ho\u00e0ng trong c\u00e1c lo\u1ea1i h\u1ea1t.<\/p>\n<p>H\u1ea1t h\u1ea1nh nh\u00e2n rang b\u01a1 M\u1ed9c Lan \u0111\u01b0\u1ee3c tinh ch\u1ecdn t\u1eeb nh\u1eefng h\u1ea1t h\u1ea1nh nh\u00e2n ch\u1ea5t l\u01b0\u1ee3ng nh\u1ea5t, gi\u1eef nguy\u00ean l\u1edbp v\u1ecf c\u1ee9ng b\u00ean ngo\u00e0i, h\u00f2a quy\u1ec7n v\u1edbi b\u01a1 t\u1ea1o n\u00ean s\u1ea3n ph\u1ea9m c\u00f3 h\u01b0\u01a1ng v\u1ecb ng\u1ecdt b\u00f9i, th\u01a1m ngon.<\/p>\n<p>H\u1ea1nh nh\u00e2n ban \u0111\u1ea7u \u0111\u01b0\u1ee3c t\u00ecm th\u1ea5y \u1edf B\u1eafc Phi, T\u00e2y \u00c1 v\u00e0 c\u00e1c v\u00f9ng \u0110\u1ecba Trung H\u1ea3i. Ch\u00fang gi\u00e0u vitamin v\u00e0 kho\u00e1ng ch\u1ea5t, c\u00f3 nhi\u1ec1u ch\u1ea5t x\u01a1 v\u00e0 ch\u1ea5t b\u00e9o kh\u00f4ng b\u00e3o h\u00f2a \u0111\u01a1n, l\u00e0m cho tim kh\u1ecfe m\u1ea1nh. Nh\u1eefng t\u00e1c d\u1ee5ng c\u1ee7a h\u1ea1t h\u1ea1nh nh\u00e2n l\u00e0 g\u1ea7n nh\u01b0 v\u00f4 t\u1eadn!<\/p>\n<p>Th\u00edch h\u1ee3p l\u00e0m qu\u00e0 t\u1eb7ng bi\u1ebfu kh\u00e1ch, b\u1ea1n b\u00e8, g\u1eedi n\u01b0\u1edbc ngo\u00e0i.<\/p>\n<p>Th\u01a1m ngon, gi\u00f2n r\u1ee5m t\u1ef1 nhi\u00ean.<\/p>\n<p>\u0110\u1ea1t chu\u1ea9n v\u1ec7 sinh an to\u00e0n th\u1ef1c ph\u1ea9m.<\/p>\n<p>\u0110\u1eb7t h\u00e0ng ngay, giao h\u00e0ng li\u1ec1n tay.<\/p>\n<p>HSD 12 th\u00e1ng k\u1ec3 t\u1eeb ng\u00e0y s\u1ea3n xu\u1ea5t<\/p>","protected":false},"excerpt":{"rendered":"<p>H\u1ea1nh nh\u00e2n rang b\u01a1 M\u1ed9c Lan &#8211; M\u1ef9 lo\u1ea1i 1 [&#8230;]<\/p>\n<p><a class=\"btn btn-secondary understrap-read-more-link\" href=\"https:\/\/moclan.com.vn\/en\/product\/hanh-nhan-rang-bo-moc-lan-my-loai-1-250g-500g\/\">Read More&#8230;<\/a><\/p>","protected":false},"featured_media":4218,"comment_status":"closed","ping_status":"closed","template":"","meta":[],"product_cat":[737,711,659,663],"product_tag":[],"yoast_head":"<!-- This site is optimized with the Yoast SEO Premium plugin v15.9.2 - https:\/\/yoast.com\/wordpress\/plugins\/seo\/ -->\n<title>H\u1ea1nh nh\u00e2n rang b\u01a1 M\u1ed9c Lan - M\u1ef9 lo\u1ea1i 1 - 250g, 500g - M\u1ed9c Lan<\/title>\n<link rel=\"canonical\" href=\"https:\/\/moclan.com.vn\/en\/product\/hanh-nhan-rang-bo-moc-lan-my-loai-1-250g-500g\/\" \/>\n<meta property=\"og:locale\" content=\"en_US\" \/>\n<meta property=\"og:type\" content=\"article\" \/>\n<meta property=\"og:title\" content=\"H\u1ea1nh nh\u00e2n rang b\u01a1 M\u1ed9c Lan - M\u1ef9 lo\u1ea1i 1 - 250g, 500g - M\u1ed9c Lan\" \/>\n<meta property=\"og:description\" content=\"H\u1ea1nh nh\u00e2n rang b\u01a1 M\u1ed9c Lan - M\u1ef9 lo\u1ea1i 1 [...]Read More...\" \/>\n<meta property=\"og:url\" content=\"https:\/\/moclan.com.vn\/en\/product\/hanh-nhan-rang-bo-moc-lan-my-loai-1-250g-500g\/\" \/>\n<meta property=\"og:site_name\" content=\"M\u1ed9c Lan\" \/>\n<meta property=\"article:modified_time\" content=\"2026-04-21T08:02:04+00:00\" \/>\n<meta property=\"og:image\" content=\"https:\/\/moclan.com.vn\/wp-content\/uploads\/2025\/06\/z6375953064274_96a48487f51584273c81618624d6c60f.jpg\" \/>\n\t<meta property=\"og:image:width\" content=\"1440\" \/>\n\t<meta property=\"og:image:height\" content=\"1920\" \/>\n<meta name=\"twitter:card\" content=\"summary_large_image\" \/>\n<meta name=\"twitter:label1\" content=\"Est. reading time\">\n\t<meta name=\"twitter:data1\" content=\"1 minute\">\n<script type=\"application\/ld+json\" class=\"yoast-schema-graph\">{\"@context\":\"https:\/\/schema.org\",\"@graph\":[{\"@type\":\"WebSite\",\"@id\":\"https:\/\/moclan.com.vn\/#website\",\"url\":\"https:\/\/moclan.com.vn\/\",\"name\":\"M\\u1ed9c Lan\",\"description\":\"\",\"potentialAction\":[{\"@type\":\"SearchAction\",\"target\":\"https:\/\/moclan.com.vn\/?s={search_term_string}\",\"query-input\":\"required name=search_term_string\"}],\"inLanguage\":\"en-US\"},{\"@type\":\"ImageObject\",\"@id\":\"https:\/\/moclan.com.vn\/hanh-nhan-rang-bo-moc-lan-my-loai-1-250g-500g\/#primaryimage\",\"inLanguage\":\"en-US\",\"url\":\"https:\/\/moclan.com.vn\/wp-content\/uploads\/2025\/06\/z6375953064274_96a48487f51584273c81618624d6c60f.jpg\",\"width\":1440,\"height\":1920},{\"@type\":\"WebPage\",\"@id\":\"https:\/\/moclan.com.vn\/hanh-nhan-rang-bo-moc-lan-my-loai-1-250g-500g\/#webpage\",\"url\":\"https:\/\/moclan.com.vn\/hanh-nhan-rang-bo-moc-lan-my-loai-1-250g-500g\/\",\"name\":\"H\\u1ea1nh nh\\u00e2n rang b\\u01a1 M\\u1ed9c Lan - M\\u1ef9 lo\\u1ea1i 1 - 250g, 500g - M\\u1ed9c Lan\",\"isPartOf\":{\"@id\":\"https:\/\/moclan.com.vn\/#website\"},\"primaryImageOfPage\":{\"@id\":\"https:\/\/moclan.com.vn\/hanh-nhan-rang-bo-moc-lan-my-loai-1-250g-500g\/#primaryimage\"},\"datePublished\":\"2025-06-25T05:31:54+00:00\",\"dateModified\":\"2026-04-21T08:02:04+00:00\",\"breadcrumb\":{\"@id\":\"https:\/\/moclan.com.vn\/hanh-nhan-rang-bo-moc-lan-my-loai-1-250g-500g\/#breadcrumb\"},\"inLanguage\":\"en-US\",\"potentialAction\":[{\"@type\":\"ReadAction\",\"target\":[\"https:\/\/moclan.com.vn\/hanh-nhan-rang-bo-moc-lan-my-loai-1-250g-500g\/\"]}]},{\"@type\":\"BreadcrumbList\",\"@id\":\"https:\/\/moclan.com.vn\/hanh-nhan-rang-bo-moc-lan-my-loai-1-250g-500g\/#breadcrumb\",\"itemListElement\":[{\"@type\":\"ListItem\",\"position\":1,\"item\":{\"@type\":\"WebPage\",\"@id\":\"https:\/\/moclan.com.vn\/\",\"url\":\"https:\/\/moclan.com.vn\/\",\"name\":\"Trang ch\\u1ee7\"}},{\"@type\":\"ListItem\",\"position\":2,\"item\":{\"@type\":\"WebPage\",\"@id\":\"https:\/\/moclan.com.vn\/san-pham\/\",\"url\":\"https:\/\/moclan.com.vn\/san-pham\/\",\"name\":\"S\\u1ea3n ph\\u1ea9m\"}},{\"@type\":\"ListItem\",\"position\":3,\"item\":{\"@type\":\"WebPage\",\"@id\":\"https:\/\/moclan.com.vn\/hanh-nhan-rang-bo-moc-lan-my-loai-1-250g-500g\/\",\"url\":\"https:\/\/moclan.com.vn\/hanh-nhan-rang-bo-moc-lan-my-loai-1-250g-500g\/\",\"name\":\"H\\u1ea1nh nh\\u00e2n rang b\\u01a1 M\\u1ed9c Lan &#8211; M\\u1ef9 lo\\u1ea1i 1 &#8211; 250g, 500g\"}}]}]}<\/script>\n<!-- \/ Yoast SEO Premium plugin. -->","_links":{"self":[{"href":"https:\/\/moclan.com.vn\/en\/wp-json\/wp\/v2\/product\/4210"}],"collection":[{"href":"https:\/\/moclan.com.vn\/en\/wp-json\/wp\/v2\/product"}],"about":[{"href":"https:\/\/moclan.com.vn\/en\/wp-json\/wp\/v2\/types\/product"}],"replies":[{"embeddable":true,"href":"https:\/\/moclan.com.vn\/en\/wp-json\/wp\/v2\/comments?post=4210"}],"wp:featuredmedia":[{"embeddable":true,"href":"https:\/\/moclan.com.vn\/en\/wp-json\/wp\/v2\/media\/4218"}],"wp:attachment":[{"href":"https:\/\/moclan.com.vn\/en\/wp-json\/wp\/v2\/media?parent=4210"}],"wp:term":[{"taxonomy":"product_cat","embeddable":true,"href":"https:\/\/moclan.com.vn\/en\/wp-json\/wp\/v2\/product_cat?post=4210"},{"taxonomy":"product_tag","embeddable":true,"href":"https:\/\/moclan.com.vn\/en\/wp-json\/wp\/v2\/product_tag?post=4210"}],"curies":[{"name":"wp","href":"https:\/\/api.w.org\/{rel}","templated":true}]}}