


{"id":4236,"date":"2025-06-25T12:41:34","date_gmt":"2025-06-25T05:41:34","guid":{"rendered":"https:\/\/moclan.com.vn\/?post_type=product&#038;p=4236"},"modified":"2026-04-20T21:40:29","modified_gmt":"2026-04-20T14:40:29","slug":"ngu-coc-dinh-duong-cao-cap-250g-500g","status":"publish","type":"product","link":"https:\/\/moclan.com.vn\/en\/product\/ngu-coc-dinh-duong-cao-cap-250g-500g\/","title":{"rendered":"Ng\u0169 c\u1ed1c dinh d\u01b0\u1ee1ng cao c\u1ea5p \u2013 250g, 500g"},"content":{"rendered":"<p>Ng\u0169 c\u1ed1c dinh d\u01b0\u1ee1ng cao c\u1ea5p \u2013 M\u1ed9c Lan Healthy Foods<\/p>\n<p>B\u1ed9t Ng\u0169 C\u1ed1c Dinh D\u01b0\u1ee1ng M\u1ed9c Lan ph\u00f9 h\u1ee3p cho m\u1ecdi \u0111\u1ed1i t\u01b0\u1ee3ng: \u0110\u1eb7c bi\u1ec7t v\u1edbi ph\u1ee5 n\u1eef sau sinh, ph\u1ee5 n\u1eef mang thai, ng\u01b0\u1eddi g\u1ea7y, ng\u01b0\u1eddi cao tu\u1ed5i , tr\u1ebb t\u00e1o b\u00f3n v\u00e0 bi\u1ebfng \u0103n ( tr\u1ebb tr\u00ean 2 tu\u1ed5i)<\/p>\n<p>Th\u00e0nh ph\u1ea7n<\/p>\n<p>\u0110\u01b0\u1ee3c l\u00e0m t\u1eeb 23 lo\u1ea1i H\u1ea1t h\u1eefu c\u01a1: G\u1ea1o l\u1ee9t \u0111\u1ecf huy\u1ebft r\u1ed3ng, \u0110\u1eadu \u0111en, \u0110\u1eadu \u0111\u1ecf, \u0110\u1eadu xanh, M\u1eafc ca, H\u1ea1t \u00f3c ch\u00f3, H\u1ea1nh nh\u00e2n, H\u1ea1t chia, Y\u1ebfn m\u1ea1ch, H\u1ea1t \u0111i\u1ec1u, N\u1ebfp c\u1ea9m, M\u00e8 \u0111en, M\u00e8 tr\u1eafng, Ng\u00f4 n\u1ebfp, \u0110\u1eadu ng\u1ef1, \u0110\u1eadu v\u00e1n, \u0110\u1eadu l\u0103ng, \u0110\u1eadu tr\u1eafng, H\u1ea1t k\u00ea, H\u1ea1t sen, H\u1ea1t b\u00ed xanh, H\u1ea1t h\u01b0\u1edbng d\u01b0\u01a1ng, H\u1ea1t sa chi.<\/p>\n<p>B\u1ed9t ng\u0169 c\u1ed1c dinh d\u01b0\u1ee1ng M\u1ed9c Lan\u00a0\u0111\u1ea3m b\u1ea3o 100% ngu\u1ed3n nguy\u00ean li\u1ec7u nh\u1eadp kh\u1ea9u ( H\u1ea1nh nh\u00e2n, macca, y\u1ebfn m\u1ea1ch, \u00f3c ch\u00f3, h\u1ea1t chia) l\u00e0 d\u00f2ng Bio, c\u00f3 CO, CQ \u0111\u1ea7y \u0111\u1ee7.<\/p>\n<p>C\u00e1c lo\u1ea1i \u0111\u1eadu ( \u0111\u1eadu xanh, \u0111\u1eadu \u0111\u1ecf, \u0111\u1eadu \u0111en, \u0111\u1eadu ng\u1ef1, \u0111\u1eadu l\u0103ng ) l\u00e0 c\u00e1c lo\u1ea1i \u0111\u1eadu ta, kh\u00f4ng s\u1eed d\u1ee5ng s\u1ea3n ph\u1ea9m bi\u1ebfn \u0111\u1ed1i gen (GMO) \u00a0&#8211; \u0111\u1ea3m b\u1ea3o kh\u00f4ng thu\u1ed1c tr\u1eeb s\u00e2u, kh\u00f4ng ph\u00e2n h\u00f3a h\u1ecdc.<\/p>\n<p>C\u00d4NG D\u1ee4NG:<\/p>\n<p><strong>C\u00e1c th\u00e0nh ph\u1ea7n trong b\u1ed9t ng\u0169 c\u1ed1c gi\u00fap:<\/strong><\/p>\n<p>L\u1ee3i s\u1eefa, t\u0103ng ti\u1ebft s\u1eefa, \u0111\u1eb7c s\u1eefa, th\u01a1m s\u1eefa<\/p>\n<p>S\u1eefa m\u1eb9 v\u1ec1 nhi\u1ec1u, ng\u1ef1c c\u0103ng s\u1eefa, k\u00edch th\u00edch tuy\u1ebfn s\u1eefa m\u1eb9 ho\u1ea1t \u0111\u1ed9ng t\u1ed1t h\u01a1n.<\/p>\n<p>Ngo\u00e0i ra b\u1ed9t ng\u0169 c\u1ed1c c\u00f2n gi\u00fap b\u1ed5 gan,m\u00e1t gan, gi\u1ea3i \u0111\u1ed9c,thanh nhi\u1ec7t.<\/p>\n<p>Th\u00e0nh ph\u1ea7n trong c\u00e1c h\u1ea1t ng\u0169 c\u1ed1c\u00a0gi\u00fap b\u1ea1n kh\u1ecfe h\u01a1n, m\u00e1u l\u01b0u th\u00f4ng t\u1ed1t h\u01a1n.<\/p>\n<p>B\u1ed5 sung th\u00eam th\u00e0nh ph\u1ea7n y\u1ebfn m\u1ea1ch v\u00e0 qu\u1ea3 \u00f3c ch\u00f3 gi\u00fap t\u0103ng c\u01b0\u1eddng d\u01b0\u1ee1ng ch\u1ea5t \u0111\u1eb7c bi\u1ec7t l\u00e0 Omega3 cho s\u1ef1 ph\u00e1t tri\u1ec3n tr\u00ed n\u00e3o \u1edf tr\u1ebb.<\/p>\n<p>Gi\u00e0u Vitamin t\u0103ng c\u01b0\u1eddng trao \u0111\u1ed5i ch\u1ea5t, t\u0103ng s\u1ee9c \u0111\u1ec1 kh\u00e1ng v\u00e0 s\u1ee9c kh\u1ecfe t\u1ed5ng th\u1ec3.<\/p>\n<p>Cung c\u1ea5p ngu\u1ed3n ch\u1ea5t x\u01a1 h\u1ed7 tr\u1ee3 gi\u1ea3m c\u00e2n, t\u1ed1t cho ti\u00eau h\u00f3a, gi\u1ea3m t\u00ecnh tr\u1ea1ng \u0111\u1ea7y h\u01a1i, kh\u00f3 ti\u00eau, \u2026<\/p>\n<p>Vitamin nh\u00f3m B c\u00f3 nhi\u1ec1u trong y\u1ebfn m\u1ea1ch gi\u00fap t\u0103ng c\u01b0\u1eddng ph\u00e1t tri\u1ec3n c\u01a1 b\u1eafp, cung c\u1ea5p ngu\u1ed3n n\u0103ng l\u01b0\u1ee3ng cho ho\u1ea1t \u0111\u1ed9ng b\u1ec1n b\u1ec9.<\/p>\n<p>Ngu\u1ed3n Omega-3, Vitamin gi\u00fap gi\u1ea3m cholesterol x\u1ea5u, gi\u1ea3m nguy c\u01a1 x\u01a1 v\u1eefa \u0111\u1ed9ng m\u1ea1ch, \u0111au tim, \u0111\u1ed9t qu\u1ef5.<\/p>\n<p>B\u1ed9t ng\u0169 c\u1ed1c M\u1ed9c Lan\u00a0t\u1ea1o c\u1ea3m gi\u00e1c no l\u00e2u, t\u1eeb \u0111\u00f3, gi\u1ea3m th\u00e8m \u0103n, h\u1ed7 tr\u1ee3 cho ng\u01b0\u1eddi mu\u1ed1n \u0103n ng\u0169 c\u1ed1c gi\u1ea3m c\u00e2n.<\/p>\n<p>Gi\u00fap b\u1ed5 sung canxi, ch\u1ea5t x\u01a1 v\u00e0 c\u00e1c lo\u1ea1i Vitamin B6, Vitamin A, Vitamin D, Vitamin B12 v\u00e0 c\u1ea3 Axit Folic r\u1ea5t t\u1ed1t cho b\u00e0 b\u1ea7u v\u00e0 nh\u1eefng b\u00e0 m\u1eb9 \u0111ang cho con b\u00fa.<\/p>\n<p>B\u1ed9t ng\u0169 c\u1ed1c\u00a0M\u1ed9c Lan\u00a0c\u00f2n gi\u00fap l\u00e0m \u0111\u1eb9p da t\u1eeb b\u00ean trong, cho l\u00e0n da m\u1ecbn m\u00e0ng, t\u01b0\u01a1i s\u00e1ng<\/p>\n<p>&nbsp;<\/p>\n<p>B\u1ea1n y\u00ean t\u00e2m khi ch\u1ecdn mua b\u1ed9t ng\u0169 c\u1ed1c dinh d\u01b0\u1ee1ng M\u1ed9cLan HEALTHY FOODS c\u00f9ng c\u00e1c lo\u1ea1i \u201csi\u00eau th\u1ef1c ph\u1ea9m\u201d kh\u00e1c. V\u00ec quy tr\u00ecnh s\u1ea3n xu\u1ea5t, \u0111\u00f3ng g\u00f3i \u0111\u01b0\u1ee3c kh\u00e9p k\u00edn v\u00e0 b\u1ea3o qu\u1ea3n nghi\u00eam ng\u1eb7t theo ti\u00eau chu\u1ea9n ISO 22000.<\/p>","protected":false},"excerpt":{"rendered":"<p>Ng\u0169 c\u1ed1c dinh d\u01b0\u1ee1ng cao c\u1ea5p \u2013 M\u1ed9c Lan &#8211; t\u0103ng c\u00e2n, l\u1ee3i s\u1eefa &#8211; 23 lo\u1ea1i \u0111\u1eadu &amp; h\u1ea1t [&#8230;]<\/p>\n<p><a class=\"btn btn-secondary understrap-read-more-link\" href=\"https:\/\/moclan.com.vn\/en\/product\/ngu-coc-dinh-duong-cao-cap-250g-500g\/\">Read More&#8230;<\/a><\/p>","protected":false},"featured_media":4541,"comment_status":"closed","ping_status":"closed","template":"","meta":[],"product_cat":[737,653,655,663],"product_tag":[],"yoast_head":"<!-- This site is optimized with the Yoast SEO Premium plugin v15.9.2 - https:\/\/yoast.com\/wordpress\/plugins\/seo\/ -->\n<title>Ng\u0169 c\u1ed1c dinh d\u01b0\u1ee1ng cao c\u1ea5p \u2013 250g, 500g - M\u1ed9c Lan<\/title>\n<link rel=\"canonical\" href=\"https:\/\/moclan.com.vn\/en\/product\/ngu-coc-dinh-duong-cao-cap-250g-500g\/\" \/>\n<meta property=\"og:locale\" content=\"en_US\" \/>\n<meta property=\"og:type\" content=\"article\" \/>\n<meta property=\"og:title\" content=\"Ng\u0169 c\u1ed1c dinh d\u01b0\u1ee1ng cao c\u1ea5p \u2013 250g, 500g - M\u1ed9c Lan\" \/>\n<meta property=\"og:description\" content=\"Ng\u0169 c\u1ed1c dinh d\u01b0\u1ee1ng cao c\u1ea5p \u2013 M\u1ed9c Lan - t\u0103ng c\u00e2n, l\u1ee3i s\u1eefa - 23 lo\u1ea1i \u0111\u1eadu &amp; h\u1ea1t [...]Read More...\" \/>\n<meta property=\"og:url\" content=\"https:\/\/moclan.com.vn\/en\/product\/ngu-coc-dinh-duong-cao-cap-250g-500g\/\" \/>\n<meta property=\"og:site_name\" content=\"M\u1ed9c Lan\" \/>\n<meta property=\"article:modified_time\" content=\"2026-04-20T14:40:29+00:00\" \/>\n<meta property=\"og:image\" content=\"https:\/\/moclan.com.vn\/wp-content\/uploads\/2025\/06\/z5563881455950_a52be7e78c394d4f718497e757e43f64.jpg\" \/>\n\t<meta property=\"og:image:width\" content=\"1440\" \/>\n\t<meta property=\"og:image:height\" content=\"1920\" \/>\n<meta name=\"twitter:card\" content=\"summary_large_image\" \/>\n<meta name=\"twitter:label1\" content=\"Est. reading time\">\n\t<meta name=\"twitter:data1\" content=\"3 minutes\">\n<script type=\"application\/ld+json\" class=\"yoast-schema-graph\">{\"@context\":\"https:\/\/schema.org\",\"@graph\":[{\"@type\":\"WebSite\",\"@id\":\"https:\/\/moclan.com.vn\/#website\",\"url\":\"https:\/\/moclan.com.vn\/\",\"name\":\"M\\u1ed9c Lan\",\"description\":\"\",\"potentialAction\":[{\"@type\":\"SearchAction\",\"target\":\"https:\/\/moclan.com.vn\/?s={search_term_string}\",\"query-input\":\"required name=search_term_string\"}],\"inLanguage\":\"en-US\"},{\"@type\":\"ImageObject\",\"@id\":\"https:\/\/moclan.com.vn\/ngu-coc-dinh-duong-cao-cap-250g-500g\/#primaryimage\",\"inLanguage\":\"en-US\",\"url\":\"https:\/\/moclan.com.vn\/wp-content\/uploads\/2025\/06\/z5563881455950_a52be7e78c394d4f718497e757e43f64.jpg\",\"width\":1440,\"height\":1920},{\"@type\":\"WebPage\",\"@id\":\"https:\/\/moclan.com.vn\/ngu-coc-dinh-duong-cao-cap-250g-500g\/#webpage\",\"url\":\"https:\/\/moclan.com.vn\/ngu-coc-dinh-duong-cao-cap-250g-500g\/\",\"name\":\"Ng\\u0169 c\\u1ed1c dinh d\\u01b0\\u1ee1ng cao c\\u1ea5p \\u2013 250g, 500g - M\\u1ed9c Lan\",\"isPartOf\":{\"@id\":\"https:\/\/moclan.com.vn\/#website\"},\"primaryImageOfPage\":{\"@id\":\"https:\/\/moclan.com.vn\/ngu-coc-dinh-duong-cao-cap-250g-500g\/#primaryimage\"},\"datePublished\":\"2025-06-25T05:41:34+00:00\",\"dateModified\":\"2026-04-20T14:40:29+00:00\",\"breadcrumb\":{\"@id\":\"https:\/\/moclan.com.vn\/ngu-coc-dinh-duong-cao-cap-250g-500g\/#breadcrumb\"},\"inLanguage\":\"en-US\",\"potentialAction\":[{\"@type\":\"ReadAction\",\"target\":[\"https:\/\/moclan.com.vn\/ngu-coc-dinh-duong-cao-cap-250g-500g\/\"]}]},{\"@type\":\"BreadcrumbList\",\"@id\":\"https:\/\/moclan.com.vn\/ngu-coc-dinh-duong-cao-cap-250g-500g\/#breadcrumb\",\"itemListElement\":[{\"@type\":\"ListItem\",\"position\":1,\"item\":{\"@type\":\"WebPage\",\"@id\":\"https:\/\/moclan.com.vn\/\",\"url\":\"https:\/\/moclan.com.vn\/\",\"name\":\"Trang ch\\u1ee7\"}},{\"@type\":\"ListItem\",\"position\":2,\"item\":{\"@type\":\"WebPage\",\"@id\":\"https:\/\/moclan.com.vn\/san-pham\/\",\"url\":\"https:\/\/moclan.com.vn\/san-pham\/\",\"name\":\"S\\u1ea3n ph\\u1ea9m\"}},{\"@type\":\"ListItem\",\"position\":3,\"item\":{\"@type\":\"WebPage\",\"@id\":\"https:\/\/moclan.com.vn\/ngu-coc-dinh-duong-cao-cap-250g-500g\/\",\"url\":\"https:\/\/moclan.com.vn\/ngu-coc-dinh-duong-cao-cap-250g-500g\/\",\"name\":\"Ng\\u0169 c\\u1ed1c dinh d\\u01b0\\u1ee1ng cao c\\u1ea5p \\u2013 250g, 500g\"}}]}]}<\/script>\n<!-- \/ Yoast SEO Premium plugin. -->","_links":{"self":[{"href":"https:\/\/moclan.com.vn\/en\/wp-json\/wp\/v2\/product\/4236"}],"collection":[{"href":"https:\/\/moclan.com.vn\/en\/wp-json\/wp\/v2\/product"}],"about":[{"href":"https:\/\/moclan.com.vn\/en\/wp-json\/wp\/v2\/types\/product"}],"replies":[{"embeddable":true,"href":"https:\/\/moclan.com.vn\/en\/wp-json\/wp\/v2\/comments?post=4236"}],"wp:featuredmedia":[{"embeddable":true,"href":"https:\/\/moclan.com.vn\/en\/wp-json\/wp\/v2\/media\/4541"}],"wp:attachment":[{"href":"https:\/\/moclan.com.vn\/en\/wp-json\/wp\/v2\/media?parent=4236"}],"wp:term":[{"taxonomy":"product_cat","embeddable":true,"href":"https:\/\/moclan.com.vn\/en\/wp-json\/wp\/v2\/product_cat?post=4236"},{"taxonomy":"product_tag","embeddable":true,"href":"https:\/\/moclan.com.vn\/en\/wp-json\/wp\/v2\/product_tag?post=4236"}],"curies":[{"name":"wp","href":"https:\/\/api.w.org\/{rel}","templated":true}]}}