


{"id":4247,"date":"2025-06-25T12:48:57","date_gmt":"2025-06-25T05:48:57","guid":{"rendered":"https:\/\/moclan.com.vn\/?post_type=product&#038;p=4247"},"modified":"2026-04-21T18:55:36","modified_gmt":"2026-04-21T11:55:36","slug":"vien-tinh-nghe-mat-ong-hat-chia-moc-lan-250g-500g","status":"publish","type":"product","link":"https:\/\/moclan.com.vn\/en\/product\/vien-tinh-nghe-mat-ong-hat-chia-moc-lan-250g-500g\/","title":{"rendered":"Vi\u00ean tinh ngh\u1ec7 m\u1eadt ong h\u1ea1t chia M\u1ed9c Lan &#8211; 250g, 500g"},"content":{"rendered":"<p><strong>Th\u00e0nh ph\u1ea7n:<\/strong><\/p>\n<p>&#8211; Tinh b\u1ed9t ngh\u1ec7 nguy\u00ean ch\u1ea5t<\/p>\n<p>&#8211; M\u1eadt ong r\u1eebng thi\u00ean nhi\u00ean<\/p>\n<p>&#8211; H\u1ea1t chia M\u1ef9<\/p>\n<p><strong>C\u00f4ng d\u1ee5ng:<\/strong><\/p>\n<p>&#8211; H\u1ed7 tr\u1ee3 c\u1ea3i thi\u1ec7n t\u00ecnh tr\u1ea1ng \u0111au d\u1ea1 d\u00e0y, vi\u00eam lo\u00e9t d\u1ea1 d\u00e0y, t\u00e1 tr\u00e0ng<\/p>\n<p>&#8211; Gi\u00fap ph\u1ee5c h\u1ed3i s\u1ee9c kh\u1ecfe, l\u00e0n da, v\u00f3c d\u00e1ng, b\u1ed5 m\u00e1u.<\/p>\n<p>&#8211; K\u00edch th\u00edch th\u00e8m \u0103n c\u1ee7a tr\u1ebb bi\u1ebfng \u0103n.<\/p>\n<p>&#8211; Ng\u0103n ng\u1eeba ung th\u01b0, ti\u1ec3u \u0111\u01b0\u1eddng.<\/p>\n<p>&#8211; \u0110\u00e0o th\u1ea3i c\u00e1c ch\u1ea5t \u0111\u1ed9c h\u1ea3i trong c\u01a1 th\u1ec3.<\/p>\n<p>&#8211; Gi\u00fap nu\u00f4i d\u01b0\u1ee1ng l\u00e0n da tr\u1eafng h\u1ed3ng s\u00e1ng m\u1ecbn.<\/p>\n<p>&#8211; Gi\u1ea3m th\u00e2m n\u00e1m t\u00e0n nhang.<\/p>\n<p>&#8211; T\u1ed1t cho s\u1ee9c kh\u1ecfe tim m\u1ea1ch.<\/p>\n<p>&#8211; D\u00f9ng t\u1ed1t cho ph\u1ee5 n\u1eef sau sinh v\u00e0 ng\u01b0\u1eddi b\u1ecb \u0111au gi\u1ea3 d\u00e0y, ti\u00eau h\u00f3a k\u00e9m.<\/p>\n<p>Ch\u00fa \u00fd: kh\u00f4ng khuy\u00ean d\u00f9ng cho ph\u1ee5 n\u1eef mang thai.<\/p>\n<p><strong>H\u01b0\u1edbng d\u1eabn s\u1eed d\u1ee5ng:<\/strong><\/p>\n<p>Vi\u00ean tinh ngh\u1ec7 \u0103n nh\u01b0 k\u1eb9o v\u1eady \u0111\u00f3, ng\u1eadm m\u1ed9t h\u1ed3i s\u1ebd tan d\u1ea7n hay nhai \u0111\u1ec1u \u0111\u01b0\u1ee3c. V\u1ecb ng\u1ecdt th\u01a1m ngon c\u1ee7a m\u1eadt ong r\u1ea5t d\u1ec5 ch\u1ecbu.<\/p>\n<p>H\u1ed7 tr\u1ee3 ng\u01b0\u1eddi b\u1ecb \u0111au d\u1ea1 d\u00e0y ng\u00e0y d\u00f9ng 3 l\u1ea7n, 5 vi\u00ean \/ l\u1ea7n sau khi \u0103n, kho\u1ea3ng 1 th\u00e1ng \u0111\u00e3 c\u1ea3i thi\u1ec7n gi\u1ea3m d\u00f9ng ng\u00e0y 2 l\u1ea7n.<\/p>\n<p>U\u1ed1ng h\u1ed7 tr\u1ee3 \u0111\u1eb9p da ng\u00e0y d\u00f9ng 2 l\u1ea7n, 3-5v\/ l\u1ea7n.<\/p>\n<p>C\u00e1c m\u1eb9 \u1edf c\u1eed, sau sanh kho\u1ea3ng 1 tu\u1ea7n \u2013 10 ng\u00e0y khi xu\u1ed1ng s\u1ea1ch s\u1ea3n d\u1ecbch v\u00e0 huy\u1ebft th\u00ec d\u00f9ng, ng\u00e0y d\u00f9ng 3 l\u1ea7n, 5 vi\u00ean\/ l\u1ea7n.<\/p>\n<p>Tr\u1ebb em t\u1eeb 2 \u0111\u1ebfn 6 tu\u1ed5i ng\u00e0y d\u00f9ng 2 l\u1ea7n, 2-3vi\u00ean \/ l\u1ea7n.<\/p>\n<p>Xu\u1ea5t X\u1ee9: Vi\u1ec7t Nam<\/p>\n<p>B\u1ea3o qu\u1ea3n: n\u01a1i kh\u00f4 r\u00e1o tho\u00e1ng m\u00e1t, tr\u00e1nh \u00e1nh n\u1eafng tr\u1ef1c ti\u1ebfp.<br \/>\nH\u1ea1n s\u1eed d\u1ee5ng: 24 th\u00e1ng k\u1ec3 t\u1eeb ng\u00e0y s\u1ea3n xu\u1ea5t.<\/p>\n<p>NSX: in tr\u00ean bao b\u00ec s\u1ea3n ph\u1ea9m<\/p>\n<p>&#8211; S\u1ea3n ph\u1ea9m n\u00e0y kh\u00f4ng ph\u1ea3i l\u00e0 thu\u1ed1c v\u00e0 kh\u00f4ng c\u00f3 t\u00e1c d\u1ee5ng thay th\u1ebf thu\u1ed1c ch\u1eefa b\u1ec7nh!<\/p>\n<p>&nbsp;<\/p>","protected":false},"excerpt":{"rendered":"<p>Vi\u00ean tinh ngh\u1ec7 m\u1eadt ong h\u1ea1t chia M\u1ed9c Lan [&#8230;]<\/p>\n<p><a class=\"btn btn-secondary understrap-read-more-link\" href=\"https:\/\/moclan.com.vn\/en\/product\/vien-tinh-nghe-mat-ong-hat-chia-moc-lan-250g-500g\/\">Read More&#8230;<\/a><\/p>","protected":false},"featured_media":4653,"comment_status":"closed","ping_status":"closed","template":"","meta":[],"product_cat":[737,711,663,665,681],"product_tag":[730],"yoast_head":"<!-- This site is optimized with the Yoast SEO Premium plugin v15.9.2 - https:\/\/yoast.com\/wordpress\/plugins\/seo\/ -->\n<title>Vi\u00ean tinh ngh\u1ec7 m\u1eadt ong h\u1ea1t chia M\u1ed9c Lan - 250g, 500g - M\u1ed9c Lan<\/title>\n<link rel=\"canonical\" href=\"https:\/\/moclan.com.vn\/en\/product\/vien-tinh-nghe-mat-ong-hat-chia-moc-lan-250g-500g\/\" \/>\n<meta property=\"og:locale\" content=\"en_US\" \/>\n<meta property=\"og:type\" content=\"article\" \/>\n<meta property=\"og:title\" content=\"Vi\u00ean tinh ngh\u1ec7 m\u1eadt ong h\u1ea1t chia M\u1ed9c Lan - 250g, 500g - M\u1ed9c Lan\" \/>\n<meta property=\"og:description\" content=\"Vi\u00ean tinh ngh\u1ec7 m\u1eadt ong h\u1ea1t chia M\u1ed9c Lan [...]Read More...\" \/>\n<meta property=\"og:url\" content=\"https:\/\/moclan.com.vn\/en\/product\/vien-tinh-nghe-mat-ong-hat-chia-moc-lan-250g-500g\/\" \/>\n<meta property=\"og:site_name\" content=\"M\u1ed9c Lan\" \/>\n<meta property=\"article:modified_time\" content=\"2026-04-21T11:55:36+00:00\" \/>\n<meta property=\"og:image\" content=\"https:\/\/moclan.com.vn\/wp-content\/uploads\/2025\/06\/z6458715290572_1601112f7388dc396cfa492529ac0a62.jpg\" \/>\n\t<meta property=\"og:image:width\" content=\"1920\" \/>\n\t<meta property=\"og:image:height\" content=\"1920\" \/>\n<meta name=\"twitter:card\" content=\"summary_large_image\" \/>\n<meta name=\"twitter:label1\" content=\"Est. reading time\">\n\t<meta name=\"twitter:data1\" content=\"2 minutes\">\n<script type=\"application\/ld+json\" class=\"yoast-schema-graph\">{\"@context\":\"https:\/\/schema.org\",\"@graph\":[{\"@type\":\"WebSite\",\"@id\":\"https:\/\/moclan.com.vn\/#website\",\"url\":\"https:\/\/moclan.com.vn\/\",\"name\":\"M\\u1ed9c Lan\",\"description\":\"\",\"potentialAction\":[{\"@type\":\"SearchAction\",\"target\":\"https:\/\/moclan.com.vn\/?s={search_term_string}\",\"query-input\":\"required name=search_term_string\"}],\"inLanguage\":\"en-US\"},{\"@type\":\"ImageObject\",\"@id\":\"https:\/\/moclan.com.vn\/vien-tinh-nghe-mat-ong-hat-chia-moc-lan-250g-500g\/#primaryimage\",\"inLanguage\":\"en-US\",\"url\":\"https:\/\/moclan.com.vn\/wp-content\/uploads\/2025\/06\/z6458715290572_1601112f7388dc396cfa492529ac0a62.jpg\",\"width\":1920,\"height\":1920},{\"@type\":\"WebPage\",\"@id\":\"https:\/\/moclan.com.vn\/vien-tinh-nghe-mat-ong-hat-chia-moc-lan-250g-500g\/#webpage\",\"url\":\"https:\/\/moclan.com.vn\/vien-tinh-nghe-mat-ong-hat-chia-moc-lan-250g-500g\/\",\"name\":\"Vi\\u00ean tinh ngh\\u1ec7 m\\u1eadt ong h\\u1ea1t chia M\\u1ed9c Lan - 250g, 500g - M\\u1ed9c Lan\",\"isPartOf\":{\"@id\":\"https:\/\/moclan.com.vn\/#website\"},\"primaryImageOfPage\":{\"@id\":\"https:\/\/moclan.com.vn\/vien-tinh-nghe-mat-ong-hat-chia-moc-lan-250g-500g\/#primaryimage\"},\"datePublished\":\"2025-06-25T05:48:57+00:00\",\"dateModified\":\"2026-04-21T11:55:36+00:00\",\"breadcrumb\":{\"@id\":\"https:\/\/moclan.com.vn\/vien-tinh-nghe-mat-ong-hat-chia-moc-lan-250g-500g\/#breadcrumb\"},\"inLanguage\":\"en-US\",\"potentialAction\":[{\"@type\":\"ReadAction\",\"target\":[\"https:\/\/moclan.com.vn\/vien-tinh-nghe-mat-ong-hat-chia-moc-lan-250g-500g\/\"]}]},{\"@type\":\"BreadcrumbList\",\"@id\":\"https:\/\/moclan.com.vn\/vien-tinh-nghe-mat-ong-hat-chia-moc-lan-250g-500g\/#breadcrumb\",\"itemListElement\":[{\"@type\":\"ListItem\",\"position\":1,\"item\":{\"@type\":\"WebPage\",\"@id\":\"https:\/\/moclan.com.vn\/\",\"url\":\"https:\/\/moclan.com.vn\/\",\"name\":\"Trang ch\\u1ee7\"}},{\"@type\":\"ListItem\",\"position\":2,\"item\":{\"@type\":\"WebPage\",\"@id\":\"https:\/\/moclan.com.vn\/san-pham\/\",\"url\":\"https:\/\/moclan.com.vn\/san-pham\/\",\"name\":\"S\\u1ea3n ph\\u1ea9m\"}},{\"@type\":\"ListItem\",\"position\":3,\"item\":{\"@type\":\"WebPage\",\"@id\":\"https:\/\/moclan.com.vn\/vien-tinh-nghe-mat-ong-hat-chia-moc-lan-250g-500g\/\",\"url\":\"https:\/\/moclan.com.vn\/vien-tinh-nghe-mat-ong-hat-chia-moc-lan-250g-500g\/\",\"name\":\"Vi\\u00ean tinh ngh\\u1ec7 m\\u1eadt ong h\\u1ea1t chia M\\u1ed9c Lan &#8211; 250g, 500g\"}}]}]}<\/script>\n<!-- \/ Yoast SEO Premium plugin. -->","_links":{"self":[{"href":"https:\/\/moclan.com.vn\/en\/wp-json\/wp\/v2\/product\/4247"}],"collection":[{"href":"https:\/\/moclan.com.vn\/en\/wp-json\/wp\/v2\/product"}],"about":[{"href":"https:\/\/moclan.com.vn\/en\/wp-json\/wp\/v2\/types\/product"}],"replies":[{"embeddable":true,"href":"https:\/\/moclan.com.vn\/en\/wp-json\/wp\/v2\/comments?post=4247"}],"wp:featuredmedia":[{"embeddable":true,"href":"https:\/\/moclan.com.vn\/en\/wp-json\/wp\/v2\/media\/4653"}],"wp:attachment":[{"href":"https:\/\/moclan.com.vn\/en\/wp-json\/wp\/v2\/media?parent=4247"}],"wp:term":[{"taxonomy":"product_cat","embeddable":true,"href":"https:\/\/moclan.com.vn\/en\/wp-json\/wp\/v2\/product_cat?post=4247"},{"taxonomy":"product_tag","embeddable":true,"href":"https:\/\/moclan.com.vn\/en\/wp-json\/wp\/v2\/product_tag?post=4247"}],"curies":[{"name":"wp","href":"https:\/\/api.w.org\/{rel}","templated":true}]}}