


{"id":4259,"date":"2025-06-25T12:54:44","date_gmt":"2025-06-25T05:54:44","guid":{"rendered":"https:\/\/moclan.com.vn\/?post_type=product&#038;p=4259"},"modified":"2026-05-04T22:30:26","modified_gmt":"2026-05-04T15:30:26","slug":"vien-ca-gai-leo-mat-ong-rung-moc-lan-hop-500g-250g","status":"publish","type":"product","link":"https:\/\/moclan.com.vn\/en\/product\/vien-ca-gai-leo-mat-ong-rung-moc-lan-hop-500g-250g\/","title":{"rendered":"Vi\u00ean C\u00e0 Gai Leo M\u1eadt Ong R\u1eebng M\u1ed9c Lan H\u1ed9p 500g, 250g"},"content":{"rendered":"<p><strong>VI\u00caN C\u00c0 GAI LEO M\u1eacT ONG R\u1eeaNG M\u1ed8C LAN<\/strong><\/p>\n<p>&#8211; \u0110\u00f3ng G\u00f3i: H\u1ed9p 500g, 250g<\/p>\n<p>&#8211; N\u01a1i SX: TP H\u1ed3 Ch\u00ed Minh<\/p>\n<p>&#8211; Ng\u00e0y SX: In tr\u00ean bao b\u00ec<\/p>\n<p>&#8211; HSD: 12 th\u00e1ng k\u1ec3 t\u1eeb ng\u00e0y s\u1ea3n xu\u1ea5t<\/p>\n<p><strong>Th\u00e0nh ph\u1ea7n:<\/strong><\/p>\n<p>&#8211; \u0110\u01b0\u1ee3c chi\u1ebft xu\u1ea5t t\u1eeb c\u00e2y c\u00e0 gai leo v\u00e0 c\u00e2y m\u1eadt nh\u00e2n, m\u1eadt ong r\u1eebng.<\/p>\n<p><strong>T\u00c1C D\u1ee4NG C\u1ee6A VI\u00caN C\u00c0 GAI LEO M\u1eacT ONG R\u1eeaNG<\/strong><\/p>\n<p>&#8211; H\u1ea1 men gan, h\u1ed7 tr\u1ee3 b\u1ec7nh gout.<\/p>\n<p>&#8211; \u0110\u00e1nh tan m\u1ee1 trong gan, trong m\u00e1u, trong m\u1ea1ch m\u00e1u.<\/p>\n<p>&#8211; Gi\u1ea3i \u0111\u1ed9c gan, \u0111\u1ea9y c\u00e1c ch\u1ea5t \u0111\u1ed9c ra ngo\u00e0i c\u01a1 th\u1ec3.<\/p>\n<p>&#8211; B\u1ea3o v\u1ec7 l\u00e1 gan; ch\u1ed1ng say, ph\u1ee5c h\u1ed3i c\u01a1 th\u1ec3 nhanh sau khi say.<\/p>\n<p>&#8211; K\u00edch th\u00edch sinh th\u1ec3 ch\u1ed1ng l\u1ea1i virus.<\/p>\n<p>&#8211; L\u00e0m ch\u1eadm qu\u00e1 tr\u00ecnh x\u01a1 h\u00f3a, t\u00e1i t\u1ea1o l\u1ea1i c\u00e1c t\u1ebf b\u00e0o gan.<\/p>\n<p>&#8211; Nay s\u1ea3n ph\u1ea9m \u0111\u00e3 \u0111\u01b0\u1ee3c k\u1ebft h\u1ee3p v\u1edbi cao m\u1eadt nh\u00e2n c\u00f4 \u0111\u1eb7c t\u1ea1o ra s\u1ea3n ph\u1ea9m \u0111\u1ed9c \u0111\u00e1o t\u1eeb thi\u00ean nhi\u00ean.<\/p>\n<p><strong>C\u00c1CH D\u00d9NG:<\/strong> Ng\u00e0y d\u00f9ng 2 l\u1ea7n, m\u1ed7i l\u1ea7n 10 vi\u00ean<\/p>\n<p>L\u01afU \u00dd: S\u1ea2N PH\u1ea8M N\u00c0Y KH\u00d4NG PH\u1ea2I L\u00c0 THU\u1ed0C V\u00c0 KH\u00d4NG T\u00c1C D\u1ee4NG THAY TH\u1ebe THU\u1ed0C CH\u1eeeA B\u1ec6NH<\/p>\n<p>&nbsp;<\/p>","protected":false},"excerpt":{"rendered":"<p>Vi\u00ean C\u00e0 Gai Leo M\u1eadt Ong R\u1eebng M\u1ed9c Lan H\u1ed9p [&#8230;]<\/p>\n<p><a class=\"btn btn-secondary understrap-read-more-link\" href=\"https:\/\/moclan.com.vn\/en\/product\/vien-ca-gai-leo-mat-ong-rung-moc-lan-hop-500g-250g\/\">Read More&#8230;<\/a><\/p>","protected":false},"featured_media":4268,"comment_status":"closed","ping_status":"closed","template":"","meta":[],"product_cat":[737,675,681],"product_tag":[731],"yoast_head":"<!-- This site is optimized with the Yoast SEO Premium plugin v15.9.2 - https:\/\/yoast.com\/wordpress\/plugins\/seo\/ -->\n<title>Vi\u00ean C\u00e0 Gai Leo M\u1eadt Ong R\u1eebng M\u1ed9c Lan H\u1ed9p 500g, 250g - M\u1ed9c Lan<\/title>\n<link rel=\"canonical\" href=\"https:\/\/moclan.com.vn\/en\/product\/vien-ca-gai-leo-mat-ong-rung-moc-lan-hop-500g-250g\/\" \/>\n<meta property=\"og:locale\" content=\"en_US\" \/>\n<meta property=\"og:type\" content=\"article\" \/>\n<meta property=\"og:title\" content=\"Vi\u00ean C\u00e0 Gai Leo M\u1eadt Ong R\u1eebng M\u1ed9c Lan H\u1ed9p 500g, 250g - M\u1ed9c Lan\" \/>\n<meta property=\"og:description\" content=\"Vi\u00ean C\u00e0 Gai Leo M\u1eadt Ong R\u1eebng M\u1ed9c Lan H\u1ed9p [...]Read More...\" \/>\n<meta property=\"og:url\" content=\"https:\/\/moclan.com.vn\/en\/product\/vien-ca-gai-leo-mat-ong-rung-moc-lan-hop-500g-250g\/\" \/>\n<meta property=\"og:site_name\" content=\"M\u1ed9c Lan\" \/>\n<meta property=\"article:modified_time\" content=\"2026-05-04T15:30:26+00:00\" \/>\n<meta property=\"og:image\" content=\"https:\/\/moclan.com.vn\/wp-content\/uploads\/2025\/06\/z6375953284055_8db4bfde24ca2cd0769f8d4e122164d7.jpg\" \/>\n\t<meta property=\"og:image:width\" content=\"1440\" \/>\n\t<meta property=\"og:image:height\" content=\"1920\" \/>\n<meta name=\"twitter:card\" content=\"summary_large_image\" \/>\n<meta name=\"twitter:label1\" content=\"Est. reading time\">\n\t<meta name=\"twitter:data1\" content=\"1 minute\">\n<script type=\"application\/ld+json\" class=\"yoast-schema-graph\">{\"@context\":\"https:\/\/schema.org\",\"@graph\":[{\"@type\":\"WebSite\",\"@id\":\"https:\/\/moclan.com.vn\/#website\",\"url\":\"https:\/\/moclan.com.vn\/\",\"name\":\"M\\u1ed9c Lan\",\"description\":\"\",\"potentialAction\":[{\"@type\":\"SearchAction\",\"target\":\"https:\/\/moclan.com.vn\/?s={search_term_string}\",\"query-input\":\"required name=search_term_string\"}],\"inLanguage\":\"en-US\"},{\"@type\":\"ImageObject\",\"@id\":\"https:\/\/moclan.com.vn\/vien-ca-gai-leo-mat-ong-rung-moc-lan-hop-500g-250g\/#primaryimage\",\"inLanguage\":\"en-US\",\"url\":\"https:\/\/moclan.com.vn\/wp-content\/uploads\/2025\/06\/z6375953284055_8db4bfde24ca2cd0769f8d4e122164d7.jpg\",\"width\":1440,\"height\":1920},{\"@type\":\"WebPage\",\"@id\":\"https:\/\/moclan.com.vn\/vien-ca-gai-leo-mat-ong-rung-moc-lan-hop-500g-250g\/#webpage\",\"url\":\"https:\/\/moclan.com.vn\/vien-ca-gai-leo-mat-ong-rung-moc-lan-hop-500g-250g\/\",\"name\":\"Vi\\u00ean C\\u00e0 Gai Leo M\\u1eadt Ong R\\u1eebng M\\u1ed9c Lan H\\u1ed9p 500g, 250g - M\\u1ed9c Lan\",\"isPartOf\":{\"@id\":\"https:\/\/moclan.com.vn\/#website\"},\"primaryImageOfPage\":{\"@id\":\"https:\/\/moclan.com.vn\/vien-ca-gai-leo-mat-ong-rung-moc-lan-hop-500g-250g\/#primaryimage\"},\"datePublished\":\"2025-06-25T05:54:44+00:00\",\"dateModified\":\"2026-05-04T15:30:26+00:00\",\"breadcrumb\":{\"@id\":\"https:\/\/moclan.com.vn\/vien-ca-gai-leo-mat-ong-rung-moc-lan-hop-500g-250g\/#breadcrumb\"},\"inLanguage\":\"en-US\",\"potentialAction\":[{\"@type\":\"ReadAction\",\"target\":[\"https:\/\/moclan.com.vn\/vien-ca-gai-leo-mat-ong-rung-moc-lan-hop-500g-250g\/\"]}]},{\"@type\":\"BreadcrumbList\",\"@id\":\"https:\/\/moclan.com.vn\/vien-ca-gai-leo-mat-ong-rung-moc-lan-hop-500g-250g\/#breadcrumb\",\"itemListElement\":[{\"@type\":\"ListItem\",\"position\":1,\"item\":{\"@type\":\"WebPage\",\"@id\":\"https:\/\/moclan.com.vn\/\",\"url\":\"https:\/\/moclan.com.vn\/\",\"name\":\"Trang ch\\u1ee7\"}},{\"@type\":\"ListItem\",\"position\":2,\"item\":{\"@type\":\"WebPage\",\"@id\":\"https:\/\/moclan.com.vn\/san-pham\/\",\"url\":\"https:\/\/moclan.com.vn\/san-pham\/\",\"name\":\"S\\u1ea3n ph\\u1ea9m\"}},{\"@type\":\"ListItem\",\"position\":3,\"item\":{\"@type\":\"WebPage\",\"@id\":\"https:\/\/moclan.com.vn\/vien-ca-gai-leo-mat-ong-rung-moc-lan-hop-500g-250g\/\",\"url\":\"https:\/\/moclan.com.vn\/vien-ca-gai-leo-mat-ong-rung-moc-lan-hop-500g-250g\/\",\"name\":\"Vi\\u00ean C\\u00e0 Gai Leo M\\u1eadt Ong R\\u1eebng M\\u1ed9c Lan H\\u1ed9p 500g, 250g\"}}]}]}<\/script>\n<!-- \/ Yoast SEO Premium plugin. -->","_links":{"self":[{"href":"https:\/\/moclan.com.vn\/en\/wp-json\/wp\/v2\/product\/4259"}],"collection":[{"href":"https:\/\/moclan.com.vn\/en\/wp-json\/wp\/v2\/product"}],"about":[{"href":"https:\/\/moclan.com.vn\/en\/wp-json\/wp\/v2\/types\/product"}],"replies":[{"embeddable":true,"href":"https:\/\/moclan.com.vn\/en\/wp-json\/wp\/v2\/comments?post=4259"}],"wp:featuredmedia":[{"embeddable":true,"href":"https:\/\/moclan.com.vn\/en\/wp-json\/wp\/v2\/media\/4268"}],"wp:attachment":[{"href":"https:\/\/moclan.com.vn\/en\/wp-json\/wp\/v2\/media?parent=4259"}],"wp:term":[{"taxonomy":"product_cat","embeddable":true,"href":"https:\/\/moclan.com.vn\/en\/wp-json\/wp\/v2\/product_cat?post=4259"},{"taxonomy":"product_tag","embeddable":true,"href":"https:\/\/moclan.com.vn\/en\/wp-json\/wp\/v2\/product_tag?post=4259"}],"curies":[{"name":"wp","href":"https:\/\/api.w.org\/{rel}","templated":true}]}}