


{"id":4271,"date":"2025-06-25T13:05:02","date_gmt":"2025-06-25T06:05:02","guid":{"rendered":"https:\/\/moclan.com.vn\/?post_type=product&#038;p=4271"},"modified":"2026-04-18T10:10:32","modified_gmt":"2026-04-18T03:10:32","slug":"trai-cay-say-deo-mix-moc-lan-healthy-250g-500g","status":"publish","type":"product","link":"https:\/\/moclan.com.vn\/en\/product\/trai-cay-say-deo-mix-moc-lan-healthy-250g-500g\/","title":{"rendered":"Tr\u00e1i c\u00e2y s\u1ea5y d\u1ebbo Mix M\u1ed9c Lan Healthy 250g &#8211; 500g"},"content":{"rendered":"<p>Tr\u00e1i c\u00e2y s\u1ea5y d\u1ebbo Mix c\u00e1c lo\u1ea1i cao c\u1ea5p cho \u0103n ki\u00eang \u0103n v\u1eb7t M\u1ed9c Lan<br \/>\nL\u00e0 l\u1ef1a ch\u1ecdn ho\u00e0n h\u1ea3o cho m\u1ecdi \u0111\u1ed1i t\u01b0\u1ee3ng \u0111\u1eb7c bi\u1ec7t l\u00e0 c\u00e1c ch\u1ebf \u0111\u1ed9 \u0103n eatclean healthy, gi\u1ea3m c\u00e2n, \u0103n ki\u00eang.<br \/>\n&#8211; D\u00f9ng \u0103n k\u00e8m v\u1edbi s\u1eefa chua, tr\u1ed9n granola, k\u1eb9o nougat, b\u00e1nh fruice cake, b\u00e1nh b\u00f4ng tuy\u1ebft\u2026 \u0111\u00e3 \u0111\u01b0\u1ee3c c\u1eaft nh\u1ecf n\u00ean r\u1ea5t ti\u1ec7n l\u1ee3i.<br \/>\n<strong>&#8211; Quy C\u00e1ch \u0111\u00f3ng g\u00f3i:<\/strong> h\u1ee7 250g, h\u1ee7 500g<br \/>\n<strong>&#8211; Th\u00e0nh ph\u1ea7n:<\/strong> D\u00e2u T\u00e2y, Kiwi, Nho kh\u00f4, Nam Vi\u1ec7t Qu\u1ea5t, Xo\u00e0i, X\u00ed Mu\u1ed9i, Long Nh\u00e3n, T\u00e1o \u0110\u1ecf, Nho (\u0110en, V\u00e0ng, Xanh N\u00e2u), \u2026<br \/>\n<strong>&#8211; H\u1ea1n s\u1eed d\u1ee5ng:<\/strong> 12 th\u00e1ng k\u1ec3 t\u1eeb ng\u00e0y s\u1ea3n xu\u1ea5t (in tr\u00ean bao b\u00ec)<br \/>\n&#8211; B\u1ea3o qu\u1ea3n l\u1ea1nh, tr\u00e1nh ti\u1ebfp x\u00fac tr\u1ef1c ti\u1ebfp \u00e1nh n\u1eafng m\u1eb7t tr\u1eddi v\u00e0 m\u00f4i tr\u01b0\u1eddng c\u00f3 \u0111\u1ed9 \u1ea9m cao.<\/p>","protected":false},"excerpt":{"rendered":"<p>Tr\u00e1i c\u00e2y s\u1ea5y d\u1ebbo Mix M\u1ed9c Lan Healthy [&#8230;]<\/p>\n<p><a class=\"btn btn-secondary understrap-read-more-link\" href=\"https:\/\/moclan.com.vn\/en\/product\/trai-cay-say-deo-mix-moc-lan-healthy-250g-500g\/\">Read More&#8230;<\/a><\/p>","protected":false},"featured_media":4278,"comment_status":"closed","ping_status":"closed","template":"","meta":[],"product_cat":[737,657],"product_tag":[746,739,743,741,745,738,742,740,744,748,747,750,752,760,754,758,756,749,751,759,753,757,755],"yoast_head":"<!-- This site is optimized with the Yoast SEO Premium plugin v15.9.2 - https:\/\/yoast.com\/wordpress\/plugins\/seo\/ -->\n<title>Tr\u00e1i c\u00e2y s\u1ea5y d\u1ebbo Mix M\u1ed9c Lan Healthy 250g - 500g - M\u1ed9c Lan<\/title>\n<link rel=\"canonical\" href=\"https:\/\/moclan.com.vn\/en\/product\/trai-cay-say-deo-mix-moc-lan-healthy-250g-500g\/\" \/>\n<meta property=\"og:locale\" content=\"en_US\" \/>\n<meta property=\"og:type\" content=\"article\" \/>\n<meta property=\"og:title\" content=\"Tr\u00e1i c\u00e2y s\u1ea5y d\u1ebbo Mix M\u1ed9c Lan Healthy 250g - 500g - M\u1ed9c Lan\" \/>\n<meta property=\"og:description\" content=\"Tr\u00e1i c\u00e2y s\u1ea5y d\u1ebbo Mix M\u1ed9c Lan Healthy [...]Read More...\" \/>\n<meta property=\"og:url\" content=\"https:\/\/moclan.com.vn\/en\/product\/trai-cay-say-deo-mix-moc-lan-healthy-250g-500g\/\" \/>\n<meta property=\"og:site_name\" content=\"M\u1ed9c Lan\" \/>\n<meta property=\"article:modified_time\" content=\"2026-04-18T03:10:32+00:00\" \/>\n<meta property=\"og:image\" content=\"https:\/\/moclan.com.vn\/wp-content\/uploads\/2025\/06\/z6354210481079_66e48e1c8ff450cd4e9aa16301c33e49.jpg\" \/>\n\t<meta property=\"og:image:width\" content=\"1440\" \/>\n\t<meta property=\"og:image:height\" content=\"1920\" \/>\n<meta name=\"twitter:card\" content=\"summary_large_image\" \/>\n<meta name=\"twitter:label1\" content=\"Est. reading time\">\n\t<meta name=\"twitter:data1\" content=\"1 minute\">\n<script type=\"application\/ld+json\" class=\"yoast-schema-graph\">{\"@context\":\"https:\/\/schema.org\",\"@graph\":[{\"@type\":\"WebSite\",\"@id\":\"https:\/\/moclan.com.vn\/#website\",\"url\":\"https:\/\/moclan.com.vn\/\",\"name\":\"M\\u1ed9c Lan\",\"description\":\"\",\"potentialAction\":[{\"@type\":\"SearchAction\",\"target\":\"https:\/\/moclan.com.vn\/?s={search_term_string}\",\"query-input\":\"required name=search_term_string\"}],\"inLanguage\":\"en-US\"},{\"@type\":\"ImageObject\",\"@id\":\"https:\/\/moclan.com.vn\/trai-cay-say-deo-mix-moc-lan-healthy-250g-500g\/#primaryimage\",\"inLanguage\":\"en-US\",\"url\":\"https:\/\/moclan.com.vn\/wp-content\/uploads\/2025\/06\/z6354210481079_66e48e1c8ff450cd4e9aa16301c33e49.jpg\",\"width\":1440,\"height\":1920},{\"@type\":\"WebPage\",\"@id\":\"https:\/\/moclan.com.vn\/trai-cay-say-deo-mix-moc-lan-healthy-250g-500g\/#webpage\",\"url\":\"https:\/\/moclan.com.vn\/trai-cay-say-deo-mix-moc-lan-healthy-250g-500g\/\",\"name\":\"Tr\\u00e1i c\\u00e2y s\\u1ea5y d\\u1ebbo Mix M\\u1ed9c Lan Healthy 250g - 500g - M\\u1ed9c Lan\",\"isPartOf\":{\"@id\":\"https:\/\/moclan.com.vn\/#website\"},\"primaryImageOfPage\":{\"@id\":\"https:\/\/moclan.com.vn\/trai-cay-say-deo-mix-moc-lan-healthy-250g-500g\/#primaryimage\"},\"datePublished\":\"2025-06-25T06:05:02+00:00\",\"dateModified\":\"2026-04-18T03:10:32+00:00\",\"breadcrumb\":{\"@id\":\"https:\/\/moclan.com.vn\/trai-cay-say-deo-mix-moc-lan-healthy-250g-500g\/#breadcrumb\"},\"inLanguage\":\"en-US\",\"potentialAction\":[{\"@type\":\"ReadAction\",\"target\":[\"https:\/\/moclan.com.vn\/trai-cay-say-deo-mix-moc-lan-healthy-250g-500g\/\"]}]},{\"@type\":\"BreadcrumbList\",\"@id\":\"https:\/\/moclan.com.vn\/trai-cay-say-deo-mix-moc-lan-healthy-250g-500g\/#breadcrumb\",\"itemListElement\":[{\"@type\":\"ListItem\",\"position\":1,\"item\":{\"@type\":\"WebPage\",\"@id\":\"https:\/\/moclan.com.vn\/\",\"url\":\"https:\/\/moclan.com.vn\/\",\"name\":\"Trang ch\\u1ee7\"}},{\"@type\":\"ListItem\",\"position\":2,\"item\":{\"@type\":\"WebPage\",\"@id\":\"https:\/\/moclan.com.vn\/san-pham\/\",\"url\":\"https:\/\/moclan.com.vn\/san-pham\/\",\"name\":\"S\\u1ea3n ph\\u1ea9m\"}},{\"@type\":\"ListItem\",\"position\":3,\"item\":{\"@type\":\"WebPage\",\"@id\":\"https:\/\/moclan.com.vn\/trai-cay-say-deo-mix-moc-lan-healthy-250g-500g\/\",\"url\":\"https:\/\/moclan.com.vn\/trai-cay-say-deo-mix-moc-lan-healthy-250g-500g\/\",\"name\":\"Tr\\u00e1i c\\u00e2y s\\u1ea5y d\\u1ebbo Mix M\\u1ed9c Lan Healthy 250g &#8211; 500g\"}}]}]}<\/script>\n<!-- \/ Yoast SEO Premium plugin. -->","_links":{"self":[{"href":"https:\/\/moclan.com.vn\/en\/wp-json\/wp\/v2\/product\/4271"}],"collection":[{"href":"https:\/\/moclan.com.vn\/en\/wp-json\/wp\/v2\/product"}],"about":[{"href":"https:\/\/moclan.com.vn\/en\/wp-json\/wp\/v2\/types\/product"}],"replies":[{"embeddable":true,"href":"https:\/\/moclan.com.vn\/en\/wp-json\/wp\/v2\/comments?post=4271"}],"wp:featuredmedia":[{"embeddable":true,"href":"https:\/\/moclan.com.vn\/en\/wp-json\/wp\/v2\/media\/4278"}],"wp:attachment":[{"href":"https:\/\/moclan.com.vn\/en\/wp-json\/wp\/v2\/media?parent=4271"}],"wp:term":[{"taxonomy":"product_cat","embeddable":true,"href":"https:\/\/moclan.com.vn\/en\/wp-json\/wp\/v2\/product_cat?post=4271"},{"taxonomy":"product_tag","embeddable":true,"href":"https:\/\/moclan.com.vn\/en\/wp-json\/wp\/v2\/product_tag?post=4271"}],"curies":[{"name":"wp","href":"https:\/\/api.w.org\/{rel}","templated":true}]}}