


{"id":4283,"date":"2025-06-25T13:14:28","date_gmt":"2025-06-25T06:14:28","guid":{"rendered":"https:\/\/moclan.com.vn\/?post_type=product&#038;p=4283"},"modified":"2026-04-19T21:50:51","modified_gmt":"2026-04-19T14:50:51","slug":"mat-ong-hoa-ca-phe-moc-lan-dac-san-dak-lak-hoa-cafe-1-lit","status":"publish","type":"product","link":"https:\/\/moclan.com.vn\/en\/product\/mat-ong-hoa-ca-phe-moc-lan-dac-san-dak-lak-hoa-cafe-1-lit\/","title":{"rendered":"M\u1eadt ong hoa c\u00e0 ph\u00ea M\u1ed9c Lan &#8211; \u0111\u1eb7c s\u1ea3n \u0110\u1eafk L\u1eafk &#8211; hoa cafe &#8211; 1 Lit"},"content":{"rendered":"<p><strong>M\u1eacT ONG HOA CAFE M\u1ed8C LAN &#8211; \u0110\u1eb6C S\u1ea2N \u0110\u1eaeK L\u1eaeK<\/strong><br \/>\nM\u1eadt Ong Hoa C\u00e0 Ph\u00ea M\u1ed9c Lan Ch\u00ednh H\u00e3ng \u0111\u01b0\u1ee3c chi\u1ebft xu\u1ea5t t\u1eeb hoa c\u00e0 ph\u00ea cao nguy\u00ean hoang d\u00e3. M\u1eadt ong hoa cafe c\u00f3 h\u01b0\u01a1ng th\u01a1m nh\u1eb9 nh\u00e0ng, tinh t\u1ebf v\u00e0 mang l\u1ea1i nhi\u1ec1u gi\u00e1 tr\u1ecb dinh d\u01b0\u1ee1ng cho s\u1ee9c kh\u1ecfe. M\u1ed9c Lan Healthy \u0111\u1ea1t ti\u00eau chu\u1ea9n ISO 22000.<\/p>\n<p><strong>C\u00d4NG D\u1ee4NG C\u1ee6A M\u1eacT ONG HOA C\u00c0 PH\u00ca M\u1ed8C LAN CH\u00cdNH H\u00c3NG:<\/strong><br \/>\n&#8211; H\u1ed7 tr\u1ee3 c\u1ea3i thi\u1ec7n ho khan v\u00e0 ho \u0111\u1eddm.<br \/>\n&#8211; H\u1ed7 tr\u1ee3 kh\u1eed tr\u00f9ng, h\u1ed7 tr\u1ee3 gi\u1ea3m vi\u00eam v\u00e0 s\u01b0ng t\u1ea5y.<br \/>\n&#8211; H\u1ed7 tr\u1ee3 t\u0103ng c\u01b0\u1eddng tr\u00ed nh\u1edb nh\u1edd ch\u1ea5t Actylcholine.<br \/>\n&#8211; N\u00e2ng cao hi\u1ec7u qu\u1ea3, c\u0169ng nh\u01b0 r\u00fat ng\u1eafn th\u1eddi gian l\u00e0m l\u00e0nh v\u1ebft th\u01b0\u01a1ng.<br \/>\n&#8211; Gi\u1ea3m kh\u00f4 m\u1eaft.<br \/>\n&#8211; Ch\u1ed1ng oxy h\u00f3a v\u00e0 kh\u00e1ng khu\u1ea9n c\u1ef1c k\u1ef3 t\u1ed1t.<br \/>\n&#8211; M\u1eadt ong hoa cafe k\u1ebft h\u1ee3p v\u1edbi tinh ngh\u1ec7 l\u00e0m tr\u1eafng s\u00e1ng da, m\u1ecbn da, x\u00f3a m\u1edd n\u00e1m da, t\u1ea9y da ch\u1ebft, x\u00f3a v\u1ebft th\u00e2m m\u1ee5n hi\u1ec7u qu\u1ea3.<br \/>\n&#8211; M\u1eadt ong hoa c\u00e0 ph\u00ea gi\u00fap gi\u1ea3m c\u00e2n.<br \/>\n&#8211; M\u1eadt ong nguy\u00ean ch\u1ea5t gi\u00fap c\u1ea3i thi\u1ec7n h\u1ec7 ti\u00eau h\u00f3a v\u00e0 t\u0103ng c\u01b0\u1eddng h\u1ec7 mi\u1ec5n d\u1ecbch.<br \/>\n&#8211; L\u00e0m m\u00e1t gan.<br \/>\n&#8211; T\u0103ng c\u01b0\u1eddng ch\u1ea5t l\u01b0\u1ee3ng gi\u1ea5c ng\u1ee7.<br \/>\n&#8211; D\u00f9ng ch\u1ebf bi\u1ebfn, l\u00e0m gia v\u1ecb n\u1ea5u n\u01b0\u1edbng<br \/>\n&#8211; K\u1ebft h\u1ee3p v\u1edbi cam, chanh, chanh d\u00e2y, n\u01b0\u1edbc \u00e9p tr\u00e1i c\u00e2y, tr\u00e0 xanh\u2026 b\u1ed5 sung vitamin cho c\u01a1 th\u1ec3.<br \/>\n&#8211; V\u00e0 r\u1ea5t nhi\u1ec1u c\u00f4ng d\u1ee5ng tuy\u1ec7t v\u1eddi kh\u00e1c.<br \/>\n\u0110\u00e2y l\u00e0 m\u00f3n qu\u00e0 d\u00e0nh t\u1eb7ng cho b\u1ea1n, nh\u1eefng ng\u01b0\u1eddi y\u00eau m\u1ebfn h\u01b0\u01a1ng v\u1ecb thi\u00ean nhi\u00ean, quan t\u00e2m \u0111\u1ebfn s\u1ee9c kho\u1ebb v\u00e0 ch\u1ea5t l\u01b0\u1ee3ng cu\u1ed9c s\u1ed1ng.<\/p>\n<p><strong>TH\u00c0NH PH\u1ea6N C\u1ee6A M\u1eacT ONG HOA C\u00c0 PH\u00ca M\u1ed8C LAN<\/strong><br \/>\n&#8211; M\u1eadt ong M\u1ed9c Lan \u0111\u01b0\u1ee3c chi\u1ebft xu\u1ea5t t\u1eeb hoa c\u00e0 ph\u00ea cao nguy\u00ean thi\u00ean nhi\u00ean.<br \/>\n&#8211; H\u00e0m l\u01b0\u1ee3ng n\u01b0\u1edbc d\u01b0\u1edbi 20%.<\/p>\n<p><strong>C\u00c1CH S\u1eec D\u1ee4NG M\u1eacT ONG M\u1ed8C LAN HI\u1ec6U QU\u1ea2<\/strong><br \/>\n&#8211; C\u00f3 2 th\u1eddi \u0111i\u1ec3m u\u1ed1ng m\u1eadt ong t\u1ed1t \u0111\u00f3 l\u00e0 l\u00fac s\u00e1ng s\u1edbm v\u1eeba m\u1edbi ng\u1ee7 d\u1eady, v\u00e0 tr\u01b0\u1edbc khi \u0111i ng\u1ee7 kho\u1ea3ng 1-2 ti\u1ebfng. C\u00e1ch d\u00f9ng ph\u1ed5 bi\u1ebfn nh\u1ea5t:<br \/>\n&#8211; D\u00f9ng tr\u1ef1c ti\u1ebfp: ng\u1eadm m\u1ed9t mu\u1ed7ng cafe m\u1eadt ong khi b\u1ecb kh\u00f4 c\u1ed5 ho\u1eb7c ho khan \u0111\u1ec3 nhanh ch\u00f3ng gi\u1ea3m c\u01a1n ho.<br \/>\n&#8211; N\u1ea5u \u0103n: D\u00f9ng l\u00e0m gia v\u1ecb m\u00f3n n\u01b0\u1edbng, tr\u1ed9n salad, t\u00f4m rim, th\u1ecbt b\u00f2 x\u00e0o\u2026 \u0111\u1ec3 gi\u00fap h\u1ea5p thu dinh d\u01b0\u1ee1ng t\u1ed1t h\u01a1n.<br \/>\n&#8211; D\u01b0\u1ee1ng da: K\u1ebft h\u1ee3p v\u1edbi c\u00e1i lo\u1ea1i tr\u00e1i c\u00e2y ho\u1eb7c s\u1eefa chua \u0111\u1ec3 \u0111\u1eafp m\u1eb7t.<br \/>\n&#8211; Pha th\u1ee9c u\u1ed1ng: k\u1ebft h\u1ee3p v\u1edbi \u0111\u00f4ng tr\u00f9ng h\u1ea1 th\u1ea3o, cam, chanh, chanh d\u00e2y, n\u01b0\u1edbc \u00e9p tr\u00e1i c\u00e2y,\u2026 b\u1ed5 sung vitamin cho c\u01a1 th\u1ec3, t\u0103ng s\u1ee9c \u0111\u1ec1 kh\u00e1ng.<\/p>\n<p><strong>\u0110\u1ed0I T\u01af\u1ee2NG N\u00caN S\u1eec D\u1ee4NG M\u1eacT ONG HOA C\u00c0 PH\u00ca M\u1ed8C LAN<\/strong><br \/>\n&#8211; Nh\u1eefng ng\u01b0\u1eddi c\u1ea7n t\u0103ng c\u01b0\u1eddng s\u1ee9c kh\u1ecfe, t\u0103ng c\u01b0\u1eddng h\u1ec7 mi\u1ec5n d\u1ecbch.<br \/>\n&#8211; Nh\u1eefng ng\u01b0\u1eddi \u0111ang ho, c\u1ea3m c\u00fam hay c\u00f3 d\u1ea5u hi\u1ec7u.<br \/>\n&#8211; Nh\u1eefng ng\u01b0\u1eddi mu\u1ed1n ph\u1ee5c h\u1ed3i s\u1ee9c kh\u1ecfe sao khi \u1ed1m d\u1eady.<br \/>\n&#8211; Nh\u1eefng ng\u01b0\u1eddi \u0111ang g\u1eb7p v\u1ea5n \u0111\u1ec1 v\u1ec1 d\u1ea1 d\u00e0y<br \/>\n&#8211; Nh\u1eefng ng\u01b0\u1eddi mu\u1ed1n h\u1ed7 tr\u1ee3 tim m\u1ea1ch.<br \/>\n&#8211; Nh\u1eefng ng\u01b0\u1eddi mu\u1ed1n l\u00e0m \u0111\u1eb9p da, gi\u1ea3m c\u00e2n<\/p>\n<p><strong>M\u1eacT ONG M\u1ed8C LAN CAM K\u1ebeT:<\/strong><br \/>\n&#8211; Ch\u00fang t\u00f4i cam k\u1ebft m\u1eadt ong nguy\u00ean ch\u1ea5t, 100% t\u1ef1 nhi\u00ean<br \/>\n&#8211; \u0110\u1ea3m b\u1ea3o v\u1ec7 sinh an to\u00e0n th\u1ef1c ph\u1ea9m.<br \/>\n&#8211; M\u1eadt ong c\u00f3 s\u1eb5n, giao h\u00e0ng ngay khi nh\u1eadn \u0111\u01b0\u1ee3c \u0111\u01a1n<br \/>\n&#8211; Giao h\u00e0ng tr\u00ean to\u00e0n qu\u1ed1c<\/p>\n<p><strong>B\u1ea2O QU\u1ea2N<\/strong><br \/>\n+ B\u1ea3o qu\u1ea3n n\u01a1i kh\u00f4 tho\u00e1ng, kh\u00f4ng b\u1ea3o qu\u1ea3n l\u1ea1nh, tr\u00e1nh \u00e1nh n\u1eafng tr\u1ef1c ti\u1ebfp.<\/p>\n<p>&nbsp;<\/p>","protected":false},"excerpt":{"rendered":"<p>M\u1eadt ong hoa c\u00e0 ph\u00ea M\u1ed9c Lan &#8211; \u0111\u1eb7c s\u1ea3n \u0110\u1eafk L\u1eafk &#8211; hoa cafe [&#8230;]<\/p>\n<p><a class=\"btn btn-secondary understrap-read-more-link\" href=\"https:\/\/moclan.com.vn\/en\/product\/mat-ong-hoa-ca-phe-moc-lan-dac-san-dak-lak-hoa-cafe-1-lit\/\">Read More&#8230;<\/a><\/p>","protected":false},"featured_media":4649,"comment_status":"closed","ping_status":"closed","template":"","meta":[],"product_cat":[737,681],"product_tag":[732],"yoast_head":"<!-- This site is optimized with the Yoast SEO Premium plugin v15.9.2 - https:\/\/yoast.com\/wordpress\/plugins\/seo\/ -->\n<title>M\u1eadt ong hoa c\u00e0 ph\u00ea M\u1ed9c Lan - \u0111\u1eb7c s\u1ea3n \u0110\u1eafk L\u1eafk - hoa cafe - 1 Lit - M\u1ed9c Lan<\/title>\n<link rel=\"canonical\" href=\"https:\/\/moclan.com.vn\/en\/product\/mat-ong-hoa-ca-phe-moc-lan-dac-san-dak-lak-hoa-cafe-1-lit\/\" \/>\n<meta property=\"og:locale\" content=\"en_US\" \/>\n<meta property=\"og:type\" content=\"article\" \/>\n<meta property=\"og:title\" content=\"M\u1eadt ong hoa c\u00e0 ph\u00ea M\u1ed9c Lan - \u0111\u1eb7c s\u1ea3n \u0110\u1eafk L\u1eafk - hoa cafe - 1 Lit - M\u1ed9c Lan\" \/>\n<meta property=\"og:description\" content=\"M\u1eadt ong hoa c\u00e0 ph\u00ea M\u1ed9c Lan - \u0111\u1eb7c s\u1ea3n \u0110\u1eafk L\u1eafk - hoa cafe [...]Read More...\" \/>\n<meta property=\"og:url\" content=\"https:\/\/moclan.com.vn\/en\/product\/mat-ong-hoa-ca-phe-moc-lan-dac-san-dak-lak-hoa-cafe-1-lit\/\" \/>\n<meta property=\"og:site_name\" content=\"M\u1ed9c Lan\" \/>\n<meta property=\"article:modified_time\" content=\"2026-04-19T14:50:51+00:00\" \/>\n<meta property=\"og:image\" content=\"https:\/\/moclan.com.vn\/wp-content\/uploads\/2025\/06\/z7307505411092_b35feea7a16ec00cfc46db92602e3b69.jpg\" \/>\n\t<meta property=\"og:image:width\" content=\"1440\" \/>\n\t<meta property=\"og:image:height\" content=\"1920\" \/>\n<meta name=\"twitter:card\" content=\"summary_large_image\" \/>\n<meta name=\"twitter:label1\" content=\"Est. reading time\">\n\t<meta name=\"twitter:data1\" content=\"3 minutes\">\n<script type=\"application\/ld+json\" class=\"yoast-schema-graph\">{\"@context\":\"https:\/\/schema.org\",\"@graph\":[{\"@type\":\"WebSite\",\"@id\":\"https:\/\/moclan.com.vn\/#website\",\"url\":\"https:\/\/moclan.com.vn\/\",\"name\":\"M\\u1ed9c Lan\",\"description\":\"\",\"potentialAction\":[{\"@type\":\"SearchAction\",\"target\":\"https:\/\/moclan.com.vn\/?s={search_term_string}\",\"query-input\":\"required name=search_term_string\"}],\"inLanguage\":\"en-US\"},{\"@type\":\"ImageObject\",\"@id\":\"https:\/\/moclan.com.vn\/mat-ong-hoa-ca-phe-moc-lan-dac-san-dak-lak-hoa-cafe-1-lit\/#primaryimage\",\"inLanguage\":\"en-US\",\"url\":\"https:\/\/moclan.com.vn\/wp-content\/uploads\/2025\/06\/z7307505411092_b35feea7a16ec00cfc46db92602e3b69.jpg\",\"width\":1440,\"height\":1920},{\"@type\":\"WebPage\",\"@id\":\"https:\/\/moclan.com.vn\/mat-ong-hoa-ca-phe-moc-lan-dac-san-dak-lak-hoa-cafe-1-lit\/#webpage\",\"url\":\"https:\/\/moclan.com.vn\/mat-ong-hoa-ca-phe-moc-lan-dac-san-dak-lak-hoa-cafe-1-lit\/\",\"name\":\"M\\u1eadt ong hoa c\\u00e0 ph\\u00ea M\\u1ed9c Lan - \\u0111\\u1eb7c s\\u1ea3n \\u0110\\u1eafk L\\u1eafk - hoa cafe - 1 Lit - M\\u1ed9c Lan\",\"isPartOf\":{\"@id\":\"https:\/\/moclan.com.vn\/#website\"},\"primaryImageOfPage\":{\"@id\":\"https:\/\/moclan.com.vn\/mat-ong-hoa-ca-phe-moc-lan-dac-san-dak-lak-hoa-cafe-1-lit\/#primaryimage\"},\"datePublished\":\"2025-06-25T06:14:28+00:00\",\"dateModified\":\"2026-04-19T14:50:51+00:00\",\"breadcrumb\":{\"@id\":\"https:\/\/moclan.com.vn\/mat-ong-hoa-ca-phe-moc-lan-dac-san-dak-lak-hoa-cafe-1-lit\/#breadcrumb\"},\"inLanguage\":\"en-US\",\"potentialAction\":[{\"@type\":\"ReadAction\",\"target\":[\"https:\/\/moclan.com.vn\/mat-ong-hoa-ca-phe-moc-lan-dac-san-dak-lak-hoa-cafe-1-lit\/\"]}]},{\"@type\":\"BreadcrumbList\",\"@id\":\"https:\/\/moclan.com.vn\/mat-ong-hoa-ca-phe-moc-lan-dac-san-dak-lak-hoa-cafe-1-lit\/#breadcrumb\",\"itemListElement\":[{\"@type\":\"ListItem\",\"position\":1,\"item\":{\"@type\":\"WebPage\",\"@id\":\"https:\/\/moclan.com.vn\/\",\"url\":\"https:\/\/moclan.com.vn\/\",\"name\":\"Trang ch\\u1ee7\"}},{\"@type\":\"ListItem\",\"position\":2,\"item\":{\"@type\":\"WebPage\",\"@id\":\"https:\/\/moclan.com.vn\/san-pham\/\",\"url\":\"https:\/\/moclan.com.vn\/san-pham\/\",\"name\":\"S\\u1ea3n ph\\u1ea9m\"}},{\"@type\":\"ListItem\",\"position\":3,\"item\":{\"@type\":\"WebPage\",\"@id\":\"https:\/\/moclan.com.vn\/mat-ong-hoa-ca-phe-moc-lan-dac-san-dak-lak-hoa-cafe-1-lit\/\",\"url\":\"https:\/\/moclan.com.vn\/mat-ong-hoa-ca-phe-moc-lan-dac-san-dak-lak-hoa-cafe-1-lit\/\",\"name\":\"M\\u1eadt ong hoa c\\u00e0 ph\\u00ea M\\u1ed9c Lan &#8211; \\u0111\\u1eb7c s\\u1ea3n \\u0110\\u1eafk L\\u1eafk &#8211; hoa cafe &#8211; 1 Lit\"}}]}]}<\/script>\n<!-- \/ Yoast SEO Premium plugin. -->","_links":{"self":[{"href":"https:\/\/moclan.com.vn\/en\/wp-json\/wp\/v2\/product\/4283"}],"collection":[{"href":"https:\/\/moclan.com.vn\/en\/wp-json\/wp\/v2\/product"}],"about":[{"href":"https:\/\/moclan.com.vn\/en\/wp-json\/wp\/v2\/types\/product"}],"replies":[{"embeddable":true,"href":"https:\/\/moclan.com.vn\/en\/wp-json\/wp\/v2\/comments?post=4283"}],"wp:featuredmedia":[{"embeddable":true,"href":"https:\/\/moclan.com.vn\/en\/wp-json\/wp\/v2\/media\/4649"}],"wp:attachment":[{"href":"https:\/\/moclan.com.vn\/en\/wp-json\/wp\/v2\/media?parent=4283"}],"wp:term":[{"taxonomy":"product_cat","embeddable":true,"href":"https:\/\/moclan.com.vn\/en\/wp-json\/wp\/v2\/product_cat?post=4283"},{"taxonomy":"product_tag","embeddable":true,"href":"https:\/\/moclan.com.vn\/en\/wp-json\/wp\/v2\/product_tag?post=4283"}],"curies":[{"name":"wp","href":"https:\/\/api.w.org\/{rel}","templated":true}]}}