


{"id":4325,"date":"2025-06-26T10:28:33","date_gmt":"2025-06-26T03:28:33","guid":{"rendered":"https:\/\/moclan.com.vn\/?post_type=product&#038;p=4325"},"modified":"2026-04-18T10:09:37","modified_gmt":"2026-04-18T03:09:37","slug":"bot-san-day-nguyen-chat-moc-lan-250g-500g","status":"publish","type":"product","link":"https:\/\/moclan.com.vn\/en\/product\/bot-san-day-nguyen-chat-moc-lan-250g-500g\/","title":{"rendered":"B\u1ed9t s\u1eafn d\u00e2y nguy\u00ean ch\u1ea5t M\u1ed9c Lan 250g &#8211; 500g"},"content":{"rendered":"<p><strong>Th\u00e0nh ph\u1ea7n:<\/strong> C\u1ee7 s\u1eafn d\u00e2y 100%<\/p>\n<p><strong>Xu\u1ea5t X\u1ee9:<\/strong><\/p>\n<p>C\u1ee7 s\u1eafn d\u00e2y c\u01a1m \u0111\u01b0\u1ee3c tr\u1ed3ng t\u1ea1i v\u00f9ng n\u00fai Ngh\u1ec7 An \u2013 Vi\u1ec7t Nam<\/p>\n<p>C\u00f4ng d\u1ee5ng: Theo \u0111\u00f4ng y, c\u1ee7 s\u1eafn d\u00e2y c\u00f3 v\u1ecb ng\u1ecdt, t\u00ednh b\u00ecnh, m\u00e1t, \u0111i v\u00e0o kinh t\u1ef3, v\u1ecb, ph\u1ebf, b\u00e0ng quang, c\u00f3 c\u00f4ng n\u0103ng gi\u1ea3i bi\u1ec3u, thanh nhi\u1ec7t, sinh t\u00e2n d\u1ecbch, tr\u1eeb phi\u1ec1n nhi\u1ec7t, th\u00f4ng \u0111\u1ea1i ti\u1ec3u ti\u1ec7n, l\u00e0m ra m\u1ed3 h\u00f4i, gi\u1ea3i c\u1ea3m s\u1ed1t, gi\u1ea3m t\u00e1o b\u00f3n, nh\u1ee9c \u0111\u1ea7u, ch\u1ed1ng oxy h\u00f3a v\u00e0 gi\u00fap x\u01b0\u01a1ng ch\u1eafc kh\u1ecfe, gi\u00fap da tr\u1eafng m\u1ecbn, tr\u1ebb h\u00f3a l\u00e0n da v\u00e0 ng\u0103n ng\u1eeba l\u00e3o h\u00f3a, ng\u1eeba r\u00f4m s\u1ea3y cho tr\u1ebb.<\/p>\n<p><strong>C\u00c1C C\u00d4NG D\u1ee4NG KH\u00c1C C\u1ee6A B\u1ed8T S\u1eaeN D\u00c2Y:<\/strong><\/p>\n<p>1. Ch\u1ed1ng l\u00e3o ho\u00e1<br \/>\nC\u1ee7 s\u1eafn d\u00e2y ch\u1ee9a r\u1ea5t nhi\u1ec1u ch\u1ea5t dinh d\u01b0\u1ee1ng: Tinh b\u1ed9t, ch\u1ea5t x\u01a1, isoflavon, protein, lipid, glucid, c\u00e1c acid amin, plavonoid,\u2026 Trong \u0111\u00f3, plavonoid l\u00e0 ch\u1ea5t ch\u1ed1ng oxy h\u00f3a cao, t\u0103ng c\u01b0\u1eddng l\u01b0u th\u00f4ng m\u00e1u, ng\u0103n ng\u1eeba nh\u1eefng tri\u1ec7u ch\u1ee9ng l\u00e3o h\u00f3a s\u1edbm \u1edf con ng\u01b0\u1eddi.<br \/>\nCh\u1ea5t isoflavon t\u01b0\u01a1ng t\u1ef1 nh\u01b0 hormone estrogen \u1edf ph\u1ee5 n\u1eef n\u00ean n\u00f3 c\u00f3 th\u1ec3 \u1ed5n \u0111\u1ecbnh ho\u1ea1t \u0111\u1ed9ng c\u1ee7a hormone n\u00e0y trong c\u01a1 th\u1ec3, ng\u0103n c\u1ea3n c\u01a1 th\u1ec3 b\u00e0i ti\u1ebft qu\u00e1 nhi\u1ec1u s\u1eafc t\u1ed1 melanin (nguy\u00ean nh\u00e2n ch\u1ee7 y\u1ebfu g\u00e2y n\u00e1m da, s\u1ea1m da).<br \/>\nV\u00ec v\u1eady, n\u00f3 c\u00f3 t\u00e1c d\u1ee5ng l\u00e0m ch\u1eadm qu\u00e1 tr\u00ecnh l\u00e3o h\u00f3a da. B\u1ea1n c\u00f3 th\u1ec3 u\u1ed1ng b\u1ed9t s\u1eafn d\u00e2y pha n\u01b0\u1edbc.<\/p>\n<p>2. L\u00e0m tr\u1eafng da<br \/>\nC\u00f9ng v\u1edbi c\u00e1c ch\u1ea5t c\u00f3 l\u1ee3i cho s\u1ee9c kho\u1ebb v\u00e0 l\u00e0n da, b\u1ed9t s\u1eafn d\u00e2y c\u00f3 kh\u1ea3 n\u0103ng l\u00e0m \u0111\u1eb9p v\u00e0 tr\u1eafng da, x\u00f3a m\u1edd nh\u1eefng v\u1ebft n\u00e1m v\u00e0 t\u00e0n nhang tr\u00ean da.<br \/>\nC\u00e1ch l\u00e0m tr\u1eafng da b\u1eb1ng b\u1ed9t s\u1eafn d\u00e2y:<br \/>\nTr\u1ed9n 1 th\u00eca b\u1ed9t s\u1eafn d\u00e2y v\u1edbi \u00bd l\u00f2ng \u0111\u1ecf tr\u1ee9ng g\u00e0 v\u00e0 3 qu\u1ea3 d\u00e2u t\u00e2y (c\u00f3 th\u1ec3 thay d\u00e2u t\u00e2y b\u1eb1ng khoai t\u00e2y) xay nhuy\u1ec5n. \u0110\u1eafp h\u1ed7n h\u1ee3p n\u00e0y l\u00ean m\u1eb7t trong kho\u1ea3ng 15 ph\u00fat r\u1ed3i r\u1eeda l\u1ea1i v\u1edbi n\u01b0\u1edbc \u1ea5m. \u00c1p d\u1ee5ng ph\u01b0\u01a1ng ph\u00e1p n\u00e0y 2 l\u1ea7n\/tu\u1ea7n.<br \/>\nHi\u1ec7u qu\u1ea3 t\u1eeb b\u00ed quy\u1ebft l\u00e0m tr\u1eafng da b\u1eb1ng b\u1ed9t s\u1eafn d\u00e2y \u0111\u1ebfn kh\u00e1 ch\u1eadm n\u00ean b\u1ea1n c\u1ea7n ph\u1ea3i ki\u00ean tr\u00ec v\u1edbi c\u00e1c ph\u01b0\u01a1ng ph\u00e1p l\u00e0m \u0111\u1eb9p n\u00e0y \u0111\u1ec3 c\u00f3 m\u1ed9t l\u00e0n da s\u00e1ng m\u1ecbn, t\u1ef1 nhi\u00ean.<\/p>\n<p>3. L\u00e0m gi\u1ea3m m\u1ee5n<br \/>\nB\u1ed9t s\u1eafn d\u00e2y c\u00f3 t\u00e1c d\u1ee5ng thanh nhi\u1ec7t, gi\u1ea3i \u0111\u1ed9c r\u1ea5t cao, s\u1ebd nhanh ch\u00f3ng \u0111\u1ea9y l\u00f9i c\u00e1c lo\u1ea1i \u0111\u1ed9c t\u1ed1 t\u00edch t\u1ee5 b\u00ean trong c\u01a1 th\u1ec3, l\u00e0m gi\u1ea3m m\u1ee5n v\u00e0 tr\u1ea3 l\u1ea1i cho b\u1ea1n l\u00e0n da l\u00e1ng m\u1ecbn nh\u01b0 ban \u0111\u1ea7u.<br \/>\nPh\u01b0\u01a1ng ph\u00e1p l\u00e0m gi\u1ea3m m\u1ee5n b\u1eb1ng b\u1ed9t s\u1eafn d\u00e2y:<br \/>\n&#8211; U\u1ed1ng: Pha b\u1ed9t s\u1eafn d\u00e2y v\u1edbi b\u1ed9t \u0111\u1eadu xanh v\u00e0 m\u1ed9t ch\u00fat \u0111\u01b0\u1eddng, u\u1ed1ng 2 c\u1ed1c m\u1ed9t ng\u00e0y. Ho\u1eb7c, n\u1ebfu kh\u00f4ng u\u1ed1ng \u0111\u01b0\u1ee3c n\u01b0\u1edbc b\u1ed9t s\u1ed1ng, b\u1ea1n c\u00f3 th\u1ec3 n\u1ea5u ch\u00edn b\u1ed9t v\u1edbi m\u1ed9t ch\u00fat \u0111\u01b0\u1eddng v\u00e0 s\u1eed d\u1ee5ng. B\u1ea1n c\u0169ng c\u00f3 th\u1ec3 s\u1eed d\u1ee5ng s\u1eafn d\u00e2y nguy\u00ean c\u1ee7 v\u00e0 \u0111\u1eadu xanh, \u0111un s\u00f4i v\u1edbi kho\u1ea3ng 1,5 l\u00edt n\u01b0\u1edbc \u0111\u1ec3 u\u1ed1ng trong c\u1ea3 ng\u00e0y.<br \/>\n&#8211; \u0110\u1eafp m\u1eb7t n\u1ea1: Tr\u1ed9n \u0111\u1ec1u 20g b\u1ed9t s\u1eafn v\u1edbi 20g b\u1ed9t \u0111\u1eadu xanh v\u00e0 1 th\u00eca c\u00e0 ph\u00ea m\u1eadt ong cho \u0111\u1ebfn khi s\u1ec1n s\u1ec7t. \u0110\u1eafp h\u1ed7n h\u1ee3p tr\u00ean l\u00ean m\u1eb7t v\u1edbi m\u1ed9t l\u1edbp m\u1ecfng, \u0111\u1ec3 trong kho\u1ea3ng 20 \u2013 30 ph\u00fat r\u1ed3i r\u1eeda l\u1ea1i b\u1eb1ng n\u01b0\u1edbc l\u1ea1nh.<\/p>\n<p>4. T\u1ea9y da ch\u1ebft, l\u00e0m m\u1edd n\u00e1m, t\u00e0n nhang<br \/>\nKh\u1ea3 n\u0103ng l\u00e0m gi\u1ea3m t\u00e0n nhang c\u1ee7a s\u1eafn d\u00e2y b\u1eaft ngu\u1ed3n t\u1eeb m\u1ed9t nh\u00f3m ho\u1ea1t ch\u1ea5t Isoflavone c\u00f3 trong c\u1ee7 s\u1eafn d\u00e2y c\u00f3 ho\u1ea1t t\u00ednh Estrogen t\u01b0\u01a1ng t\u1ef1 nh\u01b0 hormon Estrogen \u1edf ng\u01b0\u1eddi ph\u1ee5 n\u1eef. Ch\u00ednh ch\u1ea5t n\u00e0y s\u1ebd thay th\u1ebf hormone b\u1ecb r\u1ed1i lo\u1ea1n, l\u00e0m \u1ed5n \u0111\u1ecbnh ho\u1ea1t \u0111\u1ed9ng c\u1ee7a ch\u00fang, ng\u0103n c\u1ea3n s\u1ef1 b\u00e0i ti\u1ebft qu\u00e1 nhi\u1ec1u c\u00e1c s\u1eafc t\u1ed1 melanin l\u00e0m gi\u1ea3m th\u00e2m n\u00e1m. Ngo\u00e0i ra, Isoflavone c\u00f2n l\u00e0 ch\u1ea5t ch\u1ed1ng oxy h\u00f3a, l\u00e0m ch\u1eadm qu\u00e1 tr\u00ecnh l\u00e3o h\u00f3a trong c\u01a1 th\u1ec3.<br \/>\n\u0110\u1ec3 l\u00e0m gi\u1ea3m n\u00e1m, t\u00e0n nhang, b\u1ea1n l\u1ea5y kho\u1ea3ng \u00bd ch\u00e9n n\u01b0\u1edbc \u00e9p c\u00e0 chua \u0111em tr\u1ed9n \u0111\u1ec1u v\u1edbi 1 th\u00eca b\u1ed9t s\u1eafn d\u00e2y. Sau khi t\u1ea9y da ch\u1ebft tr\u00ean m\u1eb7t, b\u1ea1n thoa \u0111\u1ec1u h\u1ed7n h\u1ee3p n\u00e0y l\u00ean da, k\u1ebft h\u1ee3p masa.<\/p>","protected":false},"excerpt":{"rendered":"<p>B\u1ed9t s\u1eafn d\u00e2y nguy\u00ean ch\u1ea5t M\u1ed9c Lan [&#8230;]<\/p>\n<p><a class=\"btn btn-secondary understrap-read-more-link\" href=\"https:\/\/moclan.com.vn\/en\/product\/bot-san-day-nguyen-chat-moc-lan-250g-500g\/\">Read More&#8230;<\/a><\/p>","protected":false},"featured_media":4331,"comment_status":"closed","ping_status":"closed","template":"","meta":[],"product_cat":[737,653,669],"product_tag":[],"yoast_head":"<!-- This site is optimized with the Yoast SEO Premium plugin v15.9.2 - https:\/\/yoast.com\/wordpress\/plugins\/seo\/ -->\n<title>B\u1ed9t s\u1eafn d\u00e2y nguy\u00ean ch\u1ea5t M\u1ed9c Lan 250g - 500g - M\u1ed9c Lan<\/title>\n<link rel=\"canonical\" href=\"https:\/\/moclan.com.vn\/en\/product\/bot-san-day-nguyen-chat-moc-lan-250g-500g\/\" \/>\n<meta property=\"og:locale\" content=\"en_US\" \/>\n<meta property=\"og:type\" content=\"article\" \/>\n<meta property=\"og:title\" content=\"B\u1ed9t s\u1eafn d\u00e2y nguy\u00ean ch\u1ea5t M\u1ed9c Lan 250g - 500g - M\u1ed9c Lan\" \/>\n<meta property=\"og:description\" content=\"B\u1ed9t s\u1eafn d\u00e2y nguy\u00ean ch\u1ea5t M\u1ed9c Lan [...]Read More...\" \/>\n<meta property=\"og:url\" content=\"https:\/\/moclan.com.vn\/en\/product\/bot-san-day-nguyen-chat-moc-lan-250g-500g\/\" \/>\n<meta property=\"og:site_name\" content=\"M\u1ed9c Lan\" \/>\n<meta property=\"article:modified_time\" content=\"2026-04-18T03:09:37+00:00\" \/>\n<meta property=\"og:image\" content=\"https:\/\/moclan.com.vn\/wp-content\/uploads\/2025\/06\/z5565832937040_7cb6d1c24d8075d2ec2dc293e957e3c7.jpg\" \/>\n\t<meta property=\"og:image:width\" content=\"1440\" \/>\n\t<meta property=\"og:image:height\" content=\"1920\" \/>\n<meta name=\"twitter:card\" content=\"summary_large_image\" \/>\n<meta name=\"twitter:label1\" content=\"Est. reading time\">\n\t<meta name=\"twitter:data1\" content=\"3 minutes\">\n<script type=\"application\/ld+json\" class=\"yoast-schema-graph\">{\"@context\":\"https:\/\/schema.org\",\"@graph\":[{\"@type\":\"WebSite\",\"@id\":\"https:\/\/moclan.com.vn\/#website\",\"url\":\"https:\/\/moclan.com.vn\/\",\"name\":\"M\\u1ed9c Lan\",\"description\":\"\",\"potentialAction\":[{\"@type\":\"SearchAction\",\"target\":\"https:\/\/moclan.com.vn\/?s={search_term_string}\",\"query-input\":\"required name=search_term_string\"}],\"inLanguage\":\"en-US\"},{\"@type\":\"ImageObject\",\"@id\":\"https:\/\/moclan.com.vn\/bot-san-day-nguyen-chat-moc-lan-250g-500g\/#primaryimage\",\"inLanguage\":\"en-US\",\"url\":\"https:\/\/moclan.com.vn\/wp-content\/uploads\/2025\/06\/z5565832937040_7cb6d1c24d8075d2ec2dc293e957e3c7.jpg\",\"width\":1440,\"height\":1920},{\"@type\":\"WebPage\",\"@id\":\"https:\/\/moclan.com.vn\/bot-san-day-nguyen-chat-moc-lan-250g-500g\/#webpage\",\"url\":\"https:\/\/moclan.com.vn\/bot-san-day-nguyen-chat-moc-lan-250g-500g\/\",\"name\":\"B\\u1ed9t s\\u1eafn d\\u00e2y nguy\\u00ean ch\\u1ea5t M\\u1ed9c Lan 250g - 500g - M\\u1ed9c Lan\",\"isPartOf\":{\"@id\":\"https:\/\/moclan.com.vn\/#website\"},\"primaryImageOfPage\":{\"@id\":\"https:\/\/moclan.com.vn\/bot-san-day-nguyen-chat-moc-lan-250g-500g\/#primaryimage\"},\"datePublished\":\"2025-06-26T03:28:33+00:00\",\"dateModified\":\"2026-04-18T03:09:37+00:00\",\"breadcrumb\":{\"@id\":\"https:\/\/moclan.com.vn\/bot-san-day-nguyen-chat-moc-lan-250g-500g\/#breadcrumb\"},\"inLanguage\":\"en-US\",\"potentialAction\":[{\"@type\":\"ReadAction\",\"target\":[\"https:\/\/moclan.com.vn\/bot-san-day-nguyen-chat-moc-lan-250g-500g\/\"]}]},{\"@type\":\"BreadcrumbList\",\"@id\":\"https:\/\/moclan.com.vn\/bot-san-day-nguyen-chat-moc-lan-250g-500g\/#breadcrumb\",\"itemListElement\":[{\"@type\":\"ListItem\",\"position\":1,\"item\":{\"@type\":\"WebPage\",\"@id\":\"https:\/\/moclan.com.vn\/\",\"url\":\"https:\/\/moclan.com.vn\/\",\"name\":\"Trang ch\\u1ee7\"}},{\"@type\":\"ListItem\",\"position\":2,\"item\":{\"@type\":\"WebPage\",\"@id\":\"https:\/\/moclan.com.vn\/san-pham\/\",\"url\":\"https:\/\/moclan.com.vn\/san-pham\/\",\"name\":\"S\\u1ea3n ph\\u1ea9m\"}},{\"@type\":\"ListItem\",\"position\":3,\"item\":{\"@type\":\"WebPage\",\"@id\":\"https:\/\/moclan.com.vn\/bot-san-day-nguyen-chat-moc-lan-250g-500g\/\",\"url\":\"https:\/\/moclan.com.vn\/bot-san-day-nguyen-chat-moc-lan-250g-500g\/\",\"name\":\"B\\u1ed9t s\\u1eafn d\\u00e2y nguy\\u00ean ch\\u1ea5t M\\u1ed9c Lan 250g &#8211; 500g\"}}]}]}<\/script>\n<!-- \/ Yoast SEO Premium plugin. -->","_links":{"self":[{"href":"https:\/\/moclan.com.vn\/en\/wp-json\/wp\/v2\/product\/4325"}],"collection":[{"href":"https:\/\/moclan.com.vn\/en\/wp-json\/wp\/v2\/product"}],"about":[{"href":"https:\/\/moclan.com.vn\/en\/wp-json\/wp\/v2\/types\/product"}],"replies":[{"embeddable":true,"href":"https:\/\/moclan.com.vn\/en\/wp-json\/wp\/v2\/comments?post=4325"}],"wp:featuredmedia":[{"embeddable":true,"href":"https:\/\/moclan.com.vn\/en\/wp-json\/wp\/v2\/media\/4331"}],"wp:attachment":[{"href":"https:\/\/moclan.com.vn\/en\/wp-json\/wp\/v2\/media?parent=4325"}],"wp:term":[{"taxonomy":"product_cat","embeddable":true,"href":"https:\/\/moclan.com.vn\/en\/wp-json\/wp\/v2\/product_cat?post=4325"},{"taxonomy":"product_tag","embeddable":true,"href":"https:\/\/moclan.com.vn\/en\/wp-json\/wp\/v2\/product_tag?post=4325"}],"curies":[{"name":"wp","href":"https:\/\/api.w.org\/{rel}","templated":true}]}}