


{"id":4338,"date":"2025-06-26T10:39:34","date_gmt":"2025-06-26T03:39:34","guid":{"rendered":"https:\/\/moclan.com.vn\/?post_type=product&#038;p=4338"},"modified":"2026-04-18T14:00:44","modified_gmt":"2026-04-18T07:00:44","slug":"banh-thuyen-hat-dinh-duong-moc-lan-250g-500g","status":"publish","type":"product","link":"https:\/\/moclan.com.vn\/en\/product\/banh-thuyen-hat-dinh-duong-moc-lan-250g-500g\/","title":{"rendered":"B\u00e1nh thuy\u1ec1n h\u1ea1t dinh d\u01b0\u1ee1ng M\u1ed9c Lan &#8211; 250g, 500g"},"content":{"rendered":"<p>B\u00e1nh thuy\u1ec1n h\u1ea1t dinh d\u01b0\u1ee1ng M\u1ed9c Lan mix c\u00e1c lo\u1ea1i h\u1ea1t h\u1ed7 tr\u1ee3 gi\u1ea3m c\u00e2n \u0103n ki\u00eang<\/p>\n<p>&#8212;&#8212;&#8212;&#8212;&#8212;&#8212;&#8212;&#8212;&#8212;&#8212;&#8212;&#8212;&#8212;&#8212;&#8212;&#8212;&#8212;&#8212;<\/p>\n<p><strong>TH\u00d4NG TIN S\u1ea2N PH\u1ea8M B\u00c1NH THUY\u1ec0N H\u1ea0T\u00a0<\/strong><\/p>\n<p>&#8211; Quy c\u00e1ch \u0111\u00f3ng g\u00f3i: H\u0169 nh\u1ef1a, T\u00fai zip<\/p>\n<p>&#8211; Kh\u1ed1i L\u01b0\u1ee3ng: 250gr\/500gr<\/p>\n<p>&#8211; Xu\u1ea5t x\u1ee9: Vi\u1ec7t Nam.<\/p>\n<p>&#8211; Nh\u00e3n hi\u1ec7u: B\u00e1nh thuy\u1ec1n h\u1ea1t<\/p>\n<p>&#8211; H\u1ea1n s\u1eed d\u1ee5ng: 3 th\u00e1ng k\u1ec3 t\u1eeb NSX<\/p>\n<p>&#8211; B\u1ea3o qu\u1ea3n : N\u01a1i tho\u00e1ng m\u00e1t, kh\u00f4 r\u00e1o tr\u00e1nh \u00e1nh n\u1eafng tr\u1ef1c ti\u1ebfp.<\/p>\n<p><strong>1. TH\u00c0NH PH\u1ea6N B\u00c1NH THUY\u1ec0N H\u1ea0T.<\/strong><\/p>\n<p>B\u1ed9t g\u1ea1o, m\u1ea1ch nha, m\u1eadt ong, h\u1ea1nh nh\u00e2n, b\u00ed xanh, \u00f3c ch\u00f3, m\u1eafc ca, \u0111i\u1ec1u, h\u01b0\u1edbng d\u01b0\u01a1ng, y\u1ebfn m\u1ea1ch, nho, kiwi, x\u00ed mu\u1ed9i, xo\u00e0i, g\u1ea1o n\u1ed5, vi\u1ec7t qu\u1ea5t, d\u00e2u t\u00e2y.<\/p>\n<p><strong>2. B\u00e1nh thuy\u1ec1n h\u1ea1t dinh d\u01b0\u1ee1ng M\u1ed9c Lan C\u00d3 L\u1ee2I \u00cdCH G\u00cc?<\/strong><\/p>\n<p>&#8211; S\u1ea3n ph\u1ea9m s\u1eed d\u1ee5ng m\u1eadt ong, m\u1ea1ch nha h\u1ed7 tr\u1ee3 qu\u00e1 tr\u00ecnh \u0103n ki\u00eang gi\u1ea3m c\u00e2n, eat clean, duy tr\u00ec v\u00f3c d\u00e1ng.<\/p>\n<p>&#8211; \u0102n v\u1eb7t m\u00e0 v\u1eabn healthy r\u1ea5t ti\u1ec7n d\u1ee5ng v\u00ec \u0111\u00f3ng g\u00f3i theo t\u1eebng thanh n\u00ean d\u1ec5 d\u00e0ng khi \u0111i ra ngo\u00e0i.<\/p>\n<p><strong>3. C\u00c1CH S\u1eec D\u1ee4NG<\/strong><\/p>\n<p>&#8211; \u0102n tr\u1ef1c ti\u1ebfp.<\/p>\n<p><strong>4. C\u00c1CH B\u1ea2O QU\u1ea2N<\/strong><\/p>\n<p>&#8211; \u0110\u00f3ng k\u00edn sau khi s\u1eed d\u1ee5ng.<\/p>\n<p>&#8211; \u0110\u1ec3 n\u01a1i tho\u00e1ng m\u00e1t, tr\u00e1nh h\u01a1i \u1ea9m v\u00e0 \u00e1nh n\u1eafng m\u1eb7t tr\u1eddi.<\/p>\n<p>&#8211; \u0110\u1ec3 t\u1ee7 l\u1ea1nh n\u1ebfu mu\u1ed1n b\u1ea3o qu\u1ea3n l\u00e2u h\u01a1n.<\/p>\n<p><strong>5. M\u1ed9c Lan CAM K\u1ebeT:<\/strong><\/p>\n<p>&#8211; 100% s\u1ea3n ph\u1ea9m gi\u1ed1ng m\u00f4 t\u1ea3.<\/p>\n<p>&#8211; S\u1ea3n ph\u1ea9m c\u00f3 ngu\u1ed3n g\u1ed1c r\u00f5 r\u00e0ng.<\/p>\n<p>&#8211; \u0110\u1ea3m b\u1ea3o v\u1ec7 sinh an to\u00e0n th\u1ef1c ph\u1ea9m.<\/p>\n<p>&nbsp;<\/p>","protected":false},"excerpt":{"rendered":"<p>B\u00e1nh thuy\u1ec1n h\u1ea1t dinh d\u01b0\u1ee1ng M\u1ed9c Lan lo\u1ea1i Vip mix c\u00e1c lo\u1ea1i h\u1ea1t h\u1ed7 tr\u1ee3 gi\u1ea3m c\u00e2n \u0103n ki\u00eang [&#8230;]<\/p>\n<p><a class=\"btn btn-secondary understrap-read-more-link\" href=\"https:\/\/moclan.com.vn\/en\/product\/banh-thuyen-hat-dinh-duong-moc-lan-250g-500g\/\">Read More&#8230;<\/a><\/p>","protected":false},"featured_media":4344,"comment_status":"closed","ping_status":"closed","template":"","meta":[],"product_cat":[737,711,736,663],"product_tag":[],"yoast_head":"<!-- This site is optimized with the Yoast SEO Premium plugin v15.9.2 - https:\/\/yoast.com\/wordpress\/plugins\/seo\/ -->\n<title>B\u00e1nh thuy\u1ec1n h\u1ea1t dinh d\u01b0\u1ee1ng M\u1ed9c Lan - 250g, 500g - M\u1ed9c Lan<\/title>\n<link rel=\"canonical\" href=\"https:\/\/moclan.com.vn\/en\/product\/banh-thuyen-hat-dinh-duong-moc-lan-250g-500g\/\" \/>\n<meta property=\"og:locale\" content=\"en_US\" \/>\n<meta property=\"og:type\" content=\"article\" \/>\n<meta property=\"og:title\" content=\"B\u00e1nh thuy\u1ec1n h\u1ea1t dinh d\u01b0\u1ee1ng M\u1ed9c Lan - 250g, 500g - M\u1ed9c Lan\" \/>\n<meta property=\"og:description\" content=\"B\u00e1nh thuy\u1ec1n h\u1ea1t dinh d\u01b0\u1ee1ng M\u1ed9c Lan lo\u1ea1i Vip mix c\u00e1c lo\u1ea1i h\u1ea1t h\u1ed7 tr\u1ee3 gi\u1ea3m c\u00e2n \u0103n ki\u00eang [...]Read More...\" \/>\n<meta property=\"og:url\" content=\"https:\/\/moclan.com.vn\/en\/product\/banh-thuyen-hat-dinh-duong-moc-lan-250g-500g\/\" \/>\n<meta property=\"og:site_name\" content=\"M\u1ed9c Lan\" \/>\n<meta property=\"article:modified_time\" content=\"2026-04-18T07:00:44+00:00\" \/>\n<meta property=\"og:image\" content=\"https:\/\/moclan.com.vn\/wp-content\/uploads\/2025\/06\/z5613396694699_3cc21e927691e5f1e85c61eb67e5a1e0.jpg\" \/>\n\t<meta property=\"og:image:width\" content=\"1440\" \/>\n\t<meta property=\"og:image:height\" content=\"1920\" \/>\n<meta name=\"twitter:card\" content=\"summary_large_image\" \/>\n<meta name=\"twitter:label1\" content=\"Est. reading time\">\n\t<meta name=\"twitter:data1\" content=\"1 minute\">\n<script type=\"application\/ld+json\" class=\"yoast-schema-graph\">{\"@context\":\"https:\/\/schema.org\",\"@graph\":[{\"@type\":\"WebSite\",\"@id\":\"https:\/\/moclan.com.vn\/#website\",\"url\":\"https:\/\/moclan.com.vn\/\",\"name\":\"M\\u1ed9c Lan\",\"description\":\"\",\"potentialAction\":[{\"@type\":\"SearchAction\",\"target\":\"https:\/\/moclan.com.vn\/?s={search_term_string}\",\"query-input\":\"required name=search_term_string\"}],\"inLanguage\":\"en-US\"},{\"@type\":\"ImageObject\",\"@id\":\"https:\/\/moclan.com.vn\/banh-thuyen-hat-dinh-duong-moc-lan-250g-500g\/#primaryimage\",\"inLanguage\":\"en-US\",\"url\":\"https:\/\/moclan.com.vn\/wp-content\/uploads\/2025\/06\/z5613396694699_3cc21e927691e5f1e85c61eb67e5a1e0.jpg\",\"width\":1440,\"height\":1920},{\"@type\":\"WebPage\",\"@id\":\"https:\/\/moclan.com.vn\/banh-thuyen-hat-dinh-duong-moc-lan-250g-500g\/#webpage\",\"url\":\"https:\/\/moclan.com.vn\/banh-thuyen-hat-dinh-duong-moc-lan-250g-500g\/\",\"name\":\"B\\u00e1nh thuy\\u1ec1n h\\u1ea1t dinh d\\u01b0\\u1ee1ng M\\u1ed9c Lan - 250g, 500g - M\\u1ed9c Lan\",\"isPartOf\":{\"@id\":\"https:\/\/moclan.com.vn\/#website\"},\"primaryImageOfPage\":{\"@id\":\"https:\/\/moclan.com.vn\/banh-thuyen-hat-dinh-duong-moc-lan-250g-500g\/#primaryimage\"},\"datePublished\":\"2025-06-26T03:39:34+00:00\",\"dateModified\":\"2026-04-18T07:00:44+00:00\",\"breadcrumb\":{\"@id\":\"https:\/\/moclan.com.vn\/banh-thuyen-hat-dinh-duong-moc-lan-250g-500g\/#breadcrumb\"},\"inLanguage\":\"en-US\",\"potentialAction\":[{\"@type\":\"ReadAction\",\"target\":[\"https:\/\/moclan.com.vn\/banh-thuyen-hat-dinh-duong-moc-lan-250g-500g\/\"]}]},{\"@type\":\"BreadcrumbList\",\"@id\":\"https:\/\/moclan.com.vn\/banh-thuyen-hat-dinh-duong-moc-lan-250g-500g\/#breadcrumb\",\"itemListElement\":[{\"@type\":\"ListItem\",\"position\":1,\"item\":{\"@type\":\"WebPage\",\"@id\":\"https:\/\/moclan.com.vn\/\",\"url\":\"https:\/\/moclan.com.vn\/\",\"name\":\"Trang ch\\u1ee7\"}},{\"@type\":\"ListItem\",\"position\":2,\"item\":{\"@type\":\"WebPage\",\"@id\":\"https:\/\/moclan.com.vn\/san-pham\/\",\"url\":\"https:\/\/moclan.com.vn\/san-pham\/\",\"name\":\"S\\u1ea3n ph\\u1ea9m\"}},{\"@type\":\"ListItem\",\"position\":3,\"item\":{\"@type\":\"WebPage\",\"@id\":\"https:\/\/moclan.com.vn\/banh-thuyen-hat-dinh-duong-moc-lan-250g-500g\/\",\"url\":\"https:\/\/moclan.com.vn\/banh-thuyen-hat-dinh-duong-moc-lan-250g-500g\/\",\"name\":\"B\\u00e1nh thuy\\u1ec1n h\\u1ea1t dinh d\\u01b0\\u1ee1ng M\\u1ed9c Lan &#8211; 250g, 500g\"}}]}]}<\/script>\n<!-- \/ Yoast SEO Premium plugin. -->","_links":{"self":[{"href":"https:\/\/moclan.com.vn\/en\/wp-json\/wp\/v2\/product\/4338"}],"collection":[{"href":"https:\/\/moclan.com.vn\/en\/wp-json\/wp\/v2\/product"}],"about":[{"href":"https:\/\/moclan.com.vn\/en\/wp-json\/wp\/v2\/types\/product"}],"replies":[{"embeddable":true,"href":"https:\/\/moclan.com.vn\/en\/wp-json\/wp\/v2\/comments?post=4338"}],"wp:featuredmedia":[{"embeddable":true,"href":"https:\/\/moclan.com.vn\/en\/wp-json\/wp\/v2\/media\/4344"}],"wp:attachment":[{"href":"https:\/\/moclan.com.vn\/en\/wp-json\/wp\/v2\/media?parent=4338"}],"wp:term":[{"taxonomy":"product_cat","embeddable":true,"href":"https:\/\/moclan.com.vn\/en\/wp-json\/wp\/v2\/product_cat?post=4338"},{"taxonomy":"product_tag","embeddable":true,"href":"https:\/\/moclan.com.vn\/en\/wp-json\/wp\/v2\/product_tag?post=4338"}],"curies":[{"name":"wp","href":"https:\/\/api.w.org\/{rel}","templated":true}]}}