


{"id":4351,"date":"2025-06-26T10:49:27","date_gmt":"2025-06-26T03:49:27","guid":{"rendered":"https:\/\/moclan.com.vn\/?post_type=product&#038;p=4351"},"modified":"2026-04-21T20:29:31","modified_gmt":"2026-04-21T13:29:31","slug":"banh-dong-tien-mix-hat-moc-lan-an-kieng-giam-can-banh-ngu-coc-dinh-duong-healthy-250g-450g","status":"publish","type":"product","link":"https:\/\/moclan.com.vn\/en\/product\/banh-dong-tien-mix-hat-moc-lan-an-kieng-giam-can-banh-ngu-coc-dinh-duong-healthy-250g-450g\/","title":{"rendered":"B\u00e1nh \u0111\u1ed3ng ti\u1ec1n mix h\u1ea1t M\u1ed9c Lan &#8211; 250g, 450g"},"content":{"rendered":"<p><strong>B\u00c1NH \u0110\u1ed2NG TI\u1ec0N MIX H\u1ea0T DINH D\u01af\u1ee0NG<\/strong><\/p>\n<p>&#8212;&#8212;&#8212;&#8212;&#8212;-<\/p>\n<p><strong>TH\u00c0NH PH\u1ea6N:<\/strong> h\u1ea1t \u0111i\u1ec1u, h\u1ea1nh nh\u00e2n, h\u1ea1t b\u00ed, nho kh\u00f4, b\u1ed9t m\u00ec, xo\u00e0i, m\u01a1, x\u00ed mu\u1ed9i, m\u00e8 rang, m\u1ea1ch nha.<\/p>\n<p><strong>C\u00d4NG D\u1ee4NG:<\/strong><\/p>\n<p>-H\u1ed7 tr\u1ee3 \u0103n ki\u00eang, gi\u1ea3m c\u00e2n<\/p>\n<p>-Gi\u1ea3m l\u01b0\u1ee3ng \u0111\u01b0\u1eddng v\u00e0 m\u1ee1 trong m\u00e1u<\/p>\n<p>-Ch\u1ed1ng Oxi ho\u00e1, cho l\u00e0n da s\u00e1ng<\/p>\n<p>-T\u1ed1t cho tim m\u1ea1ch<\/p>\n<p>-Gi\u00e0u canxi cho x\u01b0\u01a1ng ch\u1eafc kho\u1ebb<\/p>\n<p>-C\u1ea3i thi\u1ec7n s\u1ee9c kho\u1ebb \u0111\u01b0\u1eddng ru\u1ed9t<\/p>\n<p>-R\u1ea5t t\u1ed1t cho b\u00e0 b\u1ea7u v\u00e0 ng\u01b0\u1eddi b\u1ecb ti\u1ec3u \u0111\u01b0\u1eddng<\/p>\n<p><strong>H\u01af\u1edaNG D\u1eaaN S\u1eec D\u1ee4NG<\/strong><\/p>\n<p>-D\u00f9ng tr\u1ef1c ti\u1ebfp v\u00e0o b\u1eefa s\u00e1ng ho\u1eb7c b\u1eefa ph\u1ee5<\/p>\n<p>-Ngon h\u01a1n khi d\u00f9ng k\u1ebft h\u1ee3p v\u1edbi tr\u00e1i c\u00e2y, s\u1eefa chua ho\u1eb7c s\u1eefa t\u01b0\u01a1i<\/p>\n<p><strong>HSD:<\/strong> 12 th\u00e1ng k\u1ec3 t\u1eeb ng\u00e0y s\u1ea3n xu\u1ea5t<\/p>\n<p><strong>B\u1ea2O QU\u1ea2N:<\/strong> N\u01a1i kh\u00f4 r\u00e1o, tho\u00e1ng m\u00e1t. \u0110\u1eady k\u00edn n\u1eafp &amp; \u0111\u1ec3 \u1edf ng\u0103n m\u00e1t t\u1ee7 l\u1ea1nh sau khi d\u00f9ng<\/p>\n<p><strong>M\u1ed9c Lan xin CAM K\u1ebeT:<\/strong><\/p>\n<p>-Kh\u00f4ng d\u00f9ng ch\u1ea5t b\u1ea3o qu\u1ea3n<\/p>\n<p>-\u0110\u1ea3m b\u1ea3o an to\u00e0n v\u1ec7 sinh th\u1ef1c ph\u1ea9m<\/p>\n<p>-Nguy\u00ean li\u1ec7u nh\u1eadp kh\u1ea9u xu\u1ea5t x\u1ee9 r\u00f5 r\u00e0ng<\/p>\n<p>-Lu\u00f4n \u01b0u ti\u00ean s\u1ea3n xu\u1ea5t s\u1ea3n ph\u1ea9m m\u1edbi nh\u1ea5t \u0111\u1ebfn tay kh\u00e1ch h\u00e0ng<\/p>","protected":false},"excerpt":{"rendered":"<p>B\u00e1nh \u0111\u1ed3ng ti\u1ec1n mix h\u1ea1t M\u1ed9c Lan &#8211; \u0103n ki\u00eang gi\u1ea3m c\u00e2n &#8211; b\u00e1nh ng\u0169 c\u1ed1c dinh d\u01b0\u1ee1ng healthy [&#8230;]<\/p>\n<p><a class=\"btn btn-secondary understrap-read-more-link\" href=\"https:\/\/moclan.com.vn\/en\/product\/banh-dong-tien-mix-hat-moc-lan-an-kieng-giam-can-banh-ngu-coc-dinh-duong-healthy-250g-450g\/\">Read More&#8230;<\/a><\/p>","protected":false},"featured_media":4356,"comment_status":"closed","ping_status":"closed","template":"","meta":[],"product_cat":[737,736,659,663],"product_tag":[],"yoast_head":"<!-- This site is optimized with the Yoast SEO Premium plugin v15.9.2 - https:\/\/yoast.com\/wordpress\/plugins\/seo\/ -->\n<title>B\u00e1nh \u0111\u1ed3ng ti\u1ec1n mix h\u1ea1t M\u1ed9c Lan - 250g, 450g - M\u1ed9c Lan<\/title>\n<link rel=\"canonical\" href=\"https:\/\/moclan.com.vn\/en\/product\/banh-dong-tien-mix-hat-moc-lan-an-kieng-giam-can-banh-ngu-coc-dinh-duong-healthy-250g-450g\/\" \/>\n<meta property=\"og:locale\" content=\"en_US\" \/>\n<meta property=\"og:type\" content=\"article\" \/>\n<meta property=\"og:title\" content=\"B\u00e1nh \u0111\u1ed3ng ti\u1ec1n mix h\u1ea1t M\u1ed9c Lan - 250g, 450g - M\u1ed9c Lan\" \/>\n<meta property=\"og:description\" content=\"B\u00e1nh \u0111\u1ed3ng ti\u1ec1n mix h\u1ea1t M\u1ed9c Lan - \u0103n ki\u00eang gi\u1ea3m c\u00e2n - b\u00e1nh ng\u0169 c\u1ed1c dinh d\u01b0\u1ee1ng healthy [...]Read More...\" \/>\n<meta property=\"og:url\" content=\"https:\/\/moclan.com.vn\/en\/product\/banh-dong-tien-mix-hat-moc-lan-an-kieng-giam-can-banh-ngu-coc-dinh-duong-healthy-250g-450g\/\" \/>\n<meta property=\"og:site_name\" content=\"M\u1ed9c Lan\" \/>\n<meta property=\"article:modified_time\" content=\"2026-04-21T13:29:31+00:00\" \/>\n<meta property=\"og:image\" content=\"https:\/\/moclan.com.vn\/wp-content\/uploads\/2025\/06\/vn-11134207-7ras8-matcu8d8t02406_tn.jpeg\" \/>\n\t<meta property=\"og:image:width\" content=\"320\" \/>\n\t<meta property=\"og:image:height\" content=\"426\" \/>\n<meta name=\"twitter:card\" content=\"summary_large_image\" \/>\n<meta name=\"twitter:label1\" content=\"Est. reading time\">\n\t<meta name=\"twitter:data1\" content=\"1 minute\">\n<script type=\"application\/ld+json\" class=\"yoast-schema-graph\">{\"@context\":\"https:\/\/schema.org\",\"@graph\":[{\"@type\":\"WebSite\",\"@id\":\"https:\/\/moclan.com.vn\/#website\",\"url\":\"https:\/\/moclan.com.vn\/\",\"name\":\"M\\u1ed9c Lan\",\"description\":\"\",\"potentialAction\":[{\"@type\":\"SearchAction\",\"target\":\"https:\/\/moclan.com.vn\/?s={search_term_string}\",\"query-input\":\"required name=search_term_string\"}],\"inLanguage\":\"en-US\"},{\"@type\":\"ImageObject\",\"@id\":\"https:\/\/moclan.com.vn\/banh-dong-tien-mix-hat-moc-lan-an-kieng-giam-can-banh-ngu-coc-dinh-duong-healthy-250g-450g\/#primaryimage\",\"inLanguage\":\"en-US\",\"url\":\"https:\/\/moclan.com.vn\/wp-content\/uploads\/2025\/06\/vn-11134207-7ras8-matcu8d8t02406_tn.jpeg\",\"width\":320,\"height\":426},{\"@type\":\"WebPage\",\"@id\":\"https:\/\/moclan.com.vn\/banh-dong-tien-mix-hat-moc-lan-an-kieng-giam-can-banh-ngu-coc-dinh-duong-healthy-250g-450g\/#webpage\",\"url\":\"https:\/\/moclan.com.vn\/banh-dong-tien-mix-hat-moc-lan-an-kieng-giam-can-banh-ngu-coc-dinh-duong-healthy-250g-450g\/\",\"name\":\"B\\u00e1nh \\u0111\\u1ed3ng ti\\u1ec1n mix h\\u1ea1t M\\u1ed9c Lan - 250g, 450g - M\\u1ed9c Lan\",\"isPartOf\":{\"@id\":\"https:\/\/moclan.com.vn\/#website\"},\"primaryImageOfPage\":{\"@id\":\"https:\/\/moclan.com.vn\/banh-dong-tien-mix-hat-moc-lan-an-kieng-giam-can-banh-ngu-coc-dinh-duong-healthy-250g-450g\/#primaryimage\"},\"datePublished\":\"2025-06-26T03:49:27+00:00\",\"dateModified\":\"2026-04-21T13:29:31+00:00\",\"breadcrumb\":{\"@id\":\"https:\/\/moclan.com.vn\/banh-dong-tien-mix-hat-moc-lan-an-kieng-giam-can-banh-ngu-coc-dinh-duong-healthy-250g-450g\/#breadcrumb\"},\"inLanguage\":\"en-US\",\"potentialAction\":[{\"@type\":\"ReadAction\",\"target\":[\"https:\/\/moclan.com.vn\/banh-dong-tien-mix-hat-moc-lan-an-kieng-giam-can-banh-ngu-coc-dinh-duong-healthy-250g-450g\/\"]}]},{\"@type\":\"BreadcrumbList\",\"@id\":\"https:\/\/moclan.com.vn\/banh-dong-tien-mix-hat-moc-lan-an-kieng-giam-can-banh-ngu-coc-dinh-duong-healthy-250g-450g\/#breadcrumb\",\"itemListElement\":[{\"@type\":\"ListItem\",\"position\":1,\"item\":{\"@type\":\"WebPage\",\"@id\":\"https:\/\/moclan.com.vn\/\",\"url\":\"https:\/\/moclan.com.vn\/\",\"name\":\"Trang ch\\u1ee7\"}},{\"@type\":\"ListItem\",\"position\":2,\"item\":{\"@type\":\"WebPage\",\"@id\":\"https:\/\/moclan.com.vn\/san-pham\/\",\"url\":\"https:\/\/moclan.com.vn\/san-pham\/\",\"name\":\"S\\u1ea3n ph\\u1ea9m\"}},{\"@type\":\"ListItem\",\"position\":3,\"item\":{\"@type\":\"WebPage\",\"@id\":\"https:\/\/moclan.com.vn\/banh-dong-tien-mix-hat-moc-lan-an-kieng-giam-can-banh-ngu-coc-dinh-duong-healthy-250g-450g\/\",\"url\":\"https:\/\/moclan.com.vn\/banh-dong-tien-mix-hat-moc-lan-an-kieng-giam-can-banh-ngu-coc-dinh-duong-healthy-250g-450g\/\",\"name\":\"B\\u00e1nh \\u0111\\u1ed3ng ti\\u1ec1n mix h\\u1ea1t M\\u1ed9c Lan &#8211; 250g, 450g\"}}]}]}<\/script>\n<!-- \/ Yoast SEO Premium plugin. -->","_links":{"self":[{"href":"https:\/\/moclan.com.vn\/en\/wp-json\/wp\/v2\/product\/4351"}],"collection":[{"href":"https:\/\/moclan.com.vn\/en\/wp-json\/wp\/v2\/product"}],"about":[{"href":"https:\/\/moclan.com.vn\/en\/wp-json\/wp\/v2\/types\/product"}],"replies":[{"embeddable":true,"href":"https:\/\/moclan.com.vn\/en\/wp-json\/wp\/v2\/comments?post=4351"}],"wp:featuredmedia":[{"embeddable":true,"href":"https:\/\/moclan.com.vn\/en\/wp-json\/wp\/v2\/media\/4356"}],"wp:attachment":[{"href":"https:\/\/moclan.com.vn\/en\/wp-json\/wp\/v2\/media?parent=4351"}],"wp:term":[{"taxonomy":"product_cat","embeddable":true,"href":"https:\/\/moclan.com.vn\/en\/wp-json\/wp\/v2\/product_cat?post=4351"},{"taxonomy":"product_tag","embeddable":true,"href":"https:\/\/moclan.com.vn\/en\/wp-json\/wp\/v2\/product_tag?post=4351"}],"curies":[{"name":"wp","href":"https:\/\/api.w.org\/{rel}","templated":true}]}}