


{"id":4364,"date":"2025-06-26T10:59:49","date_gmt":"2025-06-26T03:59:49","guid":{"rendered":"https:\/\/moclan.com.vn\/?post_type=product&#038;p=4364"},"modified":"2026-04-18T13:41:56","modified_gmt":"2026-04-18T06:41:56","slug":"thanh-gao-lut-cha-bong-mix-cac-hat-dinh-duong-moc-lan-healthy-250g-500g","status":"publish","type":"product","link":"https:\/\/moclan.com.vn\/en\/product\/thanh-gao-lut-cha-bong-mix-cac-hat-dinh-duong-moc-lan-healthy-250g-500g\/","title":{"rendered":"Thanh g\u1ea1o l\u1ee9t ch\u00e0 b\u00f4ng, mix c\u00e1c h\u1ea1t dinh d\u01b0\u1ee1ng M\u1ed9c Lan Healthy 250g, 500g"},"content":{"rendered":"<p><strong>Thanh g\u1ea1o l\u1ee9t ch\u00e0 b\u00f4ng, mix c\u00e1c h\u1ea1t dinh d\u01b0\u1ee1ng M\u1ed9c Lan Healthy<\/strong><\/p>\n<p>&#8211; Thanh g\u1ea1o l\u1ee9t ch\u00e0 b\u00f4ng gi\u00fap gi\u1ea3m c\u00e2n an to\u00e0n v\u00e0 hi\u1ec7u qu\u1ea3.<\/p>\n<p>&#8211; Kh\u00f4ng d\u1ea7u chi\u00ean, kh\u00f4ng ch\u1ea5t b\u1ea3o qu\u1ea3n, ho\u00e0n to\u00e0n s\u1ea1ch v\u00e0 an to\u00e0n. S\u1eed d\u1ee5ng 1-2 thanh b\u00e1nh trong b\u1eefa ph\u1ee5 ho\u1eb7c thay th\u1ebf cho c\u00e1c lo\u1ea1i tinh b\u1ed9t b\u1eefa \u0103n trong ng\u00e0y.<\/p>\n<p><strong>&#8211; \u0110\u1ed0I T\u01af\u1ee2NG S\u1eec D\u1ee4NG THANH G\u1ea0O L\u1ee8T CH\u00c0 B\u00d4NG:<\/strong><\/p>\n<p>Nh\u1eefng ng\u01b0\u1eddi b\u1eadn r\u1ed9n, kh\u00f4ng c\u00f3 nhi\u1ec1u th\u1eddi gian chu\u1ea9n b\u1ecb b\u1eefa \u0103n s\u00e1ng.<\/p>\n<p>Ng\u01b0\u1eddi th\u01b0\u1eddng xuy\u00ean t\u1eadp gym, yoga.<\/p>\n<p>Ng\u01b0\u1eddi theo ch\u1ebf \u0111\u1ed9 \u0103n l\u00e0nh m\u1ea1nh eat-clean.<\/p>\n<p>M\u1eb9 b\u1ec9m mu\u1ed1n chu\u1ea9n d\u00e1ng sau sinh.<\/p>\n<p><strong>&#8211; \u0110I\u1ec2M N\u1ed4I B\u1eacT:<\/strong> B\u00e1nh g\u1ea1o l\u1ee9t, thanh g\u1ea1o l\u1ee9t<\/p>\n<p>Thanh g\u1ea1o l\u1ee9t ch\u00e0 b\u00f4ng l\u00e0 d\u00f2ng s\u1ea3n ph\u1ea9m \u0111\u01b0\u1ee3c chi\u1ebft xu\u1ea5t t\u1eeb g\u1ea1o l\u1ee9c tinh khi\u1ebft, k\u1ebft h\u1ee3p th\u00eam nhi\u1ec1u lo\u1ea1i ng\u0169 c\u1ed1c t\u1ed1t cho s\u1ee9c kh\u1ecfe, c\u00f3 t\u00e1c d\u1ee5ng gi\u1ea3m c\u00e2n an to\u00e0n, gi\u1eef g\u00ecn v\u00f3c d\u00e1ng v\u00e0 ph\u00f2ng ng\u1eeba c\u00e1c b\u1ec7nh nguy hi\u1ec3m. M\u00f9i v\u1ecb th\u01a1m ngon, d\u1ec5 s\u1eed d\u1ee5ng. K\u1ebft h\u1ee3p th\u00eam v\u1ecb m\u1eb7n c\u1ee7a ch\u00e0 b\u00f4ng l\u00e0m cho thanh g\u1ea1o l\u1ee9t n\u00e0y tr\u1edf n\u00ean th\u01a1m ngon h\u01a1n.<\/p>\n<p><strong>&#8211; TH\u00c0NH PH\u1ea6N V\u00c0 C\u00d4NG DUNG:<\/strong> B\u00e1nh g\u1ea1o l\u1ee9t, thanh g\u1ea1o l\u1ee9t<\/p>\n<p>&#8211; G\u1ea1o l\u1ee9t: gi\u00fap \u0111\u00e0o th\u1ea3i cholesterol x\u1ea5u, \u1ed5n \u0111\u1ecbnh huy\u1ebft \u00e1p, b\u1ea3o v\u1ec7 h\u1ec7 tim m\u1ea1ch. C\u1ea3i thi\u1ec7n ch\u1ee9ng r\u1ed1i lo\u1ea1n ti\u00eau h\u00f3a, bi\u1ebfng \u0103n.<\/p>\n<p>&#8211; H\u1ea1t \u0110i\u1ec1u: b\u1ed5 sung ch\u1ea5t b\u00e9o nh\u01b0ng thay th\u1ebf cho ch\u1ea5t b\u00e9o \u0111\u1ed9ng v\u1eadt, gi\u00fap ki\u1ec3m so\u00e1t tr\u1ecdng l\u01b0\u1ee3ng c\u01a1 th\u1ec3, gi\u1ea3m t\u00edch t\u1ee5 ch\u1ea5t b\u00e9o x\u1ea5u, h\u1ea1t \u0111i\u1ec1u c\u00f2n ch\u1ee9a ch\u1ea5t oxy h\u00f3a gi\u00fap ch\u1ed1ng l\u00e3o h\u00f3a, l\u00e0m \u0111\u1eb9p da v\u00e0 t\u00f3c.<\/p>\n<p>&#8211; H\u1ea1t B\u00ed xanh: gi\u00e0u Omega 3, ng\u0103n ng\u1eeba b\u1ec7nh ti\u1ec3u \u0111\u01b0\u1eddng, h\u1ed7 tr\u1ee3 t\u0103ng c\u01b0\u1eddng s\u1ee9c kh\u1ecfe tim m\u1ea1ch.<\/p>\n<p>&#8211; Cung c\u1ea5p nhi\u1ec1u kho\u00e1ng ch\u1ea5t v\u00e0 vitamin cho kh\u1ea9u ph\u1ea7n \u0103n, gi\u00fap c\u00e2n \u0111\u1ed1i dinh d\u01b0\u1ee1ng, t\u1ed1t cho s\u1ee9c kh\u1ecfe.<\/p>\n<p>&#8211; S\u1ea3n ph\u1ea9m l\u00e0 th\u1ef1c ph\u1ea9m b\u1ed5 sung dinh d\u01b0\u1ee1ng bao g\u1ed3m ch\u1ea5t \u0111\u1ea1m, ch\u1ea5t x\u01a1, \u0111\u1ea3m b\u1ea3o s\u1ee9c kh\u1ecfe &amp; d\u01b0\u1ee1ng ch\u1ea5t h\u00e0ng ng\u00e0y cho ng\u01b0\u1eddi s\u1eed d\u1ee5ng.<\/p>\n<p>&#8211; S\u1ea3n ph\u1ea9m \u0111\u1eb7c bi\u1ec7t ph\u00f9 h\u1ee3p cho ng\u01b0\u1eddi \u0103n ki\u00eang, gi\u1ea3m c\u00e2n.<\/p>\n<p>&#8211; S\u1ea3n ph\u1ea9m \u0111\u00e3 \u0111\u01b0\u1ee3c ch\u1ebf bi\u1ebfn s\u1eb5n r\u1ea5t ti\u1ec7n l\u1ee3i khi s\u1eed d\u1ee5ng v\u00e0 ti\u1ebft ki\u1ec7m t\u1ed1i \u0111a th\u1eddi gian cho ng\u01b0\u1eddi b\u1eadn r\u1ed9n, t\u1eadp gym, ch\u01a1i th\u1ec3 thao, v\u1eadn \u0111\u1ed9ng m\u1ea1nh.<\/p>\n<p>&#8211; Ti\u1ec7n l\u1ee3i, g\u1ecdn nh\u1eb9, th\u01a1m ngon ph\u00f9 h\u1ee3p v\u1edbi m\u1ecdi l\u1ee9a tu\u1ed5i, c\u00f3 th\u1ec3 mang \u0111i xa, du l\u1ecbch &amp; picnic.<\/p>\n<p>&#8211; Th\u00edch h\u1ee3p cho m\u1ecdi l\u1ee9a tu\u1ed5i.<\/p>\n<p><strong>&#8211; H\u01b0\u1edbng d\u1eabn s\u1eed d\u1ee5ng:<\/strong> \u0102n li\u1ec1n ngay sau khi m\u1edf n\u1eafp, kh\u00f4ng c\u1ea7n ch\u1ebf bi\u1ebfn th\u00eam.<\/p>\n<p><strong>&#8211; B\u1ea3o qu\u1ea3n:<\/strong> \u0110\u1ec3 n\u01a1i kh\u00f4 r\u00e1o tr\u00e1nh \u00e1nh n\u1eafng tr\u1ef1c ti\u1ebfp.<\/p>\n<p>&#8212;&#8212;&#8212;&#8212;&#8212;&#8212;&#8212;&#8212;&#8212;&#8212;&#8212;&#8212;&#8212;&#8212;&#8212;&#8212;&#8212;&#8212;&#8212;&#8212;&#8212;&#8212;&#8212;&#8212;&#8212;&#8212;&#8212;&#8212;&#8212;-<\/p>\n<p><strong>CAM K\u1ebeT M\u1ed8C LAN HEALTHY &#8211; H\u1ea0T DINH D\u01af\u1ee0NG CAO C\u1ea4P<\/strong><\/p>\n<p>Ch\u00fang t\u00f4i lu\u00f4n mong mu\u1ed1n cung c\u1ea5p cho kh\u00e1ch h\u00e0ng nh\u1eefng s\u1ea3n ph\u1ea9m v\u00e0 d\u1ecbch v\u1ee5 t\u1ed1t nh\u1ea5t<\/p>\n<p>&#8211; 100% c\u00e1c lo\u1ea1i h\u1ea1t s\u1ea5y kh\u00f4 \u0111\u1ec1u \u0111\u01b0\u1ee3c ch\u1ecdn l\u1ecdc v\u00e0 \u0111\u1ea3m b\u1ea3o v\u1ec1 ch\u1ea5t l\u01b0\u1ee3ng v\u1edbi h\u00e0m l\u01b0\u1ee3ng dinh d\u01b0\u1ee1ng t\u1ed1i \u01b0u.<\/p>\n<p>&#8211; S\u1ea3n ph\u1ea9m c\u00f3 bao b\u00ec \u0111\u00f3ng g\u00f3i \u0111\u1eb9p ph\u00f9 h\u1ee3p l\u00e0m qu\u00e0 bi\u1ebfu, t\u1eb7ng.<\/p>\n<p>&#8211; \u0110\u1ed9i ng\u0169 t\u01b0 v\u1ea5n vi\u00ean s\u1eb5n s\u00e0ng tr\u1ea3 l\u1eddi m\u1ecdi th\u1eafc m\u1eafc li\u00ean quan t\u1edbi s\u1ea3n ph\u1ea9m.<\/p>\n<p>&#8211; Shop s\u1eb5n s\u00e0ng \u0111\u1ed5i tr\u1ea3 n\u1ebfu s\u1ea3n ph\u1ea9m l\u1ed7i, h\u01b0, h\u1ecfng, kh\u00f4ng \u0111\u00fang ch\u1ea5t l\u01b0\u1ee3ng.<\/p>\n<p>&nbsp;<\/p>","protected":false},"excerpt":{"rendered":"<p>Thanh g\u1ea1o l\u1ee9t ch\u00e0 b\u00f4ng, mix c\u00e1c h\u1ea1t dinh d\u01b0\u1ee1ng M\u1ed9c Lan Healthy [&#8230;]<\/p>\n<p><a class=\"btn btn-secondary understrap-read-more-link\" href=\"https:\/\/moclan.com.vn\/en\/product\/thanh-gao-lut-cha-bong-mix-cac-hat-dinh-duong-moc-lan-healthy-250g-500g\/\">Read More&#8230;<\/a><\/p>","protected":false},"featured_media":4368,"comment_status":"closed","ping_status":"closed","template":"","meta":[],"product_cat":[737,736,663],"product_tag":[733],"yoast_head":"<!-- This site is optimized with the Yoast SEO Premium plugin v15.9.2 - https:\/\/yoast.com\/wordpress\/plugins\/seo\/ -->\n<title>Thanh g\u1ea1o l\u1ee9t ch\u00e0 b\u00f4ng, mix c\u00e1c h\u1ea1t dinh d\u01b0\u1ee1ng M\u1ed9c Lan Healthy 250g, 500g - M\u1ed9c Lan<\/title>\n<link rel=\"canonical\" href=\"https:\/\/moclan.com.vn\/en\/product\/thanh-gao-lut-cha-bong-mix-cac-hat-dinh-duong-moc-lan-healthy-250g-500g\/\" \/>\n<meta property=\"og:locale\" content=\"en_US\" \/>\n<meta property=\"og:type\" content=\"article\" \/>\n<meta property=\"og:title\" content=\"Thanh g\u1ea1o l\u1ee9t ch\u00e0 b\u00f4ng, mix c\u00e1c h\u1ea1t dinh d\u01b0\u1ee1ng M\u1ed9c Lan Healthy 250g, 500g - M\u1ed9c Lan\" \/>\n<meta property=\"og:description\" content=\"Thanh g\u1ea1o l\u1ee9t ch\u00e0 b\u00f4ng, mix c\u00e1c h\u1ea1t dinh d\u01b0\u1ee1ng M\u1ed9c Lan Healthy [...]Read More...\" \/>\n<meta property=\"og:url\" content=\"https:\/\/moclan.com.vn\/en\/product\/thanh-gao-lut-cha-bong-mix-cac-hat-dinh-duong-moc-lan-healthy-250g-500g\/\" \/>\n<meta property=\"og:site_name\" content=\"M\u1ed9c Lan\" \/>\n<meta property=\"article:modified_time\" content=\"2026-04-18T06:41:56+00:00\" \/>\n<meta property=\"og:image\" content=\"https:\/\/moclan.com.vn\/wp-content\/uploads\/2025\/06\/thgaocbh250.jpg\" \/>\n\t<meta property=\"og:image:width\" content=\"1440\" \/>\n\t<meta property=\"og:image:height\" content=\"1920\" \/>\n<meta name=\"twitter:card\" content=\"summary_large_image\" \/>\n<meta name=\"twitter:label1\" content=\"Est. reading time\">\n\t<meta name=\"twitter:data1\" content=\"3 minutes\">\n<script type=\"application\/ld+json\" class=\"yoast-schema-graph\">{\"@context\":\"https:\/\/schema.org\",\"@graph\":[{\"@type\":\"WebSite\",\"@id\":\"https:\/\/moclan.com.vn\/#website\",\"url\":\"https:\/\/moclan.com.vn\/\",\"name\":\"M\\u1ed9c Lan\",\"description\":\"\",\"potentialAction\":[{\"@type\":\"SearchAction\",\"target\":\"https:\/\/moclan.com.vn\/?s={search_term_string}\",\"query-input\":\"required name=search_term_string\"}],\"inLanguage\":\"en-US\"},{\"@type\":\"ImageObject\",\"@id\":\"https:\/\/moclan.com.vn\/thanh-gao-lut-cha-bong-mix-cac-hat-dinh-duong-moc-lan-healthy-250g-500g\/#primaryimage\",\"inLanguage\":\"en-US\",\"url\":\"https:\/\/moclan.com.vn\/wp-content\/uploads\/2025\/06\/thgaocbh250.jpg\",\"width\":1440,\"height\":1920},{\"@type\":\"WebPage\",\"@id\":\"https:\/\/moclan.com.vn\/thanh-gao-lut-cha-bong-mix-cac-hat-dinh-duong-moc-lan-healthy-250g-500g\/#webpage\",\"url\":\"https:\/\/moclan.com.vn\/thanh-gao-lut-cha-bong-mix-cac-hat-dinh-duong-moc-lan-healthy-250g-500g\/\",\"name\":\"Thanh g\\u1ea1o l\\u1ee9t ch\\u00e0 b\\u00f4ng, mix c\\u00e1c h\\u1ea1t dinh d\\u01b0\\u1ee1ng M\\u1ed9c Lan Healthy 250g, 500g - M\\u1ed9c Lan\",\"isPartOf\":{\"@id\":\"https:\/\/moclan.com.vn\/#website\"},\"primaryImageOfPage\":{\"@id\":\"https:\/\/moclan.com.vn\/thanh-gao-lut-cha-bong-mix-cac-hat-dinh-duong-moc-lan-healthy-250g-500g\/#primaryimage\"},\"datePublished\":\"2025-06-26T03:59:49+00:00\",\"dateModified\":\"2026-04-18T06:41:56+00:00\",\"breadcrumb\":{\"@id\":\"https:\/\/moclan.com.vn\/thanh-gao-lut-cha-bong-mix-cac-hat-dinh-duong-moc-lan-healthy-250g-500g\/#breadcrumb\"},\"inLanguage\":\"en-US\",\"potentialAction\":[{\"@type\":\"ReadAction\",\"target\":[\"https:\/\/moclan.com.vn\/thanh-gao-lut-cha-bong-mix-cac-hat-dinh-duong-moc-lan-healthy-250g-500g\/\"]}]},{\"@type\":\"BreadcrumbList\",\"@id\":\"https:\/\/moclan.com.vn\/thanh-gao-lut-cha-bong-mix-cac-hat-dinh-duong-moc-lan-healthy-250g-500g\/#breadcrumb\",\"itemListElement\":[{\"@type\":\"ListItem\",\"position\":1,\"item\":{\"@type\":\"WebPage\",\"@id\":\"https:\/\/moclan.com.vn\/\",\"url\":\"https:\/\/moclan.com.vn\/\",\"name\":\"Trang ch\\u1ee7\"}},{\"@type\":\"ListItem\",\"position\":2,\"item\":{\"@type\":\"WebPage\",\"@id\":\"https:\/\/moclan.com.vn\/san-pham\/\",\"url\":\"https:\/\/moclan.com.vn\/san-pham\/\",\"name\":\"S\\u1ea3n ph\\u1ea9m\"}},{\"@type\":\"ListItem\",\"position\":3,\"item\":{\"@type\":\"WebPage\",\"@id\":\"https:\/\/moclan.com.vn\/thanh-gao-lut-cha-bong-mix-cac-hat-dinh-duong-moc-lan-healthy-250g-500g\/\",\"url\":\"https:\/\/moclan.com.vn\/thanh-gao-lut-cha-bong-mix-cac-hat-dinh-duong-moc-lan-healthy-250g-500g\/\",\"name\":\"Thanh g\\u1ea1o l\\u1ee9t ch\\u00e0 b\\u00f4ng, mix c\\u00e1c h\\u1ea1t dinh d\\u01b0\\u1ee1ng M\\u1ed9c Lan Healthy 250g, 500g\"}}]}]}<\/script>\n<!-- \/ Yoast SEO Premium plugin. -->","_links":{"self":[{"href":"https:\/\/moclan.com.vn\/en\/wp-json\/wp\/v2\/product\/4364"}],"collection":[{"href":"https:\/\/moclan.com.vn\/en\/wp-json\/wp\/v2\/product"}],"about":[{"href":"https:\/\/moclan.com.vn\/en\/wp-json\/wp\/v2\/types\/product"}],"replies":[{"embeddable":true,"href":"https:\/\/moclan.com.vn\/en\/wp-json\/wp\/v2\/comments?post=4364"}],"wp:featuredmedia":[{"embeddable":true,"href":"https:\/\/moclan.com.vn\/en\/wp-json\/wp\/v2\/media\/4368"}],"wp:attachment":[{"href":"https:\/\/moclan.com.vn\/en\/wp-json\/wp\/v2\/media?parent=4364"}],"wp:term":[{"taxonomy":"product_cat","embeddable":true,"href":"https:\/\/moclan.com.vn\/en\/wp-json\/wp\/v2\/product_cat?post=4364"},{"taxonomy":"product_tag","embeddable":true,"href":"https:\/\/moclan.com.vn\/en\/wp-json\/wp\/v2\/product_tag?post=4364"}],"curies":[{"name":"wp","href":"https:\/\/api.w.org\/{rel}","templated":true}]}}