


{"id":4404,"date":"2025-06-26T11:29:55","date_gmt":"2025-06-26T04:29:55","guid":{"rendered":"https:\/\/moclan.com.vn\/?post_type=product&#038;p=4404"},"modified":"2026-04-18T14:05:06","modified_gmt":"2026-04-18T07:05:06","slug":"rong-bien-kep-hat-dinh-duong-an-kieng-giam-can-moc-lan-250g-500g","status":"publish","type":"product","link":"https:\/\/moclan.com.vn\/en\/product\/rong-bien-kep-hat-dinh-duong-an-kieng-giam-can-moc-lan-250g-500g\/","title":{"rendered":"Rong bi\u1ec3n k\u1eb9p h\u1ea1t dinh d\u01b0\u1ee1ng \u0103n ki\u00eang gi\u1ea3m c\u00e2n M\u1ed9c Lan &#8211; 250g, 500g"},"content":{"rendered":"<p>Rong bi\u1ec3n k\u1eb9p h\u1ea1t dinh d\u01b0\u1ee1ng M\u1ed9c Lan &#8211; rong bi\u1ec3n \u0103n v\u1eb7t \u0103n s\u00e1ng \u0111\u1ea7y \u0111\u1ee7 dinh d\u01b0\u1ee1ng<\/p>\n<p><strong>1. T\u1ea0I SAO N\u00caN S\u1eec D\u1ee4NG RONG BI\u1ec2N K\u1eb8P H\u1ea0T DINH D\u01af\u1ee0NG NH\u00c0 M\u1ed8C LAN?<\/strong><\/p>\n<p>&#8211; H\u01b0\u01a1ng v\u1ecb : GI\u00d2N TAN V\u1eeaA MI\u1ec6NG &#8211; M\u1eb6N NG\u1eccT \u0110\u1eacM \u0110\u00c0 &#8211; L\u00d4I CU\u1ed0N KH\u00d3 C\u01af\u1ee0NG<\/p>\n<p>&#8211; Ch\u1ebf bi\u1ebfn kh\u00f4ng d\u1ea7u. V\u1edbi c\u00f4ng ngh\u1ec7 s\u1ea3n xu\u1ea5t kh\u00e9p k\u00edn, rong bi\u1ec3n s\u1ea5y gi\u00f2n k\u1ebft h\u1ee3p v\u1edbi l\u1edbp nh\u00e2n t\u1eeb c\u00e1c lo\u1ea1i h\u1ea1t dinh d\u01b0\u1ee1ng<\/p>\n<p>&#8211; S\u1ea3n ph\u1ea9m \u0111\u1ea7y \u0111\u1ee7 gi\u1ea5y t\u1edd VSATTP,&#8230;\u0111\u1ea3m b\u1ea3o s\u1ee9c kh\u1ecfe<\/p>\n<p>&#8211; Nguy\u00ean li\u1ec7u lo\u1ea1i th\u01b0\u1ee3ng h\u1ea1ng, c\u00f3 ngu\u1ed3n g\u1ed1c r\u00f5 r\u00e0ng<\/p>\n<p><strong>2. TH\u00c0NH PH\u1ea6N RONG BI\u1ec2N K\u1eb8P H\u1ea0T DINH D\u01af\u1ee0NG<\/strong><\/p>\n<p>Rong bi\u1ec3n, h\u1ea1t \u0111i\u1ec1u, b\u00ed xanh, g\u1ea1o l\u1ee9t, h\u1ea1nh nh\u00e2n l\u00e1t, m\u00e8 \u0111en, m\u1eadt ong, m\u1ea1ch nha, mu\u1ed1i<\/p>\n<p><strong>3. T\u00c1C D\u1ee4NG CH\u00cdNH<\/strong><\/p>\n<p>&#8211; H\u1ed7 tr\u1ee3 l\u00e0m s\u1ea1ch m\u00e1u cho ng\u01b0\u1eddi m\u00e1u x\u1ea5u<\/p>\n<p>&#8211; T\u1ed1t cho ti\u00eau h\u00f3a<\/p>\n<p>&#8211; Nu\u00f4i d\u01b0\u1ee1ng m\u00e1i t\u00f3c su\u00f4n m\u01b0\u1ee3t<\/p>\n<p>&#8211; Gi\u00e1 tr\u1ecb dinh d\u01b0\u1ee1ng cao<\/p>\n<p><strong>4. C\u00c1CH D\u00d9NG RONG BI\u1ec2N K\u1eb8P H\u1ea0T DINH D\u01af\u1ee0NG<\/strong><\/p>\n<p>D\u00f9ng \u0103n v\u1eb7t si\u00eau ngon m\u00e0 dinh d\u01b0\u1ee1ng, \u0103n tr\u1ef1c ti\u1ebfp<\/p>\n<p>D\u00f9ng \u0103n s\u00e1ng \u0111\u1ea7y \u0111\u1ee7 ch\u1ea5t dinh d\u01b0\u1ee1ng<\/p>\n<p><strong>&#8211; CAM K\u1ebeT S\u1ea2N PH\u1ea8M M\u1ed8C LAN HEALTHY<\/strong><\/p>\n<p>\u2022 S\u1ea3n ph\u1ea9m c\u00f3 ngu\u1ed3n g\u1ed1c 100% t\u1eeb thi\u00ean nhi\u00ean.<\/p>\n<p>\u2022 Kh\u00f4ng ch\u1ea5t b\u1ea3o qu\u1ea3n &#8211; ch\u1ea5t t\u1ea1o m\u00e0u &#8211; H\u01b0\u01a1ng li\u1ec7u.<\/p>\n<p>\u2022 Giao h\u00e0ng t\u1ea1i nh\u00e0 tr\u00ean to\u00e0n qu\u1ed1c.<\/p>\n<p>\u2022 \u0110\u01b0\u1ee3c ki\u1ec3m tra s\u1ea3n ph\u1ea9m tr\u01b0\u1edbc khi nh\u1eadn.<\/p>\n<p>&nbsp;<\/p>\n<p>&nbsp;<\/p>","protected":false},"excerpt":{"rendered":"<p>Rong bi\u1ec3n k\u1eb9p h\u1ea1t dinh d\u01b0\u1ee1ng \u0103n ki\u00eang gi\u1ea3m c\u00e2n M\u1ed9c Lan Healthy Foods [&#8230;]<\/p>\n<p><a class=\"btn btn-secondary understrap-read-more-link\" href=\"https:\/\/moclan.com.vn\/en\/product\/rong-bien-kep-hat-dinh-duong-an-kieng-giam-can-moc-lan-250g-500g\/\">Read More&#8230;<\/a><\/p>","protected":false},"featured_media":4407,"comment_status":"closed","ping_status":"closed","template":"","meta":[],"product_cat":[737,736,659,663],"product_tag":[735],"yoast_head":"<!-- This site is optimized with the Yoast SEO Premium plugin v15.9.2 - https:\/\/yoast.com\/wordpress\/plugins\/seo\/ -->\n<title>Rong bi\u1ec3n k\u1eb9p h\u1ea1t dinh d\u01b0\u1ee1ng \u0103n ki\u00eang gi\u1ea3m c\u00e2n M\u1ed9c Lan - 250g, 500g - M\u1ed9c Lan<\/title>\n<link rel=\"canonical\" href=\"https:\/\/moclan.com.vn\/en\/product\/rong-bien-kep-hat-dinh-duong-an-kieng-giam-can-moc-lan-250g-500g\/\" \/>\n<meta property=\"og:locale\" content=\"en_US\" \/>\n<meta property=\"og:type\" content=\"article\" \/>\n<meta property=\"og:title\" content=\"Rong bi\u1ec3n k\u1eb9p h\u1ea1t dinh d\u01b0\u1ee1ng \u0103n ki\u00eang gi\u1ea3m c\u00e2n M\u1ed9c Lan - 250g, 500g - M\u1ed9c Lan\" \/>\n<meta property=\"og:description\" content=\"Rong bi\u1ec3n k\u1eb9p h\u1ea1t dinh d\u01b0\u1ee1ng \u0103n ki\u00eang gi\u1ea3m c\u00e2n M\u1ed9c Lan Healthy Foods [...]Read More...\" \/>\n<meta property=\"og:url\" content=\"https:\/\/moclan.com.vn\/en\/product\/rong-bien-kep-hat-dinh-duong-an-kieng-giam-can-moc-lan-250g-500g\/\" \/>\n<meta property=\"og:site_name\" content=\"M\u1ed9c Lan\" \/>\n<meta property=\"article:modified_time\" content=\"2026-04-18T07:05:06+00:00\" \/>\n<meta property=\"og:image\" content=\"https:\/\/moclan.com.vn\/wp-content\/uploads\/2025\/06\/rbkhh250.jpg\" \/>\n\t<meta property=\"og:image:width\" content=\"1440\" \/>\n\t<meta property=\"og:image:height\" content=\"1920\" \/>\n<meta name=\"twitter:card\" content=\"summary_large_image\" \/>\n<meta name=\"twitter:label1\" content=\"Est. reading time\">\n\t<meta name=\"twitter:data1\" content=\"1 minute\">\n<script type=\"application\/ld+json\" class=\"yoast-schema-graph\">{\"@context\":\"https:\/\/schema.org\",\"@graph\":[{\"@type\":\"WebSite\",\"@id\":\"https:\/\/moclan.com.vn\/#website\",\"url\":\"https:\/\/moclan.com.vn\/\",\"name\":\"M\\u1ed9c Lan\",\"description\":\"\",\"potentialAction\":[{\"@type\":\"SearchAction\",\"target\":\"https:\/\/moclan.com.vn\/?s={search_term_string}\",\"query-input\":\"required name=search_term_string\"}],\"inLanguage\":\"en-US\"},{\"@type\":\"ImageObject\",\"@id\":\"https:\/\/moclan.com.vn\/rong-bien-kep-hat-dinh-duong-an-kieng-giam-can-moc-lan-250g-500g\/#primaryimage\",\"inLanguage\":\"en-US\",\"url\":\"https:\/\/moclan.com.vn\/wp-content\/uploads\/2025\/06\/rbkhh250.jpg\",\"width\":1440,\"height\":1920},{\"@type\":\"WebPage\",\"@id\":\"https:\/\/moclan.com.vn\/rong-bien-kep-hat-dinh-duong-an-kieng-giam-can-moc-lan-250g-500g\/#webpage\",\"url\":\"https:\/\/moclan.com.vn\/rong-bien-kep-hat-dinh-duong-an-kieng-giam-can-moc-lan-250g-500g\/\",\"name\":\"Rong bi\\u1ec3n k\\u1eb9p h\\u1ea1t dinh d\\u01b0\\u1ee1ng \\u0103n ki\\u00eang gi\\u1ea3m c\\u00e2n M\\u1ed9c Lan - 250g, 500g - M\\u1ed9c Lan\",\"isPartOf\":{\"@id\":\"https:\/\/moclan.com.vn\/#website\"},\"primaryImageOfPage\":{\"@id\":\"https:\/\/moclan.com.vn\/rong-bien-kep-hat-dinh-duong-an-kieng-giam-can-moc-lan-250g-500g\/#primaryimage\"},\"datePublished\":\"2025-06-26T04:29:55+00:00\",\"dateModified\":\"2026-04-18T07:05:06+00:00\",\"breadcrumb\":{\"@id\":\"https:\/\/moclan.com.vn\/rong-bien-kep-hat-dinh-duong-an-kieng-giam-can-moc-lan-250g-500g\/#breadcrumb\"},\"inLanguage\":\"en-US\",\"potentialAction\":[{\"@type\":\"ReadAction\",\"target\":[\"https:\/\/moclan.com.vn\/rong-bien-kep-hat-dinh-duong-an-kieng-giam-can-moc-lan-250g-500g\/\"]}]},{\"@type\":\"BreadcrumbList\",\"@id\":\"https:\/\/moclan.com.vn\/rong-bien-kep-hat-dinh-duong-an-kieng-giam-can-moc-lan-250g-500g\/#breadcrumb\",\"itemListElement\":[{\"@type\":\"ListItem\",\"position\":1,\"item\":{\"@type\":\"WebPage\",\"@id\":\"https:\/\/moclan.com.vn\/\",\"url\":\"https:\/\/moclan.com.vn\/\",\"name\":\"Trang ch\\u1ee7\"}},{\"@type\":\"ListItem\",\"position\":2,\"item\":{\"@type\":\"WebPage\",\"@id\":\"https:\/\/moclan.com.vn\/san-pham\/\",\"url\":\"https:\/\/moclan.com.vn\/san-pham\/\",\"name\":\"S\\u1ea3n ph\\u1ea9m\"}},{\"@type\":\"ListItem\",\"position\":3,\"item\":{\"@type\":\"WebPage\",\"@id\":\"https:\/\/moclan.com.vn\/rong-bien-kep-hat-dinh-duong-an-kieng-giam-can-moc-lan-250g-500g\/\",\"url\":\"https:\/\/moclan.com.vn\/rong-bien-kep-hat-dinh-duong-an-kieng-giam-can-moc-lan-250g-500g\/\",\"name\":\"Rong bi\\u1ec3n k\\u1eb9p h\\u1ea1t dinh d\\u01b0\\u1ee1ng \\u0103n ki\\u00eang gi\\u1ea3m c\\u00e2n M\\u1ed9c Lan &#8211; 250g, 500g\"}}]}]}<\/script>\n<!-- \/ Yoast SEO Premium plugin. -->","_links":{"self":[{"href":"https:\/\/moclan.com.vn\/en\/wp-json\/wp\/v2\/product\/4404"}],"collection":[{"href":"https:\/\/moclan.com.vn\/en\/wp-json\/wp\/v2\/product"}],"about":[{"href":"https:\/\/moclan.com.vn\/en\/wp-json\/wp\/v2\/types\/product"}],"replies":[{"embeddable":true,"href":"https:\/\/moclan.com.vn\/en\/wp-json\/wp\/v2\/comments?post=4404"}],"wp:featuredmedia":[{"embeddable":true,"href":"https:\/\/moclan.com.vn\/en\/wp-json\/wp\/v2\/media\/4407"}],"wp:attachment":[{"href":"https:\/\/moclan.com.vn\/en\/wp-json\/wp\/v2\/media?parent=4404"}],"wp:term":[{"taxonomy":"product_cat","embeddable":true,"href":"https:\/\/moclan.com.vn\/en\/wp-json\/wp\/v2\/product_cat?post=4404"},{"taxonomy":"product_tag","embeddable":true,"href":"https:\/\/moclan.com.vn\/en\/wp-json\/wp\/v2\/product_tag?post=4404"}],"curies":[{"name":"wp","href":"https:\/\/api.w.org\/{rel}","templated":true}]}}