


{"id":4415,"date":"2025-06-26T11:39:30","date_gmt":"2025-06-26T04:39:30","guid":{"rendered":"https:\/\/moclan.com.vn\/?post_type=product&#038;p=4415"},"modified":"2026-04-21T12:04:02","modified_gmt":"2026-04-21T05:04:02","slug":"tinh-bot-nghe-nep-do-nguyen-chat-moc-lan-250g-500g","status":"publish","type":"product","link":"https:\/\/moclan.com.vn\/en\/product\/tinh-bot-nghe-nep-do-nguyen-chat-moc-lan-250g-500g\/","title":{"rendered":"Tinh b\u1ed9t ngh\u1ec7 n\u1ebfp \u0111\u1ecf nguy\u00ean ch\u1ea5t M\u1ed9c Lan &#8211; 250g, 500g"},"content":{"rendered":"<p>Tinh B\u1ed9t Ngh\u1ec7 N\u1ebfp \u0110\u1ecf M\u1ed9c Lan \u0111\u01b0\u1ee3c khuy\u00ean d\u00f9ng trong t\u1ea5t c\u1ea3 tr\u01b0\u1eddng h\u1ee3p l\u00e0m \u0111\u1eb9p (\u0111\u1eafp ho\u1eb7c u\u1ed1ng), h\u1ed7 tr\u1ee3 tr\u1ecb r\u1ea5t hi\u1ec7u qu\u1ea3 c\u00e1c c\u0103n b\u1ec7nh nh\u01b0 vi\u00eam \u0111au d\u1ea1 d\u00e0y m\u00e3n t\u00ednh, tim m\u1ea1ch, vi\u00eam kh\u1edbp, k\u00e9m tr\u00ed nh\u1edb, ung th\u01b0\u2026<\/p>\n<p>Tinh b\u1ed9t ngh\u1ec7 M\u1ed9c Lan c\u00f3 nh\u00e0 m\u00e1y s\u1ea3n xu\u1ea5t t\u1ea1i Ngh\u1ec7 An v\u00e0 c\u00f3 \u0111\u1ea7y \u0111\u1ee7 gi\u1ea5y ch\u1ee9ng nh\u1eadn.<\/p>\n<p><strong>C\u00f4ng d\u1ee5ng c\u1ee7a Tinh b\u1ed9t ngh\u1ec7 n\u1ebfp \u0111\u1ecf M\u1ed9c Lan<\/strong><\/p>\n<p>&#8211; B\u1ea3o v\u1ec7 ni\u00eam m\u1ea1c d\u1ea1 d\u00e0y, ch\u1ed1ng vi\u00eam lo\u00e9t d\u1ea1 d\u00e0y, h\u00e0nh t\u00e1 tr\u00e0ng, vi\u00eam \u0111\u1ea1i tr\u00e0ng. L\u00e0m h\u1ed3i ph\u1ee5c v\u00e0 c\u00f3 t\u00ednh ch\u1ed1ng vi\u00eam &amp; c\u00e1c t\u00e1c nh\u00e2n g\u00e2y nhi\u1ec5m.<\/p>\n<p>&#8211; Ng\u0103n ng\u1eeba ung th\u01b0: Curcumi trong tinh b\u1ed9t ngh\u1ec7 gi\u00fap v\u00f4 hi\u1ec7u h\u00f3a t\u1ebf b\u00e0o ung th\u01b0 v\u00e0 ng\u0103n ch\u1eb7n kh\u1ea3 n\u0103ng h\u00ecnh th\u00e0nh t\u1ebf b\u00e0o ung th\u01b0 m\u1edbi, l\u00e0m ch\u1eadm qu\u00e1 tr\u00ecnh l\u00e3o h\u00f3a.<\/p>\n<p>&#8211; T\u1ed1t cho ph\u1ee5 n\u1eef sau sinh: Curcumin ch\u1ed1ng nhi\u1ec5m khu\u1ea9n v\u00e0 gi\u00fap v\u1ebft m\u1ed5 t\u1ea7ng sinh m\u00f4n mau l\u00e0nh. C\u00f3 kh\u1ea3 n\u0103ng h\u1ed7 tr\u1ee3 gi\u1ea3m c\u00e2n, l\u00e0m \u0111\u1eb9p, ng\u0103n ng\u1eeba n\u00e1m da, t\u00e0n nhang.<\/p>\n<p>&#8211; Ng\u0103n ch\u1eb7n v\u00e0 h\u1ed7 tr\u1ee3 tr\u1ecb ti\u1ec3u \u0111\u01b0\u1eddng.<\/p>\n<p><strong>H\u01b0\u1edbng d\u1eabn s\u1eed d\u1ee5ng<\/strong><\/p>\n<p>\u2022 T\u0103ng c\u00e2n: 2-3 mu\u1ed7ng c\u00e0 ph\u00ea tinh b\u1ed9t ngh\u1ec7 + s\u1eefa t\u01b0\u01a1i: u\u1ed1ng sau khi \u0103n s\u00e1ng v\u00e0 t\u1ed1i tr\u01b0\u1edbc khi \u0111i ng\u1ee7 (k\u00edch s\u1eefa, l\u1ee3i cho ngu\u1ed3n s\u1eefa m\u1eb9 \u0111\u1ed1i v\u1edbi ph\u1ee5 n\u1eef sau khi sinh)<\/p>\n<p>\u2022 Gi\u1ea3m c\u00e2n: 2-3 mu\u1ed7ng c\u00e0 ph\u00ea tinh b\u1ed9t ngh\u1ec7 + m\u1eadt ong: u\u1ed1ng tr\u01b0\u1edbc khi \u0103n s\u00e1ng v\u00e0 t\u1ed1i tr\u01b0\u1edbc khi \u0111i ng\u1ee7.<\/p>\n<p>\u2022 Tr\u1ecb \u0111au d\u1ea1 d\u00e0y: 2-3 mu\u1ed7ng c\u00e0 ph\u00ea tinh b\u1ed9t ngh\u1ec7 + 100-180ml n\u01b0\u1edbc \u1ea5m + 1-2 mu\u1ed7ng c\u00e0 ph\u00ea m\u1eadt ong (ng\u01b0\u1eddi b\u1ecb b\u1ec7nh ti\u1ec3u \u0111\u01b0\u1eddng kh\u00f4ng d\u00f9ng m\u1eadt ong).<\/p>\n<p>\u0110\u1eafp m\u1eb7t n\u1ea1: Tr\u1ed9n 2 mu\u1ed7ng c\u00e0 ph\u00ea tinh b\u1ed9t ngh\u1ec7 \u0111\u1ecf v\u1edbi 5 mu\u1ed7ng c\u00e0 ph\u00ea s\u1eefa chua kh\u00f4ng \u0111\u01b0\u1eddng \u0111\u1eafp 20 ph\u00fat, m\u1ed7i tu\u1ea7n \u0111\u1eafp 2-3 l\u1ea7n.<\/p>\n<p><strong>C\u1ea3nh b\u00e1o an to\u00e0n:<\/strong><\/p>\n<p>Kh\u00f4ng d\u00f9ng s\u1ea3n ph\u1ea9m khi h\u1ebft h\u1ea1n s\u1eed d\u1ee5ng<\/p>\n<p>kh\u00f4ng d\u00f9ng cho ph\u1ee5 n\u1eef mang thai<\/p>\n<p>H\u1ea1n s\u1eed d\u1ee5ng: 12 th\u00e1ng k\u1ec3 t\u1eeb ng\u00e0y \u0111\u00f3ng g\u00f3i<\/p>","protected":false},"excerpt":{"rendered":"<p>Tinh b\u1ed9t ngh\u1ec7 n\u1ebfp \u0111\u1ecf nguy\u00ean ch\u1ea5t M\u1ed9c Lan &#8211; 250g, 500g [&#8230;]<\/p>\n<p><a class=\"btn btn-secondary understrap-read-more-link\" href=\"https:\/\/moclan.com.vn\/en\/product\/tinh-bot-nghe-nep-do-nguyen-chat-moc-lan-250g-500g\/\">Read More&#8230;<\/a><\/p>","protected":false},"featured_media":4423,"comment_status":"closed","ping_status":"closed","template":"","meta":[],"product_cat":[737,653,665],"product_tag":[],"yoast_head":"<!-- This site is optimized with the Yoast SEO Premium plugin v15.9.2 - https:\/\/yoast.com\/wordpress\/plugins\/seo\/ -->\n<title>Tinh b\u1ed9t ngh\u1ec7 n\u1ebfp \u0111\u1ecf nguy\u00ean ch\u1ea5t M\u1ed9c Lan - 250g, 500g - M\u1ed9c Lan<\/title>\n<link rel=\"canonical\" href=\"https:\/\/moclan.com.vn\/en\/product\/tinh-bot-nghe-nep-do-nguyen-chat-moc-lan-250g-500g\/\" \/>\n<meta property=\"og:locale\" content=\"en_US\" \/>\n<meta property=\"og:type\" content=\"article\" \/>\n<meta property=\"og:title\" content=\"Tinh b\u1ed9t ngh\u1ec7 n\u1ebfp \u0111\u1ecf nguy\u00ean ch\u1ea5t M\u1ed9c Lan - 250g, 500g - M\u1ed9c Lan\" \/>\n<meta property=\"og:description\" content=\"Tinh b\u1ed9t ngh\u1ec7 n\u1ebfp \u0111\u1ecf nguy\u00ean ch\u1ea5t M\u1ed9c Lan - 250g, 500g [...]Read More...\" \/>\n<meta property=\"og:url\" content=\"https:\/\/moclan.com.vn\/en\/product\/tinh-bot-nghe-nep-do-nguyen-chat-moc-lan-250g-500g\/\" \/>\n<meta property=\"og:site_name\" content=\"M\u1ed9c Lan\" \/>\n<meta property=\"article:modified_time\" content=\"2026-04-21T05:04:02+00:00\" \/>\n<meta property=\"og:image\" content=\"https:\/\/moclan.com.vn\/wp-content\/uploads\/2025\/06\/vn-11134207-7ras8-matc2wpaa5sn59_tn.jpeg\" \/>\n\t<meta property=\"og:image:width\" content=\"320\" \/>\n\t<meta property=\"og:image:height\" content=\"426\" \/>\n<meta name=\"twitter:card\" content=\"summary_large_image\" \/>\n<meta name=\"twitter:label1\" content=\"Est. reading time\">\n\t<meta name=\"twitter:data1\" content=\"2 minutes\">\n<script type=\"application\/ld+json\" class=\"yoast-schema-graph\">{\"@context\":\"https:\/\/schema.org\",\"@graph\":[{\"@type\":\"WebSite\",\"@id\":\"https:\/\/moclan.com.vn\/#website\",\"url\":\"https:\/\/moclan.com.vn\/\",\"name\":\"M\\u1ed9c Lan\",\"description\":\"\",\"potentialAction\":[{\"@type\":\"SearchAction\",\"target\":\"https:\/\/moclan.com.vn\/?s={search_term_string}\",\"query-input\":\"required name=search_term_string\"}],\"inLanguage\":\"en-US\"},{\"@type\":\"ImageObject\",\"@id\":\"https:\/\/moclan.com.vn\/tinh-bot-nghe-nep-do-nguyen-chat-moc-lan-250g-500g\/#primaryimage\",\"inLanguage\":\"en-US\",\"url\":\"https:\/\/moclan.com.vn\/wp-content\/uploads\/2025\/06\/vn-11134207-7ras8-matc2wpaa5sn59_tn.jpeg\",\"width\":320,\"height\":426},{\"@type\":\"WebPage\",\"@id\":\"https:\/\/moclan.com.vn\/tinh-bot-nghe-nep-do-nguyen-chat-moc-lan-250g-500g\/#webpage\",\"url\":\"https:\/\/moclan.com.vn\/tinh-bot-nghe-nep-do-nguyen-chat-moc-lan-250g-500g\/\",\"name\":\"Tinh b\\u1ed9t ngh\\u1ec7 n\\u1ebfp \\u0111\\u1ecf nguy\\u00ean ch\\u1ea5t M\\u1ed9c Lan - 250g, 500g - M\\u1ed9c Lan\",\"isPartOf\":{\"@id\":\"https:\/\/moclan.com.vn\/#website\"},\"primaryImageOfPage\":{\"@id\":\"https:\/\/moclan.com.vn\/tinh-bot-nghe-nep-do-nguyen-chat-moc-lan-250g-500g\/#primaryimage\"},\"datePublished\":\"2025-06-26T04:39:30+00:00\",\"dateModified\":\"2026-04-21T05:04:02+00:00\",\"breadcrumb\":{\"@id\":\"https:\/\/moclan.com.vn\/tinh-bot-nghe-nep-do-nguyen-chat-moc-lan-250g-500g\/#breadcrumb\"},\"inLanguage\":\"en-US\",\"potentialAction\":[{\"@type\":\"ReadAction\",\"target\":[\"https:\/\/moclan.com.vn\/tinh-bot-nghe-nep-do-nguyen-chat-moc-lan-250g-500g\/\"]}]},{\"@type\":\"BreadcrumbList\",\"@id\":\"https:\/\/moclan.com.vn\/tinh-bot-nghe-nep-do-nguyen-chat-moc-lan-250g-500g\/#breadcrumb\",\"itemListElement\":[{\"@type\":\"ListItem\",\"position\":1,\"item\":{\"@type\":\"WebPage\",\"@id\":\"https:\/\/moclan.com.vn\/\",\"url\":\"https:\/\/moclan.com.vn\/\",\"name\":\"Trang ch\\u1ee7\"}},{\"@type\":\"ListItem\",\"position\":2,\"item\":{\"@type\":\"WebPage\",\"@id\":\"https:\/\/moclan.com.vn\/san-pham\/\",\"url\":\"https:\/\/moclan.com.vn\/san-pham\/\",\"name\":\"S\\u1ea3n ph\\u1ea9m\"}},{\"@type\":\"ListItem\",\"position\":3,\"item\":{\"@type\":\"WebPage\",\"@id\":\"https:\/\/moclan.com.vn\/tinh-bot-nghe-nep-do-nguyen-chat-moc-lan-250g-500g\/\",\"url\":\"https:\/\/moclan.com.vn\/tinh-bot-nghe-nep-do-nguyen-chat-moc-lan-250g-500g\/\",\"name\":\"Tinh b\\u1ed9t ngh\\u1ec7 n\\u1ebfp \\u0111\\u1ecf nguy\\u00ean ch\\u1ea5t M\\u1ed9c Lan &#8211; 250g, 500g\"}}]}]}<\/script>\n<!-- \/ Yoast SEO Premium plugin. -->","_links":{"self":[{"href":"https:\/\/moclan.com.vn\/en\/wp-json\/wp\/v2\/product\/4415"}],"collection":[{"href":"https:\/\/moclan.com.vn\/en\/wp-json\/wp\/v2\/product"}],"about":[{"href":"https:\/\/moclan.com.vn\/en\/wp-json\/wp\/v2\/types\/product"}],"replies":[{"embeddable":true,"href":"https:\/\/moclan.com.vn\/en\/wp-json\/wp\/v2\/comments?post=4415"}],"wp:featuredmedia":[{"embeddable":true,"href":"https:\/\/moclan.com.vn\/en\/wp-json\/wp\/v2\/media\/4423"}],"wp:attachment":[{"href":"https:\/\/moclan.com.vn\/en\/wp-json\/wp\/v2\/media?parent=4415"}],"wp:term":[{"taxonomy":"product_cat","embeddable":true,"href":"https:\/\/moclan.com.vn\/en\/wp-json\/wp\/v2\/product_cat?post=4415"},{"taxonomy":"product_tag","embeddable":true,"href":"https:\/\/moclan.com.vn\/en\/wp-json\/wp\/v2\/product_tag?post=4415"}],"curies":[{"name":"wp","href":"https:\/\/api.w.org\/{rel}","templated":true}]}}