


{"id":4426,"date":"2025-06-26T11:49:10","date_gmt":"2025-06-26T04:49:10","guid":{"rendered":"https:\/\/moclan.com.vn\/?post_type=product&#038;p=4426"},"modified":"2026-04-20T05:00:50","modified_gmt":"2026-04-19T22:00:50","slug":"bot-dinh-duong-moc-lan-250g-500g","status":"publish","type":"product","link":"https:\/\/moclan.com.vn\/en\/product\/bot-dinh-duong-moc-lan-250g-500g\/","title":{"rendered":"B\u1ed9t dinh d\u01b0\u1ee1ng M\u1ed9c Lan &#8211; 250g, 500g"},"content":{"rendered":"<p><strong>B\u1ed8T DINH D\u01af\u1ee0NG M\u1ed8C LAN L\u00c0 S\u1ea2N PH\u1ea8M UY T\u00cdN V\u00c0 CH\u1ea4T L\u01af\u1ee2NG<\/strong><\/p>\n<p>\u0110\u01b0\u1ee3c l\u00e0m t\u1eeb 23 lo\u1ea1i H\u1ea1t h\u1eefu c\u01a1: G\u1ea1o l\u1ee9t \u0111\u1ecf huy\u1ebft r\u1ed3ng, \u0110\u1eadu \u0111en, \u0110\u1eadu \u0111\u1ecf, \u0110\u1eadu xanh, M\u1eafc ca, H\u1ea1t \u00f3c ch\u00f3, H\u1ea1nh nh\u00e2n, H\u1ea1t chia, Y\u1ebfn m\u1ea1ch, H\u1ea1t \u0111i\u1ec1u, N\u1ebfp c\u1ea9m, M\u00e8 \u0111en, M\u00e8 tr\u1eafng, Ng\u00f4 n\u1ebfp, \u0110\u1eadu ng\u1ef1, \u0110\u1eadu v\u00e1n, \u0110\u1eadu l\u0103ng, \u0110\u1eadu tr\u1eafng, H\u1ea1t k\u00ea, H\u1ea1t sen, H\u1ea1t b\u00ed xanh, H\u1ea1t h\u01b0\u1edbng d\u01b0\u01a1ng, H\u1ea1t sa chi. Theo t\u1ef7 l\u1ec7 chu\u1ea9n c\u1ee7a c\u00e1c Chuy\u00ean gia Vi\u1ec7n Dinh d\u01b0\u1ee1ng.<\/p>\n<p><strong>1. C\u00d4NG D\u1ee4NG<\/strong><\/p>\n<p>&#8211; B\u1ed5 sung \u0111\u1ea7y \u0111\u1ee7 c\u00e1c d\u01b0\u1ee1ng ch\u1ea5t thi\u1ebft y\u1ebfu nh\u01b0 canxi, ch\u1ea5t x\u01a1, c\u00e1c vitamin v\u00e0 ch\u1ea5t s\u1eaft, gi\u00fap b\u1ed5 sung \u0111\u1ea7y \u0111\u1ee7 nhu c\u1ea7u dinh d\u01b0\u1ee1ng cho c\u00e1c th\u00e0nh vi\u00ean trong gia \u0111\u00ecnh, \u0111\u1eb7c bi\u1ec7t l\u00e0 tr\u1ebb em \u0111ang \u0111\u1ed9 tu\u1ed5i ph\u00e1t tri\u1ec3n, ng\u01b0\u1eddi gi\u00e0, ng\u01b0\u1eddi s\u1ee9c kh\u1ecfe y\u1ebfu, ph\u1ee5 n\u1eef mang thai.<br \/>\n&#8211; \u0110\u1ed1i v\u1ee1i ph\u1ee5 n\u1eef \u0111ang mang thai: B\u1ed9t dinh d\u01b0\u1ee1ng M\u1ed9c Lan gi\u00e0u Omega 3, r\u1ea5t t\u1ed1t cho s\u1ef1 ph\u00e1t tri\u1ec3n c\u1ee7a thai nhi v\u00e0 tr\u1ebb nh\u1ecf. C\u00e1c vitamin nh\u00f3m B trong b\u1ed9t ng\u0169 c\u1ed1c r\u1ea5t c\u00f3 l\u1ee3i cho qu\u00e1 tr\u00ecnh s\u1ea3n sinh n\u0103ng l\u01b0\u1ee3ng. H\u00e0m l\u01b0\u1ee3ng s\u1eaft, axit folic trong ng\u0169 c\u1ed1c cao gi\u00fap t\u00e1i t\u1ea1o h\u1ed3ng c\u1ea7u v\u00e0 gi\u1ea3m nguy c\u01a1 d\u1ecb t\u1eadt b\u1ea9m sinh cho thai nhi. B\u1ed9t gi\u00e0u ch\u1ea5t x\u01a1, d\u1ec5 ti\u00eau h\u00f3a v\u00e0 h\u1ea5p th\u1ee5.<br \/>\n&#8211; \u0110\u1ed1i v\u1edbi ph\u1ee5 n\u1eef \u0111ang cho con b\u00fa: b\u1ed9t ng\u0169 c\u1ed1c dinh d\u01b0\u1ee1ng gi\u00fap t\u0103ng ti\u1ebft s\u1eefa v\u00e0 t\u0103ng ch\u1ea5t l\u01b0\u1ee3ng s\u1eefa m\u1eb9, l\u00e0m s\u1eefa m\u1eb9 \u0111\u1eb7c v\u00e0 th\u01a1m m\u00e1t, gi\u00fap b\u00e9 t\u0103ng c\u00e2n, c\u1ee9ng c\u00e1p.<br \/>\n&#8211; \u0110\u1ed1i v\u1edbi nh\u1eefng ng\u01b0\u1eddi c\u00f3 l\u01b0\u1ee3ng cholesterol trong m\u00e1u cao, s\u1eed d\u1ee5ng b\u1ed9t ng\u0169 c\u1ed1c th\u01b0\u1eddng xuy\u00ean gi\u00fap duy tr\u00ec s\u1ee9c kh\u1ecfe t\u1ed1t m\u00e0 kh\u00f4ng l\u00e0m t\u0103ng c\u00e2n, kh\u00f4ng \u1ea3nh h\u01b0\u1edfng t\u1edbi hi\u1ec7n t\u01b0\u1ee3ng t\u00edch t\u1ee5 m\u1ee1 v\u00e0 \u0111\u01b0\u1eddng trong m\u00e1u.<br \/>\n&#8211; \u0110\u1ed1i v\u1edbi ng\u01b0\u1eddi gi\u00e0 v\u00e0 ng\u01b0\u1eddi c\u00f3 s\u1ee9c kh\u1ecfe y\u1ebfu: Ng\u0169 c\u1ed1c b\u1ed5 sung kho\u00e1ng ch\u1ea5t c\u1ea7n thi\u1ebft cho c\u01a1 th\u1ec3, t\u0103ng c\u01b0\u1eddng s\u1ee9c \u0111\u1ec1 kh\u00e1ng.<br \/>\n&#8211; Ng\u0169 c\u1ed1c th\u01a1m ngon, d\u1ec5 u\u1ed1ng, c\u00f3 th\u1ec3 s\u1eed d\u1ee5ng nh\u01b0 Ng\u0169 c\u1ed1c \u0103n s\u00e1ng cho c\u1ea3 gia \u0111\u00ecnh.<br \/>\n&#8211; \u0110\u1ed1i v\u1edbi ng\u01b0\u1eddi t\u1eadp gym, ng\u0169 c\u1ed1c h\u1ed7 tr\u1ee3 t\u0103ng c\u01a1, l\u00e0m ch\u1eafc x\u01b0\u01a1ng.<br \/>\n&#8211; \u0110\u1ed1i v\u1edbi ch\u1ecb em ph\u1ee5 n\u1eef, ng\u0169 c\u1ed1c gi\u00fap ch\u1ed1ng l\u00e3o h\u00f3a, tr\u1ebb l\u00e2u, \u0111\u1ea9y nh\u00e1nh qu\u00e1 tr\u00ecnh t\u00e1i t\u1ea1o l\u00e0n da v\u00e0 gi\u1eef g\u00ecn v\u00f3c d\u00e1ng.<\/p>\n<p><strong>2. \u0110\u1ed0I T\u01af\u1ee2NG S\u1eec D\u1ee4NG<\/strong><\/p>\n<p>&#8211; Ph\u00f9 h\u01a1p v\u1edbi m\u1ecdi \u0111\u1ed1i t\u01b0\u1ee3ng c\u00f3 nhu c\u1ea7u b\u1ed5 sung dinh d\u01b0\u1ee1ng h\u00e0ng ng\u00e0y, \u0111\u1eb7c bi\u1ec7t l\u00e0 tr\u1ebb em \u0111ang \u0111\u1ed9 tu\u1ed5i ph\u00e1t tri\u1ec3n, ng\u01b0\u1eddi gi\u00e0, ng\u01b0\u1eddi s\u1ee9c kh\u1ecfe y\u1ebfu, ph\u1ee5 n\u1eef mang thai.<br \/>\n&#8211; Ph\u1ee5 n\u1eef \u0111ang cho con b\u00fa mu\u1ed1n t\u0103ng ti\u1ebft s\u1eefa v\u00e0 ch\u1ea5t l\u01b0\u1ee3ng s\u1eefa m\u1eb9.<br \/>\n&#8211; Nh\u1eefng ng\u01b0\u1eddi t\u1eadp gym mu\u1ed1n t\u0103ng c\u01a1, t\u0103ng c\u01b0\u1eddng s\u1ee9c kh\u1ecfe.<br \/>\n&#8211; C\u00e1c ch\u1ecb em ph\u1ee5 n\u1eef mu\u1ed1n c\u00f3 th\u00e2n h\u00ecnh thon g\u1ecdn, s\u0103n ch\u1eafc, \u0111\u1eb9p da, chu\u1ea9n v\u00f2ng m\u1ed9t.<br \/>\n&#8211; Nh\u1eefng ng\u01b0\u1eddi b\u1eadn r\u1ed9n, kh\u00f4ng c\u00f3 nhi\u1ec1u th\u1eddi gian c\u00f3 th\u1ec3 s\u1eed d\u1ee5ng ng\u0169 c\u1ed1c nh\u01b0 1 b\u1eefa \u0103n s\u00e1ng v\u1edbi \u0111\u1ea7y \u0111\u1ee7 ch\u1ea5t dinh d\u01b0\u1ee1ng.<\/p>\n<p><strong>3. QUY TR\u00ccNH S\u1ea2N XU\u1ea4T<\/strong><\/p>\n<p>B1. H\u1ea1t \u0111\u01b0\u1ee3c thu ho\u1ea1ch t\u1eeb c\u00e1c n\u00f4ng tr\u1ea1i \u0111\u1ea1t ti\u00eau chu\u1ea9n NO \u2013GMO (kh\u00f4ng bi\u1ebfn \u0111\u1ed5i gen), organic v\u00e0 \u0111\u1ea1t chu\u1ea9n c\u00e1c ki\u1ec3m d\u1ecbch nguy\u00ean li\u1ec7u \u0111\u1ea7u v\u00e0o.<br \/>\nB2. H\u1ea1t \u0111\u01b0\u1ee3c r\u1eeda s\u1ea1ch, ng\u00e2m lo\u1ea1i b\u1ecf \u0111\u1ed9c t\u1ed1, s\u1ea5y kh\u00f4 v\u00e0 rang tr\u00ean m\u00e1y h\u1ed3ng ngo\u1ea1i l\u00e0m n\u00f3ng b\u1eb1ng th\u1ea1ch anh h\u1ed3ng.<br \/>\nB3. H\u1ea1t c\u00f3 v\u1ecf \u0111\u01b0\u1ee3c x\u1eed l\u00fd b\u1eb1ng m\u00e1y t\u00e1ch h\u1ea1t, r\u1ed3i qua m\u00e1y ph\u00e2n lo\u1ea1i h\u1ea1t theo m\u00e0u s\u1eafc v\u00e0 k\u00edch th\u01b0\u1edbc \u0111\u1ec3 \u1ea5n \u0111\u1ecbnh th\u1eddi gian rang tr\u00ean m\u00e1y h\u1ed3ng ngo\u1ea1i.<br \/>\nB4. H\u1ea1t \u0111\u01b0\u1ee3c ph\u00e2n lo\u1ea1i b\u1eb1ng m\u00e1y c\u00f4ng ngh\u1ec7 cao \u0111\u1ec3 \u0111\u1ea1t v\u1ecb v\u00e0 gi\u1eef h\u00e0m l\u01b0\u1ee3ng dinh d\u01b0\u1ee1ng \u0111\u1ed3ng \u0111\u1ec1u trong qu\u00e1 tr\u00ecnh rang, s\u1ea5y t\u00e1n m\u1ecbn.<br \/>\nB5. \u0110\u1ed9 \u1ea9m \u0111\u1ea1t chu\u1ea9n d\u01b0\u1edbi 10% gi\u00fap th\u1eddi gian b\u1ea3o qu\u1ea3n s\u1ea3n ph\u1ea9m l\u00ean t\u1edbi 12 th\u00e1ng m\u1eb7c d\u00f9 kh\u00f4ng s\u1eed d\u1ee5ng ch\u1ea5t b\u1ea3o qu\u1ea3n.<br \/>\nB6. Quy tr\u00ecnh s\u1ea3n xu\u1ea5t \u0111\u1ea1t ti\u00eau chu\u1ea9n ISO 22000-2018 v\u00e0 C\u00f4ng B\u1ed1 CL.<\/p>","protected":false},"excerpt":{"rendered":"<p>B\u1ed9t dinh d\u01b0\u1ee1ng M\u1ed9c Lan &#8211; H\u0169 250g &#8211; 500g [&#8230;]<\/p>\n<p><a class=\"btn btn-secondary understrap-read-more-link\" href=\"https:\/\/moclan.com.vn\/en\/product\/bot-dinh-duong-moc-lan-250g-500g\/\">Read More&#8230;<\/a><\/p>","protected":false},"featured_media":4742,"comment_status":"closed","ping_status":"closed","template":"","meta":[],"product_cat":[737,710,653],"product_tag":[776,775,777,779,778],"yoast_head":"<!-- This site is optimized with the Yoast SEO Premium plugin v15.9.2 - https:\/\/yoast.com\/wordpress\/plugins\/seo\/ -->\n<title>B\u1ed9t dinh d\u01b0\u1ee1ng M\u1ed9c Lan - 250g, 500g - M\u1ed9c Lan<\/title>\n<link rel=\"canonical\" href=\"https:\/\/moclan.com.vn\/en\/product\/bot-dinh-duong-moc-lan-250g-500g\/\" \/>\n<meta property=\"og:locale\" content=\"en_US\" \/>\n<meta property=\"og:type\" content=\"article\" \/>\n<meta property=\"og:title\" content=\"B\u1ed9t dinh d\u01b0\u1ee1ng M\u1ed9c Lan - 250g, 500g - M\u1ed9c Lan\" \/>\n<meta property=\"og:description\" content=\"B\u1ed9t dinh d\u01b0\u1ee1ng M\u1ed9c Lan - H\u0169 250g - 500g [...]Read More...\" \/>\n<meta property=\"og:url\" content=\"https:\/\/moclan.com.vn\/en\/product\/bot-dinh-duong-moc-lan-250g-500g\/\" \/>\n<meta property=\"og:site_name\" content=\"M\u1ed9c Lan\" \/>\n<meta property=\"article:modified_time\" content=\"2026-04-19T22:00:50+00:00\" \/>\n<meta property=\"og:image\" content=\"https:\/\/moclan.com.vn\/wp-content\/uploads\/2026\/01\/vn-11134207-7ras8-m0r3bzrtkezx92_7_11zon.jpg\" \/>\n\t<meta property=\"og:image:width\" content=\"760\" \/>\n\t<meta property=\"og:image:height\" content=\"1014\" \/>\n<meta name=\"twitter:card\" content=\"summary_large_image\" \/>\n<meta name=\"twitter:label1\" content=\"Est. reading time\">\n\t<meta name=\"twitter:data1\" content=\"3 minutes\">\n<script type=\"application\/ld+json\" class=\"yoast-schema-graph\">{\"@context\":\"https:\/\/schema.org\",\"@graph\":[{\"@type\":\"WebSite\",\"@id\":\"https:\/\/moclan.com.vn\/#website\",\"url\":\"https:\/\/moclan.com.vn\/\",\"name\":\"M\\u1ed9c Lan\",\"description\":\"\",\"potentialAction\":[{\"@type\":\"SearchAction\",\"target\":\"https:\/\/moclan.com.vn\/?s={search_term_string}\",\"query-input\":\"required name=search_term_string\"}],\"inLanguage\":\"en-US\"},{\"@type\":\"ImageObject\",\"@id\":\"https:\/\/moclan.com.vn\/bot-dinh-duong-moc-lan-250g-500g\/#primaryimage\",\"inLanguage\":\"en-US\",\"url\":\"https:\/\/moclan.com.vn\/wp-content\/uploads\/2026\/01\/vn-11134207-7ras8-m0r3bzrtkezx92_7_11zon.jpg\",\"width\":760,\"height\":1014},{\"@type\":\"WebPage\",\"@id\":\"https:\/\/moclan.com.vn\/bot-dinh-duong-moc-lan-250g-500g\/#webpage\",\"url\":\"https:\/\/moclan.com.vn\/bot-dinh-duong-moc-lan-250g-500g\/\",\"name\":\"B\\u1ed9t dinh d\\u01b0\\u1ee1ng M\\u1ed9c Lan - 250g, 500g - M\\u1ed9c Lan\",\"isPartOf\":{\"@id\":\"https:\/\/moclan.com.vn\/#website\"},\"primaryImageOfPage\":{\"@id\":\"https:\/\/moclan.com.vn\/bot-dinh-duong-moc-lan-250g-500g\/#primaryimage\"},\"datePublished\":\"2025-06-26T04:49:10+00:00\",\"dateModified\":\"2026-04-19T22:00:50+00:00\",\"breadcrumb\":{\"@id\":\"https:\/\/moclan.com.vn\/bot-dinh-duong-moc-lan-250g-500g\/#breadcrumb\"},\"inLanguage\":\"en-US\",\"potentialAction\":[{\"@type\":\"ReadAction\",\"target\":[\"https:\/\/moclan.com.vn\/bot-dinh-duong-moc-lan-250g-500g\/\"]}]},{\"@type\":\"BreadcrumbList\",\"@id\":\"https:\/\/moclan.com.vn\/bot-dinh-duong-moc-lan-250g-500g\/#breadcrumb\",\"itemListElement\":[{\"@type\":\"ListItem\",\"position\":1,\"item\":{\"@type\":\"WebPage\",\"@id\":\"https:\/\/moclan.com.vn\/\",\"url\":\"https:\/\/moclan.com.vn\/\",\"name\":\"Trang ch\\u1ee7\"}},{\"@type\":\"ListItem\",\"position\":2,\"item\":{\"@type\":\"WebPage\",\"@id\":\"https:\/\/moclan.com.vn\/san-pham\/\",\"url\":\"https:\/\/moclan.com.vn\/san-pham\/\",\"name\":\"S\\u1ea3n ph\\u1ea9m\"}},{\"@type\":\"ListItem\",\"position\":3,\"item\":{\"@type\":\"WebPage\",\"@id\":\"https:\/\/moclan.com.vn\/bot-dinh-duong-moc-lan-250g-500g\/\",\"url\":\"https:\/\/moclan.com.vn\/bot-dinh-duong-moc-lan-250g-500g\/\",\"name\":\"B\\u1ed9t dinh d\\u01b0\\u1ee1ng M\\u1ed9c Lan &#8211; 250g, 500g\"}}]}]}<\/script>\n<!-- \/ Yoast SEO Premium plugin. -->","_links":{"self":[{"href":"https:\/\/moclan.com.vn\/en\/wp-json\/wp\/v2\/product\/4426"}],"collection":[{"href":"https:\/\/moclan.com.vn\/en\/wp-json\/wp\/v2\/product"}],"about":[{"href":"https:\/\/moclan.com.vn\/en\/wp-json\/wp\/v2\/types\/product"}],"replies":[{"embeddable":true,"href":"https:\/\/moclan.com.vn\/en\/wp-json\/wp\/v2\/comments?post=4426"}],"wp:featuredmedia":[{"embeddable":true,"href":"https:\/\/moclan.com.vn\/en\/wp-json\/wp\/v2\/media\/4742"}],"wp:attachment":[{"href":"https:\/\/moclan.com.vn\/en\/wp-json\/wp\/v2\/media?parent=4426"}],"wp:term":[{"taxonomy":"product_cat","embeddable":true,"href":"https:\/\/moclan.com.vn\/en\/wp-json\/wp\/v2\/product_cat?post=4426"},{"taxonomy":"product_tag","embeddable":true,"href":"https:\/\/moclan.com.vn\/en\/wp-json\/wp\/v2\/product_tag?post=4426"}],"curies":[{"name":"wp","href":"https:\/\/api.w.org\/{rel}","templated":true}]}}