


{"id":4438,"date":"2025-06-26T12:05:41","date_gmt":"2025-06-26T05:05:41","guid":{"rendered":"https:\/\/moclan.com.vn\/?post_type=product&#038;p=4438"},"modified":"2026-04-18T13:41:49","modified_gmt":"2026-04-18T06:41:49","slug":"granola-sieu-hat-moc-lan-healthy-foods-250g500g","status":"publish","type":"product","link":"https:\/\/moclan.com.vn\/en\/product\/granola-sieu-hat-moc-lan-healthy-foods-250g500g\/","title":{"rendered":"Granola Si\u00eau H\u1ea1t M\u1ed9c Lan Healthy Foods &#8211; 250G,500G"},"content":{"rendered":"<p><strong>NG\u0168 C\u1ed0C GRANOLA M\u1ed8C LAN HEALTHY FOODS<\/strong><\/p>\n<p>Granola l\u00e0 m\u00f3n \u0103n quen thu\u1ed9c c\u1ee7a ng\u01b0\u1eddi M\u1ef9 v\u00e0o bu\u1ed5i s\u00e1ng, \u0111\u00e2y l\u00e0 h\u1ed7n h\u1ee3p c\u1ee7a nhi\u1ec1u th\u1ef1c ph\u1ea9m l\u00e0nh l\u1ea1nh v\u1edbi h\u00e0m l\u01b0\u1ee3ng ch\u1ea5t dinh d\u01b0\u1ee1ng cao, nh\u1ea5t l\u00e0 gi\u00e0u protein.<br \/>\nGranola g\u1ed3m c\u00e1c lo\u1ea1i h\u1ea1t dinh d\u01b0\u1ee1ng, tr\u00e1i c\u00e2y kh\u00f4, y\u1ebfn m\u1ea1ch,\u2026. v\u00e0 \u0111\u01b0\u1ee3c n\u01b0\u1edbng gi\u00f2n v\u1edbi m\u00e0u n\u00e2u v\u00e0ng tr\u00f4ng r\u1ea5t \u0111\u1eb9p m\u1eaft.<br \/>\nB\u1ea1n c\u00f3 th\u1ec3 d\u00f9ng granola \u0111\u1ec3 \u0103n s\u00e1ng, \u0103n x\u1ebf ho\u1eb7c \u0103n v\u1eb7t nh\u01b0 m\u00f3n \u0103n v\u1eb7t v\u1eady.<\/p>\n<p><strong>C\u00d4NG D\u1ee4NG &#8211; \u0110\u1eb6C \u0110I\u1ec2M N\u1ed4I B\u1eacT:<\/strong><\/p>\n<p>&#8211; Ho\u00e0n to\u00e0n kh\u00f4ng ch\u1ee9a ch\u1ea5t b\u1ea3o qu\u1ea3n gi\u00fap an to\u00e0n cho s\u1ee9c kh\u1ecfe.<br \/>\n&#8211; Nguy\u00ean li\u1ec7u \u0111\u01b0\u1ee3c tuy\u1ec3n ch\u1ecdn g\u1eaft gao, c\u00f3 ngu\u1ed3n g\u1ed1c r\u00f5 r\u00e0ng.<br \/>\n&#8211; T\u1eebng m\u1ebb \u0111\u01b0\u1ee3c l\u00e0m ho\u00e0n to\u00e0n th\u1ee7 c\u00f4ng d\u01b0\u1edbi b\u00e0n tay l\u00e0nh ngh\u1ec1.<br \/>\n&#8211; C\u00f4ng th\u1ee9c \u0111\u1ed9c quy\u1ec1n gi\u00fap h\u1ea1t GI\u00d2N &#8211; X\u1ed0P th\u01a1m ngon m\u00e0 kh\u00f4ng kh\u00f4 c\u1ee9ng.<br \/>\n&#8211; Gi\u00e0u dinh d\u01b0\u1ee1ng t\u1eeb \u0111\u1ea1m th\u1ef1c v\u1eadt, ch\u1ea5t x\u01a1 t\u1ef1 nhi\u00ean v\u00e0 kho\u00e1ng ch\u1ea5t nh\u01b0 Vitamin A, E; Omega 3, 6; Canxi, Magie,<br \/>\n&#8211; H\u1ed7 tr\u1ee3 \u0103n ki\u00eang, gi\u1ea3m c\u00e2n: s\u1ea3n ph\u1ea9m c\u00f3 th\u1ec3 thay th\u1ebf 1 b\u1eefa \u0103n nh\u1eb9 ti\u1ec7n l\u1ee3i, b\u1ed5 d\u01b0\u1ee1ng cho c\u00e1c ho\u1ea1t \u0111\u1ed9ng l\u00e0m vi\u1ec7c, h\u1ecdc t\u1eadp hay ch\u01a1i th\u1ec3 thao.<\/p>\n<p><strong>\u01afU \u0110I\u1ec2M V\u01af\u1ee2T TR\u1ed8I C\u1ee6A M\u1ed9cLan HEALTHY FOODS<\/strong><\/p>\n<p>B\u1ea1n y\u00ean t\u00e2m khi ch\u1ecdn mua Ng\u0169 C\u1ed1c Granola M\u1ed9cLan HEALTHY FOODS c\u00f9ng c\u00e1c lo\u1ea1i \u201csi\u00eau th\u1ef1c ph\u1ea9m\u201d kh\u00e1c. V\u00ec quy tr\u00ecnh s\u1ea3n xu\u1ea5t, \u0111\u00f3ng g\u00f3i \u0111\u01b0\u1ee3c kh\u00e9p k\u00edn v\u00e0 b\u1ea3o qu\u1ea3n nghi\u00eam ng\u1eb7t theo ti\u00eau chu\u1ea9n ISO 22000. \u0110\u1ed3ng th\u1eddi, s\u1ea3n ph\u1ea9m nh\u1eadp kh\u1ea9u \u0111\u00e3 \u0111\u01b0\u1ee3c c\u00f4ng nh\u1eadn b\u1edfi C\u1ee5c Qu\u1ea3n L\u00fd D\u01b0\u1ee3c Ph\u1ea9m v\u00e0 Th\u1ef1c Ph\u1ea9m Hoa K\u00ec (FDA); B\u1ed9 C\u00f4ng Th\u01b0\u01a1ng Vi\u1ec7t Nam; Trung t\u00e2m x\u1eed l\u00ed th\u1ef1c ph\u1ea9m c\u00f4ng ngh\u1ec7 cao ki\u1ec3m duy\u1ec7t, c\u1ea5p ph\u00e9p tr\u01b0\u1edbc khi l\u01b0u h\u00e0nh.<\/p>\n<p>M\u1ed9cLan HEALTHY FOODS kh\u1eb3ng \u0111\u1ecbnh lu\u00f4n \u0111em \u0111\u1ebfn nh\u1eefng s\u1ea3n ph\u1ea9m an to\u00e0n, ch\u1ea5t l\u01b0\u1ee3ng, cung \u1ee9ng k\u1ecbp th\u1eddi v\u00e0 \u0111\u1eb7c bi\u1ec7t c\u1ed1 g\u1eafng duy tr\u00ec m\u1ee9c gi\u00e1 c\u1ea1nh tranh top \u0111\u1ea7u th\u1ecb tr\u01b0\u1eddng. B\u1edfi gi\u1eefa ch\u00fang t\u00f4i v\u00e0 kh\u00e1ch h\u00e0ng l\u00e0 tr\u1ef1c ti\u1ebfp, ho\u00e0n to\u00e0n kh\u00f4ng c\u00f3 \u0111\u01a1n v\u1ecb trung gian n\u00e0o kh\u00e1c.<\/p>","protected":false},"excerpt":{"rendered":"<p>Granola Si\u00eau H\u1ea1t M\u1ed9c Lan Healthy Foods &#8211; 5 lo\u1ea1i h\u1ea1t ng\u0169 c\u1ed1c v\u00e0 tr\u00e1i c\u00e2y s\u1ea5y n\u01b0\u1edbng M\u1eadt ong [&#8230;]<\/p>\n<p><a class=\"btn btn-secondary understrap-read-more-link\" href=\"https:\/\/moclan.com.vn\/en\/product\/granola-sieu-hat-moc-lan-healthy-foods-250g500g\/\">Read More&#8230;<\/a><\/p>","protected":false},"featured_media":4444,"comment_status":"closed","ping_status":"closed","template":"","meta":[],"product_cat":[737,655,659,663],"product_tag":[],"yoast_head":"<!-- This site is optimized with the Yoast SEO Premium plugin v15.9.2 - https:\/\/yoast.com\/wordpress\/plugins\/seo\/ -->\n<title>Granola Si\u00eau H\u1ea1t M\u1ed9c Lan Healthy Foods - 250G,500G - M\u1ed9c Lan<\/title>\n<link rel=\"canonical\" href=\"https:\/\/moclan.com.vn\/en\/product\/granola-sieu-hat-moc-lan-healthy-foods-250g500g\/\" \/>\n<meta property=\"og:locale\" content=\"en_US\" \/>\n<meta property=\"og:type\" content=\"article\" \/>\n<meta property=\"og:title\" content=\"Granola Si\u00eau H\u1ea1t M\u1ed9c Lan Healthy Foods - 250G,500G - M\u1ed9c Lan\" \/>\n<meta property=\"og:description\" content=\"Granola Si\u00eau H\u1ea1t M\u1ed9c Lan Healthy Foods - 5 lo\u1ea1i h\u1ea1t ng\u0169 c\u1ed1c v\u00e0 tr\u00e1i c\u00e2y s\u1ea5y n\u01b0\u1edbng M\u1eadt ong [...]Read More...\" \/>\n<meta property=\"og:url\" content=\"https:\/\/moclan.com.vn\/en\/product\/granola-sieu-hat-moc-lan-healthy-foods-250g500g\/\" \/>\n<meta property=\"og:site_name\" content=\"M\u1ed9c Lan\" \/>\n<meta property=\"article:modified_time\" content=\"2026-04-18T06:41:49+00:00\" \/>\n<meta property=\"og:image\" content=\"https:\/\/moclan.com.vn\/wp-content\/uploads\/2025\/06\/z5563035094143_9096a3dc8c6270e7f0aaa45e789c68fe-1.jpg\" \/>\n\t<meta property=\"og:image:width\" content=\"1440\" \/>\n\t<meta property=\"og:image:height\" content=\"1920\" \/>\n<meta name=\"twitter:card\" content=\"summary_large_image\" \/>\n<meta name=\"twitter:label1\" content=\"Est. reading time\">\n\t<meta name=\"twitter:data1\" content=\"2 minutes\">\n<script type=\"application\/ld+json\" class=\"yoast-schema-graph\">{\"@context\":\"https:\/\/schema.org\",\"@graph\":[{\"@type\":\"WebSite\",\"@id\":\"https:\/\/moclan.com.vn\/#website\",\"url\":\"https:\/\/moclan.com.vn\/\",\"name\":\"M\\u1ed9c Lan\",\"description\":\"\",\"potentialAction\":[{\"@type\":\"SearchAction\",\"target\":\"https:\/\/moclan.com.vn\/?s={search_term_string}\",\"query-input\":\"required name=search_term_string\"}],\"inLanguage\":\"en-US\"},{\"@type\":\"ImageObject\",\"@id\":\"https:\/\/moclan.com.vn\/granola-sieu-hat-moc-lan-healthy-foods-250g500g\/#primaryimage\",\"inLanguage\":\"en-US\",\"url\":\"https:\/\/moclan.com.vn\/wp-content\/uploads\/2025\/06\/z5563035094143_9096a3dc8c6270e7f0aaa45e789c68fe-1.jpg\",\"width\":1440,\"height\":1920},{\"@type\":\"WebPage\",\"@id\":\"https:\/\/moclan.com.vn\/granola-sieu-hat-moc-lan-healthy-foods-250g500g\/#webpage\",\"url\":\"https:\/\/moclan.com.vn\/granola-sieu-hat-moc-lan-healthy-foods-250g500g\/\",\"name\":\"Granola Si\\u00eau H\\u1ea1t M\\u1ed9c Lan Healthy Foods - 250G,500G - M\\u1ed9c Lan\",\"isPartOf\":{\"@id\":\"https:\/\/moclan.com.vn\/#website\"},\"primaryImageOfPage\":{\"@id\":\"https:\/\/moclan.com.vn\/granola-sieu-hat-moc-lan-healthy-foods-250g500g\/#primaryimage\"},\"datePublished\":\"2025-06-26T05:05:41+00:00\",\"dateModified\":\"2026-04-18T06:41:49+00:00\",\"breadcrumb\":{\"@id\":\"https:\/\/moclan.com.vn\/granola-sieu-hat-moc-lan-healthy-foods-250g500g\/#breadcrumb\"},\"inLanguage\":\"en-US\",\"potentialAction\":[{\"@type\":\"ReadAction\",\"target\":[\"https:\/\/moclan.com.vn\/granola-sieu-hat-moc-lan-healthy-foods-250g500g\/\"]}]},{\"@type\":\"BreadcrumbList\",\"@id\":\"https:\/\/moclan.com.vn\/granola-sieu-hat-moc-lan-healthy-foods-250g500g\/#breadcrumb\",\"itemListElement\":[{\"@type\":\"ListItem\",\"position\":1,\"item\":{\"@type\":\"WebPage\",\"@id\":\"https:\/\/moclan.com.vn\/\",\"url\":\"https:\/\/moclan.com.vn\/\",\"name\":\"Trang ch\\u1ee7\"}},{\"@type\":\"ListItem\",\"position\":2,\"item\":{\"@type\":\"WebPage\",\"@id\":\"https:\/\/moclan.com.vn\/san-pham\/\",\"url\":\"https:\/\/moclan.com.vn\/san-pham\/\",\"name\":\"S\\u1ea3n ph\\u1ea9m\"}},{\"@type\":\"ListItem\",\"position\":3,\"item\":{\"@type\":\"WebPage\",\"@id\":\"https:\/\/moclan.com.vn\/granola-sieu-hat-moc-lan-healthy-foods-250g500g\/\",\"url\":\"https:\/\/moclan.com.vn\/granola-sieu-hat-moc-lan-healthy-foods-250g500g\/\",\"name\":\"Granola Si\\u00eau H\\u1ea1t M\\u1ed9c Lan Healthy Foods &#8211; 250G,500G\"}}]}]}<\/script>\n<!-- \/ Yoast SEO Premium plugin. -->","_links":{"self":[{"href":"https:\/\/moclan.com.vn\/en\/wp-json\/wp\/v2\/product\/4438"}],"collection":[{"href":"https:\/\/moclan.com.vn\/en\/wp-json\/wp\/v2\/product"}],"about":[{"href":"https:\/\/moclan.com.vn\/en\/wp-json\/wp\/v2\/types\/product"}],"replies":[{"embeddable":true,"href":"https:\/\/moclan.com.vn\/en\/wp-json\/wp\/v2\/comments?post=4438"}],"wp:featuredmedia":[{"embeddable":true,"href":"https:\/\/moclan.com.vn\/en\/wp-json\/wp\/v2\/media\/4444"}],"wp:attachment":[{"href":"https:\/\/moclan.com.vn\/en\/wp-json\/wp\/v2\/media?parent=4438"}],"wp:term":[{"taxonomy":"product_cat","embeddable":true,"href":"https:\/\/moclan.com.vn\/en\/wp-json\/wp\/v2\/product_cat?post=4438"},{"taxonomy":"product_tag","embeddable":true,"href":"https:\/\/moclan.com.vn\/en\/wp-json\/wp\/v2\/product_tag?post=4438"}],"curies":[{"name":"wp","href":"https:\/\/api.w.org\/{rel}","templated":true}]}}