


{"id":4467,"date":"2025-06-26T12:24:42","date_gmt":"2025-06-26T05:24:42","guid":{"rendered":"https:\/\/moclan.com.vn\/?post_type=product&#038;p=4467"},"modified":"2026-05-04T20:42:40","modified_gmt":"2026-05-04T13:42:40","slug":"nhan-hat-oc-cho-vang-moc-lan-250g-500g","status":"publish","type":"product","link":"https:\/\/moclan.com.vn\/en\/product\/nhan-hat-oc-cho-vang-moc-lan-250g-500g\/","title":{"rendered":"Nh\u00e2n H\u1ea1t \u00d3c Ch\u00f3 V\u00e0ng M\u1ed9c Lan &#8211; 250G &#8211; 500G"},"content":{"rendered":"<p><strong>NH\u00c2N H\u1ea0T \u00d3C CH\u00d3 M\u1ed9cLan HEALTHY FOODS<\/strong><\/p>\n<p>Nh\u00e2n h\u1ea1t \u00f3c ch\u00f3 M\u1ed9c Lan 100% Organic ch\u1ee9a h\u00e0m l\u01b0\u1ee3ng axit c\u00f3 l\u1ee3i l\u1edbn, gi\u00fap h\u1ed7 tr\u1ee3 t\u0103ng s\u1ee9c \u0111\u1ec1 kh\u00e1ng, ng\u0103n ng\u1eeba ung th\u01b0, l\u00e0 th\u1ef1c ph\u1ea9m t\u1ed1t cho tim m\u1ea1ch.<\/p>\n<p><strong>M\u00d4 T\u1ea2 S\u1ea2N PH\u1ea8M:<\/strong><br \/>\nTh\u01b0\u01a1ng hi\u1ec7u: M\u1ed9cLan HEALTHY FOODS<br \/>\nXu\u1ea5t x\u1ee9: USA<br \/>\n\u0110\u00f3ng g\u00f3i t\u1ea1i: Vi\u1ec7t Nam.<br \/>\nTh\u00e0nh ph\u1ea7n: 100% nh\u00e2n h\u1ea1t \u00f3c ch\u00f3.<br \/>\nTr\u1ecdng l\u01b0\u1ee3ng: 250g, 500g<\/p>\n<p><strong>C\u00d4NG D\u1ee4NG C\u1ee6A NH\u00c2N H\u1ea0T \u00d3C CH\u00d3<\/strong><\/p>\n<p>T\u1ed1t cho ph\u1ee5 n\u1eef mang thai v\u00e0 em b\u00e9<\/p>\n<p>H\u1ea1t \u00f3c ch\u00f3 th\u1ef1c ph\u1ea9m t\u1ed1t cho tr\u00ed n\u00e3o<\/p>\n<p>H\u1ea1t \u00f3c ch\u00f3 gi\u00fap ki\u1ec3m so\u00e1t b\u1ec7nh ti\u1ec3u \u0111\u01b0\u1eddng<\/p>\n<p>H\u1ea1t \u00f3c ch\u00f3 gi\u00fap gi\u1ea3m nguy c\u01a1 m\u1eafc b\u1ec7nh tim m\u1ea1ch<\/p>\n<p>Gi\u1ea3m nguy c\u01a1 ung th\u01b0 v\u00fa, ung th\u01b0 tuy\u1ebfn ti\u1ec1n li\u1ec7t, tuy\u1ebfn t\u1ee5y<\/p>\n<p>H\u1ea1t \u00f3c ch\u00f3 gi\u00fap l\u00e0m gi\u1ea3m huy\u1ebft \u00e1p<\/p>\n<p>C\u1ea3i thi\u1ec7n vi\u00eam lo\u00e9t d\u1ea1 d\u00e0y m\u1ed9t c\u00e1ch t\u1ef1 nhi\u00ean<\/p>\n<p>Qu\u1ea3 \u00f3c ch\u00f3 gi\u00fap l\u00e0m gi\u1ea3m cholesterol trong m\u00e1u<\/p>\n<p>Gi\u00fap nhu\u1eadn tr\u00e0ng, ph\u00f2ng t\u00e1o b\u00f3n hi\u1ec7u qu\u1ea3<\/p>\n<p>H\u1ea1t \u00f3c ch\u00f3 t\u0103ng c\u01b0\u1eddng h\u1ec7 mi\u1ec5n d\u1ecbch<\/p>\n<p>H\u1ea1t \u00f3c ch\u00f3 gi\u00fap b\u1ea3o v\u1ec7 x\u01b0\u01a1ng ch\u1eafc kh\u1ecfe<\/p>\n<p>C\u1ea3i thi\u1ec7n gi\u1ea5c ng\u1ee7 h\u00e0ng ng\u00e0y v\u1edbi h\u1ea1t \u00f3c ch\u00f3<\/p>\n<p>Gi\u1ea3m c\u00e2n, ng\u0103n ng\u1eeba l\u00e3o ho\u00e1 hi\u1ec7u qu\u1ea3 v\u1edbi h\u1ea1t \u00f3c ch\u00f3<\/p>\n<p><strong>M\u1ed9cLan HEALTHY FOODS<\/strong><\/p>\n<p>B\u1ea1n y\u00ean t\u00e2m khi ch\u1ecdn mua nh\u00e2n h\u1ea1t \u00f3c ch\u00f3 M\u1ed9cLan HEALTHY FOODS c\u00f9ng c\u00e1c lo\u1ea1i \u201csi\u00eau th\u1ef1c ph\u1ea9m\u201d kh\u00e1c. V\u00ec quy tr\u00ecnh s\u1ea3n xu\u1ea5t, \u0111\u00f3ng g\u00f3i \u0111\u01b0\u1ee3c kh\u00e9p k\u00edn v\u00e0 b\u1ea3o qu\u1ea3n nghi\u00eam ng\u1eb7t theo ti\u00eau chu\u1ea9n ISO 22000. \u0110\u1ed3ng th\u1eddi, s\u1ea3n ph\u1ea9m nh\u1eadp kh\u1ea9u \u0111\u00e3 \u0111\u01b0\u1ee3c c\u00f4ng nh\u1eadn b\u1edfi C\u1ee5c Qu\u1ea3n L\u00fd D\u01b0\u1ee3c Ph\u1ea9m v\u00e0 Th\u1ef1c Ph\u1ea9m Hoa K\u00ec (FDA); B\u1ed9 C\u00f4ng Th\u01b0\u01a1ng Vi\u1ec7t Nam; Trung t\u00e2m x\u1eed l\u00ed th\u1ef1c ph\u1ea9m c\u00f4ng ngh\u1ec7 cao ki\u1ec3m duy\u1ec7t, c\u1ea5p ph\u00e9p tr\u01b0\u1edbc khi l\u01b0u h\u00e0nh.<\/p>\n<p>M\u1ed9cLan HEALTHY FOODS kh\u1eb3ng \u0111\u1ecbnh lu\u00f4n \u0111em \u0111\u1ebfn nh\u1eefng s\u1ea3n ph\u1ea9m an to\u00e0n, ch\u1ea5t l\u01b0\u1ee3ng, cung \u1ee9ng k\u1ecbp th\u1eddi v\u00e0 \u0111\u1eb7c bi\u1ec7t c\u1ed1 g\u1eafng duy tr\u00ec m\u1ee9c gi\u00e1 c\u1ea1nh tranh top \u0111\u1ea7u th\u1ecb tr\u01b0\u1eddng. B\u1edfi gi\u1eefa ch\u00fang t\u00f4i v\u00e0 kh\u00e1ch h\u00e0ng l\u00e0 tr\u1ef1c ti\u1ebfp, ho\u00e0n to\u00e0n kh\u00f4ng c\u00f3 \u0111\u01a1n v\u1ecb trung gian n\u00e0o kh\u00e1c<\/p>","protected":false},"excerpt":{"rendered":"<p>Nh\u00e2n H\u1ea1t \u00d3c Ch\u00f3 V\u00e0ng M\u1ed9c Lan, H\u1ea1t \u00d3c Ch\u00f3 USA T\u1ed1t Cho M\u1eb9 B\u1ea7u v\u00e0 Tr\u00ed Nh\u1edb, Ch\u1ea5t L\u01b0\u1ee3ng Cao [&#8230;]<\/p>\n<p><a class=\"btn btn-secondary understrap-read-more-link\" href=\"https:\/\/moclan.com.vn\/en\/product\/nhan-hat-oc-cho-vang-moc-lan-250g-500g\/\">Read More&#8230;<\/a><\/p>","protected":false},"featured_media":4461,"comment_status":"closed","ping_status":"closed","template":"","meta":[],"product_cat":[737,711,659,663],"product_tag":[],"yoast_head":"<!-- This site is optimized with the Yoast SEO Premium plugin v15.9.2 - https:\/\/yoast.com\/wordpress\/plugins\/seo\/ -->\n<title>Nh\u00e2n H\u1ea1t \u00d3c Ch\u00f3 V\u00e0ng M\u1ed9c Lan - 250G - 500G - M\u1ed9c Lan<\/title>\n<link rel=\"canonical\" href=\"https:\/\/moclan.com.vn\/en\/product\/nhan-hat-oc-cho-vang-moc-lan-250g-500g\/\" \/>\n<meta property=\"og:locale\" content=\"en_US\" \/>\n<meta property=\"og:type\" content=\"article\" \/>\n<meta property=\"og:title\" content=\"Nh\u00e2n H\u1ea1t \u00d3c Ch\u00f3 V\u00e0ng M\u1ed9c Lan - 250G - 500G - M\u1ed9c Lan\" \/>\n<meta property=\"og:description\" content=\"Nh\u00e2n H\u1ea1t \u00d3c Ch\u00f3 V\u00e0ng M\u1ed9c Lan, H\u1ea1t \u00d3c Ch\u00f3 USA T\u1ed1t Cho M\u1eb9 B\u1ea7u v\u00e0 Tr\u00ed Nh\u1edb, Ch\u1ea5t L\u01b0\u1ee3ng Cao [...]Read More...\" \/>\n<meta property=\"og:url\" content=\"https:\/\/moclan.com.vn\/en\/product\/nhan-hat-oc-cho-vang-moc-lan-250g-500g\/\" \/>\n<meta property=\"og:site_name\" content=\"M\u1ed9c Lan\" \/>\n<meta property=\"article:modified_time\" content=\"2026-05-04T13:42:40+00:00\" \/>\n<meta property=\"og:image\" content=\"https:\/\/moclan.com.vn\/wp-content\/uploads\/2025\/06\/z5556308670541_32fd3d2a613c814eaefe099608d51d77.jpg\" \/>\n\t<meta property=\"og:image:width\" content=\"1440\" \/>\n\t<meta property=\"og:image:height\" content=\"1920\" \/>\n<meta name=\"twitter:card\" content=\"summary_large_image\" \/>\n<meta name=\"twitter:label1\" content=\"Est. reading time\">\n\t<meta name=\"twitter:data1\" content=\"2 minutes\">\n<script type=\"application\/ld+json\" class=\"yoast-schema-graph\">{\"@context\":\"https:\/\/schema.org\",\"@graph\":[{\"@type\":\"WebSite\",\"@id\":\"https:\/\/moclan.com.vn\/#website\",\"url\":\"https:\/\/moclan.com.vn\/\",\"name\":\"M\\u1ed9c Lan\",\"description\":\"\",\"potentialAction\":[{\"@type\":\"SearchAction\",\"target\":\"https:\/\/moclan.com.vn\/?s={search_term_string}\",\"query-input\":\"required name=search_term_string\"}],\"inLanguage\":\"en-US\"},{\"@type\":\"ImageObject\",\"@id\":\"https:\/\/moclan.com.vn\/nhan-hat-oc-cho-vang-moc-lan-250g-500g\/#primaryimage\",\"inLanguage\":\"en-US\",\"url\":\"https:\/\/moclan.com.vn\/wp-content\/uploads\/2025\/06\/z5556308670541_32fd3d2a613c814eaefe099608d51d77.jpg\",\"width\":1440,\"height\":1920},{\"@type\":\"WebPage\",\"@id\":\"https:\/\/moclan.com.vn\/nhan-hat-oc-cho-vang-moc-lan-250g-500g\/#webpage\",\"url\":\"https:\/\/moclan.com.vn\/nhan-hat-oc-cho-vang-moc-lan-250g-500g\/\",\"name\":\"Nh\\u00e2n H\\u1ea1t \\u00d3c Ch\\u00f3 V\\u00e0ng M\\u1ed9c Lan - 250G - 500G - M\\u1ed9c Lan\",\"isPartOf\":{\"@id\":\"https:\/\/moclan.com.vn\/#website\"},\"primaryImageOfPage\":{\"@id\":\"https:\/\/moclan.com.vn\/nhan-hat-oc-cho-vang-moc-lan-250g-500g\/#primaryimage\"},\"datePublished\":\"2025-06-26T05:24:42+00:00\",\"dateModified\":\"2026-05-04T13:42:40+00:00\",\"breadcrumb\":{\"@id\":\"https:\/\/moclan.com.vn\/nhan-hat-oc-cho-vang-moc-lan-250g-500g\/#breadcrumb\"},\"inLanguage\":\"en-US\",\"potentialAction\":[{\"@type\":\"ReadAction\",\"target\":[\"https:\/\/moclan.com.vn\/nhan-hat-oc-cho-vang-moc-lan-250g-500g\/\"]}]},{\"@type\":\"BreadcrumbList\",\"@id\":\"https:\/\/moclan.com.vn\/nhan-hat-oc-cho-vang-moc-lan-250g-500g\/#breadcrumb\",\"itemListElement\":[{\"@type\":\"ListItem\",\"position\":1,\"item\":{\"@type\":\"WebPage\",\"@id\":\"https:\/\/moclan.com.vn\/\",\"url\":\"https:\/\/moclan.com.vn\/\",\"name\":\"Trang ch\\u1ee7\"}},{\"@type\":\"ListItem\",\"position\":2,\"item\":{\"@type\":\"WebPage\",\"@id\":\"https:\/\/moclan.com.vn\/san-pham\/\",\"url\":\"https:\/\/moclan.com.vn\/san-pham\/\",\"name\":\"S\\u1ea3n ph\\u1ea9m\"}},{\"@type\":\"ListItem\",\"position\":3,\"item\":{\"@type\":\"WebPage\",\"@id\":\"https:\/\/moclan.com.vn\/nhan-hat-oc-cho-vang-moc-lan-250g-500g\/\",\"url\":\"https:\/\/moclan.com.vn\/nhan-hat-oc-cho-vang-moc-lan-250g-500g\/\",\"name\":\"Nh\\u00e2n H\\u1ea1t \\u00d3c Ch\\u00f3 V\\u00e0ng M\\u1ed9c Lan &#8211; 250G &#8211; 500G\"}}]}]}<\/script>\n<!-- \/ Yoast SEO Premium plugin. -->","_links":{"self":[{"href":"https:\/\/moclan.com.vn\/en\/wp-json\/wp\/v2\/product\/4467"}],"collection":[{"href":"https:\/\/moclan.com.vn\/en\/wp-json\/wp\/v2\/product"}],"about":[{"href":"https:\/\/moclan.com.vn\/en\/wp-json\/wp\/v2\/types\/product"}],"replies":[{"embeddable":true,"href":"https:\/\/moclan.com.vn\/en\/wp-json\/wp\/v2\/comments?post=4467"}],"wp:featuredmedia":[{"embeddable":true,"href":"https:\/\/moclan.com.vn\/en\/wp-json\/wp\/v2\/media\/4461"}],"wp:attachment":[{"href":"https:\/\/moclan.com.vn\/en\/wp-json\/wp\/v2\/media?parent=4467"}],"wp:term":[{"taxonomy":"product_cat","embeddable":true,"href":"https:\/\/moclan.com.vn\/en\/wp-json\/wp\/v2\/product_cat?post=4467"},{"taxonomy":"product_tag","embeddable":true,"href":"https:\/\/moclan.com.vn\/en\/wp-json\/wp\/v2\/product_tag?post=4467"}],"curies":[{"name":"wp","href":"https:\/\/api.w.org\/{rel}","templated":true}]}}