


{"id":4483,"date":"2025-06-26T12:31:02","date_gmt":"2025-06-26T05:31:02","guid":{"rendered":"https:\/\/moclan.com.vn\/?post_type=product&#038;p=4483"},"modified":"2026-04-18T13:42:27","modified_gmt":"2026-04-18T06:42:27","slug":"tra-son-mat-hong-sam-moc-lan-dac-san-tay-bac-250g","status":"publish","type":"product","link":"https:\/\/moclan.com.vn\/en\/product\/tra-son-mat-hong-sam-moc-lan-dac-san-tay-bac-250g\/","title":{"rendered":"Tr\u00e0 s\u01a1n m\u1eadt h\u1ed3ng s\u00e2m M\u1ed9c Lan &#8211; \u0111\u1eb7c s\u1ea3n T\u00e2y B\u1eafc &#8211; 250g"},"content":{"rendered":"<p><strong>TR\u00c0 S\u01a0N M\u1eacT H\u1ed2NG S\u00c2M<\/strong><\/p>\n<p>M\u1eadt H\u1ed3ng S\u00e2m l\u00e0 g\u00ec?<\/p>\n<p>\u0110\u00e2y l\u00e0 m\u1ed9t lo\u1ea1i tr\u00e0 m\u00e1t b\u1ed5, \u0111\u1eb7c tr\u01b0ng \u1edf c\u00e1c t\u1ec9nh mi\u1ec1n n\u00fai ph\u00eda B\u1eafc n\u01b0\u1edbc ta. Tr\u00e0 \u0111\u01b0\u1ee3c b\u00e0o ch\u1ebf t\u1eeb nh\u1eefng th\u1ea3o d\u01b0\u1ee3c t\u1ef1 nhi\u00ean qu\u00fd, t\u1ed1t cho s\u1ee9c kh\u1ecfe nh\u01b0 c\u1ecf ng\u1ecdt, hoa nh\u00e0i, ch\u00e8 d\u00e2 C\u00e1c th\u1ea3o d\u01b0\u1ee3c n\u00e0y \u0111\u1ec1u m\u1ecdc trong m\u00f4i tr\u01b0\u1eddng t\u1ef1 nhi\u00ean \u1edf c\u00e1c v\u00f9ng n\u00fai cao tr\u00ean 1500m so v\u1edbi m\u1eb7t n\u01b0\u1edbc bi\u1ec3n thu\u1ed9c c\u00e1c t\u1ec9nh Sa Pa, L\u00e0o Cai, H\u00e0 Giang, Y\u00ean B\u00e1i.<\/p>\n<p><strong>T\u00c1C D\u1ee4NG TUY\u1ec6T V\u1edcI C\u1ee6A TR\u00c0 S\u01a0N M\u1eacT H\u1ed2NG S\u00c2M<\/strong><\/p>\n<p>+ Gi\u1ea3m m\u1ee1 trong m\u00e1u, th\u1ea3i \u0111\u1ed9c, t\u00ednh m\u00e1t th\u00f4ng \u0111\u1ed9c, ch\u1eefa m\u1ea5t ng\u1ee7, t\u1ed1t cho ng\u01b0\u1eddi b\u00e9o ph\u00ec, tim m\u1ea1ch, ti\u1ec3u \u0111\u01b0\u1eddng, huy\u1ebft \u00e1p cao, vi\u00eam h\u1ecdng do th\u1eddi ti\u1ebft.<\/p>\n<p>+ Gi\u00fap l\u00e0m \u0111\u1eb9p da, gi\u00fap da m\u1ec1m m\u1ea1i s\u00e1ng m\u1ecbn, v\u00f3c d\u00e1ng c\u00e2n \u0111\u1ed1i.<\/p>\n<p>+ Gi\u00fap ng\u1ee7 ngon, h\u1ea1 men gan, \u0111\u00e2y l\u00e0 m\u1ed9t v\u1ecb thu\u1ed1c t\u1ed1t l\u00e0m d\u1ecbu h\u1ec7 th\u1ea7n kinh, gi\u00fap tinh th\u1ea7n t\u1ec9nh t\u00e1o.<\/p>\n<p>+ D\u00f9ng cho \u0111\u1ed1i t\u01b0\u1ee3ng b\u1ecb d\u1ea1 d\u00e0y kh\u00e1 hi\u1ec7u qu\u1ea3.<\/p>\n<p><strong>TH\u00d4NG TIN V\u1ec0 S\u1ea2N PH\u1ea8M TR\u00c0 S\u01a0N M\u1eacT<\/strong><\/p>\n<p>T\u00ean s\u1ea3n ph\u1ea9m: Tr\u00e0 S\u01a1n M\u1eadt H\u1ed3ng S\u00e2m<\/p>\n<p>Th\u00e0nh ph\u1ea7n: Tr\u00e0 d\u00e2y h\u1ed3ng s\u00e2m (80%), l\u01b0\u01a1ng th\u1ea3o ph\u1ea5n, c\u00e2y hoa kim ng\u00e2n, hoa la h\u00e1n, c\u1ecf ng\u1ecdt, hoa l\u00e0i, l\u00e1 d\u1ee9a.<\/p>\n<p>Ng\u00e0y s\u1ea3n xu\u1ea5t: ghi tr\u00ean bao b\u00ec<\/p>\n<p>H\u1ea1n s\u1eed d\u1ee5ng: 1 n\u0103m k\u1ec3 t\u1eeb ng\u00e0y s\u1ea3n xu\u1ea5t<\/p>\n<p>H\u01b0\u01a1ng v\u1ecb: t\u00ednh \u1ea5m, ng\u1ecdt nh\u1eb9. m\u00f9i th\u01a1m ng\u1ecdt<\/p>\n<p>B\u1ea3o qu\u1ea3n n\u01a1i kh\u00f4 tho\u00e1ng, tr\u00e1nh \u00e1nh n\u1eafng tr\u1ef1c ti\u1ebfp<\/p>\n<p><strong>\u0110\u1ed0I T\u01af\u1ee2NG S\u1eec D\u1ee4NG<\/strong><\/p>\n<p>C\u00f3 th\u1ec3 n\u00f3i ch\u00e8 s\u01a1n m\u1eadt l\u00e0 m\u1ed9t lo\u1ea1i tr\u00e0 t\u1ed5ng h\u1ee3p, r\u1ea5t nhi\u1ec1u t\u00e1c d\u1ee5ng qu\u00fd c\u00f3 \u00edch cho r\u1ea5t nhi\u1ec1u b\u1ec7nh nh\u00e2n. Tr\u00e0 th\u00edch h\u1ee3p s\u1eed d\u1ee5ng cho m\u1ecdi \u0111\u1ed1i t\u01b0\u1ee3ng k\u1ec3 c\u1ea3 ng\u01b0\u1eddi c\u00f3 b\u1ec7nh ho\u1eb7c ng\u01b0\u1eddi b\u00ecnh th\u01b0\u1eddng kh\u00f4ng c\u00f3 b\u1ec7nh t\u1eadt g\u00ec \u0111\u1ec1u n\u00ean s\u1eed d\u1ee5ng ch\u00e8 s\u01a1n m\u1eadt h\u00e0ng ng\u00e0y \u0111\u1ec3 t\u0103ng c\u01b0\u1eddng s\u1ee9c kh\u1ecfe v\u00e0 ph\u00f2ng ng\u1eeba b\u1ec7nh t\u1eadt.<\/p>\n<p><strong>C\u00c1CH PHA TR\u00c0 S\u01a0N M\u1eacT H\u1ed2NG S\u00c2M \u0110\u00daNG C\u00c1CH<\/strong><\/p>\n<p>+ L\u1ea5y 20 \u2013 40 g tr\u00e0 cho v\u00e0o \u1ea5m sau \u0111\u00f3 r\u00f3t m\u1ed9t ch\u00fat n\u01b0\u1edbc s\u00f4i \u0111\u1ee7 ng\u1eadp tr\u00e0 trong \u1ea5m, sau \u0111\u00f3 l\u1eafc l\u1eafc r\u1ed3i b\u1ecf n\u01b0\u1edbc n\u00e0y \u0111i (g\u1ecdi l\u00e0 tr\u00e1ng tr\u00e0)<\/p>\n<p>+ Ti\u1ebfp theo r\u00f3t th\u00eam kho\u1ea3ng 1 \u2013 2.5 l\u00edt n\u01b0\u1edbc s\u00f4i ng\u1eadp l\u1edbp tr\u00e0, \u0111\u1ec3 5 -10 ph\u00fat cho ng\u1ea5m<\/p>\n<p>+ N\u00ean s\u1eed d\u1ee5ng tr\u00e0 s\u01a1n m\u1eadt h\u1ed3ng s\u00e2m h\u1eb1ng ng\u00e0y \u0111\u1ec3 c\u00f3 hi\u1ec7u qu\u1ea3 v\u00e0 t\u00e1c d\u1ee5ng t\u1ed1t<\/p>\n<p>B\u1ea3o qu\u1ea3n n\u01a1i kh\u00f4 tho\u00e1ng, tr\u00e1nh \u00e1nh n\u1eafng tr\u1ef1c ti\u1ebfp<\/p>\n<p><strong>H\u01b0\u1edbng d\u1eabn s\u1eed d\u1ee5ng:<\/strong><\/p>\n<p>+ L\u1ea5y 20 \u2013 40 gram tr\u00e0 cho v\u00e0o \u1ea5m sau \u0111\u00f3 r\u00f3t m\u1ed9t ch\u00fat n\u01b0\u1edbc s\u00f4i \u0111\u1ee7 ng\u1eadp tr\u00e0 trong \u1ea5m, sau \u0111\u00f3 l\u1eafc l\u1eafc r\u1ed3i b\u1ecf n\u01b0\u1edbc n\u00e0y \u0111i (g\u1ecdi l\u00e0 tr\u00e1ng tr\u00e0)<\/p>\n<p>+ Ti\u1ebfp theo r\u00f3t th\u00eam kho\u1ea3ng 1 \u2013 2.5 l\u00edt n\u01b0\u1edbc s\u00f4i ng\u1eadp l\u1edbp tr\u00e0, \u0111\u1ec3 5 -10 ph\u00fat cho ng\u1ea5m<\/p>\n<p>+ N\u00ean s\u1eed d\u1ee5ng tr\u00e0 s\u01a1n m\u1eadt h\u1ed3ng s\u00e2m h\u1eb1ng ng\u00e0y \u0111\u1ec3 c\u00f3 hi\u1ec7u qu\u1ea3 v\u00e0 t\u00e1c d\u1ee5ng t\u1ed1t<\/p>","protected":false},"excerpt":{"rendered":"<p>Tr\u00e0 s\u01a1n m\u1eadt h\u1ed3ng s\u00e2m M\u1ed9c Lan &#8211; \u0111\u1eb7c s\u1ea3n T\u00e2y B\u1eafc [&#8230;]<\/p>\n<p><a class=\"btn btn-secondary understrap-read-more-link\" href=\"https:\/\/moclan.com.vn\/en\/product\/tra-son-mat-hong-sam-moc-lan-dac-san-tay-bac-250g\/\">Read More&#8230;<\/a><\/p>","protected":false},"featured_media":4484,"comment_status":"closed","ping_status":"closed","template":"","meta":[],"product_cat":[737,661],"product_tag":[],"yoast_head":"<!-- This site is optimized with the Yoast SEO Premium plugin v15.9.2 - https:\/\/yoast.com\/wordpress\/plugins\/seo\/ -->\n<title>Tr\u00e0 s\u01a1n m\u1eadt h\u1ed3ng s\u00e2m M\u1ed9c Lan - \u0111\u1eb7c s\u1ea3n T\u00e2y B\u1eafc - 250g - M\u1ed9c Lan<\/title>\n<link rel=\"canonical\" href=\"https:\/\/moclan.com.vn\/en\/product\/tra-son-mat-hong-sam-moc-lan-dac-san-tay-bac-250g\/\" \/>\n<meta property=\"og:locale\" content=\"en_US\" \/>\n<meta property=\"og:type\" content=\"article\" \/>\n<meta property=\"og:title\" content=\"Tr\u00e0 s\u01a1n m\u1eadt h\u1ed3ng s\u00e2m M\u1ed9c Lan - \u0111\u1eb7c s\u1ea3n T\u00e2y B\u1eafc - 250g - M\u1ed9c Lan\" \/>\n<meta property=\"og:description\" content=\"Tr\u00e0 s\u01a1n m\u1eadt h\u1ed3ng s\u00e2m M\u1ed9c Lan - \u0111\u1eb7c s\u1ea3n T\u00e2y B\u1eafc [...]Read More...\" \/>\n<meta property=\"og:url\" content=\"https:\/\/moclan.com.vn\/en\/product\/tra-son-mat-hong-sam-moc-lan-dac-san-tay-bac-250g\/\" \/>\n<meta property=\"og:site_name\" content=\"M\u1ed9c Lan\" \/>\n<meta property=\"article:modified_time\" content=\"2026-04-18T06:42:27+00:00\" \/>\n<meta property=\"og:image\" content=\"https:\/\/moclan.com.vn\/wp-content\/uploads\/2025\/06\/z5536281054170_eca0e2ab5b0e1b4084efac1c54b5d47e.jpg\" \/>\n\t<meta property=\"og:image:width\" content=\"1440\" \/>\n\t<meta property=\"og:image:height\" content=\"1920\" \/>\n<meta name=\"twitter:card\" content=\"summary_large_image\" \/>\n<meta name=\"twitter:label1\" content=\"Est. reading time\">\n\t<meta name=\"twitter:data1\" content=\"3 minutes\">\n<script type=\"application\/ld+json\" class=\"yoast-schema-graph\">{\"@context\":\"https:\/\/schema.org\",\"@graph\":[{\"@type\":\"WebSite\",\"@id\":\"https:\/\/moclan.com.vn\/#website\",\"url\":\"https:\/\/moclan.com.vn\/\",\"name\":\"M\\u1ed9c Lan\",\"description\":\"\",\"potentialAction\":[{\"@type\":\"SearchAction\",\"target\":\"https:\/\/moclan.com.vn\/?s={search_term_string}\",\"query-input\":\"required name=search_term_string\"}],\"inLanguage\":\"en-US\"},{\"@type\":\"ImageObject\",\"@id\":\"https:\/\/moclan.com.vn\/tra-son-mat-hong-sam-moc-lan-dac-san-tay-bac-250g\/#primaryimage\",\"inLanguage\":\"en-US\",\"url\":\"https:\/\/moclan.com.vn\/wp-content\/uploads\/2025\/06\/z5536281054170_eca0e2ab5b0e1b4084efac1c54b5d47e.jpg\",\"width\":1440,\"height\":1920},{\"@type\":\"WebPage\",\"@id\":\"https:\/\/moclan.com.vn\/tra-son-mat-hong-sam-moc-lan-dac-san-tay-bac-250g\/#webpage\",\"url\":\"https:\/\/moclan.com.vn\/tra-son-mat-hong-sam-moc-lan-dac-san-tay-bac-250g\/\",\"name\":\"Tr\\u00e0 s\\u01a1n m\\u1eadt h\\u1ed3ng s\\u00e2m M\\u1ed9c Lan - \\u0111\\u1eb7c s\\u1ea3n T\\u00e2y B\\u1eafc - 250g - M\\u1ed9c Lan\",\"isPartOf\":{\"@id\":\"https:\/\/moclan.com.vn\/#website\"},\"primaryImageOfPage\":{\"@id\":\"https:\/\/moclan.com.vn\/tra-son-mat-hong-sam-moc-lan-dac-san-tay-bac-250g\/#primaryimage\"},\"datePublished\":\"2025-06-26T05:31:02+00:00\",\"dateModified\":\"2026-04-18T06:42:27+00:00\",\"breadcrumb\":{\"@id\":\"https:\/\/moclan.com.vn\/tra-son-mat-hong-sam-moc-lan-dac-san-tay-bac-250g\/#breadcrumb\"},\"inLanguage\":\"en-US\",\"potentialAction\":[{\"@type\":\"ReadAction\",\"target\":[\"https:\/\/moclan.com.vn\/tra-son-mat-hong-sam-moc-lan-dac-san-tay-bac-250g\/\"]}]},{\"@type\":\"BreadcrumbList\",\"@id\":\"https:\/\/moclan.com.vn\/tra-son-mat-hong-sam-moc-lan-dac-san-tay-bac-250g\/#breadcrumb\",\"itemListElement\":[{\"@type\":\"ListItem\",\"position\":1,\"item\":{\"@type\":\"WebPage\",\"@id\":\"https:\/\/moclan.com.vn\/\",\"url\":\"https:\/\/moclan.com.vn\/\",\"name\":\"Trang ch\\u1ee7\"}},{\"@type\":\"ListItem\",\"position\":2,\"item\":{\"@type\":\"WebPage\",\"@id\":\"https:\/\/moclan.com.vn\/san-pham\/\",\"url\":\"https:\/\/moclan.com.vn\/san-pham\/\",\"name\":\"S\\u1ea3n ph\\u1ea9m\"}},{\"@type\":\"ListItem\",\"position\":3,\"item\":{\"@type\":\"WebPage\",\"@id\":\"https:\/\/moclan.com.vn\/tra-son-mat-hong-sam-moc-lan-dac-san-tay-bac-250g\/\",\"url\":\"https:\/\/moclan.com.vn\/tra-son-mat-hong-sam-moc-lan-dac-san-tay-bac-250g\/\",\"name\":\"Tr\\u00e0 s\\u01a1n m\\u1eadt h\\u1ed3ng s\\u00e2m M\\u1ed9c Lan &#8211; \\u0111\\u1eb7c s\\u1ea3n T\\u00e2y B\\u1eafc &#8211; 250g\"}}]}]}<\/script>\n<!-- \/ Yoast SEO Premium plugin. -->","_links":{"self":[{"href":"https:\/\/moclan.com.vn\/en\/wp-json\/wp\/v2\/product\/4483"}],"collection":[{"href":"https:\/\/moclan.com.vn\/en\/wp-json\/wp\/v2\/product"}],"about":[{"href":"https:\/\/moclan.com.vn\/en\/wp-json\/wp\/v2\/types\/product"}],"replies":[{"embeddable":true,"href":"https:\/\/moclan.com.vn\/en\/wp-json\/wp\/v2\/comments?post=4483"}],"wp:featuredmedia":[{"embeddable":true,"href":"https:\/\/moclan.com.vn\/en\/wp-json\/wp\/v2\/media\/4484"}],"wp:attachment":[{"href":"https:\/\/moclan.com.vn\/en\/wp-json\/wp\/v2\/media?parent=4483"}],"wp:term":[{"taxonomy":"product_cat","embeddable":true,"href":"https:\/\/moclan.com.vn\/en\/wp-json\/wp\/v2\/product_cat?post=4483"},{"taxonomy":"product_tag","embeddable":true,"href":"https:\/\/moclan.com.vn\/en\/wp-json\/wp\/v2\/product_tag?post=4483"}],"curies":[{"name":"wp","href":"https:\/\/api.w.org\/{rel}","templated":true}]}}