


{"id":4489,"date":"2025-06-26T12:49:12","date_gmt":"2025-06-26T05:49:12","guid":{"rendered":"https:\/\/moclan.com.vn\/?post_type=product&#038;p=4489"},"modified":"2026-04-18T10:08:36","modified_gmt":"2026-04-18T03:08:36","slug":"tra-bi-dao-moc-lan-bich-250g","status":"publish","type":"product","link":"https:\/\/moclan.com.vn\/en\/product\/tra-bi-dao-moc-lan-bich-250g\/","title":{"rendered":"Tr\u00e0 b\u00ed \u0111ao M\u1ed9c lan b\u1ecbch 250g"},"content":{"rendered":"<p><strong>Tr\u00e0 B\u00ed \u0111ao l\u00e0 g\u00ec?<\/strong><\/p>\n<p>Tr\u00e0 b\u00ed \u0111ao l\u00e0 lo\u1ea1i tr\u00e0 \u0111\u01b0\u1ee3c n\u1ea5u t\u1eeb qu\u1ea3 b\u00ed \u0111ao c\u00f9ng v\u1edbi \u0111\u01b0\u1eddng ph\u00e8n. \u0110\u00e2y l\u00e0 th\u1ee9c u\u1ed1ng r\u1ea5t \u0111\u01b0\u1ee3c \u01b0a chu\u1ed9ng \u1edf nhi\u1ec1u n\u01b0\u1edbc. \u0110\u1eb7c bi\u1ec7t l\u00e0 Trung Qu\u1ed1c, \u0110\u00e0i Loan v\u00e0 Vi\u1ec7t Nam. Tr\u00e0 b\u00ed \u0111ao \u0111\u01b0\u1ee3c tin l\u00e0 th\u1ee9c u\u1ed1ng c\u00f3 kh\u1ea3 n\u0103ng gi\u1ea3i nhi\u1ec7t r\u1ea5t t\u1ed1t. V\u00e0 g\u1ea7n \u0111\u00e2y th\u00ec lo\u1ea1i tr\u00e0 n\u00e0y c\u00f2n \u0111\u01b0\u1ee3c cho l\u00e0 c\u00f3 kh\u1ea3 n\u0103ng gi\u1ea3m c\u00e2n n\u1eefa.<\/p>\n<p>Trong \u0110\u00f4ng Y th\u00ec b\u00ed \u0111ao c\u00f3 t\u00ednh l\u1ea1nh. Th\u1ebf n\u00ean b\u00ed \u0111ao \u0111\u01b0\u1ee3c xem l\u00e0 c\u00f3 t\u00e1c d\u1ee5ng t\u1ed1t cho ti\u1ec3u ti\u1ec7n, tr\u1ecb t\u00e1o b\u00f3n, n\u00f3ng s\u1ed1t, huy\u1ebft \u00e1p cao v\u00e0 nhi\u1ec1u lo\u1ea1i b\u1ec7nh kh\u00e1c.<\/p>\n<p><strong>T\u00e1c d\u1ee5ng c\u1ee7a tr\u00e0 b\u00ed \u0111ao<\/strong><\/p>\n<p>1. Tr\u00e0 b\u00ed \u0111ao gi\u00fap gi\u1ea3m c\u00e2n<\/p>\n<p>C\u00f3 nhi\u1ec1u lo\u1ea1i tr\u00e0 gi\u00fap b\u1ea1n gi\u1ea3m c\u00e2n hi\u1ec7u qu\u1ea3. Ch\u1eb3ng h\u1ea1n nh\u01b0 tr\u00e0 xanh s\u1ebd gi\u00fap t\u0103ng c\u01b0\u1eddng qu\u00e1 tr\u00ecnh trao \u0111\u1ed5i ch\u1ea5t. Tr\u00e0 g\u1eebng th\u00ec gi\u00fap t\u1ea1o hi\u1ec7u \u1ee9ng sinh nhi\u1ec7t v\u00e0 t\u1ed1t cho ti\u00eau ho\u00e1. C\u00f2n tr\u00e0 b\u00ed \u0111ao l\u1ea1i gi\u00fap gi\u1ea3m c\u00e2n theo m\u1ed9t c\u00e1ch kh\u00e1c. \u0110\u00f3 ch\u00ednh l\u00e0 gi\u1ea3m c\u1ea3m gi\u00e1c th\u00e8m \u0103n.<\/p>\n<p>Xem th\u00eam: Tr\u00e0 t\u00edm l\u00e0 g\u00ec? Nh\u1eefng \u0111i\u1ec3m \u0111\u1eb7c bi\u1ec7t c\u1ee7a lo\u1ea1i tr\u00e0 c\u00f3 m\u00e0u s\u1eafc k\u1ef3 l\u1ea1 n\u00e0y<\/p>\n<p>Trong m\u1ed9t nghi\u00ean c\u1ee9u th\u00ec nh\u1eefng con chu\u1ed9t th\u00ed nghi\u1ec7m \u0111\u01b0\u1ee3c cho u\u1ed1ng chi\u1ebft xu\u1ea5t b\u00ed \u0111ao \u0103n \u00edt h\u01a1n nhi\u1ec1u so v\u1edbi nh\u00f3m kh\u00f4ng \u0111\u01b0\u1ee3c cho u\u1ed1ng n\u01b0\u1edbc b\u00ed \u0111ao. V\u00e0 t\u00e1c d\u1ee5ng gi\u1ea3m th\u00e8m \u0103n n\u00e0y k\u00e9o d\u00e0i trong su\u1ed1t 7 gi\u1edd \u0111\u1ed3ng h\u1ed3. C\u00e1c nh\u00e0 khoa h\u1ecdc v\u1eabn ch\u01b0a hi\u1ec3u r\u00f5 l\u00e0 t\u1ea1i sao l\u1ea1i c\u00f3 hi\u1ec7n t\u01b0\u1ee3ng nh\u01b0 v\u1eady. H\u1ecd tin l\u00e0 chi\u1ebft xu\u1ea5t b\u00ed \u0111ao c\u00f3 hi\u1ec7u \u1ee9ng l\u00e0m gi\u1ea3m tr\u1ea7m c\u1ea3m. V\u00e0 khi \u00edt mu\u1ed9n phi\u1ec1n th\u00ec c\u00f3 th\u1ec3 ch\u00fang ta s\u1ebd \u0103n \u00edt h\u01a1n.<\/p>\n<p>2. Tr\u00e0 b\u00ed \u0111ao gi\u00fap \u0111\u1eb9p da<\/p>\n<p>Trong h\u1ea1t b\u00ed \u0111ao c\u00f3 ch\u1ee9a nhi\u1ec1u acid b\u00e9o. \u0110\u1eb7c bi\u1ec7t l\u00e0 linoleic v\u00e0 oleic acid. C\u1ea3 hai lo\u1ea1i acid n\u00e0y \u0111\u1ec1u c\u00f3 t\u00e1c d\u1ee5ng t\u1ed1t cho da.<\/p>\n<p>Linoleic acid l\u00e0 m\u1ed9t th\u00e0nh ph\u1ea7n kh\u00f4ng th\u1ec3 thi\u1ebfu \u0111\u1ec3 t\u1ea1o n\u00ean ceramide. V\u00e0 ceramide l\u00e0 m\u1ed9t trong nh\u1eefng th\u00e0nh ph\u1ea7n ch\u00ednh t\u1ea1o n\u00ean m\u00e0ng d\u01b0\u1ee1ng \u1ea9m. M\u00e0ng d\u01b0\u1ee1ng \u1ea9m l\u00e0 l\u1edbp m\u00e0ng gi\u00fap da b\u1ea1n lu\u00f4n \u0111\u01b0\u1ee3c c\u1ea5p \u1ea9m v\u00e0 ch\u1ed1ng l\u1ea1i c\u00e1c t\u00e1c nh\u00e2n x\u1ea5u t\u1eeb m\u00f4i tr\u01b0\u1eddng. Khi m\u00e0ng d\u01b0\u1ee1ng \u1ea9m kh\u00f4ng ho\u1ea1t \u0111\u1ed9ng hi\u1ec7u qu\u1ea3 th\u00ec da b\u1ea1n s\u1ebd kh\u00f4, t\u1ed1i m\u00e0u v\u00e0 c\u1ea3 m\u1ee5n n\u1eefa.<\/p>\n<p>C\u01a1 th\u1ec3 ch\u00fang ta kh\u00f4ng th\u1ec3 t\u1ef1 s\u1ea3n sinh ra linoleic acid n\u00ean c\u1ea7n ph\u1ea3i h\u1ea5p th\u1ee5 lo\u1ea1i acid n\u00e0y t\u1eeb th\u1ee9c \u0103n. C\u00e1c lo\u1ea1i th\u1ef1c ph\u1ea9m ch\u1ee9 nhi\u1ec1u linoleic acid bao g\u1ed3m h\u1ea1t h\u01b0\u1edbng d\u01b0\u01a1ng, d\u1ea7u m\u00e8, d\u1ea7u hoa rum\u2026 Kho\u1ea3ng 25% tr\u1ecdng l\u01b0\u1ee3ng c\u1ee7a h\u1ea1t b\u00ed \u0111ao l\u00e0 acid b\u00e9o v\u00e0 chi\u1ebfm ph\u1ea7n l\u1edbn l\u00e0 linoleic acid.<\/p>\n<p>3. Tr\u00e0 b\u00ed \u0111ao gi\u00fap th\u1ea3i \u0111\u1ed9c detox<\/p>\n<p>C\u00e1c lo\u1ea1i c\u00e2y th\u1ea3o m\u1ed9c gi\u00fap th\u1ea3i \u0111\u1ed9c hay detox \u0111\u1ec1u c\u00f3 t\u00e1c d\u1ee5ng t\u1ed1t cho gan v\u00e0 th\u1eadn. B\u1edfi v\u00ec gan v\u00e0 th\u1eadn l\u00e0 nh\u1eefng b\u1ed9 ph\u1eadn c\u1ef1c k\u1ef3 quan tr\u1ecdng v\u00e0 c\u00f3 nhi\u1ec1u ch\u1ee9c n\u0103ng trong c\u01a1 th\u1ec3 ch\u00fang ta. M\u1ed9t trong s\u1ed1 ch\u1ee9c n\u0103ng n\u00e0y \u0111\u00f3 ch\u00ednh l\u00e0 lo\u1ea1i tr\u1eeb c\u00e1c ch\u1ea5t \u0111\u1ed9c ra kh\u1ecfi c\u01a1 th\u1ec3.<\/p>\n<p>4. Tr\u00e0 b\u00ed \u0111ao gi\u00fap gi\u1ea3i nhi\u1ec7t<\/p>\n<p>Kh\u1ea3 n\u0103ng gi\u1ea3i nhi\u1ec7t c\u1ee7a tr\u00e0 b\u00ed \u0111ao c\u00f3 th\u1ec3 n\u00f3i l\u00e0 c\u00f4ng d\u1ee5ng \u0111\u01b0\u1ee3c bi\u1ebft \u0111\u1ebfn nhi\u1ec1u nh\u1ea5t. Trong \u0110\u00f4ng Y th\u00ec b\u00ed \u0111ao \u0111\u01b0\u1ee3c xem l\u00e0 lo\u1ea1i thu\u1ed1c c\u00f3 t\u00ednh l\u1ea1nh. Th\u1ebf n\u00ean u\u1ed1ng tr\u00e0 b\u00ed \u0111ao s\u1ebd gi\u00fap c\u01a1 th\u1ec3 gi\u1ea3i nhi\u1ec7t v\u00e0o nh\u1eefng ng\u00e0y h\u00e8 n\u00f3ng n\u1ef1c.<\/p>\n<p>5. Tr\u00e0 b\u00ed \u0111ao t\u1ed1t cho h\u1ec7 ti\u00eau ho\u00e1<\/p>\n<p>Th\u00eam m\u1ed9t l\u00fd do n\u1eefa \u0111\u1ec3 b\u1ea1n n\u00ean s\u1eed d\u1ee5ng qu\u1ea3 b\u00ed \u0111ao gi\u00e0 m\u1ed9t ch\u00fat \u0111\u1ec3 l\u00e0m tr\u00e0. V\u00ec theo m\u1ed9t nghi\u00ean c\u1ee9u th\u00ec chi\u1ebft xu\u1ea5t c\u1ee7a h\u1ea1t b\u00ed \u0111ao \u0111\u01b0\u1ee3c tin l\u00e0 c\u00f3 nh\u1eefng t\u00e1c d\u1ee5ng r\u1ea5t t\u1ed1t cho h\u1ec7 ti\u00eau ho\u00e1.<\/p>\n<p><strong>C\u00c1CH N\u1ea4U TR\u00c0 B\u00cd \u0110AO<\/strong><\/p>\n<p>M\u1ed7i l\u1ea7n ch\u1ec9 c\u1ea7n d\u00f9ng 2-3 l\u00e1t b\u00ed \u0111ao cho v\u00e0o ly ch\u1ebf th\u00eam n\u01b0\u1edbc s\u00f4i ch\u1edd kho\u1ea3ng 5 ph\u00fat cho tr\u00e0 tan l\u00e0 d\u00f9ng c\u00f3 th\u1ec3 n\u1ea5u chung v\u1edbi qua la h\u00e1n \u0111\u1ec3 t\u0103ng \u0111\u1ed9 ngon c\u1ee7a tr\u00e0.<\/p>","protected":false},"excerpt":{"rendered":"<p>TR\u00c0 B\u00cd \u0110AO M\u1ed8C LAN B\u1ecaCH [&#8230;]<\/p>\n<p><a class=\"btn btn-secondary understrap-read-more-link\" href=\"https:\/\/moclan.com.vn\/en\/product\/tra-bi-dao-moc-lan-bich-250g\/\">Read More&#8230;<\/a><\/p>","protected":false},"featured_media":4495,"comment_status":"closed","ping_status":"closed","template":"","meta":[],"product_cat":[737,661],"product_tag":[],"yoast_head":"<!-- This site is optimized with the Yoast SEO Premium plugin v15.9.2 - https:\/\/yoast.com\/wordpress\/plugins\/seo\/ -->\n<title>Tr\u00e0 b\u00ed \u0111ao M\u1ed9c lan b\u1ecbch 250g - M\u1ed9c Lan<\/title>\n<link rel=\"canonical\" href=\"https:\/\/moclan.com.vn\/en\/product\/tra-bi-dao-moc-lan-bich-250g\/\" \/>\n<meta property=\"og:locale\" content=\"en_US\" \/>\n<meta property=\"og:type\" content=\"article\" \/>\n<meta property=\"og:title\" content=\"Tr\u00e0 b\u00ed \u0111ao M\u1ed9c lan b\u1ecbch 250g - M\u1ed9c Lan\" \/>\n<meta property=\"og:description\" content=\"TR\u00c0 B\u00cd \u0110AO M\u1ed8C LAN B\u1ecaCH [...]Read More...\" \/>\n<meta property=\"og:url\" content=\"https:\/\/moclan.com.vn\/en\/product\/tra-bi-dao-moc-lan-bich-250g\/\" \/>\n<meta property=\"og:site_name\" content=\"M\u1ed9c Lan\" \/>\n<meta property=\"article:modified_time\" content=\"2026-04-18T03:08:36+00:00\" \/>\n<meta property=\"og:image\" content=\"https:\/\/moclan.com.vn\/wp-content\/uploads\/2025\/06\/z5522096745557_80ce58d317756cb85e50ee6d1b246d0b.jpg\" \/>\n\t<meta property=\"og:image:width\" content=\"1280\" \/>\n\t<meta property=\"og:image:height\" content=\"1280\" \/>\n<meta name=\"twitter:card\" content=\"summary_large_image\" \/>\n<meta name=\"twitter:label1\" content=\"Est. reading time\">\n\t<meta name=\"twitter:data1\" content=\"3 minutes\">\n<script type=\"application\/ld+json\" class=\"yoast-schema-graph\">{\"@context\":\"https:\/\/schema.org\",\"@graph\":[{\"@type\":\"WebSite\",\"@id\":\"https:\/\/moclan.com.vn\/#website\",\"url\":\"https:\/\/moclan.com.vn\/\",\"name\":\"M\\u1ed9c Lan\",\"description\":\"\",\"potentialAction\":[{\"@type\":\"SearchAction\",\"target\":\"https:\/\/moclan.com.vn\/?s={search_term_string}\",\"query-input\":\"required name=search_term_string\"}],\"inLanguage\":\"en-US\"},{\"@type\":\"ImageObject\",\"@id\":\"https:\/\/moclan.com.vn\/tra-bi-dao-moc-lan-bich-250g\/#primaryimage\",\"inLanguage\":\"en-US\",\"url\":\"https:\/\/moclan.com.vn\/wp-content\/uploads\/2025\/06\/z5522096745557_80ce58d317756cb85e50ee6d1b246d0b.jpg\",\"width\":1280,\"height\":1280},{\"@type\":\"WebPage\",\"@id\":\"https:\/\/moclan.com.vn\/tra-bi-dao-moc-lan-bich-250g\/#webpage\",\"url\":\"https:\/\/moclan.com.vn\/tra-bi-dao-moc-lan-bich-250g\/\",\"name\":\"Tr\\u00e0 b\\u00ed \\u0111ao M\\u1ed9c lan b\\u1ecbch 250g - M\\u1ed9c Lan\",\"isPartOf\":{\"@id\":\"https:\/\/moclan.com.vn\/#website\"},\"primaryImageOfPage\":{\"@id\":\"https:\/\/moclan.com.vn\/tra-bi-dao-moc-lan-bich-250g\/#primaryimage\"},\"datePublished\":\"2025-06-26T05:49:12+00:00\",\"dateModified\":\"2026-04-18T03:08:36+00:00\",\"breadcrumb\":{\"@id\":\"https:\/\/moclan.com.vn\/tra-bi-dao-moc-lan-bich-250g\/#breadcrumb\"},\"inLanguage\":\"en-US\",\"potentialAction\":[{\"@type\":\"ReadAction\",\"target\":[\"https:\/\/moclan.com.vn\/tra-bi-dao-moc-lan-bich-250g\/\"]}]},{\"@type\":\"BreadcrumbList\",\"@id\":\"https:\/\/moclan.com.vn\/tra-bi-dao-moc-lan-bich-250g\/#breadcrumb\",\"itemListElement\":[{\"@type\":\"ListItem\",\"position\":1,\"item\":{\"@type\":\"WebPage\",\"@id\":\"https:\/\/moclan.com.vn\/\",\"url\":\"https:\/\/moclan.com.vn\/\",\"name\":\"Trang ch\\u1ee7\"}},{\"@type\":\"ListItem\",\"position\":2,\"item\":{\"@type\":\"WebPage\",\"@id\":\"https:\/\/moclan.com.vn\/san-pham\/\",\"url\":\"https:\/\/moclan.com.vn\/san-pham\/\",\"name\":\"S\\u1ea3n ph\\u1ea9m\"}},{\"@type\":\"ListItem\",\"position\":3,\"item\":{\"@type\":\"WebPage\",\"@id\":\"https:\/\/moclan.com.vn\/tra-bi-dao-moc-lan-bich-250g\/\",\"url\":\"https:\/\/moclan.com.vn\/tra-bi-dao-moc-lan-bich-250g\/\",\"name\":\"Tr\\u00e0 b\\u00ed \\u0111ao M\\u1ed9c lan b\\u1ecbch 250g\"}}]}]}<\/script>\n<!-- \/ Yoast SEO Premium plugin. -->","_links":{"self":[{"href":"https:\/\/moclan.com.vn\/en\/wp-json\/wp\/v2\/product\/4489"}],"collection":[{"href":"https:\/\/moclan.com.vn\/en\/wp-json\/wp\/v2\/product"}],"about":[{"href":"https:\/\/moclan.com.vn\/en\/wp-json\/wp\/v2\/types\/product"}],"replies":[{"embeddable":true,"href":"https:\/\/moclan.com.vn\/en\/wp-json\/wp\/v2\/comments?post=4489"}],"wp:featuredmedia":[{"embeddable":true,"href":"https:\/\/moclan.com.vn\/en\/wp-json\/wp\/v2\/media\/4495"}],"wp:attachment":[{"href":"https:\/\/moclan.com.vn\/en\/wp-json\/wp\/v2\/media?parent=4489"}],"wp:term":[{"taxonomy":"product_cat","embeddable":true,"href":"https:\/\/moclan.com.vn\/en\/wp-json\/wp\/v2\/product_cat?post=4489"},{"taxonomy":"product_tag","embeddable":true,"href":"https:\/\/moclan.com.vn\/en\/wp-json\/wp\/v2\/product_tag?post=4489"}],"curies":[{"name":"wp","href":"https:\/\/api.w.org\/{rel}","templated":true}]}}