


{"id":4498,"date":"2025-06-27T06:06:24","date_gmt":"2025-06-26T23:06:24","guid":{"rendered":"https:\/\/moclan.com.vn\/?post_type=product&#038;p=4498"},"modified":"2026-04-19T11:22:41","modified_gmt":"2026-04-19T04:22:41","slug":"vien-ha-thu-o-mat-ong-rung-moc-lan-250g-500g","status":"publish","type":"product","link":"https:\/\/moclan.com.vn\/en\/product\/vien-ha-thu-o-mat-ong-rung-moc-lan-250g-500g\/","title":{"rendered":"Vi\u00ean h\u00e0 th\u1ee7 \u00f4 m\u1eadt ong r\u1eebng M\u1ed9c Lan &#8211; 250g, 500g"},"content":{"rendered":"<p><strong>VI\u00caN H\u00c0 TH\u1ee6 \u00d4 M\u1eacT ONG R\u1eeaNG CAO C\u1ea4P M\u1ed8C LAN<\/strong><\/p>\n<p>&#8211; \u0110\u01af\u1ee2C S\u1ea2N XU\u1ea4T D\u1ef0A TR\u00caN B\u00c0I THU\u1ed0C C\u1ed4 PH\u01af\u01a0NG B\u00cd TRUY\u1ec0N TRUNG HOA T\u1eea C\u00c1C D\u01af\u1ee2C LI\u1ec6U QU\u00dd T\u1eea THI\u00caN NHI\u00caN<\/p>\n<p>&#8211; CH\u1ea4T L\u01af\u1ee2NG \u0110\u00c3 \u0110\u01af\u1ee2C KI\u1ec2M NGHI\u1ec6M V\u00c0 C\u00d4NG B\u1ed0<\/p>\n<p><strong>C\u00f4ng D\u1ee5ng c\u1ee7a Vi\u00ean H\u00e0 th\u1ee7 \u00f4 M\u1eadt ong r\u1eebng M\u1ed9c Lan<\/strong><\/p>\n<p>&#8211; L\u00e0m \u0111en t\u00f3c, m\u01b0\u1ee3t t\u00f3c, gi\u1ea3m thi\u1ec3u t\u00ecnh tr\u1ea1ng t\u00f3c b\u1ea1c s\u1edbm, \u0111\u1ed3ng th\u1eddi k\u00edch th\u00edch m\u1ecdc t\u00f3c<\/p>\n<p>&#8211; Tr\u1ebb h\u00f3a c\u01a1 th\u1ec3, \u0111\u1ea9y l\u00f9i c\u00e1c tri\u1ec7u ch\u1ee9ng l\u00e3o h\u00f3a, gi\u00fap da s\u0103n ch\u1eafc, m\u1ecbn m\u00e0ng, ph\u1ee5c h\u1ed3i h\u01b0 t\u1ed5n da<\/p>\n<p>&#8211; Duy tr\u00ec tu\u1ed5i tr\u1ebb, s\u1ee9c b\u1ec1n, n\u0103ng l\u01b0\u1ee3ng v\u00e0 ph\u1ee5c h\u1ed3i s\u1ee9c kh\u1ecfe nhanh h\u01a1n<\/p>\n<p>&#8211; B\u1ed5 m\u00e1u, \u0111i\u1ec1u h\u00f2a l\u01b0u th\u00f4ng kh\u00ed huy\u1ebft<\/p>\n<p>&#8211; Gi\u00fap \u0103n ng\u1ee7 t\u1ed1t, h\u1ed7 tr\u1ee3 ti\u00eau h\u00f3a v\u00e0 chuy\u1ec3n \u0111\u1ed5i ch\u1ea5t<\/p>\n<p>&#8211; h\u1ed7 tr\u1ee3 tr\u1ecb ch\u1ee9ng suy nh\u01b0\u1ee3c th\u1ea7n kinh, gi\u1ea3m stress, t\u0103ng c\u01b0\u1eddng tr\u00ed l\u1ef1c<\/p>\n<p>&#8211; B\u1ed5 th\u1eadn, tr\u00e1ng d\u01b0\u01a1ng, h\u1ed7 tr\u1ee3 t\u0103ng c\u01b0\u1eddng sinh l\u1ef1c cho nam gi\u1edbi<\/p>\n<p><strong>H\u01b0\u1edbng d\u1eabn s\u1eed d\u1ee5ng<\/strong><\/p>\n<p>D\u00f9ng tr\u1ef1c ti\u1ebfp 15-20 vi\u00ean m\u1ed7i l\u1ea7n, ng\u00e0y d\u00f9ng 3 l\u1ea7n.<\/p>\n<p><strong>Th\u00e0nh ph\u1ea7n:<\/strong><\/p>\n<p>&#8211; H\u00e0 th\u1ee7 \u00f4 \u0111\u1ecf (60%)<\/p>\n<p>&#8211; M\u1eadt ong r\u1eebng (15%)<\/p>\n<p>&#8211; B\u1ed9t tam th\u1ea5t<\/p>\n<p>&#8211; B\u1ed9t \u0111\u1eadu \u0111en xanh l\u00f2ng<\/p>\n<p>&#8211; M\u00e8 \u0111en<\/p>\n<p>&#8211; Ph\u1ea5n hoa m\u1eadt ong<\/p>\n<p><strong>B\u1ea3o qu\u1ea3n:<\/strong><\/p>\n<p>N\u01a1i kh\u00f4 r\u00e1o, tho\u00e1ng m\u00e1t. Tr\u00e1nh \u00e1nh n\u1eafng tr\u1ef1c ti\u1ebfp<\/p>\n<p>H\u1ea1n s\u1eed d\u1ee5ng: 24 th\u00e1ng k\u1ec3 t\u1eeb ng\u00e0y \u0111\u00f3ng g\u00f3i<\/p>\n<p>S\u1ea3n ph\u1ea9m n\u00e0y kh\u00f4ng ph\u1ea3i l\u00e0 thu\u1ed1c v\u00e0 kh\u00f4ng c\u00f3 t\u00e1c d\u1ee5ng thay th\u1ebf thu\u1ed1c ch\u1eefa b\u1ec7nh<\/p>","protected":false},"excerpt":{"rendered":"<p>Vi\u00ean h\u00e0 th\u1ee7 \u00f4 m\u1eadt ong r\u1eebng M\u1ed9c Lan [&#8230;]<\/p>\n<p><a class=\"btn btn-secondary understrap-read-more-link\" href=\"https:\/\/moclan.com.vn\/en\/product\/vien-ha-thu-o-mat-ong-rung-moc-lan-250g-500g\/\">Read More&#8230;<\/a><\/p>","protected":false},"featured_media":4504,"comment_status":"closed","ping_status":"closed","template":"","meta":[],"product_cat":[737,673,681],"product_tag":[],"yoast_head":"<!-- This site is optimized with the Yoast SEO Premium plugin v15.9.2 - https:\/\/yoast.com\/wordpress\/plugins\/seo\/ -->\n<title>Vi\u00ean h\u00e0 th\u1ee7 \u00f4 m\u1eadt ong r\u1eebng M\u1ed9c Lan - 250g, 500g - M\u1ed9c Lan<\/title>\n<link rel=\"canonical\" href=\"https:\/\/moclan.com.vn\/en\/product\/vien-ha-thu-o-mat-ong-rung-moc-lan-250g-500g\/\" \/>\n<meta property=\"og:locale\" content=\"en_US\" \/>\n<meta property=\"og:type\" content=\"article\" \/>\n<meta property=\"og:title\" content=\"Vi\u00ean h\u00e0 th\u1ee7 \u00f4 m\u1eadt ong r\u1eebng M\u1ed9c Lan - 250g, 500g - M\u1ed9c Lan\" \/>\n<meta property=\"og:description\" content=\"Vi\u00ean h\u00e0 th\u1ee7 \u00f4 m\u1eadt ong r\u1eebng M\u1ed9c Lan [...]Read More...\" \/>\n<meta property=\"og:url\" content=\"https:\/\/moclan.com.vn\/en\/product\/vien-ha-thu-o-mat-ong-rung-moc-lan-250g-500g\/\" \/>\n<meta property=\"og:site_name\" content=\"M\u1ed9c Lan\" \/>\n<meta property=\"article:modified_time\" content=\"2026-04-19T04:22:41+00:00\" \/>\n<meta property=\"og:image\" content=\"https:\/\/moclan.com.vn\/wp-content\/uploads\/2025\/06\/0653cdd0f2f0c53d10e3d0117fdc1bf9.jpg\" \/>\n\t<meta property=\"og:image:width\" content=\"720\" \/>\n\t<meta property=\"og:image:height\" content=\"960\" \/>\n<meta name=\"twitter:card\" content=\"summary_large_image\" \/>\n<meta name=\"twitter:label1\" content=\"Est. reading time\">\n\t<meta name=\"twitter:data1\" content=\"2 minutes\">\n<script type=\"application\/ld+json\" class=\"yoast-schema-graph\">{\"@context\":\"https:\/\/schema.org\",\"@graph\":[{\"@type\":\"WebSite\",\"@id\":\"https:\/\/moclan.com.vn\/#website\",\"url\":\"https:\/\/moclan.com.vn\/\",\"name\":\"M\\u1ed9c Lan\",\"description\":\"\",\"potentialAction\":[{\"@type\":\"SearchAction\",\"target\":\"https:\/\/moclan.com.vn\/?s={search_term_string}\",\"query-input\":\"required name=search_term_string\"}],\"inLanguage\":\"en-US\"},{\"@type\":\"ImageObject\",\"@id\":\"https:\/\/moclan.com.vn\/vien-ha-thu-o-mat-ong-rung-moc-lan-250g-500g\/#primaryimage\",\"inLanguage\":\"en-US\",\"url\":\"https:\/\/moclan.com.vn\/wp-content\/uploads\/2025\/06\/0653cdd0f2f0c53d10e3d0117fdc1bf9.jpg\",\"width\":720,\"height\":960},{\"@type\":\"WebPage\",\"@id\":\"https:\/\/moclan.com.vn\/vien-ha-thu-o-mat-ong-rung-moc-lan-250g-500g\/#webpage\",\"url\":\"https:\/\/moclan.com.vn\/vien-ha-thu-o-mat-ong-rung-moc-lan-250g-500g\/\",\"name\":\"Vi\\u00ean h\\u00e0 th\\u1ee7 \\u00f4 m\\u1eadt ong r\\u1eebng M\\u1ed9c Lan - 250g, 500g - M\\u1ed9c Lan\",\"isPartOf\":{\"@id\":\"https:\/\/moclan.com.vn\/#website\"},\"primaryImageOfPage\":{\"@id\":\"https:\/\/moclan.com.vn\/vien-ha-thu-o-mat-ong-rung-moc-lan-250g-500g\/#primaryimage\"},\"datePublished\":\"2025-06-26T23:06:24+00:00\",\"dateModified\":\"2026-04-19T04:22:41+00:00\",\"breadcrumb\":{\"@id\":\"https:\/\/moclan.com.vn\/vien-ha-thu-o-mat-ong-rung-moc-lan-250g-500g\/#breadcrumb\"},\"inLanguage\":\"en-US\",\"potentialAction\":[{\"@type\":\"ReadAction\",\"target\":[\"https:\/\/moclan.com.vn\/vien-ha-thu-o-mat-ong-rung-moc-lan-250g-500g\/\"]}]},{\"@type\":\"BreadcrumbList\",\"@id\":\"https:\/\/moclan.com.vn\/vien-ha-thu-o-mat-ong-rung-moc-lan-250g-500g\/#breadcrumb\",\"itemListElement\":[{\"@type\":\"ListItem\",\"position\":1,\"item\":{\"@type\":\"WebPage\",\"@id\":\"https:\/\/moclan.com.vn\/\",\"url\":\"https:\/\/moclan.com.vn\/\",\"name\":\"Trang ch\\u1ee7\"}},{\"@type\":\"ListItem\",\"position\":2,\"item\":{\"@type\":\"WebPage\",\"@id\":\"https:\/\/moclan.com.vn\/san-pham\/\",\"url\":\"https:\/\/moclan.com.vn\/san-pham\/\",\"name\":\"S\\u1ea3n ph\\u1ea9m\"}},{\"@type\":\"ListItem\",\"position\":3,\"item\":{\"@type\":\"WebPage\",\"@id\":\"https:\/\/moclan.com.vn\/vien-ha-thu-o-mat-ong-rung-moc-lan-250g-500g\/\",\"url\":\"https:\/\/moclan.com.vn\/vien-ha-thu-o-mat-ong-rung-moc-lan-250g-500g\/\",\"name\":\"Vi\\u00ean h\\u00e0 th\\u1ee7 \\u00f4 m\\u1eadt ong r\\u1eebng M\\u1ed9c Lan &#8211; 250g, 500g\"}}]}]}<\/script>\n<!-- \/ Yoast SEO Premium plugin. -->","_links":{"self":[{"href":"https:\/\/moclan.com.vn\/en\/wp-json\/wp\/v2\/product\/4498"}],"collection":[{"href":"https:\/\/moclan.com.vn\/en\/wp-json\/wp\/v2\/product"}],"about":[{"href":"https:\/\/moclan.com.vn\/en\/wp-json\/wp\/v2\/types\/product"}],"replies":[{"embeddable":true,"href":"https:\/\/moclan.com.vn\/en\/wp-json\/wp\/v2\/comments?post=4498"}],"wp:featuredmedia":[{"embeddable":true,"href":"https:\/\/moclan.com.vn\/en\/wp-json\/wp\/v2\/media\/4504"}],"wp:attachment":[{"href":"https:\/\/moclan.com.vn\/en\/wp-json\/wp\/v2\/media?parent=4498"}],"wp:term":[{"taxonomy":"product_cat","embeddable":true,"href":"https:\/\/moclan.com.vn\/en\/wp-json\/wp\/v2\/product_cat?post=4498"},{"taxonomy":"product_tag","embeddable":true,"href":"https:\/\/moclan.com.vn\/en\/wp-json\/wp\/v2\/product_tag?post=4498"}],"curies":[{"name":"wp","href":"https:\/\/api.w.org\/{rel}","templated":true}]}}