


{"id":4513,"date":"2025-06-27T06:56:03","date_gmt":"2025-06-26T23:56:03","guid":{"rendered":"https:\/\/moclan.com.vn\/?post_type=product&#038;p=4513"},"modified":"2026-04-18T15:26:47","modified_gmt":"2026-04-18T08:26:47","slug":"vien-tinh-nghe-mat-ong-moc-lan-250g-500g","status":"publish","type":"product","link":"https:\/\/moclan.com.vn\/en\/product\/vien-tinh-nghe-mat-ong-moc-lan-250g-500g\/","title":{"rendered":"Vi\u00ean tinh ngh\u1ec7 m\u1eadt ong M\u1ed9c Lan &#8211; 250g, 500g"},"content":{"rendered":"<p><strong>VI\u00caN TINH NGH\u1ec6 M\u1eacT ONG M\u1ed8C LAN<\/strong><\/p>\n<p>&#8211; \u0110\u01af\u1ee2C S\u1ea2N XU\u1ea4T T\u1eea 100% NGUY\u00caN LI\u1ec6U H\u1eeeU C\u01a0 V\u00c0 M\u1eacT ONG R\u1eeaNG THI\u00caN NHI\u00caN<\/p>\n<p>&#8211; TINH B\u1ed8T NGH\u1ec6 \u0110\u01af\u1ee2C \u00c1P D\u1ee4NG C\u00d4NG NGH\u1ec6 NANO TRONG CHI\u1ebeT XU\u1ea4T S\u1ea2N PH\u1ea8M<\/p>\n<p>&#8211; TI\u00caU CHU\u1ea8N \u0110\u00c3 \u0110\u01af\u1ee2C KI\u1ec2M NGHI\u1ec6M V\u00c0 C\u00d4NG B\u1ed0<\/p>\n<p><strong>L\u1ee2I \u00cdCH C\u1ee6A VI\u00caN TINH NGH\u1ec6 M\u1eacT ONG M\u1ed8C LAN<\/strong><\/p>\n<p>&#8211; Ph\u00f2ng ch\u1ed1ng ung th\u01b0: v\u00f4 hi\u1ec7u h\u00f3a v\u00e0 t\u1eebng b\u01b0\u1edbc ti\u00eau di\u1ec7t t\u1ebf b\u00e0o ung th\u01b0, \u0111\u1ed3ng th\u1eddi ng\u0103n ch\u1eb7n h\u00ecnh th\u00e0nh t\u1ebf b\u00e0o ung th\u01b0 m\u1edbi. \u0110\u1eb7c bi\u1ec7t kh\u00f4ng l\u00e0m \u1ea3nh h\u01b0\u1edfng \u0111\u1ebfn nh\u1eefng t\u1ebf b\u00e0o l\u00e0nh t\u00ednh kh\u00e1c.<\/p>\n<p>&#8211; Kh\u00e1ng vi\u00eam: C\u00f3 \u0111\u1eb7c t\u00ednh kh\u00e1ng khu\u1ea9n m\u1ea1nh.<\/p>\n<p>&#8211; Ch\u1ed1ng vi\u00eam kh\u1edbp: Tinh b\u1ed9t ngh\u1ec7 v\u00e0 m\u1eadt ong \u0111\u00e3 \u0111\u01b0\u1ee3c c\u1ea3 \u0110\u00f4ng \u2013 T\u00e2y Y c\u00f4ng nh\u1eadn gi\u00fap h\u1ed7 tr\u1ee3 \u0111i\u1ec1u tr\u1ecb vi\u00eam kh\u1edbp hi\u1ec7u qu\u1ea3, an to\u00e0n trong th\u1eddi gian d\u00e0i.<\/p>\n<p>&#8211; T\u0103ng c\u01b0\u1eddng s\u1ee9c \u0111\u1ec1 kh\u00e1ng: Curcumin h\u1ed7 tr\u1ee3 ch\u1ed1ng oxy h\u00f3a, vitamin C c\u00f3 trong m\u1eadt ong gi\u00fap c\u01a1 th\u1ec3 t\u0103ng c\u01b0\u1eddng h\u1ec7 mi\u1ec5n d\u1ecbch, gi\u00fap c\u01a1 th\u1ec3 t\u0103ng kh\u1ea3 n\u0103ng ch\u1ed1ng tr\u1ecb b\u1ec7nh t\u1eadt.<\/p>\n<p>&#8211; L\u00e0m \u0111\u1eb9p da: L\u00e0m l\u00e0nh v\u1ebft th\u01b0\u01a1ng, l\u00e0m gi\u1ea3m h\u1eafc s\u1eafc t\u1ed1, l\u00e0m s\u00e1ng da, l\u00e0m ch\u1eadm l\u00e3o h\u00f3a v\u00e0 h\u1ed7 tr\u1ee3 \u0111i\u1ec1u tr\u1ecb m\u1ee5n hi\u1ec7u qu\u1ea3.<\/p>\n<p><strong>H\u01af\u1edaNG D\u1eaaN S\u1eec D\u1ee4NG<\/strong><\/p>\n<p>Nhai tr\u1ef1c ti\u1ebfp m\u1ed7i l\u1ea7n 5-10 vi\u00ean ho\u1eb7c h\u00f2a v\u00e0o ly n\u01b0\u1edbc ngu\u1ed9i (150-200ml) d\u00f9ng u\u1ed1ng tr\u1ef1c ti\u1ebfp.<\/p>\n<p>Ng\u00e0y d\u00f9ng 3-4 l\u1ea7n.<\/p>\n<p><strong>TH\u00c0NH PH\u1ea6N<\/strong><\/p>\n<p>&#8211; Tinh b\u1ed9t ngh\u1ec7 (80%)<\/p>\n<p>&#8211; M\u1eadt ong R\u1eebng thi\u00ean nhi\u00ean (20%)<\/p>\n<p>Vi\u00ean tinh ngh\u1ec7 m\u1eadt ong R\u1eebng M\u1ed9c Lan \u0111\u01b0\u1ee3c t\u1ea1o vi\u00ean v\u00e0 l\u00e0m kh\u00f4 b\u1eb1ng S\u1ea5y L\u1ea1nh tr\u00ean d\u00e2y chuy\u1ec1n hi\u1ec7n \u0111\u1ea1i gi\u00fap \u0111\u1ea3m b\u1ea3o h\u00e0m l\u01b0\u1ee3ng Curcumin c\u00f3 trong tinh b\u1ed9t ngh\u1ec7 c\u0169ng nh\u01b0 c\u00e1c tinh d\u01b0\u1ee1ng ch\u1ea5t qu\u00fd c\u00f3 trong m\u1eadt ong R\u1eebng v\u00e0 gi\u00fap vi\u00ean ngh\u1ec7 m\u1eadt ong gi\u00f2n tan khi cho v\u00e0o mi\u1ec7ng.<\/p>\n<p>H\u1ea1n s\u1eed d\u1ee5ng: 12 th\u00e1ng k\u1ec3 t\u1eeb ng\u00e0y \u0111\u00f3ng g\u00f3i<\/p>\n<p>S\u1ea3n ph\u1ea9m n\u00e0y kh\u00f4ng ph\u1ea3i l\u00e0 thu\u1ed1c v\u00e0 kh\u00f4ng c\u00f3 t\u00e1c d\u1ee5ng thay th\u1ebf thu\u1ed1c ch\u1eefa b\u1ec7nh.<\/p>","protected":false},"excerpt":{"rendered":"<p>Vi\u00ean tinh ngh\u1ec7 m\u1eadt ong M\u1ed9c Lan &#8211; 250g, 500g [&#8230;]<\/p>\n<p><a class=\"btn btn-secondary understrap-read-more-link\" href=\"https:\/\/moclan.com.vn\/en\/product\/vien-tinh-nghe-mat-ong-moc-lan-250g-500g\/\">Read More&#8230;<\/a><\/p>","protected":false},"featured_media":4519,"comment_status":"closed","ping_status":"closed","template":"","meta":[],"product_cat":[737,665,681],"product_tag":[],"yoast_head":"<!-- This site is optimized with the Yoast SEO Premium plugin v15.9.2 - https:\/\/yoast.com\/wordpress\/plugins\/seo\/ -->\n<title>Vi\u00ean tinh ngh\u1ec7 m\u1eadt ong M\u1ed9c Lan - 250g, 500g - M\u1ed9c Lan<\/title>\n<link rel=\"canonical\" href=\"https:\/\/moclan.com.vn\/en\/product\/vien-tinh-nghe-mat-ong-moc-lan-250g-500g\/\" \/>\n<meta property=\"og:locale\" content=\"en_US\" \/>\n<meta property=\"og:type\" content=\"article\" \/>\n<meta property=\"og:title\" content=\"Vi\u00ean tinh ngh\u1ec7 m\u1eadt ong M\u1ed9c Lan - 250g, 500g - M\u1ed9c Lan\" \/>\n<meta property=\"og:description\" content=\"Vi\u00ean tinh ngh\u1ec7 m\u1eadt ong M\u1ed9c Lan - 250g, 500g [...]Read More...\" \/>\n<meta property=\"og:url\" content=\"https:\/\/moclan.com.vn\/en\/product\/vien-tinh-nghe-mat-ong-moc-lan-250g-500g\/\" \/>\n<meta property=\"og:site_name\" content=\"M\u1ed9c Lan\" \/>\n<meta property=\"article:modified_time\" content=\"2026-04-18T08:26:47+00:00\" \/>\n<meta property=\"og:image\" content=\"https:\/\/moclan.com.vn\/wp-content\/uploads\/2025\/06\/c9fe262db62f512d9d5f26d0c6f6688e-1.jpg\" \/>\n\t<meta property=\"og:image:width\" content=\"1440\" \/>\n\t<meta property=\"og:image:height\" content=\"1920\" \/>\n<meta name=\"twitter:card\" content=\"summary_large_image\" \/>\n<meta name=\"twitter:label1\" content=\"Est. reading time\">\n\t<meta name=\"twitter:data1\" content=\"2 minutes\">\n<script type=\"application\/ld+json\" class=\"yoast-schema-graph\">{\"@context\":\"https:\/\/schema.org\",\"@graph\":[{\"@type\":\"WebSite\",\"@id\":\"https:\/\/moclan.com.vn\/#website\",\"url\":\"https:\/\/moclan.com.vn\/\",\"name\":\"M\\u1ed9c Lan\",\"description\":\"\",\"potentialAction\":[{\"@type\":\"SearchAction\",\"target\":\"https:\/\/moclan.com.vn\/?s={search_term_string}\",\"query-input\":\"required name=search_term_string\"}],\"inLanguage\":\"en-US\"},{\"@type\":\"ImageObject\",\"@id\":\"https:\/\/moclan.com.vn\/vien-tinh-nghe-mat-ong-moc-lan-250g-500g\/#primaryimage\",\"inLanguage\":\"en-US\",\"url\":\"https:\/\/moclan.com.vn\/wp-content\/uploads\/2025\/06\/c9fe262db62f512d9d5f26d0c6f6688e-1.jpg\",\"width\":1440,\"height\":1920},{\"@type\":\"WebPage\",\"@id\":\"https:\/\/moclan.com.vn\/vien-tinh-nghe-mat-ong-moc-lan-250g-500g\/#webpage\",\"url\":\"https:\/\/moclan.com.vn\/vien-tinh-nghe-mat-ong-moc-lan-250g-500g\/\",\"name\":\"Vi\\u00ean tinh ngh\\u1ec7 m\\u1eadt ong M\\u1ed9c Lan - 250g, 500g - M\\u1ed9c Lan\",\"isPartOf\":{\"@id\":\"https:\/\/moclan.com.vn\/#website\"},\"primaryImageOfPage\":{\"@id\":\"https:\/\/moclan.com.vn\/vien-tinh-nghe-mat-ong-moc-lan-250g-500g\/#primaryimage\"},\"datePublished\":\"2025-06-26T23:56:03+00:00\",\"dateModified\":\"2026-04-18T08:26:47+00:00\",\"breadcrumb\":{\"@id\":\"https:\/\/moclan.com.vn\/vien-tinh-nghe-mat-ong-moc-lan-250g-500g\/#breadcrumb\"},\"inLanguage\":\"en-US\",\"potentialAction\":[{\"@type\":\"ReadAction\",\"target\":[\"https:\/\/moclan.com.vn\/vien-tinh-nghe-mat-ong-moc-lan-250g-500g\/\"]}]},{\"@type\":\"BreadcrumbList\",\"@id\":\"https:\/\/moclan.com.vn\/vien-tinh-nghe-mat-ong-moc-lan-250g-500g\/#breadcrumb\",\"itemListElement\":[{\"@type\":\"ListItem\",\"position\":1,\"item\":{\"@type\":\"WebPage\",\"@id\":\"https:\/\/moclan.com.vn\/\",\"url\":\"https:\/\/moclan.com.vn\/\",\"name\":\"Trang ch\\u1ee7\"}},{\"@type\":\"ListItem\",\"position\":2,\"item\":{\"@type\":\"WebPage\",\"@id\":\"https:\/\/moclan.com.vn\/san-pham\/\",\"url\":\"https:\/\/moclan.com.vn\/san-pham\/\",\"name\":\"S\\u1ea3n ph\\u1ea9m\"}},{\"@type\":\"ListItem\",\"position\":3,\"item\":{\"@type\":\"WebPage\",\"@id\":\"https:\/\/moclan.com.vn\/vien-tinh-nghe-mat-ong-moc-lan-250g-500g\/\",\"url\":\"https:\/\/moclan.com.vn\/vien-tinh-nghe-mat-ong-moc-lan-250g-500g\/\",\"name\":\"Vi\\u00ean tinh ngh\\u1ec7 m\\u1eadt ong M\\u1ed9c Lan &#8211; 250g, 500g\"}}]}]}<\/script>\n<!-- \/ Yoast SEO Premium plugin. -->","_links":{"self":[{"href":"https:\/\/moclan.com.vn\/en\/wp-json\/wp\/v2\/product\/4513"}],"collection":[{"href":"https:\/\/moclan.com.vn\/en\/wp-json\/wp\/v2\/product"}],"about":[{"href":"https:\/\/moclan.com.vn\/en\/wp-json\/wp\/v2\/types\/product"}],"replies":[{"embeddable":true,"href":"https:\/\/moclan.com.vn\/en\/wp-json\/wp\/v2\/comments?post=4513"}],"wp:featuredmedia":[{"embeddable":true,"href":"https:\/\/moclan.com.vn\/en\/wp-json\/wp\/v2\/media\/4519"}],"wp:attachment":[{"href":"https:\/\/moclan.com.vn\/en\/wp-json\/wp\/v2\/media?parent=4513"}],"wp:term":[{"taxonomy":"product_cat","embeddable":true,"href":"https:\/\/moclan.com.vn\/en\/wp-json\/wp\/v2\/product_cat?post=4513"},{"taxonomy":"product_tag","embeddable":true,"href":"https:\/\/moclan.com.vn\/en\/wp-json\/wp\/v2\/product_tag?post=4513"}],"curies":[{"name":"wp","href":"https:\/\/api.w.org\/{rel}","templated":true}]}}