


{"id":4704,"date":"2026-01-05T12:35:19","date_gmt":"2026-01-05T05:35:19","guid":{"rendered":"https:\/\/moclan.com.vn\/?post_type=product&#038;p=4704"},"modified":"2026-04-18T13:47:16","modified_gmt":"2026-04-18T06:47:16","slug":"hat-macca-nut-vo-moclan-healthy-hop-250g-500g","status":"publish","type":"product","link":"https:\/\/moclan.com.vn\/en\/product\/hat-macca-nut-vo-moclan-healthy-hop-250g-500g\/","title":{"rendered":"H\u1ea1t Macca n\u1ee9t v\u1ecf M\u1ed9cLan HEALTHY &#8211; H\u1ed9p 250g &#8211; 500g"},"content":{"rendered":"<p><img decoding=\"async\" loading=\"lazy\" src=\"https:\/\/cf.shopee.vn\/file\/vn-11134208-820l4-mei1fijl5b0hd0\" width=\"1800\" height=\"2400\" data-uploading=\"uploaded\" data-upload-status=\"success\" \/><img decoding=\"async\" loading=\"lazy\" src=\"https:\/\/cf.shopee.vn\/file\/vn-11134208-820l4-mei1fijl6pkxff\" width=\"1800\" height=\"2400\" data-uploading=\"uploaded\" data-upload-status=\"success\" \/><img decoding=\"async\" loading=\"lazy\" src=\"https:\/\/cf.shopee.vn\/file\/vn-11134208-820l4-mei1fijl845d0d\" width=\"1800\" height=\"2400\" data-uploading=\"uploaded\" data-upload-status=\"success\" \/><\/p>\n<p>H\u1ea1t Macca M\u1ed9cLan HEALTHY FOODS<\/p>\n<p>\u2022 100% h\u1ea1t macca.\u00a0Sau khi thu ho\u1ea1ch, h\u1ea1t<\/p>\n<p>Macca \u0111\u01b0\u1ee3c s\u01a1 ch\u1ebf v\u00e0 s\u1ea5y ngay \u0111\u1ec3 gi\u1eef nguy\u00ean m\u00f9i th\u01a1m v\u00e0 \u0111\u1ed9 t\u01b0\u01a1i.<\/p>\n<p>\u2022 H\u1ea1t\u00a0gi\u00e0u ch\u1ea5t dinh d\u01b0\u1ee1ng, t\u1ed1t cho s\u1ee9c kho\u1ebb v\u00e0 cung c\u1ea5p<\/p>\n<p>n\u0103ng l\u01b0\u1ee3ng cho c\u01a1 th\u1ec3.<\/p>\n<p>\u2b50 H\u01af\u1edaNG D\u1eaaN S\u1eec D\u1ee4NG<\/p>\n<p>\ud83d\udd39 \u0102n tr\u1ef1c ti\u1ebfp: H\u1ea1t M\u1eafc ca c\u00f3 th\u1ec3 \u0111\u01b0\u1ee3c \u0103n tr\u1ef1c ti\u1ebfp nh\u01b0 m\u1ed9t lo\u1ea1i \u0103n v\u1eb7t. H\u1ea1t M\u1eafc ca rang c\u00f3 v\u1ecb th\u01a1m<\/p>\n<p>ngon v\u00e0 gi\u00f2n tan, r\u1ea5t ph\u00f9 h\u1ee3p \u0111\u1ec3 \u0103n gi\u1eefa c\u00e1c b\u1eefa ch\u00ednh ho\u1eb7c chia l\u00e0m b\u1eefa ph\u1ee5<\/p>\n<p>\ud83d\udd39 B\u1ed5 sung v\u00e0o c\u00e1c m\u00f3n \u0103n:<\/p>\n<p>H\u1ea1t M\u1eafc ca c\u00f3 th\u1ec3 \u0111\u01b0\u1ee3c b\u1ed5 sung v\u00e0o c\u00e1c m\u00f3n \u0103n kh\u00e1c \u0111\u1ec3 t\u0103ng c\u01b0\u1eddng h\u01b0\u01a1ng v\u1ecb v\u00e0<\/p>\n<p>gi\u00e1 tr\u1ecb dinh d\u01b0\u1ee1ng, nh\u01b0 salad, n\u1ea5u canh, n\u1ea5u ch\u00e1o, s\u1eefa chua, b\u00e1nh m\u00ec ho\u1eb7c c\u00e1c<\/p>\n<p>m\u00f3n tr\u00e1ng mi\u1ec7ng.<\/p>\n<p>\ud83d\udd39 L\u00e0m s\u1eefa h\u1ea1t, n\u01b0\u1edbc \u00e9p h\u1ea1t:<\/p>\n<p>B\u1ea1n c\u00f3 th\u1ec3 xay nhuy\u1ec5n h\u1ea1t M\u1eafc ca v\u00e0 s\u1eed d\u1ee5ng n\u00f3 \u0111\u1ec3 l\u00e0m n\u01b0\u1edbc \u00e9p t\u1ef1 nhi\u00ean. H\u1ea1t M\u1eafc<\/p>\n<p>ca s\u1ebd t\u0103ng c\u01b0\u1eddng \u0111\u1ed9 dinh d\u01b0\u1ee1ng v\u00e0 \u0111em l\u1ea1i h\u01b0\u01a1ng v\u1ecb \u0111\u1ed9c \u0111\u00e1o cho n\u01b0\u1edbc \u00e9p.<\/p>\n<p>\ud83d\udd39 L\u00e0m nguy\u00ean li\u1ec7u n\u1ea5u \u0103n:<\/p>\n<p>H\u1ea1t M\u1eafc ca c\u00f3 th\u1ec3 \u0111\u01b0\u1ee3c s\u1eed d\u1ee5ng l\u00e0m nguy\u00ean li\u1ec7u trong c\u00e1c m\u00f3n n\u1ea5u \u0103n. B\u1ea1n c\u00f3 th\u1ec3<\/p>\n<p>xay nhuy\u1ec5n h\u1ea1t M\u1eafc ca \u0111\u1ec3 l\u00e0m b\u1ed9t M\u1eafc ca ho\u1eb7c d\u00f9ng h\u1ea1t M\u1eafc ca nguy\u00ean \u0111\u1ec3 l\u00e0m<\/p>\n<p>nh\u00e2n, gia v\u1ecb cho c\u00e1c m\u00f3n \u0103n.<\/p>\n<p>\u2b50 C\u00c1CH B\u1ea2O QU\u1ea2N<\/p>\n<p>\u2714\ufe0f \u0110\u00f3ng k\u00edn sau khi s\u1eed d\u1ee5ng.<\/p>\n<p>\u2714\ufe0f \u0110\u1ec3 n\u01a1i tho\u00e1ng m\u00e1t, tr\u00e1nh h\u01a1i \u1ea9m<\/p>\n<p>v\u00e0 \u00e1nh n\u1eafng m\u1eb7t tr\u1eddi.<\/p>\n<p>\u2714\ufe0f \u0110\u1ec3 t\u1ee7 l\u1ea1nh n\u1ebfu mu\u1ed1n b\u1ea3o qu\u1ea3n<\/p>\n<p>l\u00e2u h\u01a1n.<\/p>\n<p>\u2705\u00a0 S\u1ea3n ph\u1ea9m kh\u00f4ng ch\u1ea5t b\u1ea3o qu\u1ea3n<\/p>\n<p>\u2705\u00a0 S\u1ea3n ph\u1ea9m \u0111\u1ea1t chu\u1ea9n ISO v\u1ec1 h\u1ec7 th\u1ed1ng an to\u00e0n th\u1ef1c ph\u1ea9m, \u0111\u1ea3m b\u1ea3o kh\u00f4ng ch\u1ee9a t\u1ea1p ch\u1ea5t g\u00e2y \u1ea3nh h\u01b0\u1edfng \u0111\u1ebfn s\u1ee9c<\/p>\n<p>kh\u1ecfe ng\u01b0\u1eddi s\u1eed d\u1ee5ng<\/p>\n<p>\u2b50H\u1ea0N S\u1eec D\u1ee4NG S\u1ea2N PH\u1ea8M<\/p>\n<p>\u2022 Ng\u00e0y s\u1ea3n xu\u1ea5t: xem tr\u00ean bao b\u00ec.<\/p>\n<p>\u2022 H\u1ea1n s\u1eed d\u1ee5ng: 12 th\u00e1ng k\u1ec3 t\u1eeb ng\u00e0y s\u1ea3n xu\u1ea5t.<\/p>\n<p>\u2022 N\u01a1i s\u1ea3n xu\u1ea5t: Vi\u1ec7t Nam<\/p>\n<p>\u2b50 CH\u00cdNH S\u00c1CH \u0110\u1ed4I TR\u1ea2 C\u1ee6A M\u1ed8C LAN HEALTHY FOODS<\/p>\n<p>\ud83d\udc491 \u0111\u1ed5i 1 trong tr\u01b0\u1eddng h\u1ee3p l\u1ed7i do nh\u00e0 s\u1ea3n xu\u1ea5t, sai s\u1ea3n ph\u1ea9m<\/p>\n<p>&nbsp;<\/p>","protected":false},"excerpt":{"rendered":"<p>H\u1ea1t Macca n\u1ee9t v\u1ecf M\u1ed9cLan HEALTHY &#8211; H\u1ed9p 250g &#8211; 500g gi\u00e0u dinh d\u01b0\u1ee1ng cho b\u00e0 b\u1ea7u, \u0103n ki\u00eang, n\u1ea5u s\u1eefa h\u1ea1t [&#8230;]<\/p>\n<p><a class=\"btn btn-secondary understrap-read-more-link\" href=\"https:\/\/moclan.com.vn\/en\/product\/hat-macca-nut-vo-moclan-healthy-hop-250g-500g\/\">Read More&#8230;<\/a><\/p>","protected":false},"featured_media":4709,"comment_status":"closed","ping_status":"closed","template":"","meta":[],"product_cat":[737,711,710,659],"product_tag":[766,763,765,762,761,764,767],"yoast_head":"<!-- This site is optimized with the Yoast SEO Premium plugin v15.9.2 - https:\/\/yoast.com\/wordpress\/plugins\/seo\/ -->\n<title>H\u1ea1t Macca n\u1ee9t v\u1ecf M\u1ed9cLan HEALTHY - H\u1ed9p 250g - 500g - M\u1ed9c Lan<\/title>\n<link rel=\"canonical\" href=\"https:\/\/moclan.com.vn\/en\/product\/hat-macca-nut-vo-moclan-healthy-hop-250g-500g\/\" \/>\n<meta property=\"og:locale\" content=\"en_US\" \/>\n<meta property=\"og:type\" content=\"article\" \/>\n<meta property=\"og:title\" content=\"H\u1ea1t Macca n\u1ee9t v\u1ecf M\u1ed9cLan HEALTHY\" \/>\n<meta property=\"og:description\" content=\"H\u1ed9p 250g - 500g gi\u00e0u dinh d\u01b0\u1ee1ng cho b\u00e0 b\u1ea7u, \u0103n ki\u00eang, n\u1ea5u s\u1eefa h\u1ea1t\" \/>\n<meta property=\"og:url\" content=\"https:\/\/moclan.com.vn\/en\/product\/hat-macca-nut-vo-moclan-healthy-hop-250g-500g\/\" \/>\n<meta property=\"og:site_name\" content=\"M\u1ed9c Lan\" \/>\n<meta property=\"article:modified_time\" content=\"2026-04-18T06:47:16+00:00\" \/>\n<meta property=\"og:image\" content=\"https:\/\/moclan.com.vn\/wp-content\/uploads\/2026\/01\/z7398603501213_1a8ecf9198458997cfde5fbd63c067cb.jpg\" \/>\n\t<meta property=\"og:image:width\" content=\"1440\" \/>\n\t<meta property=\"og:image:height\" content=\"1920\" \/>\n<meta name=\"twitter:card\" content=\"summary_large_image\" \/>\n<meta name=\"twitter:label1\" content=\"Est. reading time\">\n\t<meta name=\"twitter:data1\" content=\"3 minutes\">\n<script type=\"application\/ld+json\" class=\"yoast-schema-graph\">{\"@context\":\"https:\/\/schema.org\",\"@graph\":[{\"@type\":\"WebSite\",\"@id\":\"https:\/\/moclan.com.vn\/#website\",\"url\":\"https:\/\/moclan.com.vn\/\",\"name\":\"M\\u1ed9c Lan\",\"description\":\"\",\"potentialAction\":[{\"@type\":\"SearchAction\",\"target\":\"https:\/\/moclan.com.vn\/?s={search_term_string}\",\"query-input\":\"required name=search_term_string\"}],\"inLanguage\":\"en-US\"},{\"@type\":\"ImageObject\",\"@id\":\"https:\/\/moclan.com.vn\/hat-macca-nut-vo-moclan-healthy-hop-250g-500g\/#primaryimage\",\"inLanguage\":\"en-US\",\"url\":\"https:\/\/moclan.com.vn\/wp-content\/uploads\/2026\/01\/z7398603501213_1a8ecf9198458997cfde5fbd63c067cb.jpg\",\"width\":1440,\"height\":1920},{\"@type\":\"WebPage\",\"@id\":\"https:\/\/moclan.com.vn\/hat-macca-nut-vo-moclan-healthy-hop-250g-500g\/#webpage\",\"url\":\"https:\/\/moclan.com.vn\/hat-macca-nut-vo-moclan-healthy-hop-250g-500g\/\",\"name\":\"H\\u1ea1t Macca n\\u1ee9t v\\u1ecf M\\u1ed9cLan HEALTHY - H\\u1ed9p 250g - 500g - M\\u1ed9c Lan\",\"isPartOf\":{\"@id\":\"https:\/\/moclan.com.vn\/#website\"},\"primaryImageOfPage\":{\"@id\":\"https:\/\/moclan.com.vn\/hat-macca-nut-vo-moclan-healthy-hop-250g-500g\/#primaryimage\"},\"datePublished\":\"2026-01-05T05:35:19+00:00\",\"dateModified\":\"2026-04-18T06:47:16+00:00\",\"breadcrumb\":{\"@id\":\"https:\/\/moclan.com.vn\/hat-macca-nut-vo-moclan-healthy-hop-250g-500g\/#breadcrumb\"},\"inLanguage\":\"en-US\",\"potentialAction\":[{\"@type\":\"ReadAction\",\"target\":[\"https:\/\/moclan.com.vn\/hat-macca-nut-vo-moclan-healthy-hop-250g-500g\/\"]}]},{\"@type\":\"BreadcrumbList\",\"@id\":\"https:\/\/moclan.com.vn\/hat-macca-nut-vo-moclan-healthy-hop-250g-500g\/#breadcrumb\",\"itemListElement\":[{\"@type\":\"ListItem\",\"position\":1,\"item\":{\"@type\":\"WebPage\",\"@id\":\"https:\/\/moclan.com.vn\/\",\"url\":\"https:\/\/moclan.com.vn\/\",\"name\":\"Trang ch\\u1ee7\"}},{\"@type\":\"ListItem\",\"position\":2,\"item\":{\"@type\":\"WebPage\",\"@id\":\"https:\/\/moclan.com.vn\/san-pham\/\",\"url\":\"https:\/\/moclan.com.vn\/san-pham\/\",\"name\":\"S\\u1ea3n ph\\u1ea9m\"}},{\"@type\":\"ListItem\",\"position\":3,\"item\":{\"@type\":\"WebPage\",\"@id\":\"https:\/\/moclan.com.vn\/hat-macca-nut-vo-moclan-healthy-hop-250g-500g\/\",\"url\":\"https:\/\/moclan.com.vn\/hat-macca-nut-vo-moclan-healthy-hop-250g-500g\/\",\"name\":\"H\\u1ea1t Macca n\\u1ee9t v\\u1ecf M\\u1ed9cLan HEALTHY &#8211; H\\u1ed9p 250g &#8211; 500g\"}}]}]}<\/script>\n<!-- \/ Yoast SEO Premium plugin. -->","_links":{"self":[{"href":"https:\/\/moclan.com.vn\/en\/wp-json\/wp\/v2\/product\/4704"}],"collection":[{"href":"https:\/\/moclan.com.vn\/en\/wp-json\/wp\/v2\/product"}],"about":[{"href":"https:\/\/moclan.com.vn\/en\/wp-json\/wp\/v2\/types\/product"}],"replies":[{"embeddable":true,"href":"https:\/\/moclan.com.vn\/en\/wp-json\/wp\/v2\/comments?post=4704"}],"wp:featuredmedia":[{"embeddable":true,"href":"https:\/\/moclan.com.vn\/en\/wp-json\/wp\/v2\/media\/4709"}],"wp:attachment":[{"href":"https:\/\/moclan.com.vn\/en\/wp-json\/wp\/v2\/media?parent=4704"}],"wp:term":[{"taxonomy":"product_cat","embeddable":true,"href":"https:\/\/moclan.com.vn\/en\/wp-json\/wp\/v2\/product_cat?post=4704"},{"taxonomy":"product_tag","embeddable":true,"href":"https:\/\/moclan.com.vn\/en\/wp-json\/wp\/v2\/product_tag?post=4704"}],"curies":[{"name":"wp","href":"https:\/\/api.w.org\/{rel}","templated":true}]}}