


{"id":4718,"date":"2026-01-05T17:01:15","date_gmt":"2026-01-05T10:01:15","guid":{"rendered":"https:\/\/moclan.com.vn\/?post_type=product&#038;p=4718"},"modified":"2026-04-21T19:01:14","modified_gmt":"2026-04-21T12:01:14","slug":"hat-de-cuoi-moclan-heathy-foods-usa-250g-500g","status":"publish","type":"product","link":"https:\/\/moclan.com.vn\/en\/product\/hat-de-cuoi-moclan-heathy-foods-usa-250g-500g\/","title":{"rendered":"H\u1ea1t d\u1ebb c\u01b0\u1eddi M\u1ed9cLan HEATHY FOODS &#8211; USA, 250g &#8211; 500g"},"content":{"rendered":"<p><img decoding=\"async\" loading=\"lazy\" src=\"https:\/\/cf.shopee.vn\/file\/vn-11134208-820l4-megxzsu6vnr9d5\" width=\"1800\" height=\"2400\" data-uploading=\"uploaded\" data-upload-status=\"success\" \/><img decoding=\"async\" loading=\"lazy\" src=\"https:\/\/cf.shopee.vn\/file\/vn-11134208-820l4-megxzsugwnph4f\" width=\"1800\" height=\"2400\" data-uploading=\"uploaded\" data-upload-status=\"success\" \/><\/p>\n<p>H\u1ea0T D\u1eba C\u01af\u1edcI M\u1ed8C LAN HEALTHY FOODS<\/p>\n<p>H\u1ea1t d\u1ebb c\u01b0\u1eddi (hay qu\u1ea3 h\u1ed3 tr\u0103n) th\u01b0\u1eddng \u0111\u01b0\u1ee3c b\u1eaft g\u1eb7p tr\u00ean c\u00e1c<\/p>\n<p>m\u00e2m m\u1ee9t b\u00e1nh k\u1eb9o ng\u00e0y T\u1ebft hay trong gian b\u1ebfp c\u1ee7a nhi\u1ec1u gia \u0111\u00ecnh Vi\u1ec7t.<\/p>\n<p>\u0110\u00e2y l\u00e0 m\u1ed9t lo\u1ea1i qu\u1ea3 h\u1ea1ch \u0111\u01a1n h\u1ea1t, m\u00e0u xanh l\u1ee5c v\u1edbi h\u01b0\u01a1ng v\u1ecb<\/p>\n<p>b\u00f9i b\u00e9o, th\u01a1m d\u1ecbu, n\u1eb1m b\u00ean trong l\u1edbp \u00e1o m\u00e0u h\u1ed3ng v\u00e0 l\u1edbp v\u1ecf c\u1ee9ng s\u1ebd n\u1ee9t \u0111\u00f4i khi<\/p>\n<p>qu\u1ea3 ch\u00edn.<\/p>\n<p>M\u00d4 T\u1ea2 S\u1ea2N PH\u1ea8M<\/p>\n<p>Th\u01b0\u01a1ng hi\u1ec7u: M\u1ed9cLan HEALTHY FOODS<\/p>\n<p>Xu\u1ea5t x\u1ee9: USA.<\/p>\n<p>H\u1ea1n s\u1eed d\u1ee5ng: 12 th\u00e1ng<\/p>\n<p>X\u1ea3n xu\u1ea5t t\u1ea1i: Vi\u1ec7t Nam.<\/p>\n<p>Th\u00e0nh ph\u1ea7n: 100% h\u1ea1t d\u1ebb c\u01b0\u1eddi nh\u1eadp kh\u1ea9u c\u00f2n v\u1ecf.<\/p>\n<p>Tr\u1ecdng l\u01b0\u1ee3ng: 250g, 500g<\/p>\n<p>TH\u00d4NG TIN S\u1ea2N PH\u1ea8M<\/p>\n<p>H\u1ea1t d\u1ebb c\u01b0\u1eddi M\u1ed9cLan \u0111\u01b0\u1ee3c nh\u1eadp kh\u1ea9u t\u1eeb USA.<\/p>\n<p>H\u1ea1t d\u1ebb \u0111\u01b0\u1ee3c ch\u1ee9ng minh l\u00e0 c\u00f3 th\u1ec3 l\u00e0m gi\u1ea3m LDL (cholesterol<\/p>\n<p>\u201cx\u1ea5u\u201d) v\u00e0 t\u0103ng HDL (cholesterol \u201ct\u1ed1t\u201d).<\/p>\n<p>H\u00e0m l\u01b0\u1ee3ng cao c\u00e1c ch\u1ea5t ch\u1ed1ng oxy h\u00f3a nh\u01b0 vitamin A v\u00e0 E c\u00f3<\/p>\n<p>th\u1ec3 gi\u00fap c\u01a1 th\u1ec3 ch\u1ed1ng l\u1ea1i ch\u1ee9ng vi\u00eam, b\u1ea3o v\u1ec7 m\u1ea1ch m\u00e1u v\u00e0 l\u00e0m gi\u1ea3m nguy c\u01a1 b\u1ecb b\u1ec7nh<\/p>\n<p>tim.<\/p>\n<p>T\u1ed1t cho h\u1ec7 th\u1ea7n kinh<\/p>\n<p>T\u0103ng c\u01b0\u1eddng s\u1ee9c \u0111\u1ec3 kh\u00e1ng cho c\u01a1 th\u1ec3<\/p>\n<p>T\u1ed1t cho m\u00e1u<\/p>\n<p>Gi\u00fap \u0111\u00f4i m\u1eaft lu\u00f4n kh\u1ecfe m\u1ea1nh<\/p>\n<p>Gi\u00fap ch\u0103m s\u00f3c da<\/p>\n<p>T\u1ea1o khung x\u01b0\u01a1ng ch\u1eafc kh\u1ecfe<\/p>\n<p>\u0102n h\u1ea1t d\u1ebb c\u01b0\u1eddi gi\u00fap h\u1ec7 ti\u00eau h\u00f3a lu\u00f4n kho\u1ebb m\u1ea1nh<\/p>\n<p>H\u01af\u1edaNG D\u1eaaN S\u1eec D\u1ee4NG<\/p>\n<p>B\u00f3c v\u1ecf, d\u00f9ng tr\u1ef1c ti\u1ebfp ho\u1eb7c th\u00eam v\u00e0o b\u00e1nh<\/p>\n<p>H\u1ea1n s\u1eed d\u1ee5ng: 12 th\u00e1ng.<\/p>\n<p>B\u1ea3o qu\u1ea3n: n\u01a1i kh\u00f4 r\u00e1o, tho\u00e1ng m\u00e1t, tr\u00e1nh \u00e1nh n\u1eafng tr\u1ef1c ti\u1ebfp<\/p>\n<p>&nbsp;<\/p>","protected":false},"excerpt":{"rendered":"<p>H\u1ea1t d\u1ebb c\u01b0\u1eddi M\u1ed9cLan HEATHY FOODS &#8211; USA, rang mu\u1ed1i kh\u00f4ng t\u1ea9y tr\u1eafng gi\u00e0u dinh d\u01b0\u1ee1ng t\u1ed1t cho m\u1eb9 b\u1ea7u, b\u00e9<\/p>\n<p>H\u0169 250g &#8211; 500g [&#8230;]<\/p>\n<p><a class=\"btn btn-secondary understrap-read-more-link\" href=\"https:\/\/moclan.com.vn\/en\/product\/hat-de-cuoi-moclan-heathy-foods-usa-250g-500g\/\">Read More&#8230;<\/a><\/p>","protected":false},"featured_media":4720,"comment_status":"closed","ping_status":"closed","template":"","meta":[],"product_cat":[737,711,710,659],"product_tag":[771,769,768,770,766,774,772,773],"yoast_head":"<!-- This site is optimized with the Yoast SEO Premium plugin v15.9.2 - https:\/\/yoast.com\/wordpress\/plugins\/seo\/ -->\n<title>H\u1ea1t d\u1ebb c\u01b0\u1eddi M\u1ed9cLan HEATHY FOODS - USA, 250g - 500g - M\u1ed9c Lan<\/title>\n<link rel=\"canonical\" href=\"https:\/\/moclan.com.vn\/en\/product\/hat-de-cuoi-moclan-heathy-foods-usa-250g-500g\/\" \/>\n<meta property=\"og:locale\" content=\"en_US\" \/>\n<meta property=\"og:type\" content=\"article\" \/>\n<meta property=\"og:title\" content=\"H\u1ea1t d\u1ebb c\u01b0\u1eddi M\u1ed9cLan HEATHY FOODS - USA, 250g - 500g - M\u1ed9c Lan\" \/>\n<meta property=\"og:description\" content=\"H\u1ea1t d\u1ebb c\u01b0\u1eddi M\u1ed9cLan HEATHY FOODS - USA, rang mu\u1ed1i kh\u00f4ng t\u1ea9y tr\u1eafng gi\u00e0u dinh d\u01b0\u1ee1ng t\u1ed1t cho m\u1eb9 b\u1ea7u, b\u00e9  H\u0169 250g - 500g [...]Read More...\" \/>\n<meta property=\"og:url\" content=\"https:\/\/moclan.com.vn\/en\/product\/hat-de-cuoi-moclan-heathy-foods-usa-250g-500g\/\" \/>\n<meta property=\"og:site_name\" content=\"M\u1ed9c Lan\" \/>\n<meta property=\"article:modified_time\" content=\"2026-04-21T12:01:14+00:00\" \/>\n<meta property=\"og:image\" content=\"https:\/\/moclan.com.vn\/wp-content\/uploads\/2026\/01\/z7398603444546_3d1b3dd8e31498f32a71f4dd3a1045dd.jpg\" \/>\n\t<meta property=\"og:image:width\" content=\"1440\" \/>\n\t<meta property=\"og:image:height\" content=\"1920\" \/>\n<meta name=\"twitter:card\" content=\"summary_large_image\" \/>\n<meta name=\"twitter:label1\" content=\"Est. reading time\">\n\t<meta name=\"twitter:data1\" content=\"2 minutes\">\n<script type=\"application\/ld+json\" class=\"yoast-schema-graph\">{\"@context\":\"https:\/\/schema.org\",\"@graph\":[{\"@type\":\"WebSite\",\"@id\":\"https:\/\/moclan.com.vn\/#website\",\"url\":\"https:\/\/moclan.com.vn\/\",\"name\":\"M\\u1ed9c Lan\",\"description\":\"\",\"potentialAction\":[{\"@type\":\"SearchAction\",\"target\":\"https:\/\/moclan.com.vn\/?s={search_term_string}\",\"query-input\":\"required name=search_term_string\"}],\"inLanguage\":\"en-US\"},{\"@type\":\"ImageObject\",\"@id\":\"https:\/\/moclan.com.vn\/hat-de-cuoi-moclan-heathy-foods-usa-250g-500g\/#primaryimage\",\"inLanguage\":\"en-US\",\"url\":\"https:\/\/moclan.com.vn\/wp-content\/uploads\/2026\/01\/z7398603444546_3d1b3dd8e31498f32a71f4dd3a1045dd.jpg\",\"width\":1440,\"height\":1920},{\"@type\":\"WebPage\",\"@id\":\"https:\/\/moclan.com.vn\/hat-de-cuoi-moclan-heathy-foods-usa-250g-500g\/#webpage\",\"url\":\"https:\/\/moclan.com.vn\/hat-de-cuoi-moclan-heathy-foods-usa-250g-500g\/\",\"name\":\"H\\u1ea1t d\\u1ebb c\\u01b0\\u1eddi M\\u1ed9cLan HEATHY FOODS - USA, 250g - 500g - M\\u1ed9c Lan\",\"isPartOf\":{\"@id\":\"https:\/\/moclan.com.vn\/#website\"},\"primaryImageOfPage\":{\"@id\":\"https:\/\/moclan.com.vn\/hat-de-cuoi-moclan-heathy-foods-usa-250g-500g\/#primaryimage\"},\"datePublished\":\"2026-01-05T10:01:15+00:00\",\"dateModified\":\"2026-04-21T12:01:14+00:00\",\"breadcrumb\":{\"@id\":\"https:\/\/moclan.com.vn\/hat-de-cuoi-moclan-heathy-foods-usa-250g-500g\/#breadcrumb\"},\"inLanguage\":\"en-US\",\"potentialAction\":[{\"@type\":\"ReadAction\",\"target\":[\"https:\/\/moclan.com.vn\/hat-de-cuoi-moclan-heathy-foods-usa-250g-500g\/\"]}]},{\"@type\":\"BreadcrumbList\",\"@id\":\"https:\/\/moclan.com.vn\/hat-de-cuoi-moclan-heathy-foods-usa-250g-500g\/#breadcrumb\",\"itemListElement\":[{\"@type\":\"ListItem\",\"position\":1,\"item\":{\"@type\":\"WebPage\",\"@id\":\"https:\/\/moclan.com.vn\/\",\"url\":\"https:\/\/moclan.com.vn\/\",\"name\":\"Trang ch\\u1ee7\"}},{\"@type\":\"ListItem\",\"position\":2,\"item\":{\"@type\":\"WebPage\",\"@id\":\"https:\/\/moclan.com.vn\/san-pham\/\",\"url\":\"https:\/\/moclan.com.vn\/san-pham\/\",\"name\":\"S\\u1ea3n ph\\u1ea9m\"}},{\"@type\":\"ListItem\",\"position\":3,\"item\":{\"@type\":\"WebPage\",\"@id\":\"https:\/\/moclan.com.vn\/hat-de-cuoi-moclan-heathy-foods-usa-250g-500g\/\",\"url\":\"https:\/\/moclan.com.vn\/hat-de-cuoi-moclan-heathy-foods-usa-250g-500g\/\",\"name\":\"H\\u1ea1t d\\u1ebb c\\u01b0\\u1eddi M\\u1ed9cLan HEATHY FOODS &#8211; USA, 250g &#8211; 500g\"}}]}]}<\/script>\n<!-- \/ Yoast SEO Premium plugin. -->","_links":{"self":[{"href":"https:\/\/moclan.com.vn\/en\/wp-json\/wp\/v2\/product\/4718"}],"collection":[{"href":"https:\/\/moclan.com.vn\/en\/wp-json\/wp\/v2\/product"}],"about":[{"href":"https:\/\/moclan.com.vn\/en\/wp-json\/wp\/v2\/types\/product"}],"replies":[{"embeddable":true,"href":"https:\/\/moclan.com.vn\/en\/wp-json\/wp\/v2\/comments?post=4718"}],"wp:featuredmedia":[{"embeddable":true,"href":"https:\/\/moclan.com.vn\/en\/wp-json\/wp\/v2\/media\/4720"}],"wp:attachment":[{"href":"https:\/\/moclan.com.vn\/en\/wp-json\/wp\/v2\/media?parent=4718"}],"wp:term":[{"taxonomy":"product_cat","embeddable":true,"href":"https:\/\/moclan.com.vn\/en\/wp-json\/wp\/v2\/product_cat?post=4718"},{"taxonomy":"product_tag","embeddable":true,"href":"https:\/\/moclan.com.vn\/en\/wp-json\/wp\/v2\/product_tag?post=4718"}],"curies":[{"name":"wp","href":"https:\/\/api.w.org\/{rel}","templated":true}]}}